{"id":15,"date":"2019-05-12T12:48:40","date_gmt":"2019-05-12T10:48:40","guid":{"rendered":"https:\/\/www.bbemg.uliege.be\/?page_id=15"},"modified":"2026-01-21T15:05:25","modified_gmt":"2026-01-21T14:05:25","slug":"projet","status":"publish","type":"page","link":"https:\/\/www.bbemg.uliege.be\/fr\/projet\/","title":{"rendered":"Aper\u00e7u du projet du BBEMG (2021-2025)"},"content":{"rendered":"[vc_row type=\u00a0\u00bbin_container\u00a0\u00bb full_screen_row_position=\u00a0\u00bbmiddle\u00a0\u00bb scene_position=\u00a0\u00bbcenter\u00a0\u00bb text_color=\u00a0\u00bbcustom\u00a0\u00bb custom_text_color=\u00a0\u00bb#49b0e5&Prime; text_align=\u00a0\u00bbleft\u00a0\u00bb overlay_strength=\u00a0\u00bb0.3&Prime; shape_divider_position=\u00a0\u00bbbottom\u00a0\u00bb bg_image_animation=\u00a0\u00bbnone\u00a0\u00bb shape_type=\u00a0\u00bb\u00a0\u00bb][vc_column column_padding=\u00a0\u00bbno-extra-padding\u00a0\u00bb column_padding_position=\u00a0\u00bball\u00a0\u00bb background_color_opacity=\u00a0\u00bb1&Prime; background_hover_color_opacity=\u00a0\u00bb1&Prime; font_color=\u00a0\u00bb#49b0e5&Prime; column_link_target=\u00a0\u00bb_self\u00a0\u00bb column_shadow=\u00a0\u00bbnone\u00a0\u00bb column_border_radius=\u00a0\u00bbnone\u00a0\u00bb width=\u00a0\u00bb1\/1&Prime; tablet_width_inherit=\u00a0\u00bbdefault\u00a0\u00bb tablet_text_alignment=\u00a0\u00bbdefault\u00a0\u00bb phone_text_alignment=\u00a0\u00bbdefault\u00a0\u00bb column_border_width=\u00a0\u00bbnone\u00a0\u00bb column_border_style=\u00a0\u00bbsolid\u00a0\u00bb bg_image_animation=\u00a0\u00bbnone\u00a0\u00bb][heading]\n<h1>Aper\u00e7u du projet du BBEMG (2021-2025)<\/h1>\n[\/heading][\/vc_column][\/vc_row][vc_row type=\u00a0\u00bbin_container\u00a0\u00bb full_screen_row_position=\u00a0\u00bbmiddle\u00a0\u00bb scene_position=\u00a0\u00bbcenter\u00a0\u00bb text_color=\u00a0\u00bbdark\u00a0\u00bb text_align=\u00a0\u00bbleft\u00a0\u00bb overlay_strength=\u00a0\u00bb0.3&Prime; shape_divider_position=\u00a0\u00bbbottom\u00a0\u00bb bg_image_animation=\u00a0\u00bbnone\u00a0\u00bb][vc_column column_padding=\u00a0\u00bbno-extra-padding\u00a0\u00bb column_padding_position=\u00a0\u00bball\u00a0\u00bb background_color_opacity=\u00a0\u00bb1&Prime; background_hover_color_opacity=\u00a0\u00bb1&Prime; column_link_target=\u00a0\u00bb_self\u00a0\u00bb column_shadow=\u00a0\u00bbnone\u00a0\u00bb column_border_radius=\u00a0\u00bbnone\u00a0\u00bb width=\u00a0\u00bb1\/1&Prime; tablet_width_inherit=\u00a0\u00bbdefault\u00a0\u00bb tablet_text_alignment=\u00a0\u00bbdefault\u00a0\u00bb phone_text_alignment=\u00a0\u00bbdefault\u00a0\u00bb column_border_width=\u00a0\u00bbnone\u00a0\u00bb column_border_style=\u00a0\u00bbsolid\u00a0\u00bb bg_image_animation=\u00a0\u00bbnone\u00a0\u00bb][vc_column_text]Le Belgian BioElectroMagnetics Group (BBEMG) analyse les effets biom\u00e9dicaux des champs \u00e9lectriques et de l&rsquo;induction magn\u00e9tique g\u00e9n\u00e9r\u00e9s par le transport et l&rsquo;utilisation de l&rsquo;\u00e9nergie \u00e9lectrique (<strong>50 Hz<\/strong>) dans notre vie quotidienne et sur nos lieux de travail.[\/vc_column_text][vc_column_text]Dans le projet actuel (2021-2025), le BBEMG rassemble des chercheurs belges de trois universit\u00e9s (Li\u00e8ge, Gent, Bruxelles), d&rsquo;une haute \u00e9cole (Gent) et d\u2019un institut de recherche (Bruxelles). Sept \u00e9quipes de chercheurs conjuguent leurs travaux d&rsquo;une mani\u00e8re multidisciplinaire : revue de litt\u00e9rature &amp; analyse des risques, \u00e9lectrohypersensibilit\u00e9, nuisances environnementales cumul\u00e9es, biomonitoring cytog\u00e9n\u00e9tique des travailleurs expos\u00e9s aux CEM, expression des g\u00e8nes suite \u00e0 l\u2019exposition aux CEM, m\u00e9ta-analyse des effets canc\u00e9rig\u00e8nes potentiels, effets sur les cultures, ainsi que la mod\u00e9lisation de l\u2019exposition aux CEM (r\u00e9seau HT).[\/vc_column_text][\/vc_column][\/vc_row][vc_row type=\u00a0\u00bbin_container\u00a0\u00bb full_screen_row_position=\u00a0\u00bbmiddle\u00a0\u00bb scene_position=\u00a0\u00bbcenter\u00a0\u00bb text_color=\u00a0\u00bbdark\u00a0\u00bb text_align=\u00a0\u00bbleft\u00a0\u00bb overlay_strength=\u00a0\u00bb0.3&Prime; shape_divider_position=\u00a0\u00bbbottom\u00a0\u00bb bg_image_animation=\u00a0\u00bbnone\u00a0\u00bb][vc_column column_padding=\u00a0\u00bbno-extra-padding\u00a0\u00bb column_padding_position=\u00a0\u00bball\u00a0\u00bb background_color_opacity=\u00a0\u00bb1&Prime; background_hover_color_opacity=\u00a0\u00bb1&Prime; column_link_target=\u00a0\u00bb_self\u00a0\u00bb column_shadow=\u00a0\u00bbnone\u00a0\u00bb column_border_radius=\u00a0\u00bbnone\u00a0\u00bb width=\u00a0\u00bb1\/1&Prime; tablet_width_inherit=\u00a0\u00bbdefault\u00a0\u00bb tablet_text_alignment=\u00a0\u00bbdefault\u00a0\u00bb phone_text_alignment=\u00a0\u00bbdefault\u00a0\u00bb column_border_width=\u00a0\u00bbnone\u00a0\u00bb column_border_style=\u00a0\u00bbsolid\u00a0\u00bb bg_image_animation=\u00a0\u00bbnone\u00a0\u00bb][vc_column_text]\n<p style=\"text-align: center;\"><img loading=\"lazy\" decoding=\"async\" class=\"img-with-animation skip-lazy animated-in\" style=\"opacity: 1;\" src=\"https:\/\/www.bbemg.uliege.be\/wp-content\/uploads\/2022\/10\/Belgium_FR.png\" sizes=\"auto, 100vw\" srcset=\"https:\/\/www.bbemg.uliege.be\/wp-content\/uploads\/2022\/10\/Belgium_FR.png 660w, https:\/\/www.bbemg.uliege.be\/wp-content\/uploads\/2022\/10\/Belgium_FR.png 300w\" alt=\"R\u00e9partition g\u00e9ographiques des \u00e9quipes du BBEMG\" usemap=\"#team2021-2025\" width=\"660\" height=\"355\" data-shadow=\"none\" data-shadow-direction=\"middle\" data-delay=\"0\" data-animation=\"fade-in\" \/><\/p>\n<map name=\"team2021-2025\">\n<area title=\"Universiteit Gent\" coords=\"0,20,150,120\" shape=\"rect\" href=\"\/fr\/revue-de-litterature-analyse-des-risques\/\" \/>\n<area title=\"Universit\u00e9 Libre de Bruxelles\" coords=\"0,120,150,240\" shape=\"rect\" href=\"\/fr\/nuisances-environnementales-cumulees\/\" \/>\n<area title=\"Universit\u00e9 de Li\u00e8ge\" coords=\"0,240,150,330\" shape=\"rect\" href=\"\/fr\/meta-analyse-de-la-leucemie-infantile\/\" \/>\n<area title=\"HoGent\" coords=\"500,10,620,120\" shape=\"rect\" href=\"\/fr\/impact-des-rayonnements-non-ionisants-sur-la-production-vegetale\/\" \/>\n<area title=\"Universit\u00e9 Libre de Bruxelles\" coords=\"500,120,620,210\" shape=\"rect\" href=\"\/fr\/expression-des-genes-suite-a-lexposition-aux-cem\/\" \/>\n<area title=\"Sciensano\" coords=\"500,210,620,360\" shape=\"rect\" href=\"\/fr\/biomonitoring-cytogenetique-des-travailleurs\/\" \/>\n<area title=\"Universit\u00e9 de Li\u00e8ge\" coords=\"260,260,480,380\" shape=\"rect\" href=\"\/fr\/modelisation-de-lexposition-aux-cem\/\" \/> <\/map>\n[\/vc_column_text][\/vc_column][\/vc_row]\n","protected":false},"excerpt":{"rendered":"<p>[vc_row type=\u00a0\u00bbin_container\u00a0\u00bb full_screen_row_position=\u00a0\u00bbmiddle\u00a0\u00bb scene_position=\u00a0\u00bbcenter\u00a0\u00bb text_color=\u00a0\u00bbcustom\u00a0\u00bb custom_text_color=\u00a0\u00bb#49b0e5&Prime; text_align=\u00a0\u00bbleft\u00a0\u00bb overlay_strength=\u00a0\u00bb0.3&Prime; shape_divider_position=\u00a0\u00bbbottom\u00a0\u00bb bg_image_animation=\u00a0\u00bbnone\u00a0\u00bb shape_type=\u00a0\u00bb\u00a0\u00bb][vc_column column_padding=\u00a0\u00bbno-extra-padding\u00a0\u00bb column_padding_position=\u00a0\u00bball\u00a0\u00bb background_color_opacity=\u00a0\u00bb1&Prime; background_hover_color_opacity=\u00a0\u00bb1&Prime; font_color=\u00a0\u00bb#49b0e5&Prime; column_link_target=\u00a0\u00bb_self\u00a0\u00bb column_shadow=\u00a0\u00bbnone\u00a0\u00bb column_border_radius=\u00a0\u00bbnone\u00a0\u00bb width=\u00a0\u00bb1\/1&Prime; tablet_width_inherit=\u00a0\u00bbdefault\u00a0\u00bb tablet_text_alignment=\u00a0\u00bbdefault\u00a0\u00bb phone_text_alignment=\u00a0\u00bbdefault\u00a0\u00bb column_border_width=\u00a0\u00bbnone\u00a0\u00bb column_border_style=\u00a0\u00bbsolid\u00a0\u00bb bg_image_animation=\u00a0\u00bbnone\u00a0\u00bb][heading] Aper\u00e7u du projet du&#8230;<\/p>\n","protected":false},"author":1,"featured_media":0,"parent":0,"menu_order":0,"comment_status":"closed","ping_status":"closed","template":"page-sidebar.php","meta":{"footnotes":""},"categories":[],"tags":[],"class_list":["post-15","page","type-page","status-publish"],"yoast_head":"<!-- This site is optimized with the Yoast SEO plugin v27.5 - https:\/\/yoast.com\/product\/yoast-seo-wordpress\/ -->\n<title>Aper\u00e7u du projet du BBEMG (2021-2025) - BBEMG - Belgian BioElectroMagnetics Group<\/title>\n<meta name=\"description\" content=\"Le groupe belge BioElectroMagnetics (BBEMG) \u00e9tudie les effets des CEM 50 Hz sur la sant\u00e9 dans notre vie quotidienne et sur le lieu de travail (50 Hz).\" \/>\n<meta name=\"robots\" content=\"index, follow, max-snippet:-1, max-image-preview:large, max-video-preview:-1\" \/>\n<link rel=\"canonical\" href=\"https:\/\/www.bbemg.uliege.be\/fr\/projet\/\" \/>\n<meta property=\"og:locale\" content=\"fr_FR\" \/>\n<meta property=\"og:type\" content=\"article\" \/>\n<meta property=\"og:title\" content=\"Aper\u00e7u du projet du BBEMG (2021-2025) - BBEMG - Belgian BioElectroMagnetics Group\" \/>\n<meta property=\"og:description\" content=\"Le groupe belge BioElectroMagnetics (BBEMG) \u00e9tudie les effets des CEM 50 Hz sur la sant\u00e9 dans notre vie quotidienne et sur le lieu de travail (50 Hz).\" \/>\n<meta property=\"og:url\" content=\"https:\/\/www.bbemg.uliege.be\/fr\/projet\/\" \/>\n<meta property=\"og:site_name\" content=\"BBEMG - Belgian BioElectroMagnetics Group\" \/>\n<meta property=\"article:modified_time\" content=\"2026-01-21T14:05:25+00:00\" \/>\n<meta property=\"og:image\" content=\"https:\/\/www.bbemg.uliege.be\/wp-content\/uploads\/2022\/10\/Belgium_FR.png\" \/>\n<meta name=\"twitter:card\" content=\"summary_large_image\" \/>\n<meta name=\"twitter:site\" content=\"@bbemg\" \/>\n<meta name=\"twitter:label1\" content=\"Dur\u00e9e de lecture estim\u00e9e\" \/>\n\t<meta name=\"twitter:data1\" content=\"1 minute\" \/>\n<script type=\"application\/ld+json\" class=\"yoast-schema-graph\">{\"@context\":\"https:\\\/\\\/schema.org\",\"@graph\":[{\"@type\":\"WebPage\",\"@id\":\"https:\\\/\\\/www.bbemg.uliege.be\\\/fr\\\/projet\\\/\",\"url\":\"https:\\\/\\\/www.bbemg.uliege.be\\\/fr\\\/projet\\\/\",\"name\":\"Aper\u00e7u du projet du BBEMG (2021-2025) - BBEMG - Belgian BioElectroMagnetics Group\",\"isPartOf\":{\"@id\":\"https:\\\/\\\/www.bbemg.uliege.be\\\/fr\\\/#website\"},\"primaryImageOfPage\":{\"@id\":\"https:\\\/\\\/www.bbemg.uliege.be\\\/fr\\\/projet\\\/#primaryimage\"},\"image\":{\"@id\":\"https:\\\/\\\/www.bbemg.uliege.be\\\/fr\\\/projet\\\/#primaryimage\"},\"thumbnailUrl\":\"https:\\\/\\\/www.bbemg.uliege.be\\\/wp-content\\\/uploads\\\/2022\\\/10\\\/Belgium_FR.png\",\"datePublished\":\"2019-05-12T10:48:40+00:00\",\"dateModified\":\"2026-01-21T14:05:25+00:00\",\"description\":\"Le groupe belge BioElectroMagnetics (BBEMG) \u00e9tudie les effets des CEM 50 Hz sur la sant\u00e9 dans notre vie quotidienne et sur le lieu de travail (50 Hz).\",\"breadcrumb\":{\"@id\":\"https:\\\/\\\/www.bbemg.uliege.be\\\/fr\\\/projet\\\/#breadcrumb\"},\"inLanguage\":\"fr-FR\",\"potentialAction\":[{\"@type\":\"ReadAction\",\"target\":[\"https:\\\/\\\/www.bbemg.uliege.be\\\/fr\\\/projet\\\/\"]}]},{\"@type\":\"ImageObject\",\"inLanguage\":\"fr-FR\",\"@id\":\"https:\\\/\\\/www.bbemg.uliege.be\\\/fr\\\/projet\\\/#primaryimage\",\"url\":\"https:\\\/\\\/www.bbemg.uliege.be\\\/wp-content\\\/uploads\\\/2022\\\/10\\\/Belgium_FR.png\",\"contentUrl\":\"https:\\\/\\\/www.bbemg.uliege.be\\\/wp-content\\\/uploads\\\/2022\\\/10\\\/Belgium_FR.png\"},{\"@type\":\"BreadcrumbList\",\"@id\":\"https:\\\/\\\/www.bbemg.uliege.be\\\/fr\\\/projet\\\/#breadcrumb\",\"itemListElement\":[{\"@type\":\"ListItem\",\"position\":1,\"name\":\"Accueil\",\"item\":\"https:\\\/\\\/www.bbemg.uliege.be\\\/fr\\\/\"},{\"@type\":\"ListItem\",\"position\":2,\"name\":\"Aper\u00e7u du projet du BBEMG (2021-2025)\"}]},{\"@type\":\"WebSite\",\"@id\":\"https:\\\/\\\/www.bbemg.uliege.be\\\/fr\\\/#website\",\"url\":\"https:\\\/\\\/www.bbemg.uliege.be\\\/fr\\\/\",\"name\":\"BBEMG - Belgian BioElectroMagnetics Group\",\"description\":\"Analyse des effets biom\u00e9dicaux des champs \u00e9lectriques dans notre vie quotidienne\",\"publisher\":{\"@id\":\"https:\\\/\\\/www.bbemg.uliege.be\\\/fr\\\/#organization\"},\"potentialAction\":[{\"@type\":\"SearchAction\",\"target\":{\"@type\":\"EntryPoint\",\"urlTemplate\":\"https:\\\/\\\/www.bbemg.uliege.be\\\/fr\\\/?s={search_term_string}\"},\"query-input\":{\"@type\":\"PropertyValueSpecification\",\"valueRequired\":true,\"valueName\":\"search_term_string\"}}],\"inLanguage\":\"fr-FR\"},{\"@type\":\"Organization\",\"@id\":\"https:\\\/\\\/www.bbemg.uliege.be\\\/fr\\\/#organization\",\"name\":\"BBEMG\",\"url\":\"https:\\\/\\\/www.bbemg.uliege.be\\\/fr\\\/\",\"logo\":{\"@type\":\"ImageObject\",\"inLanguage\":\"fr-FR\",\"@id\":\"https:\\\/\\\/www.bbemg.uliege.be\\\/fr\\\/#\\\/schema\\\/logo\\\/image\\\/\",\"url\":\"https:\\\/\\\/www.bbemg.uliege.be\\\/wp-content\\\/uploads\\\/2019\\\/05\\\/bbemg-logo-crop.png\",\"contentUrl\":\"https:\\\/\\\/www.bbemg.uliege.be\\\/wp-content\\\/uploads\\\/2019\\\/05\\\/bbemg-logo-crop.png\",\"width\":\"560\",\"height\":\"222\",\"caption\":\"BBEMG\"},\"image\":{\"@id\":\"https:\\\/\\\/www.bbemg.uliege.be\\\/fr\\\/#\\\/schema\\\/logo\\\/image\\\/\"},\"sameAs\":[\"https:\\\/\\\/x.com\\\/bbemg\"]}]}<\/script>\n<!-- \/ Yoast SEO plugin. -->","yoast_head_json":{"title":"Aper\u00e7u du projet du BBEMG (2021-2025) - BBEMG - Belgian BioElectroMagnetics Group","description":"Le groupe belge BioElectroMagnetics (BBEMG) \u00e9tudie les effets des CEM 50 Hz sur la sant\u00e9 dans notre vie quotidienne et sur le lieu de travail (50 Hz).","robots":{"index":"index","follow":"follow","max-snippet":"max-snippet:-1","max-image-preview":"max-image-preview:large","max-video-preview":"max-video-preview:-1"},"canonical":"https:\/\/www.bbemg.uliege.be\/fr\/projet\/","og_locale":"fr_FR","og_type":"article","og_title":"Aper\u00e7u du projet du BBEMG (2021-2025) - BBEMG - Belgian BioElectroMagnetics Group","og_description":"Le groupe belge BioElectroMagnetics (BBEMG) \u00e9tudie les effets des CEM 50 Hz sur la sant\u00e9 dans notre vie quotidienne et sur le lieu de travail (50 Hz).","og_url":"https:\/\/www.bbemg.uliege.be\/fr\/projet\/","og_site_name":"BBEMG - Belgian BioElectroMagnetics Group","article_modified_time":"2026-01-21T14:05:25+00:00","og_image":[{"url":"https:\/\/www.bbemg.uliege.be\/wp-content\/uploads\/2022\/10\/Belgium_FR.png","type":"","width":"","height":""}],"twitter_card":"summary_large_image","twitter_site":"@bbemg","twitter_misc":{"Dur\u00e9e de lecture estim\u00e9e":"1 minute"},"schema":{"@context":"https:\/\/schema.org","@graph":[{"@type":"WebPage","@id":"https:\/\/www.bbemg.uliege.be\/fr\/projet\/","url":"https:\/\/www.bbemg.uliege.be\/fr\/projet\/","name":"Aper\u00e7u du projet du BBEMG (2021-2025) - BBEMG - Belgian BioElectroMagnetics Group","isPartOf":{"@id":"https:\/\/www.bbemg.uliege.be\/fr\/#website"},"primaryImageOfPage":{"@id":"https:\/\/www.bbemg.uliege.be\/fr\/projet\/#primaryimage"},"image":{"@id":"https:\/\/www.bbemg.uliege.be\/fr\/projet\/#primaryimage"},"thumbnailUrl":"https:\/\/www.bbemg.uliege.be\/wp-content\/uploads\/2022\/10\/Belgium_FR.png","datePublished":"2019-05-12T10:48:40+00:00","dateModified":"2026-01-21T14:05:25+00:00","description":"Le groupe belge BioElectroMagnetics (BBEMG) \u00e9tudie les effets des CEM 50 Hz sur la sant\u00e9 dans notre vie quotidienne et sur le lieu de travail (50 Hz).","breadcrumb":{"@id":"https:\/\/www.bbemg.uliege.be\/fr\/projet\/#breadcrumb"},"inLanguage":"fr-FR","potentialAction":[{"@type":"ReadAction","target":["https:\/\/www.bbemg.uliege.be\/fr\/projet\/"]}]},{"@type":"ImageObject","inLanguage":"fr-FR","@id":"https:\/\/www.bbemg.uliege.be\/fr\/projet\/#primaryimage","url":"https:\/\/www.bbemg.uliege.be\/wp-content\/uploads\/2022\/10\/Belgium_FR.png","contentUrl":"https:\/\/www.bbemg.uliege.be\/wp-content\/uploads\/2022\/10\/Belgium_FR.png"},{"@type":"BreadcrumbList","@id":"https:\/\/www.bbemg.uliege.be\/fr\/projet\/#breadcrumb","itemListElement":[{"@type":"ListItem","position":1,"name":"Accueil","item":"https:\/\/www.bbemg.uliege.be\/fr\/"},{"@type":"ListItem","position":2,"name":"Aper\u00e7u du projet du BBEMG (2021-2025)"}]},{"@type":"WebSite","@id":"https:\/\/www.bbemg.uliege.be\/fr\/#website","url":"https:\/\/www.bbemg.uliege.be\/fr\/","name":"BBEMG - Belgian BioElectroMagnetics Group","description":"Analyse des effets biom\u00e9dicaux des champs \u00e9lectriques dans notre vie quotidienne","publisher":{"@id":"https:\/\/www.bbemg.uliege.be\/fr\/#organization"},"potentialAction":[{"@type":"SearchAction","target":{"@type":"EntryPoint","urlTemplate":"https:\/\/www.bbemg.uliege.be\/fr\/?s={search_term_string}"},"query-input":{"@type":"PropertyValueSpecification","valueRequired":true,"valueName":"search_term_string"}}],"inLanguage":"fr-FR"},{"@type":"Organization","@id":"https:\/\/www.bbemg.uliege.be\/fr\/#organization","name":"BBEMG","url":"https:\/\/www.bbemg.uliege.be\/fr\/","logo":{"@type":"ImageObject","inLanguage":"fr-FR","@id":"https:\/\/www.bbemg.uliege.be\/fr\/#\/schema\/logo\/image\/","url":"https:\/\/www.bbemg.uliege.be\/wp-content\/uploads\/2019\/05\/bbemg-logo-crop.png","contentUrl":"https:\/\/www.bbemg.uliege.be\/wp-content\/uploads\/2019\/05\/bbemg-logo-crop.png","width":"560","height":"222","caption":"BBEMG"},"image":{"@id":"https:\/\/www.bbemg.uliege.be\/fr\/#\/schema\/logo\/image\/"},"sameAs":["https:\/\/x.com\/bbemg"]}]}},"_links":{"self":[{"href":"https:\/\/www.bbemg.uliege.be\/fr\/wp-json\/wp\/v2\/pages\/15","targetHints":{"allow":["GET"]}}],"collection":[{"href":"https:\/\/www.bbemg.uliege.be\/fr\/wp-json\/wp\/v2\/pages"}],"about":[{"href":"https:\/\/www.bbemg.uliege.be\/fr\/wp-json\/wp\/v2\/types\/page"}],"author":[{"embeddable":true,"href":"https:\/\/www.bbemg.uliege.be\/fr\/wp-json\/wp\/v2\/users\/1"}],"replies":[{"embeddable":true,"href":"https:\/\/www.bbemg.uliege.be\/fr\/wp-json\/wp\/v2\/comments?post=15"}],"version-history":[{"count":19,"href":"https:\/\/www.bbemg.uliege.be\/fr\/wp-json\/wp\/v2\/pages\/15\/revisions"}],"predecessor-version":[{"id":9558,"href":"https:\/\/www.bbemg.uliege.be\/fr\/wp-json\/wp\/v2\/pages\/15\/revisions\/9558"}],"wp:attachment":[{"href":"https:\/\/www.bbemg.uliege.be\/fr\/wp-json\/wp\/v2\/media?parent=15"}],"wp:term":[{"taxonomy":"category","embeddable":true,"href":"https:\/\/www.bbemg.uliege.be\/fr\/wp-json\/wp\/v2\/categories?post=15"},{"taxonomy":"post_tag","embeddable":true,"href":"https:\/\/www.bbemg.uliege.be\/fr\/wp-json\/wp\/v2\/tags?post=15"}],"curies":[{"name":"wp","href":"https:\/\/api.w.org\/{rel}","templated":true}]}}