{"id":44,"date":"2019-05-12T18:46:48","date_gmt":"2019-05-12T16:46:48","guid":{"rendered":"https:\/\/www.bbemg.uliege.be\/?page_id=44"},"modified":"2024-02-07T13:32:09","modified_gmt":"2024-02-07T12:32:09","slug":"biomonitoring-cytogenetique-des-travailleurs","status":"publish","type":"page","link":"https:\/\/www.bbemg.uliege.be\/fr\/biomonitoring-cytogenetique-des-travailleurs\/","title":{"rendered":"Biomonitoring cytog\u00e9n\u00e9tique des travailleurs expos\u00e9s aux CEM"},"content":{"rendered":"[vc_row type=\u00a0\u00bbin_container\u00a0\u00bb full_screen_row_position=\u00a0\u00bbmiddle\u00a0\u00bb scene_position=\u00a0\u00bbcenter\u00a0\u00bb text_color=\u00a0\u00bbdark\u00a0\u00bb text_align=\u00a0\u00bbleft\u00a0\u00bb overlay_strength=\u00a0\u00bb0.3&Prime; shape_divider_position=\u00a0\u00bbbottom\u00a0\u00bb bg_image_animation=\u00a0\u00bbnone\u00a0\u00bb][vc_column column_padding=\u00a0\u00bbno-extra-padding\u00a0\u00bb column_padding_position=\u00a0\u00bball\u00a0\u00bb background_color_opacity=\u00a0\u00bb1&Prime; background_hover_color_opacity=\u00a0\u00bb1&Prime; column_link_target=\u00a0\u00bb_self\u00a0\u00bb column_shadow=\u00a0\u00bbnone\u00a0\u00bb column_border_radius=\u00a0\u00bbnone\u00a0\u00bb width=\u00a0\u00bb1\/1&Prime; tablet_width_inherit=\u00a0\u00bbdefault\u00a0\u00bb tablet_text_alignment=\u00a0\u00bbdefault\u00a0\u00bb phone_text_alignment=\u00a0\u00bbdefault\u00a0\u00bb column_border_width=\u00a0\u00bbnone\u00a0\u00bb column_border_style=\u00a0\u00bbsolid\u00a0\u00bb bg_image_animation=\u00a0\u00bbnone\u00a0\u00bb][heading]\n<h1>Biomonitoring cytog\u00e9n\u00e9tique des travailleurs expos\u00e9s aux CEM<\/h1>\n[\/heading][\/vc_column][\/vc_row][vc_row type=\u00a0\u00bbin_container\u00a0\u00bb full_screen_row_position=\u00a0\u00bbmiddle\u00a0\u00bb scene_position=\u00a0\u00bbcenter\u00a0\u00bb text_color=\u00a0\u00bbdark\u00a0\u00bb text_align=\u00a0\u00bbleft\u00a0\u00bb overlay_strength=\u00a0\u00bb0.3&Prime; shape_divider_position=\u00a0\u00bbbottom\u00a0\u00bb bg_image_animation=\u00a0\u00bbnone\u00a0\u00bb][vc_column column_padding=\u00a0\u00bbno-extra-padding\u00a0\u00bb column_padding_position=\u00a0\u00bball\u00a0\u00bb background_color_opacity=\u00a0\u00bb1&Prime; background_hover_color_opacity=\u00a0\u00bb1&Prime; column_link_target=\u00a0\u00bb_self\u00a0\u00bb column_shadow=\u00a0\u00bbnone\u00a0\u00bb column_border_radius=\u00a0\u00bbnone\u00a0\u00bb width=\u00a0\u00bb1\/1&Prime; tablet_width_inherit=\u00a0\u00bbdefault\u00a0\u00bb tablet_text_alignment=\u00a0\u00bbdefault\u00a0\u00bb phone_text_alignment=\u00a0\u00bbdefault\u00a0\u00bb column_border_width=\u00a0\u00bbnone\u00a0\u00bb column_border_style=\u00a0\u00bbsolid\u00a0\u00bb bg_image_animation=\u00a0\u00bbnone\u00a0\u00bb][vc_custom_heading text=\u00a0\u00bbObjectifs\u00a0\u00bb font_container=\u00a0\u00bbtag:h2|text_align:left|color:%2349b0e5&Prime; use_theme_fonts=\u00a0\u00bbyes\u00a0\u00bb][vc_column_text]Les champs magn\u00e9tiques d&rsquo;extr\u00eamement basses fr\u00e9quences (CM-EBF) sont class\u00e9s par le CIRC comme \u00ab\u00a0potentiellement canc\u00e9rig\u00e8nes pour l&rsquo;homme\u00a0\u00bb. Cependant, les \u00e9tudes ne sont pas concluantes et des recherches approfondies sont n\u00e9cessaires. Une \u00e9tude de biosurveillance cytog\u00e9n\u00e9tique chez les travailleurs expos\u00e9s aux CEM sera men\u00e9e afin de d\u00e9terminer si les\u00a0CEM-EBF peuvent induire des dommages g\u00e9n\u00e9tiques: une fr\u00e9quence accrue de changements cytog\u00e9n\u00e9tiques signifie que les champs 50 Hz ou d&rsquo;autres agents environnementaux sur le lieu de travail peuvent endommager le mat\u00e9riel h\u00e9r\u00e9ditaire et que des mesures devraient \u00eatre prises pour r\u00e9duire l&rsquo;exposition\/les expositions. Des \u00e9tudes similaires ont d\u00e9j\u00e0 \u00e9t\u00e9 publi\u00e9es, mais elles contenaient trop de lacunes pour \u00eatre d\u00e9cisives.<\/p>\n<p>Dans le cadre du projet BBEMG 2017-2021, la biosurveillance cytog\u00e9n\u00e9tique sera r\u00e9alis\u00e9e sur les travailleurs d&rsquo;ELIA qui sont r\u00e9guli\u00e8rement expos\u00e9s \u00e0 des champs \u00e9lectriques et magn\u00e9tiques 50 Hz (p.ex. inspecteurs de lignes HT, personnel d&rsquo;entretien, travailleurs dans les sous-stations&#8230;) et ceux qui ne sont pas particuli\u00e8rement expos\u00e9s \u00e0 des\u00a0champs \u00e9lectriques et magn\u00e9tiques 50 Hz (p. ex. personnel administratif) et qui serviront de contr\u00f4les \u00ab\u00a0non expos\u00e9s\u00a0\u00bb. Une collaboration \u00e9troite avec le(s) m\u00e9decin(s) de l&rsquo;entreprise et d&rsquo;autres personnes concern\u00e9es aidera \u00e0 apparier les travailleurs expos\u00e9s et les travailleurs contr\u00f4les.<\/p>\n<p>Les tests des micronoyaux et de com\u00e8te seront utilis\u00e9s, car ils couvrent diff\u00e9rents types d&rsquo;effets g\u00e9n\u00e9tiques, \u00e0 savoir les aberrations chromosomiques structurelles et num\u00e9riques (test des micronoyaux) et les dommages \u00e0 l&rsquo;ADN (test de com\u00e8te) (voir <a href=\"https:\/\/www.bbemg.uliege.be\/fr\/etudes-in-vitro-sur-les-cellules\/\">Etudes in vitro : Exemples de tests sur des cellules<\/a>). Des analyses compl\u00e9mentaires des lames de microscope pr\u00e9par\u00e9es pour le test des micronoyaux permettront \u00e9galement d&rsquo;\u00e9tudier d&rsquo;autres param\u00e8tres, comme par exemple les amplifications g\u00e9niques, les aberrations chromosomiques et l&rsquo;apoptose.[\/vc_column_text][\/vc_column][\/vc_row][vc_row type=\u00a0\u00bbin_container\u00a0\u00bb full_screen_row_position=\u00a0\u00bbmiddle\u00a0\u00bb scene_position=\u00a0\u00bbcenter\u00a0\u00bb text_color=\u00a0\u00bbdark\u00a0\u00bb text_align=\u00a0\u00bbleft\u00a0\u00bb overlay_strength=\u00a0\u00bb0.3&Prime; shape_divider_position=\u00a0\u00bbbottom\u00a0\u00bb bg_image_animation=\u00a0\u00bbnone\u00a0\u00bb][vc_column column_padding=\u00a0\u00bbno-extra-padding\u00a0\u00bb column_padding_position=\u00a0\u00bball\u00a0\u00bb background_color_opacity=\u00a0\u00bb1&Prime; background_hover_color_opacity=\u00a0\u00bb1&Prime; column_link_target=\u00a0\u00bb_self\u00a0\u00bb column_shadow=\u00a0\u00bbnone\u00a0\u00bb column_border_radius=\u00a0\u00bbnone\u00a0\u00bb width=\u00a0\u00bb1\/1&Prime; tablet_width_inherit=\u00a0\u00bbdefault\u00a0\u00bb tablet_text_alignment=\u00a0\u00bbdefault\u00a0\u00bb phone_text_alignment=\u00a0\u00bbdefault\u00a0\u00bb column_border_width=\u00a0\u00bbnone\u00a0\u00bb column_border_style=\u00a0\u00bbsolid\u00a0\u00bb bg_image_animation=\u00a0\u00bbnone\u00a0\u00bb][vc_custom_heading text=\u00a0\u00bbInformations compl\u00e9mentaires\u00a0\u00bb font_container=\u00a0\u00bbtag:h2|text_align:left|color:%2349b0e5&Prime; use_theme_fonts=\u00a0\u00bbyes\u00a0\u00bb][vc_column_text]\n<ul>\n<li><a href=\"https:\/\/www.bbemg.uliege.be\/fr\/biomonitoring-cytogenetique-des-travailleurs-exposes-aux-cem-rapports-et-publications\/\">Biomonitoring cytog\u00e9n\u00e9tique des travailleurs expos\u00e9s aux CEM : Rapports d&rsquo;activit\u00e9s et Publications<\/a><a href=\"https:\/\/www.bbemg.uliege.be\/biomonitoring-cytogenetique-des-travailleurs\/?lang=fr\"><br \/>\n<\/a><\/li>\n<li><a href=\"https:\/\/www.bbemg.uliege.be\/fr\/biomonitoring-cytogenetique\/\">Pourquoi un biomonitoring cytog\u00e9n\u00e9tique dans l&rsquo;\u00e9tude des effets des CEM sur la sant\u00e9 ?<\/a><\/li>\n<\/ul>\n[\/vc_column_text][\/vc_column][\/vc_row][vc_row type=\u00a0\u00bbin_container\u00a0\u00bb full_screen_row_position=\u00a0\u00bbmiddle\u00a0\u00bb scene_position=\u00a0\u00bbcenter\u00a0\u00bb text_color=\u00a0\u00bbdark\u00a0\u00bb text_align=\u00a0\u00bbleft\u00a0\u00bb overlay_strength=\u00a0\u00bb0.3&Prime; shape_divider_position=\u00a0\u00bbbottom\u00a0\u00bb bg_image_animation=\u00a0\u00bbnone\u00a0\u00bb][vc_column column_padding=\u00a0\u00bbno-extra-padding\u00a0\u00bb column_padding_position=\u00a0\u00bball\u00a0\u00bb background_color_opacity=\u00a0\u00bb1&Prime; background_hover_color_opacity=\u00a0\u00bb1&Prime; column_link_target=\u00a0\u00bb_self\u00a0\u00bb column_shadow=\u00a0\u00bbnone\u00a0\u00bb column_border_radius=\u00a0\u00bbnone\u00a0\u00bb width=\u00a0\u00bb1\/1&Prime; tablet_width_inherit=\u00a0\u00bbdefault\u00a0\u00bb tablet_text_alignment=\u00a0\u00bbdefault\u00a0\u00bb phone_text_alignment=\u00a0\u00bbdefault\u00a0\u00bb column_border_width=\u00a0\u00bbnone\u00a0\u00bb column_border_style=\u00a0\u00bbsolid\u00a0\u00bb bg_image_animation=\u00a0\u00bbnone\u00a0\u00bb][\/vc_column][\/vc_row]\n","protected":false},"excerpt":{"rendered":"<p>[vc_row type=\u00a0\u00bbin_container\u00a0\u00bb full_screen_row_position=\u00a0\u00bbmiddle\u00a0\u00bb scene_position=\u00a0\u00bbcenter\u00a0\u00bb text_color=\u00a0\u00bbdark\u00a0\u00bb text_align=\u00a0\u00bbleft\u00a0\u00bb overlay_strength=\u00a0\u00bb0.3&Prime; shape_divider_position=\u00a0\u00bbbottom\u00a0\u00bb bg_image_animation=\u00a0\u00bbnone\u00a0\u00bb][vc_column column_padding=\u00a0\u00bbno-extra-padding\u00a0\u00bb column_padding_position=\u00a0\u00bball\u00a0\u00bb background_color_opacity=\u00a0\u00bb1&Prime; background_hover_color_opacity=\u00a0\u00bb1&Prime; column_link_target=\u00a0\u00bb_self\u00a0\u00bb column_shadow=\u00a0\u00bbnone\u00a0\u00bb column_border_radius=\u00a0\u00bbnone\u00a0\u00bb width=\u00a0\u00bb1\/1&Prime; tablet_width_inherit=\u00a0\u00bbdefault\u00a0\u00bb tablet_text_alignment=\u00a0\u00bbdefault\u00a0\u00bb phone_text_alignment=\u00a0\u00bbdefault\u00a0\u00bb column_border_width=\u00a0\u00bbnone\u00a0\u00bb column_border_style=\u00a0\u00bbsolid\u00a0\u00bb bg_image_animation=\u00a0\u00bbnone\u00a0\u00bb][heading] Biomonitoring cytog\u00e9n\u00e9tique des travailleurs expos\u00e9s aux CEM&#8230;<\/p>\n","protected":false},"author":1,"featured_media":0,"parent":0,"menu_order":0,"comment_status":"closed","ping_status":"closed","template":"page-sidebar.php","meta":{"footnotes":""},"categories":[],"tags":[],"class_list":["post-44","page","type-page","status-publish"],"yoast_head":"<!-- This site is optimized with the Yoast SEO plugin v27.5 - https:\/\/yoast.com\/product\/yoast-seo-wordpress\/ -->\n<title>Biomonitoring cytog\u00e9n\u00e9tique des travailleurs expos\u00e9s aux CEM - BBEMG - Belgian BioElectroMagnetics Group<\/title>\n<meta name=\"description\" content=\"Le BBEMG m\u00e8ne des recherches sur les \u00e9ventuels dommages cytog\u00e9n\u00e9tiques \u00e0 la suite d&#039;une exposition aux CEM-EBF (biomonitoring des travailleurs d&#039;Elia).\" \/>\n<meta name=\"robots\" content=\"index, follow, max-snippet:-1, max-image-preview:large, max-video-preview:-1\" \/>\n<link rel=\"canonical\" href=\"https:\/\/www.bbemg.uliege.be\/fr\/biomonitoring-cytogenetique-des-travailleurs\/\" \/>\n<meta property=\"og:locale\" content=\"fr_FR\" \/>\n<meta property=\"og:type\" content=\"article\" \/>\n<meta property=\"og:title\" content=\"Biomonitoring cytog\u00e9n\u00e9tique des travailleurs expos\u00e9s aux CEM - BBEMG - Belgian BioElectroMagnetics Group\" \/>\n<meta property=\"og:description\" content=\"Le BBEMG m\u00e8ne des recherches sur les \u00e9ventuels dommages cytog\u00e9n\u00e9tiques \u00e0 la suite d&#039;une exposition aux CEM-EBF (biomonitoring des travailleurs d&#039;Elia).\" \/>\n<meta property=\"og:url\" content=\"https:\/\/www.bbemg.uliege.be\/fr\/biomonitoring-cytogenetique-des-travailleurs\/\" \/>\n<meta property=\"og:site_name\" content=\"BBEMG - Belgian BioElectroMagnetics Group\" \/>\n<meta property=\"article:modified_time\" content=\"2024-02-07T12:32:09+00:00\" \/>\n<meta name=\"twitter:card\" content=\"summary_large_image\" \/>\n<meta name=\"twitter:site\" content=\"@bbemg\" \/>\n<meta name=\"twitter:label1\" content=\"Dur\u00e9e de lecture estim\u00e9e\" \/>\n\t<meta name=\"twitter:data1\" content=\"2 minutes\" \/>\n<script type=\"application\/ld+json\" class=\"yoast-schema-graph\">{\"@context\":\"https:\\\/\\\/schema.org\",\"@graph\":[{\"@type\":\"WebPage\",\"@id\":\"https:\\\/\\\/www.bbemg.uliege.be\\\/fr\\\/biomonitoring-cytogenetique-des-travailleurs\\\/\",\"url\":\"https:\\\/\\\/www.bbemg.uliege.be\\\/fr\\\/biomonitoring-cytogenetique-des-travailleurs\\\/\",\"name\":\"Biomonitoring cytog\u00e9n\u00e9tique des travailleurs expos\u00e9s aux CEM - BBEMG - Belgian BioElectroMagnetics Group\",\"isPartOf\":{\"@id\":\"https:\\\/\\\/www.bbemg.uliege.be\\\/fr\\\/#website\"},\"datePublished\":\"2019-05-12T16:46:48+00:00\",\"dateModified\":\"2024-02-07T12:32:09+00:00\",\"description\":\"Le BBEMG m\u00e8ne des recherches sur les \u00e9ventuels dommages cytog\u00e9n\u00e9tiques \u00e0 la suite d'une exposition aux CEM-EBF (biomonitoring des travailleurs d'Elia).\",\"breadcrumb\":{\"@id\":\"https:\\\/\\\/www.bbemg.uliege.be\\\/fr\\\/biomonitoring-cytogenetique-des-travailleurs\\\/#breadcrumb\"},\"inLanguage\":\"fr-FR\",\"potentialAction\":[{\"@type\":\"ReadAction\",\"target\":[\"https:\\\/\\\/www.bbemg.uliege.be\\\/fr\\\/biomonitoring-cytogenetique-des-travailleurs\\\/\"]}]},{\"@type\":\"BreadcrumbList\",\"@id\":\"https:\\\/\\\/www.bbemg.uliege.be\\\/fr\\\/biomonitoring-cytogenetique-des-travailleurs\\\/#breadcrumb\",\"itemListElement\":[{\"@type\":\"ListItem\",\"position\":1,\"name\":\"Accueil\",\"item\":\"https:\\\/\\\/www.bbemg.uliege.be\\\/fr\\\/\"},{\"@type\":\"ListItem\",\"position\":2,\"name\":\"Biomonitoring cytog\u00e9n\u00e9tique des travailleurs expos\u00e9s aux CEM\"}]},{\"@type\":\"WebSite\",\"@id\":\"https:\\\/\\\/www.bbemg.uliege.be\\\/fr\\\/#website\",\"url\":\"https:\\\/\\\/www.bbemg.uliege.be\\\/fr\\\/\",\"name\":\"BBEMG - Belgian BioElectroMagnetics Group\",\"description\":\"Analyse des effets biom\u00e9dicaux des champs \u00e9lectriques dans notre vie quotidienne\",\"publisher\":{\"@id\":\"https:\\\/\\\/www.bbemg.uliege.be\\\/fr\\\/#organization\"},\"potentialAction\":[{\"@type\":\"SearchAction\",\"target\":{\"@type\":\"EntryPoint\",\"urlTemplate\":\"https:\\\/\\\/www.bbemg.uliege.be\\\/fr\\\/?s={search_term_string}\"},\"query-input\":{\"@type\":\"PropertyValueSpecification\",\"valueRequired\":true,\"valueName\":\"search_term_string\"}}],\"inLanguage\":\"fr-FR\"},{\"@type\":\"Organization\",\"@id\":\"https:\\\/\\\/www.bbemg.uliege.be\\\/fr\\\/#organization\",\"name\":\"BBEMG\",\"url\":\"https:\\\/\\\/www.bbemg.uliege.be\\\/fr\\\/\",\"logo\":{\"@type\":\"ImageObject\",\"inLanguage\":\"fr-FR\",\"@id\":\"https:\\\/\\\/www.bbemg.uliege.be\\\/fr\\\/#\\\/schema\\\/logo\\\/image\\\/\",\"url\":\"https:\\\/\\\/www.bbemg.uliege.be\\\/wp-content\\\/uploads\\\/2019\\\/05\\\/bbemg-logo-crop.png\",\"contentUrl\":\"https:\\\/\\\/www.bbemg.uliege.be\\\/wp-content\\\/uploads\\\/2019\\\/05\\\/bbemg-logo-crop.png\",\"width\":\"560\",\"height\":\"222\",\"caption\":\"BBEMG\"},\"image\":{\"@id\":\"https:\\\/\\\/www.bbemg.uliege.be\\\/fr\\\/#\\\/schema\\\/logo\\\/image\\\/\"},\"sameAs\":[\"https:\\\/\\\/x.com\\\/bbemg\"]}]}<\/script>\n<!-- \/ Yoast SEO plugin. -->","yoast_head_json":{"title":"Biomonitoring cytog\u00e9n\u00e9tique des travailleurs expos\u00e9s aux CEM - BBEMG - Belgian BioElectroMagnetics Group","description":"Le BBEMG m\u00e8ne des recherches sur les \u00e9ventuels dommages cytog\u00e9n\u00e9tiques \u00e0 la suite d'une exposition aux CEM-EBF (biomonitoring des travailleurs d'Elia).","robots":{"index":"index","follow":"follow","max-snippet":"max-snippet:-1","max-image-preview":"max-image-preview:large","max-video-preview":"max-video-preview:-1"},"canonical":"https:\/\/www.bbemg.uliege.be\/fr\/biomonitoring-cytogenetique-des-travailleurs\/","og_locale":"fr_FR","og_type":"article","og_title":"Biomonitoring cytog\u00e9n\u00e9tique des travailleurs expos\u00e9s aux CEM - BBEMG - Belgian BioElectroMagnetics Group","og_description":"Le BBEMG m\u00e8ne des recherches sur les \u00e9ventuels dommages cytog\u00e9n\u00e9tiques \u00e0 la suite d'une exposition aux CEM-EBF (biomonitoring des travailleurs d'Elia).","og_url":"https:\/\/www.bbemg.uliege.be\/fr\/biomonitoring-cytogenetique-des-travailleurs\/","og_site_name":"BBEMG - Belgian BioElectroMagnetics Group","article_modified_time":"2024-02-07T12:32:09+00:00","twitter_card":"summary_large_image","twitter_site":"@bbemg","twitter_misc":{"Dur\u00e9e de lecture estim\u00e9e":"2 minutes"},"schema":{"@context":"https:\/\/schema.org","@graph":[{"@type":"WebPage","@id":"https:\/\/www.bbemg.uliege.be\/fr\/biomonitoring-cytogenetique-des-travailleurs\/","url":"https:\/\/www.bbemg.uliege.be\/fr\/biomonitoring-cytogenetique-des-travailleurs\/","name":"Biomonitoring cytog\u00e9n\u00e9tique des travailleurs expos\u00e9s aux CEM - BBEMG - Belgian BioElectroMagnetics Group","isPartOf":{"@id":"https:\/\/www.bbemg.uliege.be\/fr\/#website"},"datePublished":"2019-05-12T16:46:48+00:00","dateModified":"2024-02-07T12:32:09+00:00","description":"Le BBEMG m\u00e8ne des recherches sur les \u00e9ventuels dommages cytog\u00e9n\u00e9tiques \u00e0 la suite d'une exposition aux CEM-EBF (biomonitoring des travailleurs d'Elia).","breadcrumb":{"@id":"https:\/\/www.bbemg.uliege.be\/fr\/biomonitoring-cytogenetique-des-travailleurs\/#breadcrumb"},"inLanguage":"fr-FR","potentialAction":[{"@type":"ReadAction","target":["https:\/\/www.bbemg.uliege.be\/fr\/biomonitoring-cytogenetique-des-travailleurs\/"]}]},{"@type":"BreadcrumbList","@id":"https:\/\/www.bbemg.uliege.be\/fr\/biomonitoring-cytogenetique-des-travailleurs\/#breadcrumb","itemListElement":[{"@type":"ListItem","position":1,"name":"Accueil","item":"https:\/\/www.bbemg.uliege.be\/fr\/"},{"@type":"ListItem","position":2,"name":"Biomonitoring cytog\u00e9n\u00e9tique des travailleurs expos\u00e9s aux CEM"}]},{"@type":"WebSite","@id":"https:\/\/www.bbemg.uliege.be\/fr\/#website","url":"https:\/\/www.bbemg.uliege.be\/fr\/","name":"BBEMG - Belgian BioElectroMagnetics Group","description":"Analyse des effets biom\u00e9dicaux des champs \u00e9lectriques dans notre vie quotidienne","publisher":{"@id":"https:\/\/www.bbemg.uliege.be\/fr\/#organization"},"potentialAction":[{"@type":"SearchAction","target":{"@type":"EntryPoint","urlTemplate":"https:\/\/www.bbemg.uliege.be\/fr\/?s={search_term_string}"},"query-input":{"@type":"PropertyValueSpecification","valueRequired":true,"valueName":"search_term_string"}}],"inLanguage":"fr-FR"},{"@type":"Organization","@id":"https:\/\/www.bbemg.uliege.be\/fr\/#organization","name":"BBEMG","url":"https:\/\/www.bbemg.uliege.be\/fr\/","logo":{"@type":"ImageObject","inLanguage":"fr-FR","@id":"https:\/\/www.bbemg.uliege.be\/fr\/#\/schema\/logo\/image\/","url":"https:\/\/www.bbemg.uliege.be\/wp-content\/uploads\/2019\/05\/bbemg-logo-crop.png","contentUrl":"https:\/\/www.bbemg.uliege.be\/wp-content\/uploads\/2019\/05\/bbemg-logo-crop.png","width":"560","height":"222","caption":"BBEMG"},"image":{"@id":"https:\/\/www.bbemg.uliege.be\/fr\/#\/schema\/logo\/image\/"},"sameAs":["https:\/\/x.com\/bbemg"]}]}},"_links":{"self":[{"href":"https:\/\/www.bbemg.uliege.be\/fr\/wp-json\/wp\/v2\/pages\/44","targetHints":{"allow":["GET"]}}],"collection":[{"href":"https:\/\/www.bbemg.uliege.be\/fr\/wp-json\/wp\/v2\/pages"}],"about":[{"href":"https:\/\/www.bbemg.uliege.be\/fr\/wp-json\/wp\/v2\/types\/page"}],"author":[{"embeddable":true,"href":"https:\/\/www.bbemg.uliege.be\/fr\/wp-json\/wp\/v2\/users\/1"}],"replies":[{"embeddable":true,"href":"https:\/\/www.bbemg.uliege.be\/fr\/wp-json\/wp\/v2\/comments?post=44"}],"version-history":[{"count":3,"href":"https:\/\/www.bbemg.uliege.be\/fr\/wp-json\/wp\/v2\/pages\/44\/revisions"}],"predecessor-version":[{"id":7732,"href":"https:\/\/www.bbemg.uliege.be\/fr\/wp-json\/wp\/v2\/pages\/44\/revisions\/7732"}],"wp:attachment":[{"href":"https:\/\/www.bbemg.uliege.be\/fr\/wp-json\/wp\/v2\/media?parent=44"}],"wp:term":[{"taxonomy":"category","embeddable":true,"href":"https:\/\/www.bbemg.uliege.be\/fr\/wp-json\/wp\/v2\/categories?post=44"},{"taxonomy":"post_tag","embeddable":true,"href":"https:\/\/www.bbemg.uliege.be\/fr\/wp-json\/wp\/v2\/tags?post=44"}],"curies":[{"name":"wp","href":"https:\/\/api.w.org\/{rel}","templated":true}]}}