{"id":477,"date":"2019-05-14T19:51:20","date_gmt":"2019-05-14T17:51:20","guid":{"rendered":"https:\/\/www.bbemg.uliege.be\/?page_id=477"},"modified":"2024-01-02T15:47:57","modified_gmt":"2024-01-02T14:47:57","slug":"faq-sur-les-transformateurs","status":"publish","type":"page","link":"https:\/\/www.bbemg.uliege.be\/fr\/faq-sur-les-transformateurs\/","title":{"rendered":"FAQ sur les transformateurs"},"content":{"rendered":"[vc_row type=\u00a0\u00bbin_container\u00a0\u00bb full_screen_row_position=\u00a0\u00bbmiddle\u00a0\u00bb scene_position=\u00a0\u00bbcenter\u00a0\u00bb text_color=\u00a0\u00bbdark\u00a0\u00bb text_align=\u00a0\u00bbleft\u00a0\u00bb overlay_strength=\u00a0\u00bb0.3&Prime; shape_divider_position=\u00a0\u00bbbottom\u00a0\u00bb bg_image_animation=\u00a0\u00bbnone\u00a0\u00bb][vc_column column_padding=\u00a0\u00bbno-extra-padding\u00a0\u00bb column_padding_position=\u00a0\u00bball\u00a0\u00bb background_color_opacity=\u00a0\u00bb1&Prime; background_hover_color_opacity=\u00a0\u00bb1&Prime; column_link_target=\u00a0\u00bb_self\u00a0\u00bb column_shadow=\u00a0\u00bbnone\u00a0\u00bb column_border_radius=\u00a0\u00bbnone\u00a0\u00bb width=\u00a0\u00bb1\/1&Prime; tablet_width_inherit=\u00a0\u00bbdefault\u00a0\u00bb tablet_text_alignment=\u00a0\u00bbdefault\u00a0\u00bb phone_text_alignment=\u00a0\u00bbdefault\u00a0\u00bb column_border_width=\u00a0\u00bbnone\u00a0\u00bb column_border_style=\u00a0\u00bbsolid\u00a0\u00bb bg_image_animation=\u00a0\u00bbnone\u00a0\u00bb][heading]\n<h1>FAQ sur les transformateurs<\/h1>\n[\/heading][\/vc_column][\/vc_row][vc_row type=\u00a0\u00bbin_container\u00a0\u00bb full_screen_row_position=\u00a0\u00bbmiddle\u00a0\u00bb scene_position=\u00a0\u00bbcenter\u00a0\u00bb text_color=\u00a0\u00bbdark\u00a0\u00bb text_align=\u00a0\u00bbleft\u00a0\u00bb overlay_strength=\u00a0\u00bb0.3&Prime; shape_divider_position=\u00a0\u00bbbottom\u00a0\u00bb bg_image_animation=\u00a0\u00bbnone\u00a0\u00bb][vc_column column_padding=\u00a0\u00bbno-extra-padding\u00a0\u00bb column_padding_position=\u00a0\u00bball\u00a0\u00bb background_color_opacity=\u00a0\u00bb1&Prime; background_hover_color_opacity=\u00a0\u00bb1&Prime; column_link_target=\u00a0\u00bb_self\u00a0\u00bb column_shadow=\u00a0\u00bbnone\u00a0\u00bb column_border_radius=\u00a0\u00bbnone\u00a0\u00bb width=\u00a0\u00bb1\/1&Prime; tablet_width_inherit=\u00a0\u00bbdefault\u00a0\u00bb tablet_text_alignment=\u00a0\u00bbdefault\u00a0\u00bb phone_text_alignment=\u00a0\u00bbdefault\u00a0\u00bb column_border_width=\u00a0\u00bbnone\u00a0\u00bb column_border_style=\u00a0\u00bbsolid\u00a0\u00bb bg_image_animation=\u00a0\u00bbnone\u00a0\u00bb][vc_column_text]\n<h3>1. J&rsquo;habite en France \u00e0 proximit\u00e9 d&rsquo;un poste de transformation Haute Tension. Mon terrain jouxte ce poste de transformation, et le s\u00e9jour et les chambres \u00e0 coucher sont \u00e0 10 m\u00e8tres. La compagnie d&rsquo;\u00e9lectricit\u00e9 m&rsquo;a indiqu\u00e9 qu&rsquo;il transformait du 20 kV en 220V pour l&rsquo;alimentation des r\u00e9sidences. Mes enfants jouent tous les jours dans le terrain, et je voudrais conna\u00eetre la dangerosit\u00e9 de cet appareil. Disposez-vous de donn\u00e9es indiquant les valeurs des champs EM \u00e0 proximit\u00e9 de ce type de transformateur?<\/h3>\n<p>Il est tr\u00e8s difficile d&rsquo;estimer le champ, une mesure est toujours la bienvenue.<\/p>\n<p>Nous avons d\u00e9j\u00e0 effectu\u00e9 des mesures \u00e0 proximit\u00e9 de poste de transformation en Belgique. Avec un primaire \u00e0 15 kV et un secondaire \u00e0 400 V (il s&rsquo;agit de tension triphas\u00e9e : le 400 V est distribu\u00e9 aux clients qui ont alors 230 V entre la phase et le neutre). La charge typique d&rsquo;un tel poste est de 200 \u00e0 400 kVA (kilovolt amp\u00e8re), soit environ 360 amp\u00e8res \u00e0 250 kVA (c\u00f4t\u00e9 basse tension).<br \/>\nDans un tel cas, on observe (cela d\u00e9pend \u00e9videmment de la configuration, mais l&rsquo;ordre de grandeur doit \u00eatre bon) :<\/p>\n<ul>\n<li>valeur maximale (pr\u00e8s de la sortie \u00ab basse tension \u00bb) : 75 microtesla contre la cabine et 1 microtesla \u00e0 5 m\u00e8tres ;<\/li>\n<li>sur d&rsquo;autres c\u00f4t\u00e9s (notamment c\u00f4t\u00e9 \u00ab haute tension \u00bb) : 3 microtesla contre la cabine et 0,2 microtesla \u00e0 5 m\u00e8tres.<\/li>\n<\/ul>\n<p>Quant aux effets potentiels sur la sant\u00e9 li\u00e9s \u00e0 l&rsquo;exposition aux champs magn\u00e9tiques, nous vous renvoyons \u00e0 la page\u00a0<a href=\"https:\/\/www.bbemg.uliege.be\/fr\/la-question-du-risque-sur-la-sante-normes-recherche-et-analyse-de-lexposition\/\">La question du risque sur la sant\u00e9<\/a> pour de plus amples informations.<\/p>\n<h3>2. Je voudrais acheter un terrain pour la construction d&rsquo;une maison. Un poste de transformation d&rsquo;\u00e9lectricit\u00e9 est \u00e0 40 m du terrain : il transforme de la moyenne tension 22 kV \u00e0 la basse tension 220 V\/ 380 V. La puissance du transformateur est de 400 kVA, la ligne moyenne tension entrante est \u00e0 trois c\u00e2bles. A partir de quelle distance, l&rsquo;intensit\u00e9 de champ magn\u00e9tique est-elle inf\u00e9rieure au seuil \u00e9pid\u00e9miologique de 0,4 \u00b5T?<\/h3>\n<p>Ce type de cabine moyenne tension est fr\u00e9quent. Nous avons mesur\u00e9 les champs \u00e0 proximit\u00e9 et nous pouvons dire ceci dans les cas mesur\u00e9s : la valeur du champ, contre la cabine est le plus \u00e9lev\u00e9 du c\u00f4t\u00e9 basse tension (valeur maximale mesur\u00e9e = 10 \u00b5T), le champ \u00e9tant li\u00e9 \u00e0 l&rsquo;intensit\u00e9 du courant et non \u00e0 la valeur de la tension. Au del\u00e0 de 5 m de la cabine, les champs ambiants \u00e0 1,5 m du sol redescendent en dessous de 0,4 \u00b5T, sauf si vous \u00eates juste au dessus du c\u00e2ble souterrain qui distribue la puissance.<\/p>\n<p>A 40 m on peut objectivement dire que la cabine n&rsquo;a plus aucune influence directe sur le champ ambiant, le champ existant provient d&rsquo;autres influences (ligne a\u00e9rienne, c\u00e2ble souterrain, installations de particuliers, etc.).<\/p>\n<h3>3. Etant sp\u00e9cialis\u00e9s dans des projets d&rsquo;architecture environnementale, nous sommes tr\u00e8s sensibles aux effets des champs. Par d\u00e9faut, nous suivons un principe de pr\u00e9caution et nous nous effor\u00e7ons de rester sous le seuil \u00e9pid\u00e9miologique de 0,4 micro Tesla quand nous sommes en pr\u00e9sence d&rsquo;une ligne HT. Mais qu&rsquo;en est-il pour une cabine HT? Les pr\u00e9cautions sont-elles les m\u00eames? L&rsquo;enveloppe (ma\u00e7onnerie) joue-t-elle un r\u00f4le? Quelles sont les r\u00e8gles de distance?<\/h3>\n<p>Nos mesures sur site ont montr\u00e9 qu&rsquo;\u00e0 environ 5 m d&rsquo;une cabine, le seuil \u00e9pid\u00e9miologique n&rsquo;est plus d\u00e9pass\u00e9. Mais il peut y avoir des configurations particuli\u00e8res qui modifient la distance minimale : seule une mesure peut alors quantifier la valeur.<\/p>\n<p>Un mur en ma\u00e7onnerie n&rsquo;a aucune action sur un champ d&rsquo;induction magn\u00e9tique.<\/p>\n<h3>4. Est-il dangereux de placer un transformateur \u00e9lectrique 20kV dans la cour d&rsquo;une \u00e9cole ? De quelle distance d&rsquo;un transformateur doit-on s&rsquo;\u00e9loigner pour \u00eatre s\u00fbr de ne pas \u00eatre dans la zone des 0,2 \u00e0 0,4 \u00b5T consid\u00e9r\u00e9e dans les \u00e9tudes \u00e9pid\u00e9miologiques?<\/h3>\n<p>Tout d&rsquo;abord, il faut garder \u00e0 l&rsquo;esprit que les valeurs 0,2 \u00e0 0,4 \u00b5T sont des valeurs moyennes sur 24 heures. Ces valeurs peuvent donc \u00eatre d\u00e9pass\u00e9es \u00e0 certains moments de la journ\u00e9e.<br \/>\nNous pensons qu&rsquo;il n&rsquo;est pas conseill\u00e9, dans l&rsquo;absolu, de placer un transformateur dans la cour d&rsquo;une \u00e9cole maternelle. En effet, au-del\u00e0 des risques (non d\u00e9montr\u00e9s) des effets potentiels de champs magn\u00e9tiques, il faut consid\u00e9rer les risques d&rsquo;incendie, ainsi que la disponibilit\u00e9 pour intervention. Un transformateur 20 kV\/400 V qui alimente tout un village peut sans doute \u00eatre plac\u00e9 ailleurs que dans une cour d&rsquo;\u00e9cole pour ces raisons.<\/p>\n<p>Si l&#8217;emplacement ne peut \u00eatre modifi\u00e9, quelques m\u00e8tres d&rsquo;\u00e9cart par rapport \u00e0 la cabine peuvent \u00eatre n\u00e9cessaire\u2026 ce qui r\u00e9duira cependant la surface de jeu des enfants et augmentera les co\u00fbts d&rsquo;installation pour l&rsquo;op\u00e9rateur.<\/p>\n<p>D&rsquo;autres mesures de pr\u00e9cautions peuvent \u00e9galement \u00eatre prises :<\/p>\n<ul>\n<li>configurer en tr\u00e8fle les c\u00e2bles \u00e0 l&rsquo;entr\u00e9e et \u00e0 la sortie de la cabine ;<\/li>\n<li>orienter la cabine pour avoir la sortie basse tension dans une zone prot\u00e9g\u00e9e o\u00f9 peu d&rsquo;enfants sont susceptibles de se rendre ;<\/li>\n<li>choisir une cabine en t\u00f4le d&rsquo;aluminium (\u00e9paisseur 3 mm min) pour blinder partiellement ;<\/li>\n<li>faire sortir les c\u00e2bles en souterrain le plus profond\u00e9ment possible en dessous des zones d&rsquo;acc\u00e8s<\/li>\n<\/ul>\n<p>D&rsquo;autre part, il serait utile d&rsquo;imposer \u00e0 l&rsquo;op\u00e9rateur une r\u00e9vision, \u00e0 ses frais, de la totalit\u00e9 de votre installation \u00e9lectrique, avec mise \u00e0 la terre ad\u00e9quate, protection diff\u00e9rentielle, etc&#8230; En effet, il n&rsquo;est pas impossible que la pr\u00e9sence de ce transformateur favorise la pr\u00e9sence de courant de fuite qui induirait des tensions de contact sur toutes les structures m\u00e9talliques, non dangereuses au premier chef, mais qui font l&rsquo;objet de recherche internationale quant \u00e0 leurs effets insidieux.[\/vc_column_text][\/vc_column][\/vc_row][vc_row type=\u00a0\u00bbin_container\u00a0\u00bb full_screen_row_position=\u00a0\u00bbmiddle\u00a0\u00bb scene_position=\u00a0\u00bbcenter\u00a0\u00bb text_color=\u00a0\u00bbdark\u00a0\u00bb text_align=\u00a0\u00bbleft\u00a0\u00bb overlay_strength=\u00a0\u00bb0.3&Prime; shape_divider_position=\u00a0\u00bbbottom\u00a0\u00bb bg_image_animation=\u00a0\u00bbnone\u00a0\u00bb source=\u00a0\u00bb\u00a0\u00bb text=\u00a0\u00bb2013 &#8211; 2017&Prime; font_container=\u00a0\u00bbtag:h2|text_align:left|color:%2349b0e5&Prime; use_theme_fonts=\u00a0\u00bbyes\u00a0\u00bb google_fonts=\u00a0\u00bbfont_family:Abril%20Fatface%3Aregular|font_style:400%20regular%3A400%3Anormal\u00a0\u00bb css_animation=\u00a0\u00bb\u00a0\u00bb link=\u00a0\u00bb\u00a0\u00bb el_id=\u00a0\u00bb\u00a0\u00bb el_class=\u00a0\u00bb\u00a0\u00bb css=\u00a0\u00bb\u00a0\u00bb][vc_column column_padding=\u00a0\u00bbno-extra-padding\u00a0\u00bb column_padding_position=\u00a0\u00bball\u00a0\u00bb background_color_opacity=\u00a0\u00bb1&Prime; background_hover_color_opacity=\u00a0\u00bb1&Prime; column_link_target=\u00a0\u00bb_self\u00a0\u00bb column_shadow=\u00a0\u00bbnone\u00a0\u00bb column_border_radius=\u00a0\u00bbnone\u00a0\u00bb width=\u00a0\u00bb1\/1&Prime; tablet_width_inherit=\u00a0\u00bbdefault\u00a0\u00bb tablet_text_alignment=\u00a0\u00bbdefault\u00a0\u00bb phone_text_alignment=\u00a0\u00bbdefault\u00a0\u00bb column_border_width=\u00a0\u00bbnone\u00a0\u00bb column_border_style=\u00a0\u00bbsolid\u00a0\u00bb bg_image_animation=\u00a0\u00bbnone\u00a0\u00bb][vc_custom_heading text=\u00a0\u00bbAutres th\u00e8mes qui pourraient vous int\u00e9resser &#8230;\u00a0\u00bb font_container=\u00a0\u00bbtag:h2|text_align:left|color:%2349b0e5&Prime; use_theme_fonts=\u00a0\u00bbyes\u00a0\u00bb][vc_column_text]\n<ul>\n<li><a href=\"https:\/\/www.bbemg.uliege.be\/fr\/concept-de-champs\/\">Concept de champs<\/a> &#8211; Les champs \u00e9lectrique et magn\u00e9tique sont des concepts distincts qui ont \u00e9t\u00e9 invent\u00e9s pour expliquer les ph\u00e9nom\u00e8nes d&rsquo;interaction \u00e0 distance de l&rsquo;\u00e9lectricit\u00e9. (&#8230;)<\/li>\n<li><a href=\"https:\/\/www.bbemg.uliege.be\/fr\/trajet-de-lelectricite\/\">Trajet de l&rsquo;\u00e9lectricit\u00e9<\/a> &#8211; Comment fonctionne le r\u00e9seau \u00e9lectrique? Les caract\u00e9ristiques des r\u00e9seaux de transport et de distribution et les principaux \u00e9l\u00e9ments d&rsquo;un circuit \u00e9lectrique domestique, dont le c\u00e2blage monophas\u00e9 et les m\u00e9thodes de protection.<\/li>\n<\/ul>\n[\/vc_column_text][\/vc_column][\/vc_row]\n","protected":false},"excerpt":{"rendered":"<p>[vc_row type=\u00a0\u00bbin_container\u00a0\u00bb full_screen_row_position=\u00a0\u00bbmiddle\u00a0\u00bb scene_position=\u00a0\u00bbcenter\u00a0\u00bb text_color=\u00a0\u00bbdark\u00a0\u00bb text_align=\u00a0\u00bbleft\u00a0\u00bb overlay_strength=\u00a0\u00bb0.3&Prime; shape_divider_position=\u00a0\u00bbbottom\u00a0\u00bb bg_image_animation=\u00a0\u00bbnone\u00a0\u00bb][vc_column column_padding=\u00a0\u00bbno-extra-padding\u00a0\u00bb column_padding_position=\u00a0\u00bball\u00a0\u00bb background_color_opacity=\u00a0\u00bb1&Prime; background_hover_color_opacity=\u00a0\u00bb1&Prime; column_link_target=\u00a0\u00bb_self\u00a0\u00bb column_shadow=\u00a0\u00bbnone\u00a0\u00bb column_border_radius=\u00a0\u00bbnone\u00a0\u00bb width=\u00a0\u00bb1\/1&Prime; tablet_width_inherit=\u00a0\u00bbdefault\u00a0\u00bb tablet_text_alignment=\u00a0\u00bbdefault\u00a0\u00bb phone_text_alignment=\u00a0\u00bbdefault\u00a0\u00bb column_border_width=\u00a0\u00bbnone\u00a0\u00bb column_border_style=\u00a0\u00bbsolid\u00a0\u00bb bg_image_animation=\u00a0\u00bbnone\u00a0\u00bb][heading] FAQ sur les transformateurs [\/heading][\/vc_column][\/vc_row][vc_row type=\u00a0\u00bbin_container\u00a0\u00bb full_screen_row_position=\u00a0\u00bbmiddle\u00a0\u00bb&#8230;<\/p>\n","protected":false},"author":1,"featured_media":0,"parent":0,"menu_order":0,"comment_status":"closed","ping_status":"closed","template":"page-sidebar.php","meta":{"footnotes":""},"categories":[],"tags":[],"class_list":["post-477","page","type-page","status-publish"],"yoast_head":"<!-- This site is optimized with the Yoast SEO plugin v27.5 - https:\/\/yoast.com\/product\/yoast-seo-wordpress\/ -->\n<title>FAQ sur les transformateurs - BBEMG - Belgian BioElectroMagnetics Group<\/title>\n<meta name=\"description\" content=\"Foire aux questions:: les champs \u00e9lectromagn\u00e9tiques g\u00e9n\u00e9r\u00e9s par les transformateurs et les r\u00e8gles de s\u00e9curit\u00e9 qui les entourent.\" \/>\n<meta name=\"robots\" content=\"index, follow, max-snippet:-1, max-image-preview:large, max-video-preview:-1\" \/>\n<link rel=\"canonical\" href=\"https:\/\/www.bbemg.uliege.be\/fr\/faq-sur-les-transformateurs\/\" \/>\n<meta property=\"og:locale\" content=\"fr_FR\" \/>\n<meta property=\"og:type\" content=\"article\" \/>\n<meta property=\"og:title\" content=\"FAQ sur les transformateurs - BBEMG - Belgian BioElectroMagnetics Group\" \/>\n<meta property=\"og:description\" content=\"Foire aux questions:: les champs \u00e9lectromagn\u00e9tiques g\u00e9n\u00e9r\u00e9s par les transformateurs et les r\u00e8gles de s\u00e9curit\u00e9 qui les entourent.\" \/>\n<meta property=\"og:url\" content=\"https:\/\/www.bbemg.uliege.be\/fr\/faq-sur-les-transformateurs\/\" \/>\n<meta property=\"og:site_name\" content=\"BBEMG - Belgian BioElectroMagnetics Group\" \/>\n<meta property=\"article:modified_time\" content=\"2024-01-02T14:47:57+00:00\" \/>\n<meta name=\"twitter:card\" content=\"summary_large_image\" \/>\n<meta name=\"twitter:site\" content=\"@bbemg\" \/>\n<meta name=\"twitter:label1\" content=\"Dur\u00e9e de lecture estim\u00e9e\" \/>\n\t<meta name=\"twitter:data1\" content=\"5 minutes\" \/>\n<script type=\"application\/ld+json\" class=\"yoast-schema-graph\">{\"@context\":\"https:\\\/\\\/schema.org\",\"@graph\":[{\"@type\":\"WebPage\",\"@id\":\"https:\\\/\\\/www.bbemg.uliege.be\\\/fr\\\/faq-sur-les-transformateurs\\\/\",\"url\":\"https:\\\/\\\/www.bbemg.uliege.be\\\/fr\\\/faq-sur-les-transformateurs\\\/\",\"name\":\"FAQ sur les transformateurs - BBEMG - Belgian BioElectroMagnetics Group\",\"isPartOf\":{\"@id\":\"https:\\\/\\\/www.bbemg.uliege.be\\\/fr\\\/#website\"},\"datePublished\":\"2019-05-14T17:51:20+00:00\",\"dateModified\":\"2024-01-02T14:47:57+00:00\",\"description\":\"Foire aux questions:: les champs \u00e9lectromagn\u00e9tiques g\u00e9n\u00e9r\u00e9s par les transformateurs et les r\u00e8gles de s\u00e9curit\u00e9 qui les entourent.\",\"breadcrumb\":{\"@id\":\"https:\\\/\\\/www.bbemg.uliege.be\\\/fr\\\/faq-sur-les-transformateurs\\\/#breadcrumb\"},\"inLanguage\":\"fr-FR\",\"potentialAction\":[{\"@type\":\"ReadAction\",\"target\":[\"https:\\\/\\\/www.bbemg.uliege.be\\\/fr\\\/faq-sur-les-transformateurs\\\/\"]}]},{\"@type\":\"BreadcrumbList\",\"@id\":\"https:\\\/\\\/www.bbemg.uliege.be\\\/fr\\\/faq-sur-les-transformateurs\\\/#breadcrumb\",\"itemListElement\":[{\"@type\":\"ListItem\",\"position\":1,\"name\":\"Accueil\",\"item\":\"https:\\\/\\\/www.bbemg.uliege.be\\\/fr\\\/\"},{\"@type\":\"ListItem\",\"position\":2,\"name\":\"FAQ sur les transformateurs\"}]},{\"@type\":\"WebSite\",\"@id\":\"https:\\\/\\\/www.bbemg.uliege.be\\\/fr\\\/#website\",\"url\":\"https:\\\/\\\/www.bbemg.uliege.be\\\/fr\\\/\",\"name\":\"BBEMG - Belgian BioElectroMagnetics Group\",\"description\":\"Analyse des effets biom\u00e9dicaux des champs \u00e9lectriques dans notre vie quotidienne\",\"publisher\":{\"@id\":\"https:\\\/\\\/www.bbemg.uliege.be\\\/fr\\\/#organization\"},\"potentialAction\":[{\"@type\":\"SearchAction\",\"target\":{\"@type\":\"EntryPoint\",\"urlTemplate\":\"https:\\\/\\\/www.bbemg.uliege.be\\\/fr\\\/?s={search_term_string}\"},\"query-input\":{\"@type\":\"PropertyValueSpecification\",\"valueRequired\":true,\"valueName\":\"search_term_string\"}}],\"inLanguage\":\"fr-FR\"},{\"@type\":\"Organization\",\"@id\":\"https:\\\/\\\/www.bbemg.uliege.be\\\/fr\\\/#organization\",\"name\":\"BBEMG\",\"url\":\"https:\\\/\\\/www.bbemg.uliege.be\\\/fr\\\/\",\"logo\":{\"@type\":\"ImageObject\",\"inLanguage\":\"fr-FR\",\"@id\":\"https:\\\/\\\/www.bbemg.uliege.be\\\/fr\\\/#\\\/schema\\\/logo\\\/image\\\/\",\"url\":\"https:\\\/\\\/www.bbemg.uliege.be\\\/wp-content\\\/uploads\\\/2019\\\/05\\\/bbemg-logo-crop.png\",\"contentUrl\":\"https:\\\/\\\/www.bbemg.uliege.be\\\/wp-content\\\/uploads\\\/2019\\\/05\\\/bbemg-logo-crop.png\",\"width\":\"560\",\"height\":\"222\",\"caption\":\"BBEMG\"},\"image\":{\"@id\":\"https:\\\/\\\/www.bbemg.uliege.be\\\/fr\\\/#\\\/schema\\\/logo\\\/image\\\/\"},\"sameAs\":[\"https:\\\/\\\/x.com\\\/bbemg\"]}]}<\/script>\n<!-- \/ Yoast SEO plugin. -->","yoast_head_json":{"title":"FAQ sur les transformateurs - BBEMG - Belgian BioElectroMagnetics Group","description":"Foire aux questions:: les champs \u00e9lectromagn\u00e9tiques g\u00e9n\u00e9r\u00e9s par les transformateurs et les r\u00e8gles de s\u00e9curit\u00e9 qui les entourent.","robots":{"index":"index","follow":"follow","max-snippet":"max-snippet:-1","max-image-preview":"max-image-preview:large","max-video-preview":"max-video-preview:-1"},"canonical":"https:\/\/www.bbemg.uliege.be\/fr\/faq-sur-les-transformateurs\/","og_locale":"fr_FR","og_type":"article","og_title":"FAQ sur les transformateurs - BBEMG - Belgian BioElectroMagnetics Group","og_description":"Foire aux questions:: les champs \u00e9lectromagn\u00e9tiques g\u00e9n\u00e9r\u00e9s par les transformateurs et les r\u00e8gles de s\u00e9curit\u00e9 qui les entourent.","og_url":"https:\/\/www.bbemg.uliege.be\/fr\/faq-sur-les-transformateurs\/","og_site_name":"BBEMG - Belgian BioElectroMagnetics Group","article_modified_time":"2024-01-02T14:47:57+00:00","twitter_card":"summary_large_image","twitter_site":"@bbemg","twitter_misc":{"Dur\u00e9e de lecture estim\u00e9e":"5 minutes"},"schema":{"@context":"https:\/\/schema.org","@graph":[{"@type":"WebPage","@id":"https:\/\/www.bbemg.uliege.be\/fr\/faq-sur-les-transformateurs\/","url":"https:\/\/www.bbemg.uliege.be\/fr\/faq-sur-les-transformateurs\/","name":"FAQ sur les transformateurs - BBEMG - Belgian BioElectroMagnetics Group","isPartOf":{"@id":"https:\/\/www.bbemg.uliege.be\/fr\/#website"},"datePublished":"2019-05-14T17:51:20+00:00","dateModified":"2024-01-02T14:47:57+00:00","description":"Foire aux questions:: les champs \u00e9lectromagn\u00e9tiques g\u00e9n\u00e9r\u00e9s par les transformateurs et les r\u00e8gles de s\u00e9curit\u00e9 qui les entourent.","breadcrumb":{"@id":"https:\/\/www.bbemg.uliege.be\/fr\/faq-sur-les-transformateurs\/#breadcrumb"},"inLanguage":"fr-FR","potentialAction":[{"@type":"ReadAction","target":["https:\/\/www.bbemg.uliege.be\/fr\/faq-sur-les-transformateurs\/"]}]},{"@type":"BreadcrumbList","@id":"https:\/\/www.bbemg.uliege.be\/fr\/faq-sur-les-transformateurs\/#breadcrumb","itemListElement":[{"@type":"ListItem","position":1,"name":"Accueil","item":"https:\/\/www.bbemg.uliege.be\/fr\/"},{"@type":"ListItem","position":2,"name":"FAQ sur les transformateurs"}]},{"@type":"WebSite","@id":"https:\/\/www.bbemg.uliege.be\/fr\/#website","url":"https:\/\/www.bbemg.uliege.be\/fr\/","name":"BBEMG - Belgian BioElectroMagnetics Group","description":"Analyse des effets biom\u00e9dicaux des champs \u00e9lectriques dans notre vie quotidienne","publisher":{"@id":"https:\/\/www.bbemg.uliege.be\/fr\/#organization"},"potentialAction":[{"@type":"SearchAction","target":{"@type":"EntryPoint","urlTemplate":"https:\/\/www.bbemg.uliege.be\/fr\/?s={search_term_string}"},"query-input":{"@type":"PropertyValueSpecification","valueRequired":true,"valueName":"search_term_string"}}],"inLanguage":"fr-FR"},{"@type":"Organization","@id":"https:\/\/www.bbemg.uliege.be\/fr\/#organization","name":"BBEMG","url":"https:\/\/www.bbemg.uliege.be\/fr\/","logo":{"@type":"ImageObject","inLanguage":"fr-FR","@id":"https:\/\/www.bbemg.uliege.be\/fr\/#\/schema\/logo\/image\/","url":"https:\/\/www.bbemg.uliege.be\/wp-content\/uploads\/2019\/05\/bbemg-logo-crop.png","contentUrl":"https:\/\/www.bbemg.uliege.be\/wp-content\/uploads\/2019\/05\/bbemg-logo-crop.png","width":"560","height":"222","caption":"BBEMG"},"image":{"@id":"https:\/\/www.bbemg.uliege.be\/fr\/#\/schema\/logo\/image\/"},"sameAs":["https:\/\/x.com\/bbemg"]}]}},"_links":{"self":[{"href":"https:\/\/www.bbemg.uliege.be\/fr\/wp-json\/wp\/v2\/pages\/477","targetHints":{"allow":["GET"]}}],"collection":[{"href":"https:\/\/www.bbemg.uliege.be\/fr\/wp-json\/wp\/v2\/pages"}],"about":[{"href":"https:\/\/www.bbemg.uliege.be\/fr\/wp-json\/wp\/v2\/types\/page"}],"author":[{"embeddable":true,"href":"https:\/\/www.bbemg.uliege.be\/fr\/wp-json\/wp\/v2\/users\/1"}],"replies":[{"embeddable":true,"href":"https:\/\/www.bbemg.uliege.be\/fr\/wp-json\/wp\/v2\/comments?post=477"}],"version-history":[{"count":2,"href":"https:\/\/www.bbemg.uliege.be\/fr\/wp-json\/wp\/v2\/pages\/477\/revisions"}],"predecessor-version":[{"id":6293,"href":"https:\/\/www.bbemg.uliege.be\/fr\/wp-json\/wp\/v2\/pages\/477\/revisions\/6293"}],"wp:attachment":[{"href":"https:\/\/www.bbemg.uliege.be\/fr\/wp-json\/wp\/v2\/media?parent=477"}],"wp:term":[{"taxonomy":"category","embeddable":true,"href":"https:\/\/www.bbemg.uliege.be\/fr\/wp-json\/wp\/v2\/categories?post=477"},{"taxonomy":"post_tag","embeddable":true,"href":"https:\/\/www.bbemg.uliege.be\/fr\/wp-json\/wp\/v2\/tags?post=477"}],"curies":[{"name":"wp","href":"https:\/\/api.w.org\/{rel}","templated":true}]}}