{"id":489,"date":"2019-05-14T20:01:17","date_gmt":"2019-05-14T18:01:17","guid":{"rendered":"https:\/\/www.bbemg.uliege.be\/?page_id=489"},"modified":"2024-11-27T16:27:49","modified_gmt":"2024-11-27T15:27:49","slug":"faq-sur-les-champs-statiques-trains-et-lignes-a-courant-continu","status":"publish","type":"page","link":"https:\/\/www.bbemg.uliege.be\/fr\/faq-sur-les-champs-statiques-trains-et-lignes-a-courant-continu\/","title":{"rendered":"FAQ sur les champs statiques (trains et lignes \u00e0 courant continu)"},"content":{"rendered":"[vc_row type=\u00a0\u00bbin_container\u00a0\u00bb full_screen_row_position=\u00a0\u00bbmiddle\u00a0\u00bb scene_position=\u00a0\u00bbcenter\u00a0\u00bb text_color=\u00a0\u00bbdark\u00a0\u00bb text_align=\u00a0\u00bbleft\u00a0\u00bb overlay_strength=\u00a0\u00bb0.3&Prime; shape_divider_position=\u00a0\u00bbbottom\u00a0\u00bb bg_image_animation=\u00a0\u00bbnone\u00a0\u00bb][vc_column column_padding=\u00a0\u00bbno-extra-padding\u00a0\u00bb column_padding_position=\u00a0\u00bball\u00a0\u00bb background_color_opacity=\u00a0\u00bb1&Prime; background_hover_color_opacity=\u00a0\u00bb1&Prime; column_link_target=\u00a0\u00bb_self\u00a0\u00bb column_shadow=\u00a0\u00bbnone\u00a0\u00bb column_border_radius=\u00a0\u00bbnone\u00a0\u00bb width=\u00a0\u00bb1\/1&Prime; tablet_width_inherit=\u00a0\u00bbdefault\u00a0\u00bb tablet_text_alignment=\u00a0\u00bbdefault\u00a0\u00bb phone_text_alignment=\u00a0\u00bbdefault\u00a0\u00bb column_border_width=\u00a0\u00bbnone\u00a0\u00bb column_border_style=\u00a0\u00bbsolid\u00a0\u00bb bg_image_animation=\u00a0\u00bbnone\u00a0\u00bb][heading]\n<h1>FAQ sur les champs statiques (trains et lignes \u00e0 courant continu)<\/h1>\n[\/heading][\/vc_column][\/vc_row][vc_row type=\u00a0\u00bbin_container\u00a0\u00bb full_screen_row_position=\u00a0\u00bbmiddle\u00a0\u00bb scene_position=\u00a0\u00bbcenter\u00a0\u00bb text_color=\u00a0\u00bbdark\u00a0\u00bb text_align=\u00a0\u00bbleft\u00a0\u00bb overlay_strength=\u00a0\u00bb0.3&Prime; shape_divider_position=\u00a0\u00bbbottom\u00a0\u00bb bg_image_animation=\u00a0\u00bbnone\u00a0\u00bb][vc_column column_padding=\u00a0\u00bbno-extra-padding\u00a0\u00bb column_padding_position=\u00a0\u00bball\u00a0\u00bb background_color_opacity=\u00a0\u00bb1&Prime; background_hover_color_opacity=\u00a0\u00bb1&Prime; column_link_target=\u00a0\u00bb_self\u00a0\u00bb column_shadow=\u00a0\u00bbnone\u00a0\u00bb column_border_radius=\u00a0\u00bbnone\u00a0\u00bb width=\u00a0\u00bb1\/1&Prime; tablet_width_inherit=\u00a0\u00bbdefault\u00a0\u00bb tablet_text_alignment=\u00a0\u00bbdefault\u00a0\u00bb phone_text_alignment=\u00a0\u00bbdefault\u00a0\u00bb column_border_width=\u00a0\u00bbnone\u00a0\u00bb column_border_style=\u00a0\u00bbsolid\u00a0\u00bb bg_image_animation=\u00a0\u00bbnone\u00a0\u00bb][vc_column_text]\n<h3>1. J&rsquo;habite dans une ancienne maison pr\u00e8s d&rsquo;une voie de chemin de fer \u00e9lectrifi\u00e9e. Est-ce que cela pourrait endommager mes appareils \u00e9lectriques ? J&rsquo;ai des probl\u00e8mes \u00e9lectroniques avec une chaudi\u00e8re murale : les champs magn\u00e9tiques provenant de la ligne de chemin de fer voisine pourraient-ils \u00eatre \u00e0 l&rsquo;origine de ces pannes?<\/h3>\n<p>La plupart des chemins de fer \u00e9lectriques belges, hors TGV, fonctionnent avec du courant continu. Les lignes \u00e9lectriques (cat\u00e9naires) qui alimentent les trains g\u00e9n\u00e8rent donc des champs \u00e9lectriques et magn\u00e9tiques continus. Etant donn\u00e9 que les champs continus n&rsquo;induisent pas de courant dans les structures m\u00e9talliques, il n&rsquo;y a a priori pas de relation entre la ligne de chemin de fer et le mauvais fonctionnement de votre chaudi\u00e8re.<\/p>\n<p>Nous vous conseillons toutefois de bien faire v\u00e9rifier votre installation \u00e9lectrique et certainement la mise \u00e0 la terre. En effet, une mauvaise mise \u00e0 la terre peut \u00eatre \u00e0 la source de bien des ennuis, notamment dans une commande \u00e9lectronique. Dans les anciennes maisons, des modifications du c\u00e2blage \u00e9lectrique par les occupants successifs entra\u00eenent parfois des aberrations au niveau de l\u2019installation \u00e9lectrique pouvant \u00eatre \u00e0 la source de ce genre d\u2019ennui.<\/p>\n<p>&nbsp;<\/p>\n<h3>2. Dans ma chambre, Il y a beaucoup d&rsquo;\u00e9lectricit\u00e9 statique. Mes v\u00eatements me collent la peau quand je les sors de l&rsquo;armoire. Je ne sais que faire pour trouver la source et l&rsquo;enrailler. Pourriez-vous, svp, m&rsquo;aider ?<\/h3>\n<p>L\u2019\u00e9lectricit\u00e9 statique r\u00e9sulte d\u2019un transfert de charges (\u00e9lectrons) entre deux objets\/mat\u00e9riaux. Ce transfert d\u00e9pend des mat\u00e9riaux mis en contact, de leur surface mais aussi du pourcentage d\u2019humidit\u00e9. Pour plus d\u2019information vous pouvez consultez la page suivante, rubrique \u00ab\u00a0\u00e9lectricit\u00e9 statique\u00a0\u00bb\u00a0: <a href=\"https:\/\/www.bbemg.uliege.be\/fr\/notions-delectricite\/\">ici<\/a>.<\/p>\n<p>Concernant la formation d\u2019\u00e9lectricit\u00e9 statique en lien avec la question pos\u00e9e ci-dessus (v\u00eatements charg\u00e9s \u00e0 la sortie de l\u2019armoire)\u00a0:<\/p>\n<ul>\n<li>Certaines <u>mati\u00e8res composants les v\u00eatements<\/u> favorisent la formation d\u2019\u00e9lectricit\u00e9 statique (ex\u00a0: le polyester).<\/li>\n<li>Certains <u>mat\u00e9riaux dans l\u2019environnement<\/u> (la chambre) peuvent \u00e9galement favoriser la formation d\u2019\u00e9lectricit\u00e9 statique (meubles en m\u00e9tal, sol en PVC, etc.).<\/li>\n<li>Le faible <u>pourcentage d\u2019humidit\u00e9 dans l\u2019air<\/u> joue \u00e9galement un r\u00f4le dans la formation d\u2019\u00e9lectricit\u00e9 statique. L\u2019air de nos int\u00e9rieurs est bien souvent trop sec. Dans la situation d\u00e9crite plus haut, il serait utile de v\u00e9rifier, le pourcentage d\u2019humidit\u00e9 dans l\u2019air de la pi\u00e8ce \u00e0 l\u2019aide d\u2019un hygrom\u00e8tre, qui peut \u00eatre achet\u00e9 en magasin d\u2019\u00e9lectrom\u00e9nager par exemple.<\/li>\n<\/ul>\n<p>Le pourcentage d\u2019humidit\u00e9 id\u00e9al est entre 40\u00a0% et 60\u00a0%. Si l\u2019air de la pi\u00e8ce est trop sec, une des solutions est de placer un humidificateur d\u2019air. Cela peut \u00eatre un simple r\u00e9cipient rempli d\u2019eau pos\u00e9 sur un radiateur. Il existe aussi des syst\u00e8mes plus sophistiqu\u00e9s \u00e9galement disponibles dans en magasin d\u2019\u00e9lectrom\u00e9nagers.[\/vc_column_text][\/vc_column][\/vc_row][vc_row type=\u00a0\u00bbin_container\u00a0\u00bb full_screen_row_position=\u00a0\u00bbmiddle\u00a0\u00bb scene_position=\u00a0\u00bbcenter\u00a0\u00bb text_color=\u00a0\u00bbdark\u00a0\u00bb text_align=\u00a0\u00bbleft\u00a0\u00bb overlay_strength=\u00a0\u00bb0.3&Prime; shape_divider_position=\u00a0\u00bbbottom\u00a0\u00bb bg_image_animation=\u00a0\u00bbnone\u00a0\u00bb source=\u00a0\u00bb\u00a0\u00bb text=\u00a0\u00bb2013 &#8211; 2017&Prime; font_container=\u00a0\u00bbtag:h2|text_align:left|color:%2349b0e5&Prime; use_theme_fonts=\u00a0\u00bbyes\u00a0\u00bb google_fonts=\u00a0\u00bbfont_family:Abril%20Fatface%3Aregular|font_style:400%20regular%3A400%3Anormal\u00a0\u00bb css_animation=\u00a0\u00bb\u00a0\u00bb link=\u00a0\u00bb\u00a0\u00bb el_id=\u00a0\u00bb\u00a0\u00bb el_class=\u00a0\u00bb\u00a0\u00bb css=\u00a0\u00bb\u00a0\u00bb][vc_column column_padding=\u00a0\u00bbno-extra-padding\u00a0\u00bb column_padding_position=\u00a0\u00bball\u00a0\u00bb background_color_opacity=\u00a0\u00bb1&Prime; background_hover_color_opacity=\u00a0\u00bb1&Prime; column_link_target=\u00a0\u00bb_self\u00a0\u00bb column_shadow=\u00a0\u00bbnone\u00a0\u00bb column_border_radius=\u00a0\u00bbnone\u00a0\u00bb width=\u00a0\u00bb1\/1&Prime; tablet_width_inherit=\u00a0\u00bbdefault\u00a0\u00bb tablet_text_alignment=\u00a0\u00bbdefault\u00a0\u00bb phone_text_alignment=\u00a0\u00bbdefault\u00a0\u00bb column_border_width=\u00a0\u00bbnone\u00a0\u00bb column_border_style=\u00a0\u00bbsolid\u00a0\u00bb bg_image_animation=\u00a0\u00bbnone\u00a0\u00bb][vc_custom_heading text=\u00a0\u00bbAutres th\u00e8mes qui pourraient vous int\u00e9resser &#8230;\u00a0\u00bb font_container=\u00a0\u00bbtag:h2|text_align:left|color:%2349b0e5&Prime; use_theme_fonts=\u00a0\u00bbyes\u00a0\u00bb][vc_column_text]\n<ul>\n<li><a href=\"https:\/\/www.bbemg.uliege.be\/fr\/champs-statiques\/\">Champs statiques<\/a><\/li>\n<li><a href=\"https:\/\/www.bbemg.uliege.be\/fr\/champs-statiques-et-sante\/\">Champs statiques et sant\u00e9<\/a><\/li>\n<li><a href=\"https:\/\/www.bbemg.uliege.be\/fr\/concept-de-champs\/\">Concept de champs<\/a> &#8211; Les champs \u00e9lectrique et magn\u00e9tique sont des concepts distincts qui ont \u00e9t\u00e9 invent\u00e9s pour expliquer les ph\u00e9nom\u00e8nes d&rsquo;interaction \u00e0 distance de l&rsquo;\u00e9lectricit\u00e9. (&#8230;)<\/li>\n<li><a href=\"https:\/\/www.bbemg.uliege.be\/fr\/trajet-de-lelectricite\/\">Trajet de l&rsquo;\u00e9lectricit\u00e9<\/a> &#8211; Comment fonctionne le r\u00e9seau \u00e9lectrique? Les caract\u00e9ristiques des r\u00e9seaux de transport et de distribution et les principaux \u00e9l\u00e9ments d&rsquo;un circuit \u00e9lectrique domestique, dont le c\u00e2blage monophas\u00e9 et les m\u00e9thodes de protection.<\/li>\n<\/ul>\n[\/vc_column_text][\/vc_column][\/vc_row]\n","protected":false},"excerpt":{"rendered":"<p>[vc_row type=\u00a0\u00bbin_container\u00a0\u00bb full_screen_row_position=\u00a0\u00bbmiddle\u00a0\u00bb scene_position=\u00a0\u00bbcenter\u00a0\u00bb text_color=\u00a0\u00bbdark\u00a0\u00bb text_align=\u00a0\u00bbleft\u00a0\u00bb overlay_strength=\u00a0\u00bb0.3&Prime; shape_divider_position=\u00a0\u00bbbottom\u00a0\u00bb bg_image_animation=\u00a0\u00bbnone\u00a0\u00bb][vc_column column_padding=\u00a0\u00bbno-extra-padding\u00a0\u00bb column_padding_position=\u00a0\u00bball\u00a0\u00bb background_color_opacity=\u00a0\u00bb1&Prime; background_hover_color_opacity=\u00a0\u00bb1&Prime; column_link_target=\u00a0\u00bb_self\u00a0\u00bb column_shadow=\u00a0\u00bbnone\u00a0\u00bb column_border_radius=\u00a0\u00bbnone\u00a0\u00bb width=\u00a0\u00bb1\/1&Prime; tablet_width_inherit=\u00a0\u00bbdefault\u00a0\u00bb tablet_text_alignment=\u00a0\u00bbdefault\u00a0\u00bb phone_text_alignment=\u00a0\u00bbdefault\u00a0\u00bb column_border_width=\u00a0\u00bbnone\u00a0\u00bb column_border_style=\u00a0\u00bbsolid\u00a0\u00bb bg_image_animation=\u00a0\u00bbnone\u00a0\u00bb][heading] FAQ sur les champs statiques (trains et&#8230;<\/p>\n","protected":false},"author":1,"featured_media":0,"parent":0,"menu_order":0,"comment_status":"closed","ping_status":"closed","template":"page-sidebar.php","meta":{"footnotes":""},"categories":[],"tags":[],"class_list":["post-489","page","type-page","status-publish"],"yoast_head":"<!-- This site is optimized with the Yoast SEO plugin v27.6 - https:\/\/yoast.com\/product\/yoast-seo-wordpress\/ -->\n<title>FAQ sur les champs statiques (trains et lignes \u00e0 courant continu) - BBEMG - Belgian BioElectroMagnetics Group<\/title>\n<meta name=\"description\" content=\"Foire aux questions: Comment suis-je expos\u00e9 par une voie ferr\u00e9e ? Intensit\u00e9s de champs autour d&#039;une ligne \u00e0 courant continu ?\" \/>\n<meta name=\"robots\" content=\"index, follow, max-snippet:-1, max-image-preview:large, max-video-preview:-1\" \/>\n<link rel=\"canonical\" href=\"https:\/\/www.bbemg.uliege.be\/fr\/faq-sur-les-champs-statiques-trains-et-lignes-a-courant-continu\/\" \/>\n<meta property=\"og:locale\" content=\"fr_FR\" \/>\n<meta property=\"og:type\" content=\"article\" \/>\n<meta property=\"og:title\" content=\"FAQ sur les champs statiques (trains et lignes \u00e0 courant continu) - BBEMG - Belgian BioElectroMagnetics Group\" \/>\n<meta property=\"og:description\" content=\"Foire aux questions: Comment suis-je expos\u00e9 par une voie ferr\u00e9e ? Intensit\u00e9s de champs autour d&#039;une ligne \u00e0 courant continu ?\" \/>\n<meta property=\"og:url\" content=\"https:\/\/www.bbemg.uliege.be\/fr\/faq-sur-les-champs-statiques-trains-et-lignes-a-courant-continu\/\" \/>\n<meta property=\"og:site_name\" content=\"BBEMG - Belgian BioElectroMagnetics Group\" \/>\n<meta property=\"article:modified_time\" content=\"2024-11-27T15:27:49+00:00\" \/>\n<meta name=\"twitter:card\" content=\"summary_large_image\" \/>\n<meta name=\"twitter:site\" content=\"@bbemg\" \/>\n<meta name=\"twitter:label1\" content=\"Dur\u00e9e de lecture estim\u00e9e\" \/>\n\t<meta name=\"twitter:data1\" content=\"3 minutes\" \/>\n<script type=\"application\/ld+json\" class=\"yoast-schema-graph\">{\"@context\":\"https:\\\/\\\/schema.org\",\"@graph\":[{\"@type\":\"WebPage\",\"@id\":\"https:\\\/\\\/www.bbemg.uliege.be\\\/fr\\\/faq-sur-les-champs-statiques-trains-et-lignes-a-courant-continu\\\/\",\"url\":\"https:\\\/\\\/www.bbemg.uliege.be\\\/fr\\\/faq-sur-les-champs-statiques-trains-et-lignes-a-courant-continu\\\/\",\"name\":\"FAQ sur les champs statiques (trains et lignes \u00e0 courant continu) - BBEMG - Belgian BioElectroMagnetics Group\",\"isPartOf\":{\"@id\":\"https:\\\/\\\/www.bbemg.uliege.be\\\/fr\\\/#website\"},\"datePublished\":\"2019-05-14T18:01:17+00:00\",\"dateModified\":\"2024-11-27T15:27:49+00:00\",\"description\":\"Foire aux questions: Comment suis-je expos\u00e9 par une voie ferr\u00e9e ? Intensit\u00e9s de champs autour d'une ligne \u00e0 courant continu ?\",\"breadcrumb\":{\"@id\":\"https:\\\/\\\/www.bbemg.uliege.be\\\/fr\\\/faq-sur-les-champs-statiques-trains-et-lignes-a-courant-continu\\\/#breadcrumb\"},\"inLanguage\":\"fr-FR\",\"potentialAction\":[{\"@type\":\"ReadAction\",\"target\":[\"https:\\\/\\\/www.bbemg.uliege.be\\\/fr\\\/faq-sur-les-champs-statiques-trains-et-lignes-a-courant-continu\\\/\"]}]},{\"@type\":\"BreadcrumbList\",\"@id\":\"https:\\\/\\\/www.bbemg.uliege.be\\\/fr\\\/faq-sur-les-champs-statiques-trains-et-lignes-a-courant-continu\\\/#breadcrumb\",\"itemListElement\":[{\"@type\":\"ListItem\",\"position\":1,\"name\":\"Accueil\",\"item\":\"https:\\\/\\\/www.bbemg.uliege.be\\\/fr\\\/\"},{\"@type\":\"ListItem\",\"position\":2,\"name\":\"FAQ sur les champs statiques (trains et lignes \u00e0 courant continu)\"}]},{\"@type\":\"WebSite\",\"@id\":\"https:\\\/\\\/www.bbemg.uliege.be\\\/fr\\\/#website\",\"url\":\"https:\\\/\\\/www.bbemg.uliege.be\\\/fr\\\/\",\"name\":\"BBEMG - Belgian BioElectroMagnetics Group\",\"description\":\"Analyse des effets biom\u00e9dicaux des champs \u00e9lectriques dans notre vie quotidienne\",\"publisher\":{\"@id\":\"https:\\\/\\\/www.bbemg.uliege.be\\\/fr\\\/#organization\"},\"potentialAction\":[{\"@type\":\"SearchAction\",\"target\":{\"@type\":\"EntryPoint\",\"urlTemplate\":\"https:\\\/\\\/www.bbemg.uliege.be\\\/fr\\\/?s={search_term_string}\"},\"query-input\":{\"@type\":\"PropertyValueSpecification\",\"valueRequired\":true,\"valueName\":\"search_term_string\"}}],\"inLanguage\":\"fr-FR\"},{\"@type\":\"Organization\",\"@id\":\"https:\\\/\\\/www.bbemg.uliege.be\\\/fr\\\/#organization\",\"name\":\"BBEMG\",\"url\":\"https:\\\/\\\/www.bbemg.uliege.be\\\/fr\\\/\",\"logo\":{\"@type\":\"ImageObject\",\"inLanguage\":\"fr-FR\",\"@id\":\"https:\\\/\\\/www.bbemg.uliege.be\\\/fr\\\/#\\\/schema\\\/logo\\\/image\\\/\",\"url\":\"https:\\\/\\\/www.bbemg.uliege.be\\\/wp-content\\\/uploads\\\/2019\\\/05\\\/bbemg-logo-crop.png\",\"contentUrl\":\"https:\\\/\\\/www.bbemg.uliege.be\\\/wp-content\\\/uploads\\\/2019\\\/05\\\/bbemg-logo-crop.png\",\"width\":\"560\",\"height\":\"222\",\"caption\":\"BBEMG\"},\"image\":{\"@id\":\"https:\\\/\\\/www.bbemg.uliege.be\\\/fr\\\/#\\\/schema\\\/logo\\\/image\\\/\"},\"sameAs\":[\"https:\\\/\\\/x.com\\\/bbemg\"]}]}<\/script>\n<!-- \/ Yoast SEO plugin. -->","yoast_head_json":{"title":"FAQ sur les champs statiques (trains et lignes \u00e0 courant continu) - BBEMG - Belgian BioElectroMagnetics Group","description":"Foire aux questions: Comment suis-je expos\u00e9 par une voie ferr\u00e9e ? Intensit\u00e9s de champs autour d'une ligne \u00e0 courant continu ?","robots":{"index":"index","follow":"follow","max-snippet":"max-snippet:-1","max-image-preview":"max-image-preview:large","max-video-preview":"max-video-preview:-1"},"canonical":"https:\/\/www.bbemg.uliege.be\/fr\/faq-sur-les-champs-statiques-trains-et-lignes-a-courant-continu\/","og_locale":"fr_FR","og_type":"article","og_title":"FAQ sur les champs statiques (trains et lignes \u00e0 courant continu) - BBEMG - Belgian BioElectroMagnetics Group","og_description":"Foire aux questions: Comment suis-je expos\u00e9 par une voie ferr\u00e9e ? Intensit\u00e9s de champs autour d'une ligne \u00e0 courant continu ?","og_url":"https:\/\/www.bbemg.uliege.be\/fr\/faq-sur-les-champs-statiques-trains-et-lignes-a-courant-continu\/","og_site_name":"BBEMG - Belgian BioElectroMagnetics Group","article_modified_time":"2024-11-27T15:27:49+00:00","twitter_card":"summary_large_image","twitter_site":"@bbemg","twitter_misc":{"Dur\u00e9e de lecture estim\u00e9e":"3 minutes"},"schema":{"@context":"https:\/\/schema.org","@graph":[{"@type":"WebPage","@id":"https:\/\/www.bbemg.uliege.be\/fr\/faq-sur-les-champs-statiques-trains-et-lignes-a-courant-continu\/","url":"https:\/\/www.bbemg.uliege.be\/fr\/faq-sur-les-champs-statiques-trains-et-lignes-a-courant-continu\/","name":"FAQ sur les champs statiques (trains et lignes \u00e0 courant continu) - BBEMG - Belgian BioElectroMagnetics Group","isPartOf":{"@id":"https:\/\/www.bbemg.uliege.be\/fr\/#website"},"datePublished":"2019-05-14T18:01:17+00:00","dateModified":"2024-11-27T15:27:49+00:00","description":"Foire aux questions: Comment suis-je expos\u00e9 par une voie ferr\u00e9e ? Intensit\u00e9s de champs autour d'une ligne \u00e0 courant continu ?","breadcrumb":{"@id":"https:\/\/www.bbemg.uliege.be\/fr\/faq-sur-les-champs-statiques-trains-et-lignes-a-courant-continu\/#breadcrumb"},"inLanguage":"fr-FR","potentialAction":[{"@type":"ReadAction","target":["https:\/\/www.bbemg.uliege.be\/fr\/faq-sur-les-champs-statiques-trains-et-lignes-a-courant-continu\/"]}]},{"@type":"BreadcrumbList","@id":"https:\/\/www.bbemg.uliege.be\/fr\/faq-sur-les-champs-statiques-trains-et-lignes-a-courant-continu\/#breadcrumb","itemListElement":[{"@type":"ListItem","position":1,"name":"Accueil","item":"https:\/\/www.bbemg.uliege.be\/fr\/"},{"@type":"ListItem","position":2,"name":"FAQ sur les champs statiques (trains et lignes \u00e0 courant continu)"}]},{"@type":"WebSite","@id":"https:\/\/www.bbemg.uliege.be\/fr\/#website","url":"https:\/\/www.bbemg.uliege.be\/fr\/","name":"BBEMG - Belgian BioElectroMagnetics Group","description":"Analyse des effets biom\u00e9dicaux des champs \u00e9lectriques dans notre vie quotidienne","publisher":{"@id":"https:\/\/www.bbemg.uliege.be\/fr\/#organization"},"potentialAction":[{"@type":"SearchAction","target":{"@type":"EntryPoint","urlTemplate":"https:\/\/www.bbemg.uliege.be\/fr\/?s={search_term_string}"},"query-input":{"@type":"PropertyValueSpecification","valueRequired":true,"valueName":"search_term_string"}}],"inLanguage":"fr-FR"},{"@type":"Organization","@id":"https:\/\/www.bbemg.uliege.be\/fr\/#organization","name":"BBEMG","url":"https:\/\/www.bbemg.uliege.be\/fr\/","logo":{"@type":"ImageObject","inLanguage":"fr-FR","@id":"https:\/\/www.bbemg.uliege.be\/fr\/#\/schema\/logo\/image\/","url":"https:\/\/www.bbemg.uliege.be\/wp-content\/uploads\/2019\/05\/bbemg-logo-crop.png","contentUrl":"https:\/\/www.bbemg.uliege.be\/wp-content\/uploads\/2019\/05\/bbemg-logo-crop.png","width":"560","height":"222","caption":"BBEMG"},"image":{"@id":"https:\/\/www.bbemg.uliege.be\/fr\/#\/schema\/logo\/image\/"},"sameAs":["https:\/\/x.com\/bbemg"]}]}},"_links":{"self":[{"href":"https:\/\/www.bbemg.uliege.be\/fr\/wp-json\/wp\/v2\/pages\/489","targetHints":{"allow":["GET"]}}],"collection":[{"href":"https:\/\/www.bbemg.uliege.be\/fr\/wp-json\/wp\/v2\/pages"}],"about":[{"href":"https:\/\/www.bbemg.uliege.be\/fr\/wp-json\/wp\/v2\/types\/page"}],"author":[{"embeddable":true,"href":"https:\/\/www.bbemg.uliege.be\/fr\/wp-json\/wp\/v2\/users\/1"}],"replies":[{"embeddable":true,"href":"https:\/\/www.bbemg.uliege.be\/fr\/wp-json\/wp\/v2\/comments?post=489"}],"version-history":[{"count":5,"href":"https:\/\/www.bbemg.uliege.be\/fr\/wp-json\/wp\/v2\/pages\/489\/revisions"}],"predecessor-version":[{"id":8108,"href":"https:\/\/www.bbemg.uliege.be\/fr\/wp-json\/wp\/v2\/pages\/489\/revisions\/8108"}],"wp:attachment":[{"href":"https:\/\/www.bbemg.uliege.be\/fr\/wp-json\/wp\/v2\/media?parent=489"}],"wp:term":[{"taxonomy":"category","embeddable":true,"href":"https:\/\/www.bbemg.uliege.be\/fr\/wp-json\/wp\/v2\/categories?post=489"},{"taxonomy":"post_tag","embeddable":true,"href":"https:\/\/www.bbemg.uliege.be\/fr\/wp-json\/wp\/v2\/tags?post=489"}],"curies":[{"name":"wp","href":"https:\/\/api.w.org\/{rel}","templated":true}]}}