{"id":491,"date":"2019-05-14T20:04:41","date_gmt":"2019-05-14T18:04:41","guid":{"rendered":"https:\/\/www.bbemg.uliege.be\/?page_id=491"},"modified":"2024-01-04T10:23:27","modified_gmt":"2024-01-04T09:23:27","slug":"champs-electriques-magnetiques-ou-courants-de-contact","status":"publish","type":"page","link":"https:\/\/www.bbemg.uliege.be\/fr\/champs-electriques-magnetiques-ou-courants-de-contact\/","title":{"rendered":"Champs \u00e9lectriques, champs magn\u00e9tiques ou courants de contact ?"},"content":{"rendered":"[vc_row type=\u00a0\u00bbin_container\u00a0\u00bb full_screen_row_position=\u00a0\u00bbmiddle\u00a0\u00bb scene_position=\u00a0\u00bbcenter\u00a0\u00bb text_color=\u00a0\u00bbdark\u00a0\u00bb text_align=\u00a0\u00bbleft\u00a0\u00bb overlay_strength=\u00a0\u00bb0.3&Prime; shape_divider_position=\u00a0\u00bbbottom\u00a0\u00bb bg_image_animation=\u00a0\u00bbnone\u00a0\u00bb][vc_column column_padding=\u00a0\u00bbno-extra-padding\u00a0\u00bb column_padding_position=\u00a0\u00bball\u00a0\u00bb background_color_opacity=\u00a0\u00bb1&Prime; background_hover_color_opacity=\u00a0\u00bb1&Prime; column_link_target=\u00a0\u00bb_self\u00a0\u00bb column_shadow=\u00a0\u00bbnone\u00a0\u00bb column_border_radius=\u00a0\u00bbnone\u00a0\u00bb width=\u00a0\u00bb1\/1&Prime; tablet_width_inherit=\u00a0\u00bbdefault\u00a0\u00bb tablet_text_alignment=\u00a0\u00bbdefault\u00a0\u00bb phone_text_alignment=\u00a0\u00bbdefault\u00a0\u00bb column_border_width=\u00a0\u00bbnone\u00a0\u00bb column_border_style=\u00a0\u00bbsolid\u00a0\u00bb bg_image_animation=\u00a0\u00bbnone\u00a0\u00bb][heading]\n<h1>Champs \u00e9lectriques, champs magn\u00e9tiques ou courants de contact?<\/h1>\n[\/heading][\/vc_column][\/vc_row][vc_row type=\u00a0\u00bbin_container\u00a0\u00bb full_screen_row_position=\u00a0\u00bbmiddle\u00a0\u00bb scene_position=\u00a0\u00bbcenter\u00a0\u00bb text_color=\u00a0\u00bbdark\u00a0\u00bb text_align=\u00a0\u00bbleft\u00a0\u00bb overlay_strength=\u00a0\u00bb0.3&Prime; shape_divider_position=\u00a0\u00bbbottom\u00a0\u00bb bg_image_animation=\u00a0\u00bbnone\u00a0\u00bb][vc_column column_padding=\u00a0\u00bbno-extra-padding\u00a0\u00bb column_padding_position=\u00a0\u00bball\u00a0\u00bb background_color_opacity=\u00a0\u00bb1&Prime; background_hover_color_opacity=\u00a0\u00bb1&Prime; column_link_target=\u00a0\u00bb_self\u00a0\u00bb column_shadow=\u00a0\u00bbnone\u00a0\u00bb column_border_radius=\u00a0\u00bbnone\u00a0\u00bb width=\u00a0\u00bb1\/1&Prime; tablet_width_inherit=\u00a0\u00bbdefault\u00a0\u00bb tablet_text_alignment=\u00a0\u00bbdefault\u00a0\u00bb phone_text_alignment=\u00a0\u00bbdefault\u00a0\u00bb column_border_width=\u00a0\u00bbnone\u00a0\u00bb column_border_style=\u00a0\u00bbsolid\u00a0\u00bb bg_image_animation=\u00a0\u00bbnone\u00a0\u00bb][vc_column_text]Le champ magn\u00e9tique traverse le corps humain quasi sans modification entre l&rsquo;ext\u00e9rieur et l&rsquo;int\u00e9rieur, alors que le champ \u00e9lectrique ne le traverse que partiellement (il est grosso modo r\u00e9duit par un facteur 1 million entre l&rsquo;int\u00e9rieur et l&rsquo;ext\u00e9rieur ; Il provoque principalement la migration des charges \u00e0 la surface de ce dernier. Il en r\u00e9sulte donc des courants sur la surface du corps et un courant r\u00e9siduel \u00e0 l&rsquo;int\u00e9rieur du corps).<\/p>\n<p>Certains chercheurs estiment cependant que les effets du champ \u00e9lectrique sur l&rsquo;organisme ne devraient pas \u00eatre n\u00e9glig\u00e9s. En effet ce qui compte vraiment pour un effet sur la sant\u00e9, c&rsquo;est finalement (voir les recommandations de l&rsquo;ICNIRP, 1998, 2010) le champ \u00e9lectrique interne au corps humain. Celui-ci pourrait perturber certains m\u00e9canismes biologiques. Ceci n&rsquo;est valable que pour autant qu&rsquo;il atteigne un seuil susceptible de perturber notre organisme. Ce seuil a \u00e9t\u00e9 chiffr\u00e9 \u00e0 environ 100 mV\/m (voir les recommandations de l&rsquo;ICNIRP, 1998, 2010). Cela ne veut pas dire que ce seuil est pathog\u00e8ne mais simplement que le fait d&rsquo;atteindre ce seuil pourrait induire des modifications de comportement (temporaire ou non) des cellules pouvant entrainer ou non un effet (positif ou n\u00e9gatif) sur la sant\u00e9.<\/p>\n<p>Pour obtenir ce seuil de 100 mV\/m dans notre corps, la source externe peut \u00eatre un champ \u00e9lectrique (sup\u00e9rieur \u00e0 environ 10kV\/m), un champ magn\u00e9tique (sup\u00e9rieur \u00e0 environ 100 \u00b5T) ou un courant de contact (sup\u00e9rieur \u00e0 environ 100 \u00b5A).<\/p>\n<p>Toutes ces sources externes g\u00e9n\u00e8rent un courant de passage dans le corps, courant qui trouvera son chemin en fonction des conductivit\u00e9s \u00e9lectriques locales qu&rsquo;il va rencontrer. Comme tout courant est li\u00e9 \u00e0 un champ \u00e9lectrique par la loi d&rsquo;Ohm, dire que l&rsquo;un existe entra\u00eene que l&rsquo;autre existe \u00e9galement.<\/p>\n<p>Il n&rsquo;y a donc pas de raison scientifique valable pour se pr\u00e9occuper essentiellement du champ magn\u00e9tique.[\/vc_column_text][\/vc_column][\/vc_row][vc_row type=\u00a0\u00bbin_container\u00a0\u00bb full_screen_row_position=\u00a0\u00bbmiddle\u00a0\u00bb scene_position=\u00a0\u00bbcenter\u00a0\u00bb text_color=\u00a0\u00bbdark\u00a0\u00bb text_align=\u00a0\u00bbleft\u00a0\u00bb overlay_strength=\u00a0\u00bb0.3&Prime; shape_divider_position=\u00a0\u00bbbottom\u00a0\u00bb bg_image_animation=\u00a0\u00bbnone\u00a0\u00bb source=\u00a0\u00bb\u00a0\u00bb text=\u00a0\u00bb2013 &#8211; 2017&Prime; font_container=\u00a0\u00bbtag:h2|text_align:left|color:%2349b0e5&Prime; use_theme_fonts=\u00a0\u00bbyes\u00a0\u00bb google_fonts=\u00a0\u00bbfont_family:Abril%20Fatface%3Aregular|font_style:400%20regular%3A400%3Anormal\u00a0\u00bb css_animation=\u00a0\u00bb\u00a0\u00bb link=\u00a0\u00bb\u00a0\u00bb el_id=\u00a0\u00bb\u00a0\u00bb el_class=\u00a0\u00bb\u00a0\u00bb css=\u00a0\u00bb\u00a0\u00bb][vc_column column_padding=\u00a0\u00bbno-extra-padding\u00a0\u00bb column_padding_position=\u00a0\u00bball\u00a0\u00bb background_color_opacity=\u00a0\u00bb1&Prime; background_hover_color_opacity=\u00a0\u00bb1&Prime; column_link_target=\u00a0\u00bb_self\u00a0\u00bb column_shadow=\u00a0\u00bbnone\u00a0\u00bb column_border_radius=\u00a0\u00bbnone\u00a0\u00bb width=\u00a0\u00bb1\/1&Prime; tablet_width_inherit=\u00a0\u00bbdefault\u00a0\u00bb tablet_text_alignment=\u00a0\u00bbdefault\u00a0\u00bb phone_text_alignment=\u00a0\u00bbdefault\u00a0\u00bb column_border_width=\u00a0\u00bbnone\u00a0\u00bb column_border_style=\u00a0\u00bbsolid\u00a0\u00bb bg_image_animation=\u00a0\u00bbnone\u00a0\u00bb][vc_custom_heading text=\u00a0\u00bbDocuments &amp; Liens\u00a0\u00bb font_container=\u00a0\u00bbtag:h2|text_align:left|color:%2349b0e5&Prime; use_theme_fonts=\u00a0\u00bbyes\u00a0\u00bb][vc_column_text]\n<ul>\n<li>International Commission on Non-Ionizing Radiation Protection (ICNIRP):\u00a0<a href=\"http:\/\/www.icnirp.org\/cms\/upload\/publications\/ICNIRPLFgdl.pdf\" target=\"_blank\" rel=\"noopener noreferrer\">Guidelines for limiting exposure to time-varying electric and magnetic fields<\/a>\u00a0(1 Hz to 100 kHz). Health Phys. 2010 Dec;99(6):818-36.<br \/>\nSee a\u00a0<a href=\"http:\/\/www.icnirp.org\/cms\/upload\/publications\/ICNIRPFactSheetLF.pdf\" target=\"_blank\" rel=\"noopener noreferrer\">factsheet<\/a>.<\/li>\n<li>International Commission on Non-Ionizing Radiation Protection (ICNIRP):\u00a0<a href=\"http:\/\/www.icnirp.org\/cms\/upload\/publications\/ICNIRPemfgdl.pdf\" target=\"_blank\" rel=\"noopener noreferrer\">Guidelines for limiting exposure to time-varying electric, magnetic, and electromagnetic fields<\/a>\u00a0(up to 300 GHz). Health Physics Society 74(4):494-522; 1998.<\/li>\n<\/ul>\n[\/vc_column_text][\/vc_column][\/vc_row][vc_row type=\u00a0\u00bbin_container\u00a0\u00bb full_screen_row_position=\u00a0\u00bbmiddle\u00a0\u00bb scene_position=\u00a0\u00bbcenter\u00a0\u00bb text_color=\u00a0\u00bbdark\u00a0\u00bb text_align=\u00a0\u00bbleft\u00a0\u00bb overlay_strength=\u00a0\u00bb0.3&Prime; shape_divider_position=\u00a0\u00bbbottom\u00a0\u00bb bg_image_animation=\u00a0\u00bbnone\u00a0\u00bb source=\u00a0\u00bb\u00a0\u00bb text=\u00a0\u00bb2013 &#8211; 2017&Prime; font_container=\u00a0\u00bbtag:h2|text_align:left|color:%2349b0e5&Prime; use_theme_fonts=\u00a0\u00bbyes\u00a0\u00bb google_fonts=\u00a0\u00bbfont_family:Abril%20Fatface%3Aregular|font_style:400%20regular%3A400%3Anormal\u00a0\u00bb css_animation=\u00a0\u00bb\u00a0\u00bb link=\u00a0\u00bb\u00a0\u00bb el_id=\u00a0\u00bb\u00a0\u00bb el_class=\u00a0\u00bb\u00a0\u00bb css=\u00a0\u00bb\u00a0\u00bb][vc_column column_padding=\u00a0\u00bbno-extra-padding\u00a0\u00bb column_padding_position=\u00a0\u00bball\u00a0\u00bb background_color_opacity=\u00a0\u00bb1&Prime; background_hover_color_opacity=\u00a0\u00bb1&Prime; column_link_target=\u00a0\u00bb_self\u00a0\u00bb column_shadow=\u00a0\u00bbnone\u00a0\u00bb column_border_radius=\u00a0\u00bbnone\u00a0\u00bb width=\u00a0\u00bb1\/1&Prime; tablet_width_inherit=\u00a0\u00bbdefault\u00a0\u00bb tablet_text_alignment=\u00a0\u00bbdefault\u00a0\u00bb phone_text_alignment=\u00a0\u00bbdefault\u00a0\u00bb column_border_width=\u00a0\u00bbnone\u00a0\u00bb column_border_style=\u00a0\u00bbsolid\u00a0\u00bb bg_image_animation=\u00a0\u00bbnone\u00a0\u00bb][vc_custom_heading text=\u00a0\u00bbAutres th\u00e8mes qui pourraient vous int\u00e9resser &#8230;\u00a0\u00bb font_container=\u00a0\u00bbtag:h2|text_align:left|color:%2349b0e5&Prime; use_theme_fonts=\u00a0\u00bbyes\u00a0\u00bb][vc_column_text]\n<ul>\n<li><a href=\"https:\/\/www.bbemg.uliege.be\/fr\/concept-de-champs\/\">Concept de champs<\/a> &#8211; Les champs \u00e9lectrique et magn\u00e9tique sont des concepts distincts qui ont \u00e9t\u00e9 invent\u00e9s pour expliquer les ph\u00e9nom\u00e8nes d&rsquo;interaction \u00e0 distance de l&rsquo;\u00e9lectricit\u00e9. (&#8230;)<\/li>\n<li><a href=\"https:\/\/www.bbemg.uliege.be\/fr\/electromagnetisme\/\">Electromagn\u00e9tisme<\/a> &#8211; L&rsquo;\u00e9lectromagn\u00e9tisme \u00e9tudie les interactions \u00e0 distance des charges, des courants et des champs \u00e9lectrique et magn\u00e9tique. (&#8230;)<\/li>\n<\/ul>\n[\/vc_column_text][\/vc_column][\/vc_row]\n","protected":false},"excerpt":{"rendered":"<p>[vc_row type=\u00a0\u00bbin_container\u00a0\u00bb full_screen_row_position=\u00a0\u00bbmiddle\u00a0\u00bb scene_position=\u00a0\u00bbcenter\u00a0\u00bb text_color=\u00a0\u00bbdark\u00a0\u00bb text_align=\u00a0\u00bbleft\u00a0\u00bb overlay_strength=\u00a0\u00bb0.3&Prime; shape_divider_position=\u00a0\u00bbbottom\u00a0\u00bb bg_image_animation=\u00a0\u00bbnone\u00a0\u00bb][vc_column column_padding=\u00a0\u00bbno-extra-padding\u00a0\u00bb column_padding_position=\u00a0\u00bball\u00a0\u00bb background_color_opacity=\u00a0\u00bb1&Prime; background_hover_color_opacity=\u00a0\u00bb1&Prime; column_link_target=\u00a0\u00bb_self\u00a0\u00bb column_shadow=\u00a0\u00bbnone\u00a0\u00bb column_border_radius=\u00a0\u00bbnone\u00a0\u00bb width=\u00a0\u00bb1\/1&Prime; tablet_width_inherit=\u00a0\u00bbdefault\u00a0\u00bb tablet_text_alignment=\u00a0\u00bbdefault\u00a0\u00bb phone_text_alignment=\u00a0\u00bbdefault\u00a0\u00bb column_border_width=\u00a0\u00bbnone\u00a0\u00bb column_border_style=\u00a0\u00bbsolid\u00a0\u00bb bg_image_animation=\u00a0\u00bbnone\u00a0\u00bb][heading] Champs \u00e9lectriques, champs magn\u00e9tiques ou courants de&#8230;<\/p>\n","protected":false},"author":1,"featured_media":0,"parent":0,"menu_order":0,"comment_status":"closed","ping_status":"closed","template":"page-sidebar.php","meta":{"footnotes":""},"categories":[],"tags":[],"class_list":["post-491","page","type-page","status-publish"],"yoast_head":"<!-- This site is optimized with the Yoast SEO plugin v27.5 - https:\/\/yoast.com\/product\/yoast-seo-wordpress\/ -->\n<title>Champs \u00e9lectriques, champs magn\u00e9tiques ou courants de contact ? - BBEMG - Belgian BioElectroMagnetics Group<\/title>\n<meta name=\"description\" content=\"Quelle est la diff\u00e9rence entre les champs \u00e9lectriques et les champs magn\u00e9tiques ? Y a-t-il une diff\u00e9rence en ce qui concerne les risques pour la sant\u00e9 ?\" \/>\n<meta name=\"robots\" content=\"index, follow, max-snippet:-1, max-image-preview:large, max-video-preview:-1\" \/>\n<link rel=\"canonical\" href=\"https:\/\/www.bbemg.uliege.be\/fr\/champs-electriques-magnetiques-ou-courants-de-contact\/\" \/>\n<meta property=\"og:locale\" content=\"fr_FR\" \/>\n<meta property=\"og:type\" content=\"article\" \/>\n<meta property=\"og:title\" content=\"Champs \u00e9lectriques, champs magn\u00e9tiques ou courants de contact ? - BBEMG - Belgian BioElectroMagnetics Group\" \/>\n<meta property=\"og:description\" content=\"Quelle est la diff\u00e9rence entre les champs \u00e9lectriques et les champs magn\u00e9tiques ? Y a-t-il une diff\u00e9rence en ce qui concerne les risques pour la sant\u00e9 ?\" \/>\n<meta property=\"og:url\" content=\"https:\/\/www.bbemg.uliege.be\/fr\/champs-electriques-magnetiques-ou-courants-de-contact\/\" \/>\n<meta property=\"og:site_name\" content=\"BBEMG - Belgian BioElectroMagnetics Group\" \/>\n<meta property=\"article:modified_time\" content=\"2024-01-04T09:23:27+00:00\" \/>\n<meta name=\"twitter:card\" content=\"summary_large_image\" \/>\n<meta name=\"twitter:site\" content=\"@bbemg\" \/>\n<meta name=\"twitter:label1\" content=\"Dur\u00e9e de lecture estim\u00e9e\" \/>\n\t<meta name=\"twitter:data1\" content=\"3 minutes\" \/>\n<script type=\"application\/ld+json\" class=\"yoast-schema-graph\">{\"@context\":\"https:\\\/\\\/schema.org\",\"@graph\":[{\"@type\":\"WebPage\",\"@id\":\"https:\\\/\\\/www.bbemg.uliege.be\\\/fr\\\/champs-electriques-magnetiques-ou-courants-de-contact\\\/\",\"url\":\"https:\\\/\\\/www.bbemg.uliege.be\\\/fr\\\/champs-electriques-magnetiques-ou-courants-de-contact\\\/\",\"name\":\"Champs \u00e9lectriques, champs magn\u00e9tiques ou courants de contact ? - BBEMG - Belgian BioElectroMagnetics Group\",\"isPartOf\":{\"@id\":\"https:\\\/\\\/www.bbemg.uliege.be\\\/fr\\\/#website\"},\"datePublished\":\"2019-05-14T18:04:41+00:00\",\"dateModified\":\"2024-01-04T09:23:27+00:00\",\"description\":\"Quelle est la diff\u00e9rence entre les champs \u00e9lectriques et les champs magn\u00e9tiques ? Y a-t-il une diff\u00e9rence en ce qui concerne les risques pour la sant\u00e9 ?\",\"breadcrumb\":{\"@id\":\"https:\\\/\\\/www.bbemg.uliege.be\\\/fr\\\/champs-electriques-magnetiques-ou-courants-de-contact\\\/#breadcrumb\"},\"inLanguage\":\"fr-FR\",\"potentialAction\":[{\"@type\":\"ReadAction\",\"target\":[\"https:\\\/\\\/www.bbemg.uliege.be\\\/fr\\\/champs-electriques-magnetiques-ou-courants-de-contact\\\/\"]}]},{\"@type\":\"BreadcrumbList\",\"@id\":\"https:\\\/\\\/www.bbemg.uliege.be\\\/fr\\\/champs-electriques-magnetiques-ou-courants-de-contact\\\/#breadcrumb\",\"itemListElement\":[{\"@type\":\"ListItem\",\"position\":1,\"name\":\"Accueil\",\"item\":\"https:\\\/\\\/www.bbemg.uliege.be\\\/fr\\\/\"},{\"@type\":\"ListItem\",\"position\":2,\"name\":\"Champs \u00e9lectriques, champs magn\u00e9tiques ou courants de contact ?\"}]},{\"@type\":\"WebSite\",\"@id\":\"https:\\\/\\\/www.bbemg.uliege.be\\\/fr\\\/#website\",\"url\":\"https:\\\/\\\/www.bbemg.uliege.be\\\/fr\\\/\",\"name\":\"BBEMG - Belgian BioElectroMagnetics Group\",\"description\":\"Analyse des effets biom\u00e9dicaux des champs \u00e9lectriques dans notre vie quotidienne\",\"publisher\":{\"@id\":\"https:\\\/\\\/www.bbemg.uliege.be\\\/fr\\\/#organization\"},\"potentialAction\":[{\"@type\":\"SearchAction\",\"target\":{\"@type\":\"EntryPoint\",\"urlTemplate\":\"https:\\\/\\\/www.bbemg.uliege.be\\\/fr\\\/?s={search_term_string}\"},\"query-input\":{\"@type\":\"PropertyValueSpecification\",\"valueRequired\":true,\"valueName\":\"search_term_string\"}}],\"inLanguage\":\"fr-FR\"},{\"@type\":\"Organization\",\"@id\":\"https:\\\/\\\/www.bbemg.uliege.be\\\/fr\\\/#organization\",\"name\":\"BBEMG\",\"url\":\"https:\\\/\\\/www.bbemg.uliege.be\\\/fr\\\/\",\"logo\":{\"@type\":\"ImageObject\",\"inLanguage\":\"fr-FR\",\"@id\":\"https:\\\/\\\/www.bbemg.uliege.be\\\/fr\\\/#\\\/schema\\\/logo\\\/image\\\/\",\"url\":\"https:\\\/\\\/www.bbemg.uliege.be\\\/wp-content\\\/uploads\\\/2019\\\/05\\\/bbemg-logo-crop.png\",\"contentUrl\":\"https:\\\/\\\/www.bbemg.uliege.be\\\/wp-content\\\/uploads\\\/2019\\\/05\\\/bbemg-logo-crop.png\",\"width\":\"560\",\"height\":\"222\",\"caption\":\"BBEMG\"},\"image\":{\"@id\":\"https:\\\/\\\/www.bbemg.uliege.be\\\/fr\\\/#\\\/schema\\\/logo\\\/image\\\/\"},\"sameAs\":[\"https:\\\/\\\/x.com\\\/bbemg\"]}]}<\/script>\n<!-- \/ Yoast SEO plugin. -->","yoast_head_json":{"title":"Champs \u00e9lectriques, champs magn\u00e9tiques ou courants de contact ? - BBEMG - Belgian BioElectroMagnetics Group","description":"Quelle est la diff\u00e9rence entre les champs \u00e9lectriques et les champs magn\u00e9tiques ? Y a-t-il une diff\u00e9rence en ce qui concerne les risques pour la sant\u00e9 ?","robots":{"index":"index","follow":"follow","max-snippet":"max-snippet:-1","max-image-preview":"max-image-preview:large","max-video-preview":"max-video-preview:-1"},"canonical":"https:\/\/www.bbemg.uliege.be\/fr\/champs-electriques-magnetiques-ou-courants-de-contact\/","og_locale":"fr_FR","og_type":"article","og_title":"Champs \u00e9lectriques, champs magn\u00e9tiques ou courants de contact ? - BBEMG - Belgian BioElectroMagnetics Group","og_description":"Quelle est la diff\u00e9rence entre les champs \u00e9lectriques et les champs magn\u00e9tiques ? Y a-t-il une diff\u00e9rence en ce qui concerne les risques pour la sant\u00e9 ?","og_url":"https:\/\/www.bbemg.uliege.be\/fr\/champs-electriques-magnetiques-ou-courants-de-contact\/","og_site_name":"BBEMG - Belgian BioElectroMagnetics Group","article_modified_time":"2024-01-04T09:23:27+00:00","twitter_card":"summary_large_image","twitter_site":"@bbemg","twitter_misc":{"Dur\u00e9e de lecture estim\u00e9e":"3 minutes"},"schema":{"@context":"https:\/\/schema.org","@graph":[{"@type":"WebPage","@id":"https:\/\/www.bbemg.uliege.be\/fr\/champs-electriques-magnetiques-ou-courants-de-contact\/","url":"https:\/\/www.bbemg.uliege.be\/fr\/champs-electriques-magnetiques-ou-courants-de-contact\/","name":"Champs \u00e9lectriques, champs magn\u00e9tiques ou courants de contact ? - BBEMG - Belgian BioElectroMagnetics Group","isPartOf":{"@id":"https:\/\/www.bbemg.uliege.be\/fr\/#website"},"datePublished":"2019-05-14T18:04:41+00:00","dateModified":"2024-01-04T09:23:27+00:00","description":"Quelle est la diff\u00e9rence entre les champs \u00e9lectriques et les champs magn\u00e9tiques ? Y a-t-il une diff\u00e9rence en ce qui concerne les risques pour la sant\u00e9 ?","breadcrumb":{"@id":"https:\/\/www.bbemg.uliege.be\/fr\/champs-electriques-magnetiques-ou-courants-de-contact\/#breadcrumb"},"inLanguage":"fr-FR","potentialAction":[{"@type":"ReadAction","target":["https:\/\/www.bbemg.uliege.be\/fr\/champs-electriques-magnetiques-ou-courants-de-contact\/"]}]},{"@type":"BreadcrumbList","@id":"https:\/\/www.bbemg.uliege.be\/fr\/champs-electriques-magnetiques-ou-courants-de-contact\/#breadcrumb","itemListElement":[{"@type":"ListItem","position":1,"name":"Accueil","item":"https:\/\/www.bbemg.uliege.be\/fr\/"},{"@type":"ListItem","position":2,"name":"Champs \u00e9lectriques, champs magn\u00e9tiques ou courants de contact ?"}]},{"@type":"WebSite","@id":"https:\/\/www.bbemg.uliege.be\/fr\/#website","url":"https:\/\/www.bbemg.uliege.be\/fr\/","name":"BBEMG - Belgian BioElectroMagnetics Group","description":"Analyse des effets biom\u00e9dicaux des champs \u00e9lectriques dans notre vie quotidienne","publisher":{"@id":"https:\/\/www.bbemg.uliege.be\/fr\/#organization"},"potentialAction":[{"@type":"SearchAction","target":{"@type":"EntryPoint","urlTemplate":"https:\/\/www.bbemg.uliege.be\/fr\/?s={search_term_string}"},"query-input":{"@type":"PropertyValueSpecification","valueRequired":true,"valueName":"search_term_string"}}],"inLanguage":"fr-FR"},{"@type":"Organization","@id":"https:\/\/www.bbemg.uliege.be\/fr\/#organization","name":"BBEMG","url":"https:\/\/www.bbemg.uliege.be\/fr\/","logo":{"@type":"ImageObject","inLanguage":"fr-FR","@id":"https:\/\/www.bbemg.uliege.be\/fr\/#\/schema\/logo\/image\/","url":"https:\/\/www.bbemg.uliege.be\/wp-content\/uploads\/2019\/05\/bbemg-logo-crop.png","contentUrl":"https:\/\/www.bbemg.uliege.be\/wp-content\/uploads\/2019\/05\/bbemg-logo-crop.png","width":"560","height":"222","caption":"BBEMG"},"image":{"@id":"https:\/\/www.bbemg.uliege.be\/fr\/#\/schema\/logo\/image\/"},"sameAs":["https:\/\/x.com\/bbemg"]}]}},"_links":{"self":[{"href":"https:\/\/www.bbemg.uliege.be\/fr\/wp-json\/wp\/v2\/pages\/491","targetHints":{"allow":["GET"]}}],"collection":[{"href":"https:\/\/www.bbemg.uliege.be\/fr\/wp-json\/wp\/v2\/pages"}],"about":[{"href":"https:\/\/www.bbemg.uliege.be\/fr\/wp-json\/wp\/v2\/types\/page"}],"author":[{"embeddable":true,"href":"https:\/\/www.bbemg.uliege.be\/fr\/wp-json\/wp\/v2\/users\/1"}],"replies":[{"embeddable":true,"href":"https:\/\/www.bbemg.uliege.be\/fr\/wp-json\/wp\/v2\/comments?post=491"}],"version-history":[{"count":3,"href":"https:\/\/www.bbemg.uliege.be\/fr\/wp-json\/wp\/v2\/pages\/491\/revisions"}],"predecessor-version":[{"id":6346,"href":"https:\/\/www.bbemg.uliege.be\/fr\/wp-json\/wp\/v2\/pages\/491\/revisions\/6346"}],"wp:attachment":[{"href":"https:\/\/www.bbemg.uliege.be\/fr\/wp-json\/wp\/v2\/media?parent=491"}],"wp:term":[{"taxonomy":"category","embeddable":true,"href":"https:\/\/www.bbemg.uliege.be\/fr\/wp-json\/wp\/v2\/categories?post=491"},{"taxonomy":"post_tag","embeddable":true,"href":"https:\/\/www.bbemg.uliege.be\/fr\/wp-json\/wp\/v2\/tags?post=491"}],"curies":[{"name":"wp","href":"https:\/\/api.w.org\/{rel}","templated":true}]}}