{"id":535,"date":"2019-05-15T11:06:11","date_gmt":"2019-05-15T09:06:11","guid":{"rendered":"https:\/\/www.bbemg.uliege.be\/?page_id=535"},"modified":"2024-02-07T16:48:14","modified_gmt":"2024-02-07T15:48:14","slug":"maladies-neurodegeneratives","status":"publish","type":"page","link":"https:\/\/www.bbemg.uliege.be\/fr\/maladies-neurodegeneratives\/","title":{"rendered":"Maladies neurod\u00e9g\u00e9n\u00e9ratives"},"content":{"rendered":"[vc_row type=\u00a0\u00bbin_container\u00a0\u00bb full_screen_row_position=\u00a0\u00bbmiddle\u00a0\u00bb scene_position=\u00a0\u00bbcenter\u00a0\u00bb text_color=\u00a0\u00bbdark\u00a0\u00bb text_align=\u00a0\u00bbleft\u00a0\u00bb overlay_strength=\u00a0\u00bb0.3&Prime; shape_divider_position=\u00a0\u00bbbottom\u00a0\u00bb bg_image_animation=\u00a0\u00bbnone\u00a0\u00bb][vc_column column_padding=\u00a0\u00bbno-extra-padding\u00a0\u00bb column_padding_position=\u00a0\u00bball\u00a0\u00bb background_color_opacity=\u00a0\u00bb1&Prime; background_hover_color_opacity=\u00a0\u00bb1&Prime; column_link_target=\u00a0\u00bb_self\u00a0\u00bb column_shadow=\u00a0\u00bbnone\u00a0\u00bb column_border_radius=\u00a0\u00bbnone\u00a0\u00bb width=\u00a0\u00bb1\/1&Prime; tablet_width_inherit=\u00a0\u00bbdefault\u00a0\u00bb tablet_text_alignment=\u00a0\u00bbdefault\u00a0\u00bb phone_text_alignment=\u00a0\u00bbdefault\u00a0\u00bb column_border_width=\u00a0\u00bbnone\u00a0\u00bb column_border_style=\u00a0\u00bbsolid\u00a0\u00bb bg_image_animation=\u00a0\u00bbnone\u00a0\u00bb][heading]\n<h1>Maladies neurod\u00e9g\u00e9n\u00e9ratives<\/h1>\n[\/heading][\/vc_column][\/vc_row][vc_row type=\u00a0\u00bbin_container\u00a0\u00bb full_screen_row_position=\u00a0\u00bbmiddle\u00a0\u00bb scene_position=\u00a0\u00bbcenter\u00a0\u00bb text_color=\u00a0\u00bbdark\u00a0\u00bb text_align=\u00a0\u00bbleft\u00a0\u00bb overlay_strength=\u00a0\u00bb0.3&Prime; shape_divider_position=\u00a0\u00bbbottom\u00a0\u00bb bg_image_animation=\u00a0\u00bbnone\u00a0\u00bb][vc_column column_padding=\u00a0\u00bbno-extra-padding\u00a0\u00bb column_padding_position=\u00a0\u00bball\u00a0\u00bb background_color_opacity=\u00a0\u00bb1&Prime; background_hover_color_opacity=\u00a0\u00bb1&Prime; column_link_target=\u00a0\u00bb_self\u00a0\u00bb column_shadow=\u00a0\u00bbnone\u00a0\u00bb column_border_radius=\u00a0\u00bbnone\u00a0\u00bb width=\u00a0\u00bb1\/1&Prime; tablet_width_inherit=\u00a0\u00bbdefault\u00a0\u00bb tablet_text_alignment=\u00a0\u00bbdefault\u00a0\u00bb phone_text_alignment=\u00a0\u00bbdefault\u00a0\u00bb column_border_width=\u00a0\u00bbnone\u00a0\u00bb column_border_style=\u00a0\u00bbsolid\u00a0\u00bb bg_image_animation=\u00a0\u00bbnone\u00a0\u00bb][vc_column_text]Des \u00e9tudes \u00e9pid\u00e9miologiques r\u00e9centes ont montr\u00e9 un lien entre l&rsquo;exposition aux champs EBF et un risque accru de d\u00e9velopper la <strong>maladie d&rsquo;Alzheimer<\/strong>. Ce lien n&rsquo;est pas confirm\u00e9 et des \u00e9tudes sont en cours (voir par exemple le projet BBEMG\u00a0de <a href=\"https:\/\/www.bbemg.uliege.be\/fr\/maladie-dalzheimer\/\">Luc Verschaeve &amp; Annemie Maes<\/a>).<\/p>\n<p>Les expositions r\u00e9sidentielles et professionnelles sont \u00e9tudi\u00e9es en relation avec la maladie d&rsquo;Alzheimer. Vous trouverez ci-dessous une liste non exhaustive de r\u00e9f\u00e9rences, avec liens et r\u00e9sum\u00e9s (dans <a href=\"http:\/\/www.ncbi.nlm.nih.gov\/pubmed\/\" target=\"_blank\" rel=\"noopener noreferrer\">PubMed<\/a> et <a href=\"https:\/\/www.emf-portal.org\/en\">EMF-portal<\/a>).[\/vc_column_text][\/vc_column][\/vc_row][vc_row type=\u00a0\u00bbin_container\u00a0\u00bb full_screen_row_position=\u00a0\u00bbmiddle\u00a0\u00bb scene_position=\u00a0\u00bbcenter\u00a0\u00bb text_color=\u00a0\u00bbdark\u00a0\u00bb text_align=\u00a0\u00bbleft\u00a0\u00bb overlay_strength=\u00a0\u00bb0.3&Prime; shape_divider_position=\u00a0\u00bbbottom\u00a0\u00bb bg_image_animation=\u00a0\u00bbnone\u00a0\u00bb source=\u00a0\u00bb\u00a0\u00bb text=\u00a0\u00bb2013 &#8211; 2017&Prime; font_container=\u00a0\u00bbtag:h2|text_align:left|color:%2349b0e5&Prime; use_theme_fonts=\u00a0\u00bbyes\u00a0\u00bb google_fonts=\u00a0\u00bbfont_family:Abril%20Fatface%3Aregular|font_style:400%20regular%3A400%3Anormal\u00a0\u00bb css_animation=\u00a0\u00bb\u00a0\u00bb link=\u00a0\u00bb\u00a0\u00bb el_id=\u00a0\u00bb\u00a0\u00bb el_class=\u00a0\u00bb\u00a0\u00bb css=\u00a0\u00bb\u00a0\u00bb][vc_column column_padding=\u00a0\u00bbno-extra-padding\u00a0\u00bb column_padding_position=\u00a0\u00bball\u00a0\u00bb background_color_opacity=\u00a0\u00bb1&Prime; background_hover_color_opacity=\u00a0\u00bb1&Prime; column_link_target=\u00a0\u00bb_self\u00a0\u00bb column_shadow=\u00a0\u00bbnone\u00a0\u00bb column_border_radius=\u00a0\u00bbnone\u00a0\u00bb width=\u00a0\u00bb1\/1&Prime; tablet_width_inherit=\u00a0\u00bbdefault\u00a0\u00bb tablet_text_alignment=\u00a0\u00bbdefault\u00a0\u00bb phone_text_alignment=\u00a0\u00bbdefault\u00a0\u00bb column_border_width=\u00a0\u00bbnone\u00a0\u00bb column_border_style=\u00a0\u00bbsolid\u00a0\u00bb bg_image_animation=\u00a0\u00bbnone\u00a0\u00bb][vc_custom_heading text=\u00a0\u00bbExposition r\u00e9sidentielle\u00a0\u00bb font_container=\u00a0\u00bbtag:h2|text_align:left|color:%2349b0e5&Prime; use_theme_fonts=\u00a0\u00bbyes\u00a0\u00bb][vc_column_text]<a href=\"http:\/\/www.ncbi.nlm.nih.gov\/pubmed\/21935970\" target=\"_blank\" rel=\"noopener noreferrer\">Can cytogenetics explain the possible association between exposure to extreme low-frequency magnetic fields and Alzheimer&rsquo;s disease?<\/a><br \/>\nMaes A, Verschaeve L.\u00a0 J\u00a0Appl Toxicol. 2012 Feb;32(2):81-7.<\/p>\n<p><a href=\"http:\/\/www.ncbi.nlm.nih.gov\/pubmed\/18990717\" target=\"_blank\" rel=\"noopener noreferrer\">Residence near power lines and mortality from neurodegenerative diseases: longitudinal study of the Swiss population.<\/a><br \/>\nHuss A, Spoerri A, Egger M, R\u00f6\u00f6sli M; Swiss National Cohort Study. Am J Epidemiol. 2009 Jan 15;169(2):167-75. Epub 2008 Nov 5.<\/p>\n<p><a href=\"http:\/\/www.ncbi.nlm.nih.gov\/pubmed\/14512826\" target=\"_blank\" rel=\"noopener noreferrer\">Risk factors for Alzheimer disease: a population-based case-control study in Istanbul, Turkey.<\/a><br \/>\nHarmanci H, Emre M, Gurvit H, Bilgic B, Hanagasi H, Gurol E, Sahin H, Tinaz S. Alzheimer Dis Assoc Disord. 2003 Jul-Sep;17(3):139-45.[\/vc_column_text][\/vc_column][\/vc_row][vc_row type=\u00a0\u00bbin_container\u00a0\u00bb full_screen_row_position=\u00a0\u00bbmiddle\u00a0\u00bb scene_position=\u00a0\u00bbcenter\u00a0\u00bb text_color=\u00a0\u00bbdark\u00a0\u00bb text_align=\u00a0\u00bbleft\u00a0\u00bb overlay_strength=\u00a0\u00bb0.3&Prime; shape_divider_position=\u00a0\u00bbbottom\u00a0\u00bb bg_image_animation=\u00a0\u00bbnone\u00a0\u00bb source=\u00a0\u00bb\u00a0\u00bb text=\u00a0\u00bb2013 &#8211; 2017&Prime; font_container=\u00a0\u00bbtag:h2|text_align:left|color:%2349b0e5&Prime; use_theme_fonts=\u00a0\u00bbyes\u00a0\u00bb google_fonts=\u00a0\u00bbfont_family:Abril%20Fatface%3Aregular|font_style:400%20regular%3A400%3Anormal\u00a0\u00bb css_animation=\u00a0\u00bb\u00a0\u00bb link=\u00a0\u00bb\u00a0\u00bb el_id=\u00a0\u00bb\u00a0\u00bb el_class=\u00a0\u00bb\u00a0\u00bb css=\u00a0\u00bb\u00a0\u00bb][vc_column column_padding=\u00a0\u00bbno-extra-padding\u00a0\u00bb column_padding_position=\u00a0\u00bball\u00a0\u00bb background_color_opacity=\u00a0\u00bb1&Prime; background_hover_color_opacity=\u00a0\u00bb1&Prime; column_link_target=\u00a0\u00bb_self\u00a0\u00bb column_shadow=\u00a0\u00bbnone\u00a0\u00bb column_border_radius=\u00a0\u00bbnone\u00a0\u00bb width=\u00a0\u00bb1\/1&Prime; tablet_width_inherit=\u00a0\u00bbdefault\u00a0\u00bb tablet_text_alignment=\u00a0\u00bbdefault\u00a0\u00bb phone_text_alignment=\u00a0\u00bbdefault\u00a0\u00bb column_border_width=\u00a0\u00bbnone\u00a0\u00bb column_border_style=\u00a0\u00bbsolid\u00a0\u00bb bg_image_animation=\u00a0\u00bbnone\u00a0\u00bb][vc_custom_heading text=\u00a0\u00bbExposition professionnelle\u00a0\u00bb font_container=\u00a0\u00bbtag:h2|text_align:left|color:%2349b0e5&Prime; use_theme_fonts=\u00a0\u00bbyes\u00a0\u00bb][vc_column_text]<a href=\"http:\/\/www.ncbi.nlm.nih.gov\/pubmed\/17043077\" target=\"_blank\" rel=\"noopener noreferrer\">Occupational exposure to low frequency magnetic fields and dementia: a case-control study.<\/a><br \/>\nSeidler A, Geller P, Nienhaus A, Bernhardt T, Ruppe I, Eggert S, Hietanen M, Kauppinen T, Fr\u00f6lich L. Occup Environ Med. 2007 Feb;64(2):108-14. Epub 2006 Oct 16.<\/p>\n<p><a href=\"http:\/\/www.ncbi.nlm.nih.gov\/pubmed\/17559686\" target=\"_blank\" rel=\"noopener noreferrer\">A case-control study of occupational magnetic field exposure and Alzheimer&rsquo;s disease: results from the California Alzheimer&rsquo;s Disease Diagnosis and Treatment Centers.<\/a><br \/>\nDavanipour Z, Tseng CC, Lee PJ, Sobel E. BMC Neurol. 2007 Jun 9;7:13.<\/p>\n<p class=\"title1\"><a href=\"http:\/\/www.ncbi.nlm.nih.gov\/pubmed\/15475717\" target=\"_blank\" rel=\"noopener noreferrer\">Occupational exposure to electromagnetic fields and risk of Alzheimer&rsquo;s disease.<\/a><br \/>\nQiu C, Fratiglioni L, Karp A, Winblad B, Bellander T. Epidemiology. 2004 Nov;15(6):687-94.<\/p>\n<p><a href=\"http:\/\/www.ncbi.nlm.nih.gov\/pubmed\/12843765\" target=\"_blank\" rel=\"noopener noreferrer\">Neurodegenerative diseases in welders and other workers exposed to high levels of magnetic fields.<\/a><br \/>\nH\u00e5kansson N, Gustavsson P, Johansen C, Floderus B. Epidemiology. 2003 Jul;14(4):420-6; discussion 427-8.<\/p>\n<p><a href=\"http:\/\/www.ncbi.nlm.nih.gov\/pubmed\/12843764\" target=\"_blank\" rel=\"noopener noreferrer\">Occupational magnetic field exposure and neurodegenerative disease.<\/a><br \/>\nFeychting M, Jonsson F, Pedersen NL, Ahlbom A. Epidemiology. 2003 Jul;14(4):413-9; discussion 427-8.<\/p>\n<p><a href=\"http:\/\/www.ncbi.nlm.nih.gov\/pubmed\/18245151\" target=\"_blank\" rel=\"noopener noreferrer\">Occupational exposure to extremely low frequency electric and magnetic fields and Alzheimer disease: a meta-analysis.<\/a><br \/>\nGarcia AM, Sisternas A, Hoyos S P. Int. J. Epidemiol. 2008 37:329-340.<\/p>\n<p><a href=\"http:\/\/www.ncbi.nlm.nih.gov\/pubmed\/18276625\" target=\"_blank\" rel=\"noopener noreferrer\">Epidemiological research on extremely low frequency magnetic fields and Alzheimer&rsquo;s disease&#8211;biased or informative?<br \/>\n<\/a>Commentary: Roosli M. Int. J. Epidemiol. 2008 37:341-343.<\/p>\n<p><a href=\"http:\/\/www.ncbi.nlm.nih.gov\/pubmed\/19278839\" target=\"_blank\" rel=\"noopener noreferrer\">Long-term exposure to magnetic fields and the risks of Alzheimer&rsquo;s disease and breast cancer: Further biological research.<br \/>\n<\/a>Davanipour Z, Sobel E. Pathophysiology. 2009 16:149-156.<\/p>\n<p><a href=\"http:\/\/www.ncbi.nlm.nih.gov\/pubmed\/18805878\" target=\"_blank\" rel=\"noopener noreferrer\">Future needs of occupational epidemiology of extremely low frequency electric and magnetic fields: review and recommendations.<br \/>\n<\/a>Kheifets L, Bowman J D, Checkoway H, Feychting M, Harrington J M, Kavet R, Marsh G, Mezei G, Renew D C, van W E.\u00a0Occup. Environ. Med. 2009 66:72-80.[\/vc_column_text][\/vc_column][\/vc_row][vc_row type=\u00a0\u00bbin_container\u00a0\u00bb full_screen_row_position=\u00a0\u00bbmiddle\u00a0\u00bb scene_position=\u00a0\u00bbcenter\u00a0\u00bb text_color=\u00a0\u00bbdark\u00a0\u00bb text_align=\u00a0\u00bbleft\u00a0\u00bb overlay_strength=\u00a0\u00bb0.3&Prime; shape_divider_position=\u00a0\u00bbbottom\u00a0\u00bb bg_image_animation=\u00a0\u00bbnone\u00a0\u00bb source=\u00a0\u00bb\u00a0\u00bb text=\u00a0\u00bb2013 &#8211; 2017&Prime; font_container=\u00a0\u00bbtag:h2|text_align:left|color:%2349b0e5&Prime; use_theme_fonts=\u00a0\u00bbyes\u00a0\u00bb google_fonts=\u00a0\u00bbfont_family:Abril%20Fatface%3Aregular|font_style:400%20regular%3A400%3Anormal\u00a0\u00bb css_animation=\u00a0\u00bb\u00a0\u00bb link=\u00a0\u00bb\u00a0\u00bb el_id=\u00a0\u00bb\u00a0\u00bb el_class=\u00a0\u00bb\u00a0\u00bb css=\u00a0\u00bb\u00a0\u00bb][vc_column column_padding=\u00a0\u00bbno-extra-padding\u00a0\u00bb column_padding_position=\u00a0\u00bball\u00a0\u00bb background_color_opacity=\u00a0\u00bb1&Prime; background_hover_color_opacity=\u00a0\u00bb1&Prime; column_link_target=\u00a0\u00bb_self\u00a0\u00bb column_shadow=\u00a0\u00bbnone\u00a0\u00bb column_border_radius=\u00a0\u00bbnone\u00a0\u00bb width=\u00a0\u00bb1\/1&Prime; tablet_width_inherit=\u00a0\u00bbdefault\u00a0\u00bb tablet_text_alignment=\u00a0\u00bbdefault\u00a0\u00bb phone_text_alignment=\u00a0\u00bbdefault\u00a0\u00bb column_border_width=\u00a0\u00bbnone\u00a0\u00bb column_border_style=\u00a0\u00bbsolid\u00a0\u00bb bg_image_animation=\u00a0\u00bbnone\u00a0\u00bb][vc_custom_heading text=\u00a0\u00bbAutres th\u00e8mes qui pourraient vous int\u00e9resser &#8230;\u00a0\u00bb font_container=\u00a0\u00bbtag:h2|text_align:left|color:%2349b0e5&Prime; use_theme_fonts=\u00a0\u00bbyes\u00a0\u00bb][vc_column_text]\n<ul>\n<li><a href=\"https:\/\/www.bbemg.uliege.be\/fr\/leucemie-infantile\/\">Leuc\u00e9mie infantile<\/a><\/li>\n<li><a href=\"https:\/\/www.bbemg.uliege.be\/fr\/la-question-du-risque-sur-la-sante-normes-recherche-et-analyse-de-lexposition\/\">La question du risque sur la sant\u00e9<\/a><\/li>\n<li><a href=\"https:\/\/www.bbemg.uliege.be\/fr\/exposition-environnementale-aux-champs-50hz\/\">Exposition environnementale<\/a><\/li>\n<li><a href=\"https:\/\/www.bbemg.uliege.be\/fr\/revue-de-litterature-effets-sur-la-sante-des-champs-electriques-et-magnetiques-de-frequences-extremement-basses\/\">Revue de litt\u00e9rature<\/a><\/li>\n<\/ul>\n[\/vc_column_text][\/vc_column][\/vc_row]\n","protected":false},"excerpt":{"rendered":"<p>[vc_row type=\u00a0\u00bbin_container\u00a0\u00bb full_screen_row_position=\u00a0\u00bbmiddle\u00a0\u00bb scene_position=\u00a0\u00bbcenter\u00a0\u00bb text_color=\u00a0\u00bbdark\u00a0\u00bb text_align=\u00a0\u00bbleft\u00a0\u00bb overlay_strength=\u00a0\u00bb0.3&Prime; shape_divider_position=\u00a0\u00bbbottom\u00a0\u00bb bg_image_animation=\u00a0\u00bbnone\u00a0\u00bb][vc_column column_padding=\u00a0\u00bbno-extra-padding\u00a0\u00bb column_padding_position=\u00a0\u00bball\u00a0\u00bb background_color_opacity=\u00a0\u00bb1&Prime; background_hover_color_opacity=\u00a0\u00bb1&Prime; column_link_target=\u00a0\u00bb_self\u00a0\u00bb column_shadow=\u00a0\u00bbnone\u00a0\u00bb column_border_radius=\u00a0\u00bbnone\u00a0\u00bb width=\u00a0\u00bb1\/1&Prime; tablet_width_inherit=\u00a0\u00bbdefault\u00a0\u00bb tablet_text_alignment=\u00a0\u00bbdefault\u00a0\u00bb phone_text_alignment=\u00a0\u00bbdefault\u00a0\u00bb column_border_width=\u00a0\u00bbnone\u00a0\u00bb column_border_style=\u00a0\u00bbsolid\u00a0\u00bb bg_image_animation=\u00a0\u00bbnone\u00a0\u00bb][heading] Maladies neurod\u00e9g\u00e9n\u00e9ratives [\/heading][\/vc_column][\/vc_row][vc_row type=\u00a0\u00bbin_container\u00a0\u00bb full_screen_row_position=\u00a0\u00bbmiddle\u00a0\u00bb scene_position=\u00a0\u00bbcenter\u00a0\u00bb text_color=\u00a0\u00bbdark\u00a0\u00bb&#8230;<\/p>\n","protected":false},"author":1,"featured_media":0,"parent":0,"menu_order":0,"comment_status":"closed","ping_status":"closed","template":"page-sidebar.php","meta":{"footnotes":""},"categories":[],"tags":[],"class_list":["post-535","page","type-page","status-publish"],"yoast_head":"<!-- This site is optimized with the Yoast SEO plugin v27.5 - https:\/\/yoast.com\/product\/yoast-seo-wordpress\/ -->\n<title>Maladies neurod\u00e9g\u00e9n\u00e9ratives - BBEMG - Belgian BioElectroMagnetics Group<\/title>\n<meta name=\"description\" content=\"Des \u00e9tudes \u00e9pid\u00e9miologiques ont \u00e9tabli un lien entre l&#039;exposition au CEM-EBF et un risque accru de maladie d&#039;Alzheimer, mais le lien reste incertain.\" \/>\n<meta name=\"robots\" content=\"index, follow, max-snippet:-1, max-image-preview:large, max-video-preview:-1\" \/>\n<link rel=\"canonical\" href=\"https:\/\/www.bbemg.uliege.be\/fr\/maladies-neurodegeneratives\/\" \/>\n<meta property=\"og:locale\" content=\"fr_FR\" \/>\n<meta property=\"og:type\" content=\"article\" \/>\n<meta property=\"og:title\" content=\"Maladies neurod\u00e9g\u00e9n\u00e9ratives - BBEMG - Belgian BioElectroMagnetics Group\" \/>\n<meta property=\"og:description\" content=\"Des \u00e9tudes \u00e9pid\u00e9miologiques ont \u00e9tabli un lien entre l&#039;exposition au CEM-EBF et un risque accru de maladie d&#039;Alzheimer, mais le lien reste incertain.\" \/>\n<meta property=\"og:url\" content=\"https:\/\/www.bbemg.uliege.be\/fr\/maladies-neurodegeneratives\/\" \/>\n<meta property=\"og:site_name\" content=\"BBEMG - Belgian BioElectroMagnetics Group\" \/>\n<meta property=\"article:modified_time\" content=\"2024-02-07T15:48:14+00:00\" \/>\n<meta name=\"twitter:card\" content=\"summary_large_image\" \/>\n<meta name=\"twitter:site\" content=\"@bbemg\" \/>\n<meta name=\"twitter:label1\" content=\"Dur\u00e9e de lecture estim\u00e9e\" \/>\n\t<meta name=\"twitter:data1\" content=\"3 minutes\" \/>\n<script type=\"application\/ld+json\" class=\"yoast-schema-graph\">{\"@context\":\"https:\\\/\\\/schema.org\",\"@graph\":[{\"@type\":\"WebPage\",\"@id\":\"https:\\\/\\\/www.bbemg.uliege.be\\\/fr\\\/maladies-neurodegeneratives\\\/\",\"url\":\"https:\\\/\\\/www.bbemg.uliege.be\\\/fr\\\/maladies-neurodegeneratives\\\/\",\"name\":\"Maladies neurod\u00e9g\u00e9n\u00e9ratives - BBEMG - Belgian BioElectroMagnetics Group\",\"isPartOf\":{\"@id\":\"https:\\\/\\\/www.bbemg.uliege.be\\\/fr\\\/#website\"},\"datePublished\":\"2019-05-15T09:06:11+00:00\",\"dateModified\":\"2024-02-07T15:48:14+00:00\",\"description\":\"Des \u00e9tudes \u00e9pid\u00e9miologiques ont \u00e9tabli un lien entre l'exposition au CEM-EBF et un risque accru de maladie d'Alzheimer, mais le lien reste incertain.\",\"breadcrumb\":{\"@id\":\"https:\\\/\\\/www.bbemg.uliege.be\\\/fr\\\/maladies-neurodegeneratives\\\/#breadcrumb\"},\"inLanguage\":\"fr-FR\",\"potentialAction\":[{\"@type\":\"ReadAction\",\"target\":[\"https:\\\/\\\/www.bbemg.uliege.be\\\/fr\\\/maladies-neurodegeneratives\\\/\"]}]},{\"@type\":\"BreadcrumbList\",\"@id\":\"https:\\\/\\\/www.bbemg.uliege.be\\\/fr\\\/maladies-neurodegeneratives\\\/#breadcrumb\",\"itemListElement\":[{\"@type\":\"ListItem\",\"position\":1,\"name\":\"Accueil\",\"item\":\"https:\\\/\\\/www.bbemg.uliege.be\\\/fr\\\/\"},{\"@type\":\"ListItem\",\"position\":2,\"name\":\"Maladies neurod\u00e9g\u00e9n\u00e9ratives\"}]},{\"@type\":\"WebSite\",\"@id\":\"https:\\\/\\\/www.bbemg.uliege.be\\\/fr\\\/#website\",\"url\":\"https:\\\/\\\/www.bbemg.uliege.be\\\/fr\\\/\",\"name\":\"BBEMG - Belgian BioElectroMagnetics Group\",\"description\":\"Analyse des effets biom\u00e9dicaux des champs \u00e9lectriques dans notre vie quotidienne\",\"publisher\":{\"@id\":\"https:\\\/\\\/www.bbemg.uliege.be\\\/fr\\\/#organization\"},\"potentialAction\":[{\"@type\":\"SearchAction\",\"target\":{\"@type\":\"EntryPoint\",\"urlTemplate\":\"https:\\\/\\\/www.bbemg.uliege.be\\\/fr\\\/?s={search_term_string}\"},\"query-input\":{\"@type\":\"PropertyValueSpecification\",\"valueRequired\":true,\"valueName\":\"search_term_string\"}}],\"inLanguage\":\"fr-FR\"},{\"@type\":\"Organization\",\"@id\":\"https:\\\/\\\/www.bbemg.uliege.be\\\/fr\\\/#organization\",\"name\":\"BBEMG\",\"url\":\"https:\\\/\\\/www.bbemg.uliege.be\\\/fr\\\/\",\"logo\":{\"@type\":\"ImageObject\",\"inLanguage\":\"fr-FR\",\"@id\":\"https:\\\/\\\/www.bbemg.uliege.be\\\/fr\\\/#\\\/schema\\\/logo\\\/image\\\/\",\"url\":\"https:\\\/\\\/www.bbemg.uliege.be\\\/wp-content\\\/uploads\\\/2019\\\/05\\\/bbemg-logo-crop.png\",\"contentUrl\":\"https:\\\/\\\/www.bbemg.uliege.be\\\/wp-content\\\/uploads\\\/2019\\\/05\\\/bbemg-logo-crop.png\",\"width\":\"560\",\"height\":\"222\",\"caption\":\"BBEMG\"},\"image\":{\"@id\":\"https:\\\/\\\/www.bbemg.uliege.be\\\/fr\\\/#\\\/schema\\\/logo\\\/image\\\/\"},\"sameAs\":[\"https:\\\/\\\/x.com\\\/bbemg\"]}]}<\/script>\n<!-- \/ Yoast SEO plugin. -->","yoast_head_json":{"title":"Maladies neurod\u00e9g\u00e9n\u00e9ratives - BBEMG - Belgian BioElectroMagnetics Group","description":"Des \u00e9tudes \u00e9pid\u00e9miologiques ont \u00e9tabli un lien entre l'exposition au CEM-EBF et un risque accru de maladie d'Alzheimer, mais le lien reste incertain.","robots":{"index":"index","follow":"follow","max-snippet":"max-snippet:-1","max-image-preview":"max-image-preview:large","max-video-preview":"max-video-preview:-1"},"canonical":"https:\/\/www.bbemg.uliege.be\/fr\/maladies-neurodegeneratives\/","og_locale":"fr_FR","og_type":"article","og_title":"Maladies neurod\u00e9g\u00e9n\u00e9ratives - BBEMG - Belgian BioElectroMagnetics Group","og_description":"Des \u00e9tudes \u00e9pid\u00e9miologiques ont \u00e9tabli un lien entre l'exposition au CEM-EBF et un risque accru de maladie d'Alzheimer, mais le lien reste incertain.","og_url":"https:\/\/www.bbemg.uliege.be\/fr\/maladies-neurodegeneratives\/","og_site_name":"BBEMG - Belgian BioElectroMagnetics Group","article_modified_time":"2024-02-07T15:48:14+00:00","twitter_card":"summary_large_image","twitter_site":"@bbemg","twitter_misc":{"Dur\u00e9e de lecture estim\u00e9e":"3 minutes"},"schema":{"@context":"https:\/\/schema.org","@graph":[{"@type":"WebPage","@id":"https:\/\/www.bbemg.uliege.be\/fr\/maladies-neurodegeneratives\/","url":"https:\/\/www.bbemg.uliege.be\/fr\/maladies-neurodegeneratives\/","name":"Maladies neurod\u00e9g\u00e9n\u00e9ratives - BBEMG - Belgian BioElectroMagnetics Group","isPartOf":{"@id":"https:\/\/www.bbemg.uliege.be\/fr\/#website"},"datePublished":"2019-05-15T09:06:11+00:00","dateModified":"2024-02-07T15:48:14+00:00","description":"Des \u00e9tudes \u00e9pid\u00e9miologiques ont \u00e9tabli un lien entre l'exposition au CEM-EBF et un risque accru de maladie d'Alzheimer, mais le lien reste incertain.","breadcrumb":{"@id":"https:\/\/www.bbemg.uliege.be\/fr\/maladies-neurodegeneratives\/#breadcrumb"},"inLanguage":"fr-FR","potentialAction":[{"@type":"ReadAction","target":["https:\/\/www.bbemg.uliege.be\/fr\/maladies-neurodegeneratives\/"]}]},{"@type":"BreadcrumbList","@id":"https:\/\/www.bbemg.uliege.be\/fr\/maladies-neurodegeneratives\/#breadcrumb","itemListElement":[{"@type":"ListItem","position":1,"name":"Accueil","item":"https:\/\/www.bbemg.uliege.be\/fr\/"},{"@type":"ListItem","position":2,"name":"Maladies neurod\u00e9g\u00e9n\u00e9ratives"}]},{"@type":"WebSite","@id":"https:\/\/www.bbemg.uliege.be\/fr\/#website","url":"https:\/\/www.bbemg.uliege.be\/fr\/","name":"BBEMG - Belgian BioElectroMagnetics Group","description":"Analyse des effets biom\u00e9dicaux des champs \u00e9lectriques dans notre vie quotidienne","publisher":{"@id":"https:\/\/www.bbemg.uliege.be\/fr\/#organization"},"potentialAction":[{"@type":"SearchAction","target":{"@type":"EntryPoint","urlTemplate":"https:\/\/www.bbemg.uliege.be\/fr\/?s={search_term_string}"},"query-input":{"@type":"PropertyValueSpecification","valueRequired":true,"valueName":"search_term_string"}}],"inLanguage":"fr-FR"},{"@type":"Organization","@id":"https:\/\/www.bbemg.uliege.be\/fr\/#organization","name":"BBEMG","url":"https:\/\/www.bbemg.uliege.be\/fr\/","logo":{"@type":"ImageObject","inLanguage":"fr-FR","@id":"https:\/\/www.bbemg.uliege.be\/fr\/#\/schema\/logo\/image\/","url":"https:\/\/www.bbemg.uliege.be\/wp-content\/uploads\/2019\/05\/bbemg-logo-crop.png","contentUrl":"https:\/\/www.bbemg.uliege.be\/wp-content\/uploads\/2019\/05\/bbemg-logo-crop.png","width":"560","height":"222","caption":"BBEMG"},"image":{"@id":"https:\/\/www.bbemg.uliege.be\/fr\/#\/schema\/logo\/image\/"},"sameAs":["https:\/\/x.com\/bbemg"]}]}},"_links":{"self":[{"href":"https:\/\/www.bbemg.uliege.be\/fr\/wp-json\/wp\/v2\/pages\/535","targetHints":{"allow":["GET"]}}],"collection":[{"href":"https:\/\/www.bbemg.uliege.be\/fr\/wp-json\/wp\/v2\/pages"}],"about":[{"href":"https:\/\/www.bbemg.uliege.be\/fr\/wp-json\/wp\/v2\/types\/page"}],"author":[{"embeddable":true,"href":"https:\/\/www.bbemg.uliege.be\/fr\/wp-json\/wp\/v2\/users\/1"}],"replies":[{"embeddable":true,"href":"https:\/\/www.bbemg.uliege.be\/fr\/wp-json\/wp\/v2\/comments?post=535"}],"version-history":[{"count":3,"href":"https:\/\/www.bbemg.uliege.be\/fr\/wp-json\/wp\/v2\/pages\/535\/revisions"}],"predecessor-version":[{"id":7757,"href":"https:\/\/www.bbemg.uliege.be\/fr\/wp-json\/wp\/v2\/pages\/535\/revisions\/7757"}],"wp:attachment":[{"href":"https:\/\/www.bbemg.uliege.be\/fr\/wp-json\/wp\/v2\/media?parent=535"}],"wp:term":[{"taxonomy":"category","embeddable":true,"href":"https:\/\/www.bbemg.uliege.be\/fr\/wp-json\/wp\/v2\/categories?post=535"},{"taxonomy":"post_tag","embeddable":true,"href":"https:\/\/www.bbemg.uliege.be\/fr\/wp-json\/wp\/v2\/tags?post=535"}],"curies":[{"name":"wp","href":"https:\/\/api.w.org\/{rel}","templated":true}]}}