{"id":590,"date":"2019-05-15T12:21:13","date_gmt":"2019-05-15T10:21:13","guid":{"rendered":"https:\/\/www.bbemg.uliege.be\/?page_id=590"},"modified":"2023-10-27T15:37:05","modified_gmt":"2023-10-27T13:37:05","slug":"exposition-professionnelle","status":"publish","type":"page","link":"https:\/\/www.bbemg.uliege.be\/fr\/exposition-professionnelle\/","title":{"rendered":"Exposition professionnelle"},"content":{"rendered":"[vc_row type=\u00a0\u00bbin_container\u00a0\u00bb full_screen_row_position=\u00a0\u00bbmiddle\u00a0\u00bb scene_position=\u00a0\u00bbcenter\u00a0\u00bb text_color=\u00a0\u00bbdark\u00a0\u00bb text_align=\u00a0\u00bbleft\u00a0\u00bb overlay_strength=\u00a0\u00bb0.3&Prime; shape_divider_position=\u00a0\u00bbbottom\u00a0\u00bb bg_image_animation=\u00a0\u00bbnone\u00a0\u00bb][vc_column column_padding=\u00a0\u00bbno-extra-padding\u00a0\u00bb column_padding_position=\u00a0\u00bball\u00a0\u00bb background_color_opacity=\u00a0\u00bb1&Prime; background_hover_color_opacity=\u00a0\u00bb1&Prime; column_link_target=\u00a0\u00bb_self\u00a0\u00bb column_shadow=\u00a0\u00bbnone\u00a0\u00bb column_border_radius=\u00a0\u00bbnone\u00a0\u00bb width=\u00a0\u00bb1\/1&Prime; tablet_width_inherit=\u00a0\u00bbdefault\u00a0\u00bb tablet_text_alignment=\u00a0\u00bbdefault\u00a0\u00bb phone_text_alignment=\u00a0\u00bbdefault\u00a0\u00bb column_border_width=\u00a0\u00bbnone\u00a0\u00bb column_border_style=\u00a0\u00bbsolid\u00a0\u00bb bg_image_animation=\u00a0\u00bbnone\u00a0\u00bb][heading]\n<h1>Exposition professionnelle<\/h1>\n[\/heading][\/vc_column][\/vc_row][vc_row type=\u00a0\u00bbin_container\u00a0\u00bb full_screen_row_position=\u00a0\u00bbmiddle\u00a0\u00bb scene_position=\u00a0\u00bbcenter\u00a0\u00bb text_color=\u00a0\u00bbdark\u00a0\u00bb text_align=\u00a0\u00bbleft\u00a0\u00bb overlay_strength=\u00a0\u00bb0.3&Prime; shape_divider_position=\u00a0\u00bbbottom\u00a0\u00bb bg_image_animation=\u00a0\u00bbnone\u00a0\u00bb][vc_column column_padding=\u00a0\u00bbno-extra-padding\u00a0\u00bb column_padding_position=\u00a0\u00bball\u00a0\u00bb background_color_opacity=\u00a0\u00bb1&Prime; background_hover_color_opacity=\u00a0\u00bb1&Prime; column_link_target=\u00a0\u00bb_self\u00a0\u00bb column_shadow=\u00a0\u00bbnone\u00a0\u00bb column_border_radius=\u00a0\u00bbnone\u00a0\u00bb width=\u00a0\u00bb1\/1&Prime; tablet_width_inherit=\u00a0\u00bbdefault\u00a0\u00bb tablet_text_alignment=\u00a0\u00bbdefault\u00a0\u00bb phone_text_alignment=\u00a0\u00bbdefault\u00a0\u00bb column_border_width=\u00a0\u00bbnone\u00a0\u00bb column_border_style=\u00a0\u00bbsolid\u00a0\u00bb bg_image_animation=\u00a0\u00bbnone\u00a0\u00bb][vc_column_text]\n<h3>1. Un patient ouvrier me demande s&rsquo;il court un risque \u00e0 son travail. Il travaille au moins 6 heures par semaine dans une cabine qui se trouve \u00e0 8 m\u00e8tres de distance des c\u00e2bles d&rsquo;\u00e9lectricit\u00e9 de 150kV. Est-ce que vous pouvez m&rsquo;aider \u00e0 informer ce patient?<\/h3>\n<p>Pour r\u00e9pondre \u00e0 votre question, il serait utile de savoir \u00e0 quels niveaux d&rsquo;intensit\u00e9 votre patient est expos\u00e9.<\/p>\n<p>En ce qui concerne les effets sur la sant\u00e9 de l&rsquo;exposition aux champs \u00e9lectromagn\u00e9tiques, le d\u00e9bat n&rsquo;est pas encore clos mais plusieurs rapports d&rsquo;experts publi\u00e9s r\u00e9cemment indiquent que les donn\u00e9es actuelles ne permettent pas de conclure \u00e0 une association entre l&rsquo;exposition et le risque de cancer chez l&rsquo;adulte.<\/p>\n<p>Nous vous invitons \u00e0 consulter la page\u00a0<a href=\"https:\/\/www.bbemg.uliege.be\/cem-sante-resultats-actuels\/?lang=fr\">CEM &amp; Sant\u00e9: R\u00e9sultats actuels<\/a>\u00a0pour un aper\u00e7u des conclusions les plus r\u00e9centes.\u00a0Voir \u00e9galement la <a href=\"https:\/\/monographs.iarc.fr\/ENG\/Monographs\/vol80\/mono80.pdf\" target=\"_blank\" rel=\"noopener noreferrer\">Monographie du Centre international de recherche sur le cancer<\/a>\u00a0(en anglais) qui a \u00e9valu\u00e9 les risques canc\u00e9rig\u00e8nes des champs \u00e9lectromagn\u00e9tiques chez l&rsquo;homme.<\/p>\n<p>Pour les questions autres que le cancer, telles que les maladies neurod\u00e9g\u00e9n\u00e9ratives, les troubles du sommeil, c\u00e9phal\u00e9es, etc&#8230;il y a encore bien peu de r\u00e9ponses.<\/p>\n<h3>2. Nous travaillons \u00e0 proximit\u00e9 d&rsquo;un transformateur 15 kV et par moment, nos \u00e9crans cathodiques d&rsquo;ordinateur \u00ab vacillent \u00bb. Nous sommes inquiets des effets sur notre sant\u00e9, d&rsquo;autant que notre employeur ne veut pas faire de mesures. Existe-t-il une loi lui imposant de le faire?<\/h3>\n<p>Un tel probl\u00e8me est du ressort du conseiller en pr\u00e9vention ou du m\u00e9decin du travail de votre entreprise. Ces personnes pourraient faire une analyse des risques et demander \u00e0 un laboratoire de faire des mesures. Si ces personnes ne peuvent vous aider, vous pouvez vous tourner vers l&rsquo;<a href=\"https:\/\/emploi.belgique.be\/fr\/contact\/inspection-du-travail\">inspection du travail<\/a>.<\/p>\n<p>Il existe une directive europ\u00e9enne qui limite l&rsquo;exposition des travailleurs aux CEM (voir <a href=\"http:\/\/eur-lex.europa.eu\/LexUriServ\/LexUriServ.do?uri=OJ:L:2013:179:0001:0021:FR:PDF\" target=\"_blank\" rel=\"noopener noreferrer\">Directive 2013\/35\/EU<\/a>).<\/p>\n<p>Depuis le 10 juin 2016, un Arr\u00eat\u00e9 royal transpose en droit belge la directive europ\u00e9enne\u00a0: Voir l\u2019<a href=\"https:\/\/www.bbemg.uliege.be\/files\/KB_AR_20.05.16-BS_MB_10.06.2016.pdf\" target=\"_blank\" rel=\"noopener noreferrer\">AR relatif \u00e0 la protection \u00e0 la protection de la sant\u00e9 et de la s\u00e9curit\u00e9 des travailleurs contre les risques li\u00e9s aux champs \u00e9lectromagn\u00e9tiques sur le lieu de travail<\/a>.<\/p>\n<h3>3. Dans notre domaine d&rsquo;activit\u00e9 sid\u00e9rurgique nous utilisons des fours \u00e9lectriques en fusion qui produisent des champs magn\u00e9tiques. Est-il souhaitable de s&rsquo;en prot\u00e9ger?<\/h3>\n<p>Il est \u00e9vident que les fours \u00e0 induction peuvent entra\u00eener des expositions aux champs magn\u00e9tiques relativement importants. Il est donc n\u00e9cessaire de faire r\u00e9aliser une analyse du risque et de faire des mesures de champs \u00e9lectriques et magn\u00e9tiques en vue de se conformer aux limites reprises dans l\u2019<a href=\"https:\/\/www.bbemg.uliege.be\/files\/KB_AR_20.05.16-BS_MB_10.06.2016.pdf\" target=\"_blank\" rel=\"noopener noreferrer\">AR relatif \u00e0 la protection \u00e0 la protection de la sant\u00e9 et de la s\u00e9curit\u00e9 des travailleurs contre les risques li\u00e9s aux champs \u00e9lectromagn\u00e9tiques sur le lieu de travail<\/a>..<\/p>\n<h3>4. Quel type d&rsquo;\u00e9quipement de protection collective peut-on mettre en place pour prot\u00e9ger les travailleurs des champs \u00e9lectromagn\u00e9tiques importants d\u00e9gag\u00e9s par des c\u00e2bles de haute tension?<\/h3>\n<p>Si une personne travaille dans un environnement \u00e0 champs \u00e9lectromagn\u00e9tiques \u00e9lev\u00e9s, elle doit s&rsquo;adresser au Service de son entreprise qui s&rsquo;occupe de la Sant\u00e9 et de la S\u00e9curit\u00e9 sur le lieu de travail. Ce service fera une analyse de risques sur la situation du travailleur et envisagera les moyens de protection appropri\u00e9s si n\u00e9cessaire.[\/vc_column_text][\/vc_column][\/vc_row][vc_row type=\u00a0\u00bbin_container\u00a0\u00bb full_screen_row_position=\u00a0\u00bbmiddle\u00a0\u00bb scene_position=\u00a0\u00bbcenter\u00a0\u00bb text_color=\u00a0\u00bbdark\u00a0\u00bb text_align=\u00a0\u00bbleft\u00a0\u00bb overlay_strength=\u00a0\u00bb0.3&Prime; shape_divider_position=\u00a0\u00bbbottom\u00a0\u00bb bg_image_animation=\u00a0\u00bbnone\u00a0\u00bb source=\u00a0\u00bb\u00a0\u00bb text=\u00a0\u00bb2013 &#8211; 2017&Prime; font_container=\u00a0\u00bbtag:h2|text_align:left|color:%2349b0e5&Prime; use_theme_fonts=\u00a0\u00bbyes\u00a0\u00bb google_fonts=\u00a0\u00bbfont_family:Abril%20Fatface%3Aregular|font_style:400%20regular%3A400%3Anormal\u00a0\u00bb css_animation=\u00a0\u00bb\u00a0\u00bb link=\u00a0\u00bb\u00a0\u00bb el_id=\u00a0\u00bb\u00a0\u00bb el_class=\u00a0\u00bb\u00a0\u00bb css=\u00a0\u00bb\u00a0\u00bb][vc_column column_padding=\u00a0\u00bbno-extra-padding\u00a0\u00bb column_padding_position=\u00a0\u00bball\u00a0\u00bb background_color_opacity=\u00a0\u00bb1&Prime; background_hover_color_opacity=\u00a0\u00bb1&Prime; column_link_target=\u00a0\u00bb_self\u00a0\u00bb column_shadow=\u00a0\u00bbnone\u00a0\u00bb column_border_radius=\u00a0\u00bbnone\u00a0\u00bb width=\u00a0\u00bb1\/1&Prime; tablet_width_inherit=\u00a0\u00bbdefault\u00a0\u00bb tablet_text_alignment=\u00a0\u00bbdefault\u00a0\u00bb phone_text_alignment=\u00a0\u00bbdefault\u00a0\u00bb column_border_width=\u00a0\u00bbnone\u00a0\u00bb column_border_style=\u00a0\u00bbsolid\u00a0\u00bb bg_image_animation=\u00a0\u00bbnone\u00a0\u00bb][vc_custom_heading text=\u00a0\u00bbDocuments &amp; Liens\u00a0\u00bb font_container=\u00a0\u00bbtag:h2|text_align:left|color:%2349b0e5&Prime; use_theme_fonts=\u00a0\u00bbyes\u00a0\u00bb][vc_column_text]\n<ul>\n<li><a href=\"https:\/\/www.bbemg.uliege.be\/files\/KB_AR_20.05.16-BS_MB_10.06.2016.pdf\" target=\"_blank\" rel=\"noopener noreferrer\">Arr\u00eat\u00e9 Royal relatif \u00e0 la protection \u00e0 la protection de la sant\u00e9 et de la s\u00e9curit\u00e9 des travailleurs contre les risques li\u00e9s aux champs \u00e9lectromagn\u00e9tiques sur le lieu de travail<\/a>\u00a0(10 juin 2016).<\/li>\n<li><a href=\"http:\/\/eur-lex.europa.eu\/LexUriServ\/LexUriServ.do?uri=OJ:L:2013:179:0001:0021:FR:PDF\" target=\"_blank\" rel=\"noopener noreferrer\">Directive 2013\/35\/EU<\/a> du Parlement europ\u00e9en et du Conseil du 26 juin 2013 concernant les prescriptions minimales de s\u00e9curit\u00e9 et de sant\u00e9 relatives \u00e0 l\u2019exposition des travailleurs aux risques dus aux agents physiques (champs \u00e9lectromagn\u00e9tiques).<\/li>\n<li><a href=\"https:\/\/drive.google.com\/a\/bsoh.be\/folderview?id=0B6sCF78Ze9lRRW1EaXdaUUpfYkU&amp;usp=sharing&amp;tid=0B6sCF78Ze9lRdkZOX2RlTUVfalE\" target=\"_blank\" rel=\"noopener noreferrer\">Studiedag Elektromagnetische Velden<\/a>. Belgian Society for Occupational Hygiene, 2014 (en fran\u00e7ais et en n\u00e9erlandais).<\/li>\n<li><a href=\"http:\/\/www.bsoh.be\/?q=fr\/node\/102\" target=\"_blank\" rel=\"noopener noreferrer\">Rayonnements non-ionisants<\/a>: Soci\u00e9t\u00e9 Belge d&rsquo;Hygi\u00e8ne du Travail (BSOH).<\/li>\n<li><a href=\"http:\/\/www.who.int\/peh-emf\/fr\/\" target=\"_blank\" rel=\"noopener noreferrer\">Projet Champs \u00e9lectromagn\u00e9tiques de l&rsquo;OMS<\/a><\/li>\n<li><a href=\"https:\/\/www.bbemg.uliege.be\/apercu-normes-pour-travailleurs\/?lang=fr\">Aper\u00e7u des normes pour les travailleurs<\/a><\/li>\n<\/ul>\n[\/vc_column_text][\/vc_column][\/vc_row]\n","protected":false},"excerpt":{"rendered":"<p>[vc_row type=\u00a0\u00bbin_container\u00a0\u00bb full_screen_row_position=\u00a0\u00bbmiddle\u00a0\u00bb scene_position=\u00a0\u00bbcenter\u00a0\u00bb text_color=\u00a0\u00bbdark\u00a0\u00bb text_align=\u00a0\u00bbleft\u00a0\u00bb overlay_strength=\u00a0\u00bb0.3&Prime; shape_divider_position=\u00a0\u00bbbottom\u00a0\u00bb bg_image_animation=\u00a0\u00bbnone\u00a0\u00bb][vc_column column_padding=\u00a0\u00bbno-extra-padding\u00a0\u00bb column_padding_position=\u00a0\u00bball\u00a0\u00bb background_color_opacity=\u00a0\u00bb1&Prime; background_hover_color_opacity=\u00a0\u00bb1&Prime; column_link_target=\u00a0\u00bb_self\u00a0\u00bb column_shadow=\u00a0\u00bbnone\u00a0\u00bb column_border_radius=\u00a0\u00bbnone\u00a0\u00bb width=\u00a0\u00bb1\/1&Prime; tablet_width_inherit=\u00a0\u00bbdefault\u00a0\u00bb tablet_text_alignment=\u00a0\u00bbdefault\u00a0\u00bb phone_text_alignment=\u00a0\u00bbdefault\u00a0\u00bb column_border_width=\u00a0\u00bbnone\u00a0\u00bb column_border_style=\u00a0\u00bbsolid\u00a0\u00bb bg_image_animation=\u00a0\u00bbnone\u00a0\u00bb][heading] Exposition professionnelle [\/heading][\/vc_column][\/vc_row][vc_row type=\u00a0\u00bbin_container\u00a0\u00bb full_screen_row_position=\u00a0\u00bbmiddle\u00a0\u00bb scene_position=\u00a0\u00bbcenter\u00a0\u00bb text_color=\u00a0\u00bbdark\u00a0\u00bb&#8230;<\/p>\n","protected":false},"author":1,"featured_media":0,"parent":0,"menu_order":0,"comment_status":"closed","ping_status":"closed","template":"page-sidebar.php","meta":{"footnotes":""},"categories":[],"tags":[],"class_list":["post-590","page","type-page","status-publish"],"yoast_head":"<!-- This site is optimized with the Yoast SEO plugin v27.5 - https:\/\/yoast.com\/product\/yoast-seo-wordpress\/ -->\n<title>Exposition professionnelle - BBEMG - Belgian BioElectroMagnetics Group<\/title>\n<meta name=\"description\" content=\"Foire aux questions: Quel est le risque pour les travailleurs qui travaillent \u00e0 proximit\u00e9 de sources g\u00e9n\u00e9rant des CEM de haute intensit\u00e9 ?\" \/>\n<meta name=\"robots\" content=\"index, follow, max-snippet:-1, max-image-preview:large, max-video-preview:-1\" \/>\n<link rel=\"canonical\" href=\"https:\/\/www.bbemg.uliege.be\/fr\/exposition-professionnelle\/\" \/>\n<meta property=\"og:locale\" content=\"fr_FR\" \/>\n<meta property=\"og:type\" content=\"article\" \/>\n<meta property=\"og:title\" content=\"Exposition professionnelle - BBEMG - Belgian BioElectroMagnetics Group\" \/>\n<meta property=\"og:description\" content=\"Foire aux questions: Quel est le risque pour les travailleurs qui travaillent \u00e0 proximit\u00e9 de sources g\u00e9n\u00e9rant des CEM de haute intensit\u00e9 ?\" \/>\n<meta property=\"og:url\" content=\"https:\/\/www.bbemg.uliege.be\/fr\/exposition-professionnelle\/\" \/>\n<meta property=\"og:site_name\" content=\"BBEMG - Belgian BioElectroMagnetics Group\" \/>\n<meta property=\"article:modified_time\" content=\"2023-10-27T13:37:05+00:00\" \/>\n<meta name=\"twitter:card\" content=\"summary_large_image\" \/>\n<meta name=\"twitter:site\" content=\"@bbemg\" \/>\n<meta name=\"twitter:label1\" content=\"Dur\u00e9e de lecture estim\u00e9e\" \/>\n\t<meta name=\"twitter:data1\" content=\"4 minutes\" \/>\n<script type=\"application\/ld+json\" class=\"yoast-schema-graph\">{\"@context\":\"https:\\\/\\\/schema.org\",\"@graph\":[{\"@type\":\"WebPage\",\"@id\":\"https:\\\/\\\/www.bbemg.uliege.be\\\/fr\\\/exposition-professionnelle\\\/\",\"url\":\"https:\\\/\\\/www.bbemg.uliege.be\\\/fr\\\/exposition-professionnelle\\\/\",\"name\":\"Exposition professionnelle - BBEMG - Belgian BioElectroMagnetics Group\",\"isPartOf\":{\"@id\":\"https:\\\/\\\/www.bbemg.uliege.be\\\/fr\\\/#website\"},\"datePublished\":\"2019-05-15T10:21:13+00:00\",\"dateModified\":\"2023-10-27T13:37:05+00:00\",\"description\":\"Foire aux questions: Quel est le risque pour les travailleurs qui travaillent \u00e0 proximit\u00e9 de sources g\u00e9n\u00e9rant des CEM de haute intensit\u00e9 ?\",\"breadcrumb\":{\"@id\":\"https:\\\/\\\/www.bbemg.uliege.be\\\/fr\\\/exposition-professionnelle\\\/#breadcrumb\"},\"inLanguage\":\"fr-FR\",\"potentialAction\":[{\"@type\":\"ReadAction\",\"target\":[\"https:\\\/\\\/www.bbemg.uliege.be\\\/fr\\\/exposition-professionnelle\\\/\"]}]},{\"@type\":\"BreadcrumbList\",\"@id\":\"https:\\\/\\\/www.bbemg.uliege.be\\\/fr\\\/exposition-professionnelle\\\/#breadcrumb\",\"itemListElement\":[{\"@type\":\"ListItem\",\"position\":1,\"name\":\"Accueil\",\"item\":\"https:\\\/\\\/www.bbemg.uliege.be\\\/fr\\\/\"},{\"@type\":\"ListItem\",\"position\":2,\"name\":\"Exposition professionnelle\"}]},{\"@type\":\"WebSite\",\"@id\":\"https:\\\/\\\/www.bbemg.uliege.be\\\/fr\\\/#website\",\"url\":\"https:\\\/\\\/www.bbemg.uliege.be\\\/fr\\\/\",\"name\":\"BBEMG - Belgian BioElectroMagnetics Group\",\"description\":\"Analyse des effets biom\u00e9dicaux des champs \u00e9lectriques dans notre vie quotidienne\",\"publisher\":{\"@id\":\"https:\\\/\\\/www.bbemg.uliege.be\\\/fr\\\/#organization\"},\"potentialAction\":[{\"@type\":\"SearchAction\",\"target\":{\"@type\":\"EntryPoint\",\"urlTemplate\":\"https:\\\/\\\/www.bbemg.uliege.be\\\/fr\\\/?s={search_term_string}\"},\"query-input\":{\"@type\":\"PropertyValueSpecification\",\"valueRequired\":true,\"valueName\":\"search_term_string\"}}],\"inLanguage\":\"fr-FR\"},{\"@type\":\"Organization\",\"@id\":\"https:\\\/\\\/www.bbemg.uliege.be\\\/fr\\\/#organization\",\"name\":\"BBEMG\",\"url\":\"https:\\\/\\\/www.bbemg.uliege.be\\\/fr\\\/\",\"logo\":{\"@type\":\"ImageObject\",\"inLanguage\":\"fr-FR\",\"@id\":\"https:\\\/\\\/www.bbemg.uliege.be\\\/fr\\\/#\\\/schema\\\/logo\\\/image\\\/\",\"url\":\"https:\\\/\\\/www.bbemg.uliege.be\\\/wp-content\\\/uploads\\\/2019\\\/05\\\/bbemg-logo-crop.png\",\"contentUrl\":\"https:\\\/\\\/www.bbemg.uliege.be\\\/wp-content\\\/uploads\\\/2019\\\/05\\\/bbemg-logo-crop.png\",\"width\":\"560\",\"height\":\"222\",\"caption\":\"BBEMG\"},\"image\":{\"@id\":\"https:\\\/\\\/www.bbemg.uliege.be\\\/fr\\\/#\\\/schema\\\/logo\\\/image\\\/\"},\"sameAs\":[\"https:\\\/\\\/x.com\\\/bbemg\"]}]}<\/script>\n<!-- \/ Yoast SEO plugin. -->","yoast_head_json":{"title":"Exposition professionnelle - BBEMG - Belgian BioElectroMagnetics Group","description":"Foire aux questions: Quel est le risque pour les travailleurs qui travaillent \u00e0 proximit\u00e9 de sources g\u00e9n\u00e9rant des CEM de haute intensit\u00e9 ?","robots":{"index":"index","follow":"follow","max-snippet":"max-snippet:-1","max-image-preview":"max-image-preview:large","max-video-preview":"max-video-preview:-1"},"canonical":"https:\/\/www.bbemg.uliege.be\/fr\/exposition-professionnelle\/","og_locale":"fr_FR","og_type":"article","og_title":"Exposition professionnelle - BBEMG - Belgian BioElectroMagnetics Group","og_description":"Foire aux questions: Quel est le risque pour les travailleurs qui travaillent \u00e0 proximit\u00e9 de sources g\u00e9n\u00e9rant des CEM de haute intensit\u00e9 ?","og_url":"https:\/\/www.bbemg.uliege.be\/fr\/exposition-professionnelle\/","og_site_name":"BBEMG - Belgian BioElectroMagnetics Group","article_modified_time":"2023-10-27T13:37:05+00:00","twitter_card":"summary_large_image","twitter_site":"@bbemg","twitter_misc":{"Dur\u00e9e de lecture estim\u00e9e":"4 minutes"},"schema":{"@context":"https:\/\/schema.org","@graph":[{"@type":"WebPage","@id":"https:\/\/www.bbemg.uliege.be\/fr\/exposition-professionnelle\/","url":"https:\/\/www.bbemg.uliege.be\/fr\/exposition-professionnelle\/","name":"Exposition professionnelle - BBEMG - Belgian BioElectroMagnetics Group","isPartOf":{"@id":"https:\/\/www.bbemg.uliege.be\/fr\/#website"},"datePublished":"2019-05-15T10:21:13+00:00","dateModified":"2023-10-27T13:37:05+00:00","description":"Foire aux questions: Quel est le risque pour les travailleurs qui travaillent \u00e0 proximit\u00e9 de sources g\u00e9n\u00e9rant des CEM de haute intensit\u00e9 ?","breadcrumb":{"@id":"https:\/\/www.bbemg.uliege.be\/fr\/exposition-professionnelle\/#breadcrumb"},"inLanguage":"fr-FR","potentialAction":[{"@type":"ReadAction","target":["https:\/\/www.bbemg.uliege.be\/fr\/exposition-professionnelle\/"]}]},{"@type":"BreadcrumbList","@id":"https:\/\/www.bbemg.uliege.be\/fr\/exposition-professionnelle\/#breadcrumb","itemListElement":[{"@type":"ListItem","position":1,"name":"Accueil","item":"https:\/\/www.bbemg.uliege.be\/fr\/"},{"@type":"ListItem","position":2,"name":"Exposition professionnelle"}]},{"@type":"WebSite","@id":"https:\/\/www.bbemg.uliege.be\/fr\/#website","url":"https:\/\/www.bbemg.uliege.be\/fr\/","name":"BBEMG - Belgian BioElectroMagnetics Group","description":"Analyse des effets biom\u00e9dicaux des champs \u00e9lectriques dans notre vie quotidienne","publisher":{"@id":"https:\/\/www.bbemg.uliege.be\/fr\/#organization"},"potentialAction":[{"@type":"SearchAction","target":{"@type":"EntryPoint","urlTemplate":"https:\/\/www.bbemg.uliege.be\/fr\/?s={search_term_string}"},"query-input":{"@type":"PropertyValueSpecification","valueRequired":true,"valueName":"search_term_string"}}],"inLanguage":"fr-FR"},{"@type":"Organization","@id":"https:\/\/www.bbemg.uliege.be\/fr\/#organization","name":"BBEMG","url":"https:\/\/www.bbemg.uliege.be\/fr\/","logo":{"@type":"ImageObject","inLanguage":"fr-FR","@id":"https:\/\/www.bbemg.uliege.be\/fr\/#\/schema\/logo\/image\/","url":"https:\/\/www.bbemg.uliege.be\/wp-content\/uploads\/2019\/05\/bbemg-logo-crop.png","contentUrl":"https:\/\/www.bbemg.uliege.be\/wp-content\/uploads\/2019\/05\/bbemg-logo-crop.png","width":"560","height":"222","caption":"BBEMG"},"image":{"@id":"https:\/\/www.bbemg.uliege.be\/fr\/#\/schema\/logo\/image\/"},"sameAs":["https:\/\/x.com\/bbemg"]}]}},"_links":{"self":[{"href":"https:\/\/www.bbemg.uliege.be\/fr\/wp-json\/wp\/v2\/pages\/590","targetHints":{"allow":["GET"]}}],"collection":[{"href":"https:\/\/www.bbemg.uliege.be\/fr\/wp-json\/wp\/v2\/pages"}],"about":[{"href":"https:\/\/www.bbemg.uliege.be\/fr\/wp-json\/wp\/v2\/types\/page"}],"author":[{"embeddable":true,"href":"https:\/\/www.bbemg.uliege.be\/fr\/wp-json\/wp\/v2\/users\/1"}],"replies":[{"embeddable":true,"href":"https:\/\/www.bbemg.uliege.be\/fr\/wp-json\/wp\/v2\/comments?post=590"}],"version-history":[{"count":2,"href":"https:\/\/www.bbemg.uliege.be\/fr\/wp-json\/wp\/v2\/pages\/590\/revisions"}],"predecessor-version":[{"id":5752,"href":"https:\/\/www.bbemg.uliege.be\/fr\/wp-json\/wp\/v2\/pages\/590\/revisions\/5752"}],"wp:attachment":[{"href":"https:\/\/www.bbemg.uliege.be\/fr\/wp-json\/wp\/v2\/media?parent=590"}],"wp:term":[{"taxonomy":"category","embeddable":true,"href":"https:\/\/www.bbemg.uliege.be\/fr\/wp-json\/wp\/v2\/categories?post=590"},{"taxonomy":"post_tag","embeddable":true,"href":"https:\/\/www.bbemg.uliege.be\/fr\/wp-json\/wp\/v2\/tags?post=590"}],"curies":[{"name":"wp","href":"https:\/\/api.w.org\/{rel}","templated":true}]}}