{"id":592,"date":"2019-05-15T12:23:13","date_gmt":"2019-05-15T10:23:13","guid":{"rendered":"https:\/\/www.bbemg.uliege.be\/?page_id=592"},"modified":"2024-01-12T12:23:04","modified_gmt":"2024-01-12T11:23:04","slug":"lipoatrophie-semi-circulaire-2","status":"publish","type":"page","link":"https:\/\/www.bbemg.uliege.be\/fr\/lipoatrophie-semi-circulaire-2\/","title":{"rendered":"Sant\u00e9:Lipoatrophie semi-circulaire"},"content":{"rendered":"[vc_row type=\u00a0\u00bbin_container\u00a0\u00bb full_screen_row_position=\u00a0\u00bbmiddle\u00a0\u00bb scene_position=\u00a0\u00bbcenter\u00a0\u00bb text_color=\u00a0\u00bbdark\u00a0\u00bb text_align=\u00a0\u00bbleft\u00a0\u00bb overlay_strength=\u00a0\u00bb0.3&Prime; shape_divider_position=\u00a0\u00bbbottom\u00a0\u00bb bg_image_animation=\u00a0\u00bbnone\u00a0\u00bb][vc_column column_padding=\u00a0\u00bbno-extra-padding\u00a0\u00bb column_padding_position=\u00a0\u00bball\u00a0\u00bb background_color_opacity=\u00a0\u00bb1&Prime; background_hover_color_opacity=\u00a0\u00bb1&Prime; column_link_target=\u00a0\u00bb_self\u00a0\u00bb column_shadow=\u00a0\u00bbnone\u00a0\u00bb column_border_radius=\u00a0\u00bbnone\u00a0\u00bb width=\u00a0\u00bb1\/1&Prime; tablet_width_inherit=\u00a0\u00bbdefault\u00a0\u00bb tablet_text_alignment=\u00a0\u00bbdefault\u00a0\u00bb phone_text_alignment=\u00a0\u00bbdefault\u00a0\u00bb column_border_width=\u00a0\u00bbnone\u00a0\u00bb column_border_style=\u00a0\u00bbsolid\u00a0\u00bb bg_image_animation=\u00a0\u00bbnone\u00a0\u00bb][heading]\n<h1>Lipoatrophie semi-circulaire<\/h1>\n[\/heading][\/vc_column][\/vc_row][vc_row type=\u00a0\u00bbin_container\u00a0\u00bb full_screen_row_position=\u00a0\u00bbmiddle\u00a0\u00bb scene_position=\u00a0\u00bbcenter\u00a0\u00bb text_color=\u00a0\u00bbdark\u00a0\u00bb text_align=\u00a0\u00bbleft\u00a0\u00bb overlay_strength=\u00a0\u00bb0.3&Prime; shape_divider_position=\u00a0\u00bbbottom\u00a0\u00bb bg_image_animation=\u00a0\u00bbnone\u00a0\u00bb][vc_column column_padding=\u00a0\u00bbno-extra-padding\u00a0\u00bb column_padding_position=\u00a0\u00bball\u00a0\u00bb background_color_opacity=\u00a0\u00bb1&Prime; background_hover_color_opacity=\u00a0\u00bb1&Prime; column_link_target=\u00a0\u00bb_self\u00a0\u00bb column_shadow=\u00a0\u00bbnone\u00a0\u00bb column_border_radius=\u00a0\u00bbnone\u00a0\u00bb width=\u00a0\u00bb1\/1&Prime; tablet_width_inherit=\u00a0\u00bbdefault\u00a0\u00bb tablet_text_alignment=\u00a0\u00bbdefault\u00a0\u00bb phone_text_alignment=\u00a0\u00bbdefault\u00a0\u00bb column_border_width=\u00a0\u00bbnone\u00a0\u00bb column_border_style=\u00a0\u00bbsolid\u00a0\u00bb bg_image_animation=\u00a0\u00bbnone\u00a0\u00bb][vc_column_text]\n<h3>1. J&rsquo;ai entendu dire que certaines personnes qui effectuent un travail sur ordinateur pr\u00e9sentent des stries au niveau des jambes appel\u00e9es lipoatrophie semi-circulaire. Pouvez-vous m&rsquo;expliquer ce dont il s&rsquo;agit?<\/h3>\n<p>La Lipoatrophie Semi-circulaire (LS) est une affection qui se caract\u00e9rise par des stries sur le haut des cuisses dues \u00e0 une atrophie du tissu adipeux sous-cutan\u00e9. La disparition du tissu graisseux se fait en demi-cercle, d&rsquo;o\u00f9 le nom de &lsquo;semi-circulaire&rsquo;. Dans les journaux, on l&rsquo;appelle aussi &lsquo;cuisses \u00e0 bosses&rsquo; ou &lsquo;cuisses stri\u00e9es&rsquo;. La localisation de la l\u00e9sion se situe sur la face ant\u00e9ro-lat\u00e9rale de la cuisse et souvent \u00e0 une hauteur de 72 cm du sol, mesur\u00e9e chez des personnes qui portent des chaussures. Ceci correspond \u00e0 la hauteur standard de nos bureaux.<\/p>\n<p>Cette maladie qui semblait extr\u00eamement rare il y a 20 ans est devenue aujourd&rsquo;hui fr\u00e9quente chez les travailleurs de l&rsquo;informatique. Plusieurs centaines de cas ont \u00e9t\u00e9 recens\u00e9s en Belgique dans des grandes entreprises. Ce ph\u00e9nom\u00e8ne semble toucher des personnes qui travaillent dans des b\u00e2timents neufs ou r\u00e9nov\u00e9s, \u00e9quip\u00e9s de mobiliers neufs, avec souvent un mat\u00e9riel informatique \u00e9galement neuf.<\/p>\n<p>Tr\u00e8s vite l&rsquo;hypoth\u00e8se a \u00e9t\u00e9 pos\u00e9e que les champs \u00e9lectriques et magn\u00e9tiques g\u00e9n\u00e9r\u00e9s par les \u00e9quipements informatiques et les c\u00e2blages pouvaient \u00eatre impliqu\u00e9s dans l&rsquo;apparition de cette affection. D&rsquo;autres facteurs interviennent \u00e9galement tels que le faible taux d&rsquo;humidit\u00e9 de l&rsquo;air, souvent r\u00e9duit par la climatisation, ou encore le type de mat\u00e9riau constitutif de la table de travail.<\/p>\n<p>Cette pathologie plus fr\u00e9quente chez les femmes est r\u00e9versible et a tendance \u00e0 dispara\u00eetre lors de p\u00e9riodes de cong\u00e9 (exemple: maternit\u00e9).<\/p>\n<p>Des \u00e9tudes ont \u00e9t\u00e9 men\u00e9es afin de mieux comprendre le r\u00f4le de l&rsquo;\u00e9lectricit\u00e9 dans la lipoatrophie semi-circulaire. Pour plus de renseignements, vous pouvez contacter l&rsquo;<a href=\"https:\/\/www.bbemg.uliege.be\/evaluation-des-risques-et-de-limpact-sur-la-sante-sciensano\/?lang=fr\">\u00e9quipe Toxicologie<\/a> ou consulter la page <a href=\"https:\/\/www.bbemg.uliege.be\/bbemg-lipoatrophie-semi-circulaire\/?lang=fr\">Lipoatrophie semi-circulaire<\/a>.<\/p>\n<h3>2. Existe-t-il un traitement pour gu\u00e9rir la lipoatrophie semi-circulaire ou les stries dispara\u00eetront-elles spontan\u00e9ment avec le temps ?<\/h3>\n<p>En r\u00e9ponse \u00e0 votre question sur la lipoatrophie semi-circulaire, il n&rsquo;y a, \u00e0 notre connaissance, aucun traitement particulier.\u00a0Des am\u00e9nagements simples peuvent \u00e9ventuellement \u00eatre\u00a0mis en place et peuvent aider. Toutefois, il faut savoir qu&rsquo;\u00e0 ce jour, la cause de la Lipoatrophie semicirculaire (L.s.) n&rsquo;est pas connue avec certitude, mais\u00a0notre hypoth\u00e8se d&rsquo;une origine \u00e9lectromagn\u00e9tique est retenue et accept\u00e9e.<\/p>\n<p>Apr\u00e8s une premi\u00e8re explosion du nombre de cas de L.s. en Belgique et la formulation de nos hypoth\u00e8ses, on a assist\u00e9 \u00e0 une explosion similaire en Espagne. Les chercheurs locaux ont \u00e9mis les m\u00eames hypoth\u00e8ses: L.s. pourrait \u00eatre caus\u00e9 par des pertes de charges des appareils \u00e9lectriques (ordinateurs&#8230;), en relation avec d&rsquo;autres facteurs comme par exemple, un syst\u00e8me de conditionnement d&rsquo;air mal adapt\u00e9&#8230; Vous trouverez dans les articles ci-dessous une description de diff\u00e9rents facteurs qui pourraient \u00eatre\u00a0impliqu\u00e9s dans le d\u00e9veloppement de L.s.<\/p>\n<p>Concernant votre seconde question: chez certaines personnes, les stries disparaissent spontan\u00e9ment, mais pas chez d&rsquo;autres, probablement en raison d&rsquo;une diff\u00e9rence de sensibilit\u00e9 et de changements (non intentionnels) dans l&rsquo;environnement, changements\u00a0qui cr\u00e9ent des conditions d\u00e9favorables au d\u00e9veloppement de L.s. Pour vous d\u00e9barassez de ces stries, nous vous sugg\u00e9rons d&rsquo;appliquer les am\u00e9nagements simples d\u00e9crits dans les articles ci-dessous: contr\u00f4ler le conditionnement d&rsquo;air, changer\u00a0de bureau (autre mat\u00e9riau), changer la position du bureau dans la pi\u00e8ce, \u00e9viter un surplus de c\u00e2bles \u00e9lectriques ou d&rsquo;appareils \u00e9lectriques \u00e0 proximit\u00e9 de votre bureau, isoler les bords du bureau &#8230; C&rsquo;est en testant que vous obtiendrez des r\u00e9sultats probants.<\/p>\n<p>Verschaeve L., &amp; Maes A. (2009)<br \/>\nSupport for the hypothesis that electro-stimulation is responsible for Lipoatrophia semicircularis. Med. Hypotheses, 73, 802-806.<br \/>\n<a href=\"http:\/\/www.ncbi.nlm.nih.gov\/pubmed\/19338008\" target=\"_blank\" rel=\"noopener noreferrer\">http:\/\/www.ncbi.nlm.nih.gov\/pubmed\/19338008<\/a><\/p>\n<p>Verschaeve L., &amp; Maes A. (2009)<br \/>\nIn vitro investigations related to the &lsquo;electromagnetic hypothesis&rsquo; of Lipoatrophia semicircularis. J. Appl. Toxicol ., 29, 478-482.<br \/>\n<a href=\"http:\/\/www.ncbi.nlm.nih.gov\/pubmed\/19577378\" target=\"_blank\" rel=\"noopener noreferrer\">http:\/\/www.ncbi.nlm.nih.gov\/pubmed\/19577378<\/a><\/p>\n<p>Maes A., Curvers B., &amp; Verschaeve L. (2003)<br \/>\nLipoatrophia semicircularis: the electromagnetic hypothesis. Electromagnet. Biol. Med. 22, 183-193.<\/p>\n<h3><strong>3. Je pr\u00e9sente une lipoatrophie circulaire (Ls) au niveau d\u2019une de mes cuisses. Je pense que ceci est li\u00e9 \u00e0 la pr\u00e9sence d\u2019appareils \u00e9lectriques (ordinateur, imprimante, t\u00e9l\u00e9phone) que j\u2019utilise dans le cadre de mon travail. Les appareils sont situ\u00e9s sur mon bureau et du c\u00f4t\u00e9 du creux sur ma cuisse. <\/strong><\/h3>\n<h3><strong>Je souhaite mettre place des mesures afin de me prot\u00e9ger de cette lipoatrophie Que puis-je faire\u00a0?\u00a0<\/strong><\/h3>\n<p>En effet, une des hypoth\u00e8ses scientifiques est que la Ls soit d\u2019origine \u00e9lectrique en lien avec la pr\u00e9sence d\u2019\u00e9quipements \u00e9lectriques\/informatiques et de c\u00e2blage. Toutefois, d\u2019autres facteurs interviennent dans son apparition, par exemple le faible taux d\u2019humidit\u00e9 de l\u2019air ou le type de mat\u00e9riaux constitutif du bureau. L\u2019apparition de la Ls ne serait pas directement li\u00e9e aux champs \u00e9lectromagn\u00e9tiques mais, probablement, \u00e0 d\u2019autres ph\u00e9nom\u00e8nes d\u2019\u00e9lectrostimulation comme l\u2019accumulation de particules charg\u00e9es &#8211; dans l\u2019air ou les poussi\u00e8res &#8211; sur le bord du bureau entrainant des micro d\u00e9charges entre le bureau et la peau.<\/p>\n<p>L\u2019atrophie pr\u00e9sente au niveau de la cuisse est en g\u00e9n\u00e9ral r\u00e9versible.<\/p>\n<p>Il est conseill\u00e9 d\u2019am\u00e9nager votre environnement de travail si vous constatez une r\u00e9gression, voire une disparition de l\u2019atrophie lorsque vous vous absentez pendant une certaine p\u00e9riode \u00e0 l\u2019occasion de cong\u00e9s par exemple.<\/p>\n<p>Si vous pr\u00e9sentez une Ls, nous vous conseillons tout d\u2019abord d\u2019informer votre m\u00e9decin de travail et de discuter avec lui des possibilit\u00e9s d\u2019am\u00e9nagement de votre environnement de travail.<\/p>\n<p>Voici quelques pistes pour am\u00e9liorer la situation\u00a0:<\/p>\n<ul>\n<li>Humidifier l\u2019air de la pi\u00e8ce \u00e0 l\u2019aide d\u2019un humidificateur d\u2019air.<\/li>\n<li>Relier le bord de votre bureau \u00e0 une bande de cuivre autocollante mise \u00e0 la terre, voir le sch\u00e9ma ci-dessous :<\/li>\n<\/ul>\n[\/vc_column_text][image_with_animation image_url=\u00a0\u00bb7455&Prime; alignment=\u00a0\u00bb\u00a0\u00bb animation=\u00a0\u00bbFade In\u00a0\u00bb border_radius=\u00a0\u00bbnone\u00a0\u00bb box_shadow=\u00a0\u00bbnone\u00a0\u00bb max_width=\u00a0\u00bb100%\u00a0\u00bb][\/vc_column][\/vc_row][vc_row type=\u00a0\u00bbin_container\u00a0\u00bb full_screen_row_position=\u00a0\u00bbmiddle\u00a0\u00bb scene_position=\u00a0\u00bbcenter\u00a0\u00bb text_color=\u00a0\u00bbdark\u00a0\u00bb text_align=\u00a0\u00bbleft\u00a0\u00bb overlay_strength=\u00a0\u00bb0.3&Prime; shape_divider_position=\u00a0\u00bbbottom\u00a0\u00bb bg_image_animation=\u00a0\u00bbnone\u00a0\u00bb source=\u00a0\u00bb\u00a0\u00bb text=\u00a0\u00bb2013 &#8211; 2017&Prime; font_container=\u00a0\u00bbtag:h2|text_align:left|color:%2349b0e5&Prime; use_theme_fonts=\u00a0\u00bbyes\u00a0\u00bb google_fonts=\u00a0\u00bbfont_family:Abril%20Fatface%3Aregular|font_style:400%20regular%3A400%3Anormal\u00a0\u00bb css_animation=\u00a0\u00bb\u00a0\u00bb link=\u00a0\u00bb\u00a0\u00bb el_id=\u00a0\u00bb\u00a0\u00bb el_class=\u00a0\u00bb\u00a0\u00bb css=\u00a0\u00bb\u00a0\u00bb][vc_column column_padding=\u00a0\u00bbno-extra-padding\u00a0\u00bb column_padding_position=\u00a0\u00bball\u00a0\u00bb background_color_opacity=\u00a0\u00bb1&Prime; background_hover_color_opacity=\u00a0\u00bb1&Prime; column_link_target=\u00a0\u00bb_self\u00a0\u00bb column_shadow=\u00a0\u00bbnone\u00a0\u00bb column_border_radius=\u00a0\u00bbnone\u00a0\u00bb width=\u00a0\u00bb1\/1&Prime; tablet_width_inherit=\u00a0\u00bbdefault\u00a0\u00bb tablet_text_alignment=\u00a0\u00bbdefault\u00a0\u00bb phone_text_alignment=\u00a0\u00bbdefault\u00a0\u00bb column_border_width=\u00a0\u00bbnone\u00a0\u00bb column_border_style=\u00a0\u00bbsolid\u00a0\u00bb bg_image_animation=\u00a0\u00bbnone\u00a0\u00bb][vc_custom_heading text=\u00a0\u00bbDocuments &amp; Liens\u00a0\u00bb font_container=\u00a0\u00bbtag:h2|text_align:left|color:%2349b0e5&Prime; use_theme_fonts=\u00a0\u00bbyes\u00a0\u00bb][vc_column_text]\n<ul>\n<li><a href=\"https:\/\/www.bbemg.uliege.be\/bbemg-lipoatrophie-semi-circulaire\/?lang=fr\">Lipoatrophie semi-circulaire<\/a><\/li>\n<\/ul>\n[\/vc_column_text][\/vc_column][\/vc_row][vc_row type=\u00a0\u00bbin_container\u00a0\u00bb full_screen_row_position=\u00a0\u00bbmiddle\u00a0\u00bb scene_position=\u00a0\u00bbcenter\u00a0\u00bb text_color=\u00a0\u00bbdark\u00a0\u00bb text_align=\u00a0\u00bbleft\u00a0\u00bb overlay_strength=\u00a0\u00bb0.3&Prime; shape_divider_position=\u00a0\u00bbbottom\u00a0\u00bb bg_image_animation=\u00a0\u00bbnone\u00a0\u00bb source=\u00a0\u00bb\u00a0\u00bb text=\u00a0\u00bb2013 &#8211; 2017&Prime; font_container=\u00a0\u00bbtag:h2|text_align:left|color:%2349b0e5&Prime; use_theme_fonts=\u00a0\u00bbyes\u00a0\u00bb google_fonts=\u00a0\u00bbfont_family:Abril%20Fatface%3Aregular|font_style:400%20regular%3A400%3Anormal\u00a0\u00bb css_animation=\u00a0\u00bb\u00a0\u00bb link=\u00a0\u00bb\u00a0\u00bb el_id=\u00a0\u00bb\u00a0\u00bb el_class=\u00a0\u00bb\u00a0\u00bb css=\u00a0\u00bb\u00a0\u00bb][vc_column column_padding=\u00a0\u00bbno-extra-padding\u00a0\u00bb column_padding_position=\u00a0\u00bball\u00a0\u00bb background_color_opacity=\u00a0\u00bb1&Prime; background_hover_color_opacity=\u00a0\u00bb1&Prime; column_link_target=\u00a0\u00bb_self\u00a0\u00bb column_shadow=\u00a0\u00bbnone\u00a0\u00bb column_border_radius=\u00a0\u00bbnone\u00a0\u00bb width=\u00a0\u00bb1\/1&Prime; tablet_width_inherit=\u00a0\u00bbdefault\u00a0\u00bb tablet_text_alignment=\u00a0\u00bbdefault\u00a0\u00bb phone_text_alignment=\u00a0\u00bbdefault\u00a0\u00bb column_border_width=\u00a0\u00bbnone\u00a0\u00bb column_border_style=\u00a0\u00bbsolid\u00a0\u00bb bg_image_animation=\u00a0\u00bbnone\u00a0\u00bb][vc_custom_heading text=\u00a0\u00bbAutres th\u00e8mes qui pourraient vous int\u00e9resser &#8230;\u00a0\u00bb font_container=\u00a0\u00bbtag:h2|text_align:left|color:%2349b0e5&Prime; use_theme_fonts=\u00a0\u00bbyes\u00a0\u00bb][vc_column_text]\n<ul>\n<li><a href=\"https:\/\/www.bbemg.uliege.be\/notions-delectricite\/?lang=fr\">Notions d&rsquo;\u00e9lectricit\u00e9<\/a> &#8211; Notions d\u2019\u00e9lectricit\u00e9 \u00e0 avoir en t\u00eate afin d\u2019aborder sereinement le domaine de l&rsquo;\u00e9lectromagn\u00e9tisme et ses champs \u00e9lectriques et magn\u00e9tiques.<\/li>\n<li><a href=\"https:\/\/www.bbemg.uliege.be\/electromagnetisme\/?lang=fr\">Electromagn\u00e9tisme<\/a> &#8211; L&rsquo;\u00e9lectromagn\u00e9tisme \u00e9tudie les interactions \u00e0 distance des charges, des courants et des champs \u00e9lectrique et magn\u00e9tique. (&#8230;)<\/li>\n<\/ul>\n[\/vc_column_text][\/vc_column][\/vc_row]\n","protected":false},"excerpt":{"rendered":"<p>[vc_row type=\u00a0\u00bbin_container\u00a0\u00bb full_screen_row_position=\u00a0\u00bbmiddle\u00a0\u00bb scene_position=\u00a0\u00bbcenter\u00a0\u00bb text_color=\u00a0\u00bbdark\u00a0\u00bb text_align=\u00a0\u00bbleft\u00a0\u00bb overlay_strength=\u00a0\u00bb0.3&Prime; shape_divider_position=\u00a0\u00bbbottom\u00a0\u00bb bg_image_animation=\u00a0\u00bbnone\u00a0\u00bb][vc_column column_padding=\u00a0\u00bbno-extra-padding\u00a0\u00bb column_padding_position=\u00a0\u00bball\u00a0\u00bb background_color_opacity=\u00a0\u00bb1&Prime; background_hover_color_opacity=\u00a0\u00bb1&Prime; column_link_target=\u00a0\u00bb_self\u00a0\u00bb column_shadow=\u00a0\u00bbnone\u00a0\u00bb column_border_radius=\u00a0\u00bbnone\u00a0\u00bb width=\u00a0\u00bb1\/1&Prime; tablet_width_inherit=\u00a0\u00bbdefault\u00a0\u00bb tablet_text_alignment=\u00a0\u00bbdefault\u00a0\u00bb phone_text_alignment=\u00a0\u00bbdefault\u00a0\u00bb column_border_width=\u00a0\u00bbnone\u00a0\u00bb column_border_style=\u00a0\u00bbsolid\u00a0\u00bb bg_image_animation=\u00a0\u00bbnone\u00a0\u00bb][heading] Lipoatrophie semi-circulaire [\/heading][\/vc_column][\/vc_row][vc_row type=\u00a0\u00bbin_container\u00a0\u00bb full_screen_row_position=\u00a0\u00bbmiddle\u00a0\u00bb scene_position=\u00a0\u00bbcenter\u00a0\u00bb text_color=\u00a0\u00bbdark\u00a0\u00bb&#8230;<\/p>\n","protected":false},"author":1,"featured_media":0,"parent":0,"menu_order":0,"comment_status":"closed","ping_status":"closed","template":"page-sidebar.php","meta":{"footnotes":""},"categories":[],"tags":[],"class_list":["post-592","page","type-page","status-publish"],"yoast_head":"<!-- This site is optimized with the Yoast SEO plugin v27.4 - https:\/\/yoast.com\/product\/yoast-seo-wordpress\/ -->\n<title>Sant\u00e9:Lipoatrophie semi-circulaire - BBEMG - Belgian BioElectroMagnetics Group<\/title>\n<meta name=\"description\" content=\"FAQ sur la lipoatrophie semi-circulaire, un trouble idiopathique caract\u00e9ris\u00e9 par des saillies cutan\u00e9es semi-circulaires sur le haut des jambes.\" \/>\n<meta name=\"robots\" content=\"index, follow, max-snippet:-1, max-image-preview:large, max-video-preview:-1\" \/>\n<link rel=\"canonical\" href=\"https:\/\/www.bbemg.uliege.be\/fr\/lipoatrophie-semi-circulaire-2\/\" \/>\n<meta property=\"og:locale\" content=\"fr_FR\" \/>\n<meta property=\"og:type\" content=\"article\" \/>\n<meta property=\"og:title\" content=\"Sant\u00e9:Lipoatrophie semi-circulaire - BBEMG - Belgian BioElectroMagnetics Group\" \/>\n<meta property=\"og:description\" content=\"FAQ sur la lipoatrophie semi-circulaire, un trouble idiopathique caract\u00e9ris\u00e9 par des saillies cutan\u00e9es semi-circulaires sur le haut des jambes.\" \/>\n<meta property=\"og:url\" content=\"https:\/\/www.bbemg.uliege.be\/fr\/lipoatrophie-semi-circulaire-2\/\" \/>\n<meta property=\"og:site_name\" content=\"BBEMG - Belgian BioElectroMagnetics Group\" \/>\n<meta property=\"article:modified_time\" content=\"2024-01-12T11:23:04+00:00\" \/>\n<meta name=\"twitter:card\" content=\"summary_large_image\" \/>\n<meta name=\"twitter:site\" content=\"@bbemg\" \/>\n<meta name=\"twitter:label1\" content=\"Dur\u00e9e de lecture estim\u00e9e\" \/>\n\t<meta name=\"twitter:data1\" content=\"5 minutes\" \/>\n<script type=\"application\/ld+json\" class=\"yoast-schema-graph\">{\"@context\":\"https:\\\/\\\/schema.org\",\"@graph\":[{\"@type\":\"WebPage\",\"@id\":\"https:\\\/\\\/www.bbemg.uliege.be\\\/fr\\\/lipoatrophie-semi-circulaire-2\\\/\",\"url\":\"https:\\\/\\\/www.bbemg.uliege.be\\\/fr\\\/lipoatrophie-semi-circulaire-2\\\/\",\"name\":\"Sant\u00e9:Lipoatrophie semi-circulaire - BBEMG - Belgian BioElectroMagnetics Group\",\"isPartOf\":{\"@id\":\"https:\\\/\\\/www.bbemg.uliege.be\\\/fr\\\/#website\"},\"datePublished\":\"2019-05-15T10:23:13+00:00\",\"dateModified\":\"2024-01-12T11:23:04+00:00\",\"description\":\"FAQ sur la lipoatrophie semi-circulaire, un trouble idiopathique caract\u00e9ris\u00e9 par des saillies cutan\u00e9es semi-circulaires sur le haut des jambes.\",\"breadcrumb\":{\"@id\":\"https:\\\/\\\/www.bbemg.uliege.be\\\/fr\\\/lipoatrophie-semi-circulaire-2\\\/#breadcrumb\"},\"inLanguage\":\"fr-FR\",\"potentialAction\":[{\"@type\":\"ReadAction\",\"target\":[\"https:\\\/\\\/www.bbemg.uliege.be\\\/fr\\\/lipoatrophie-semi-circulaire-2\\\/\"]}]},{\"@type\":\"BreadcrumbList\",\"@id\":\"https:\\\/\\\/www.bbemg.uliege.be\\\/fr\\\/lipoatrophie-semi-circulaire-2\\\/#breadcrumb\",\"itemListElement\":[{\"@type\":\"ListItem\",\"position\":1,\"name\":\"Accueil\",\"item\":\"https:\\\/\\\/www.bbemg.uliege.be\\\/fr\\\/\"},{\"@type\":\"ListItem\",\"position\":2,\"name\":\"Sant\u00e9:Lipoatrophie semi-circulaire\"}]},{\"@type\":\"WebSite\",\"@id\":\"https:\\\/\\\/www.bbemg.uliege.be\\\/fr\\\/#website\",\"url\":\"https:\\\/\\\/www.bbemg.uliege.be\\\/fr\\\/\",\"name\":\"BBEMG - Belgian BioElectroMagnetics Group\",\"description\":\"Analyse des effets biom\u00e9dicaux des champs \u00e9lectriques dans notre vie quotidienne\",\"publisher\":{\"@id\":\"https:\\\/\\\/www.bbemg.uliege.be\\\/fr\\\/#organization\"},\"potentialAction\":[{\"@type\":\"SearchAction\",\"target\":{\"@type\":\"EntryPoint\",\"urlTemplate\":\"https:\\\/\\\/www.bbemg.uliege.be\\\/fr\\\/?s={search_term_string}\"},\"query-input\":{\"@type\":\"PropertyValueSpecification\",\"valueRequired\":true,\"valueName\":\"search_term_string\"}}],\"inLanguage\":\"fr-FR\"},{\"@type\":\"Organization\",\"@id\":\"https:\\\/\\\/www.bbemg.uliege.be\\\/fr\\\/#organization\",\"name\":\"BBEMG\",\"url\":\"https:\\\/\\\/www.bbemg.uliege.be\\\/fr\\\/\",\"logo\":{\"@type\":\"ImageObject\",\"inLanguage\":\"fr-FR\",\"@id\":\"https:\\\/\\\/www.bbemg.uliege.be\\\/fr\\\/#\\\/schema\\\/logo\\\/image\\\/\",\"url\":\"https:\\\/\\\/www.bbemg.uliege.be\\\/wp-content\\\/uploads\\\/2019\\\/05\\\/bbemg-logo-crop.png\",\"contentUrl\":\"https:\\\/\\\/www.bbemg.uliege.be\\\/wp-content\\\/uploads\\\/2019\\\/05\\\/bbemg-logo-crop.png\",\"width\":\"560\",\"height\":\"222\",\"caption\":\"BBEMG\"},\"image\":{\"@id\":\"https:\\\/\\\/www.bbemg.uliege.be\\\/fr\\\/#\\\/schema\\\/logo\\\/image\\\/\"},\"sameAs\":[\"https:\\\/\\\/x.com\\\/bbemg\"]}]}<\/script>\n<!-- \/ Yoast SEO plugin. -->","yoast_head_json":{"title":"Sant\u00e9:Lipoatrophie semi-circulaire - BBEMG - Belgian BioElectroMagnetics Group","description":"FAQ sur la lipoatrophie semi-circulaire, un trouble idiopathique caract\u00e9ris\u00e9 par des saillies cutan\u00e9es semi-circulaires sur le haut des jambes.","robots":{"index":"index","follow":"follow","max-snippet":"max-snippet:-1","max-image-preview":"max-image-preview:large","max-video-preview":"max-video-preview:-1"},"canonical":"https:\/\/www.bbemg.uliege.be\/fr\/lipoatrophie-semi-circulaire-2\/","og_locale":"fr_FR","og_type":"article","og_title":"Sant\u00e9:Lipoatrophie semi-circulaire - BBEMG - Belgian BioElectroMagnetics Group","og_description":"FAQ sur la lipoatrophie semi-circulaire, un trouble idiopathique caract\u00e9ris\u00e9 par des saillies cutan\u00e9es semi-circulaires sur le haut des jambes.","og_url":"https:\/\/www.bbemg.uliege.be\/fr\/lipoatrophie-semi-circulaire-2\/","og_site_name":"BBEMG - Belgian BioElectroMagnetics Group","article_modified_time":"2024-01-12T11:23:04+00:00","twitter_card":"summary_large_image","twitter_site":"@bbemg","twitter_misc":{"Dur\u00e9e de lecture estim\u00e9e":"5 minutes"},"schema":{"@context":"https:\/\/schema.org","@graph":[{"@type":"WebPage","@id":"https:\/\/www.bbemg.uliege.be\/fr\/lipoatrophie-semi-circulaire-2\/","url":"https:\/\/www.bbemg.uliege.be\/fr\/lipoatrophie-semi-circulaire-2\/","name":"Sant\u00e9:Lipoatrophie semi-circulaire - BBEMG - Belgian BioElectroMagnetics Group","isPartOf":{"@id":"https:\/\/www.bbemg.uliege.be\/fr\/#website"},"datePublished":"2019-05-15T10:23:13+00:00","dateModified":"2024-01-12T11:23:04+00:00","description":"FAQ sur la lipoatrophie semi-circulaire, un trouble idiopathique caract\u00e9ris\u00e9 par des saillies cutan\u00e9es semi-circulaires sur le haut des jambes.","breadcrumb":{"@id":"https:\/\/www.bbemg.uliege.be\/fr\/lipoatrophie-semi-circulaire-2\/#breadcrumb"},"inLanguage":"fr-FR","potentialAction":[{"@type":"ReadAction","target":["https:\/\/www.bbemg.uliege.be\/fr\/lipoatrophie-semi-circulaire-2\/"]}]},{"@type":"BreadcrumbList","@id":"https:\/\/www.bbemg.uliege.be\/fr\/lipoatrophie-semi-circulaire-2\/#breadcrumb","itemListElement":[{"@type":"ListItem","position":1,"name":"Accueil","item":"https:\/\/www.bbemg.uliege.be\/fr\/"},{"@type":"ListItem","position":2,"name":"Sant\u00e9:Lipoatrophie semi-circulaire"}]},{"@type":"WebSite","@id":"https:\/\/www.bbemg.uliege.be\/fr\/#website","url":"https:\/\/www.bbemg.uliege.be\/fr\/","name":"BBEMG - Belgian BioElectroMagnetics Group","description":"Analyse des effets biom\u00e9dicaux des champs \u00e9lectriques dans notre vie quotidienne","publisher":{"@id":"https:\/\/www.bbemg.uliege.be\/fr\/#organization"},"potentialAction":[{"@type":"SearchAction","target":{"@type":"EntryPoint","urlTemplate":"https:\/\/www.bbemg.uliege.be\/fr\/?s={search_term_string}"},"query-input":{"@type":"PropertyValueSpecification","valueRequired":true,"valueName":"search_term_string"}}],"inLanguage":"fr-FR"},{"@type":"Organization","@id":"https:\/\/www.bbemg.uliege.be\/fr\/#organization","name":"BBEMG","url":"https:\/\/www.bbemg.uliege.be\/fr\/","logo":{"@type":"ImageObject","inLanguage":"fr-FR","@id":"https:\/\/www.bbemg.uliege.be\/fr\/#\/schema\/logo\/image\/","url":"https:\/\/www.bbemg.uliege.be\/wp-content\/uploads\/2019\/05\/bbemg-logo-crop.png","contentUrl":"https:\/\/www.bbemg.uliege.be\/wp-content\/uploads\/2019\/05\/bbemg-logo-crop.png","width":"560","height":"222","caption":"BBEMG"},"image":{"@id":"https:\/\/www.bbemg.uliege.be\/fr\/#\/schema\/logo\/image\/"},"sameAs":["https:\/\/x.com\/bbemg"]}]}},"_links":{"self":[{"href":"https:\/\/www.bbemg.uliege.be\/fr\/wp-json\/wp\/v2\/pages\/592","targetHints":{"allow":["GET"]}}],"collection":[{"href":"https:\/\/www.bbemg.uliege.be\/fr\/wp-json\/wp\/v2\/pages"}],"about":[{"href":"https:\/\/www.bbemg.uliege.be\/fr\/wp-json\/wp\/v2\/types\/page"}],"author":[{"embeddable":true,"href":"https:\/\/www.bbemg.uliege.be\/fr\/wp-json\/wp\/v2\/users\/1"}],"replies":[{"embeddable":true,"href":"https:\/\/www.bbemg.uliege.be\/fr\/wp-json\/wp\/v2\/comments?post=592"}],"version-history":[{"count":6,"href":"https:\/\/www.bbemg.uliege.be\/fr\/wp-json\/wp\/v2\/pages\/592\/revisions"}],"predecessor-version":[{"id":7465,"href":"https:\/\/www.bbemg.uliege.be\/fr\/wp-json\/wp\/v2\/pages\/592\/revisions\/7465"}],"wp:attachment":[{"href":"https:\/\/www.bbemg.uliege.be\/fr\/wp-json\/wp\/v2\/media?parent=592"}],"wp:term":[{"taxonomy":"category","embeddable":true,"href":"https:\/\/www.bbemg.uliege.be\/fr\/wp-json\/wp\/v2\/categories?post=592"},{"taxonomy":"post_tag","embeddable":true,"href":"https:\/\/www.bbemg.uliege.be\/fr\/wp-json\/wp\/v2\/tags?post=592"}],"curies":[{"name":"wp","href":"https:\/\/api.w.org\/{rel}","templated":true}]}}