{"id":595,"date":"2019-05-15T12:24:30","date_gmt":"2019-05-15T10:24:30","guid":{"rendered":"https:\/\/www.bbemg.uliege.be\/?page_id=595"},"modified":"2020-11-06T11:20:29","modified_gmt":"2020-11-06T10:20:29","slug":"coeur-pacemakers","status":"publish","type":"page","link":"https:\/\/www.bbemg.uliege.be\/fr\/coeur-pacemakers\/","title":{"rendered":"Coeur &#038; Pacemakers"},"content":{"rendered":"[vc_row type=\u00a0\u00bbin_container\u00a0\u00bb full_screen_row_position=\u00a0\u00bbmiddle\u00a0\u00bb scene_position=\u00a0\u00bbcenter\u00a0\u00bb text_color=\u00a0\u00bbdark\u00a0\u00bb text_align=\u00a0\u00bbleft\u00a0\u00bb overlay_strength=\u00a0\u00bb0.3&Prime; shape_divider_position=\u00a0\u00bbbottom\u00a0\u00bb bg_image_animation=\u00a0\u00bbnone\u00a0\u00bb][vc_column column_padding=\u00a0\u00bbno-extra-padding\u00a0\u00bb column_padding_position=\u00a0\u00bball\u00a0\u00bb background_color_opacity=\u00a0\u00bb1&Prime; background_hover_color_opacity=\u00a0\u00bb1&Prime; column_link_target=\u00a0\u00bb_self\u00a0\u00bb column_shadow=\u00a0\u00bbnone\u00a0\u00bb column_border_radius=\u00a0\u00bbnone\u00a0\u00bb width=\u00a0\u00bb1\/1&Prime; tablet_width_inherit=\u00a0\u00bbdefault\u00a0\u00bb tablet_text_alignment=\u00a0\u00bbdefault\u00a0\u00bb phone_text_alignment=\u00a0\u00bbdefault\u00a0\u00bb column_border_width=\u00a0\u00bbnone\u00a0\u00bb column_border_style=\u00a0\u00bbsolid\u00a0\u00bb bg_image_animation=\u00a0\u00bbnone\u00a0\u00bb][heading]\n<h1>Coeur &amp; Pacemakers<\/h1>\n[\/heading][\/vc_column][\/vc_row][vc_row type=\u00a0\u00bbin_container\u00a0\u00bb full_screen_row_position=\u00a0\u00bbmiddle\u00a0\u00bb scene_position=\u00a0\u00bbcenter\u00a0\u00bb text_color=\u00a0\u00bbdark\u00a0\u00bb text_align=\u00a0\u00bbleft\u00a0\u00bb overlay_strength=\u00a0\u00bb0.3&Prime; shape_divider_position=\u00a0\u00bbbottom\u00a0\u00bb bg_image_animation=\u00a0\u00bbnone\u00a0\u00bb][vc_column column_padding=\u00a0\u00bbno-extra-padding\u00a0\u00bb column_padding_position=\u00a0\u00bball\u00a0\u00bb background_color_opacity=\u00a0\u00bb1&Prime; background_hover_color_opacity=\u00a0\u00bb1&Prime; column_link_target=\u00a0\u00bb_self\u00a0\u00bb column_shadow=\u00a0\u00bbnone\u00a0\u00bb column_border_radius=\u00a0\u00bbnone\u00a0\u00bb width=\u00a0\u00bb1\/1&Prime; tablet_width_inherit=\u00a0\u00bbdefault\u00a0\u00bb tablet_text_alignment=\u00a0\u00bbdefault\u00a0\u00bb phone_text_alignment=\u00a0\u00bbdefault\u00a0\u00bb column_border_width=\u00a0\u00bbnone\u00a0\u00bb column_border_style=\u00a0\u00bbsolid\u00a0\u00bb bg_image_animation=\u00a0\u00bbnone\u00a0\u00bb][vc_custom_heading text=\u00a0\u00bbMon voisin, \u00e2g\u00e9 de 94 ans, a achet\u00e9 un fauteuil de massage. Le champ magn\u00e9tique de ce fauteuil pourrait-il perturber le bon fonctionnement de son pacemaker?\u00a0\u00bb font_container=\u00a0\u00bbtag:h3|text_align:left|color:%233f3f3f\u00a0\u00bb use_theme_fonts=\u00a0\u00bbyes\u00a0\u00bb][vc_column_text]Les perturbations \u00e9ventuelles d\u00e9pendent de l&rsquo;intensit\u00e9 du champ \u00e0 proximit\u00e9 du fauteuil en fonctionnement et du type de pacemaker. Votre question se situe dans le domaine de la compatibilit\u00e9 \u00e9lectromagn\u00e9tique entre appareils \u00e9lectriques.<\/p>\n<p>D&rsquo;une mani\u00e8re g\u00e9n\u00e9rale, les nouveaux pacemakers sont moins sensibles \u00e0 ces probl\u00e8mes de compatibilit\u00e9 \u00e9lectromagn\u00e9tique. Toutefois, si le fauteuil n&rsquo;est pas certifi\u00e9 aux normes europ\u00e9ennes, il est conseill\u00e9 de faire des mesures afin de s&rsquo;assurer de l&rsquo;absence de risque d&rsquo;un dysfonctionnement du pacemaker d\u00fb aux champs du fauteuil.<\/p>\n<p>D&rsquo;un point de vue pratique, nous vous proposons de consulter le fournisseur\/fabriquant du fauteuil afin de conna\u00eetre les expositions aux champs, et de vous renseigner aupr\u00e8s du cardiologue afin de vous assurer du type de pacemaker implant\u00e9. Le fournisseur\/fabriquant du pacemaker (via le cardiologue) pourra alors vous donner toutes les informations n\u00e9cessaires.[\/vc_column_text][vc_custom_heading text=\u00a0\u00bbLes employ\u00e9s portant un pacemaker doivent-ils prendre des pr\u00e9cautions et \u00e9viter de travailler \u00e0 proximit\u00e9 des lignes \u00e0 haute tension et des cabines?\u00a0\u00bb font_container=\u00a0\u00bbtag:h3|text_align:left|color:%233f3f3f\u00a0\u00bb use_theme_fonts=\u00a0\u00bbyes\u00a0\u00bb][vc_column_text]Tout d&rsquo;abord, il s&rsquo;agit de pr\u00e9ciser que les valeurs limites des directives\/recommandations actuelles (EU, ICNIRP, ACGIH) ne tiennent pas compte des personnes portant un pacemaker.<\/p>\n<p>Techniquement, il faut savoir que les pacemakers r\u00e9gl\u00e9s en mode bipolaire sont beaucoup moins sensibles aux champs que ceux r\u00e9gl\u00e9s en mode unipolaire (le r\u00e9glage du seuil de sensibilit\u00e9 joue \u00e9galement un r\u00f4le). Des pacemakers (r\u00e9glage unipolaire) pourraient \u00eatre perturb\u00e9s par des intensit\u00e9s de champs \u00e9lectriques plus faibles que ceux pr\u00e9conis\u00e9s par les directives et recommandations, parfois 2kV\/m. Les porteurs de ce type de pacemaker devraient \u00e9viter de se trouver dans une zone o\u00f9 le champ \u00e9lectrique d\u00e9passe 1,5 kV\/m afin de prendre une marge de s\u00e9curit\u00e9 suffisante.<\/p>\n<p>A certains endroits, le champ \u00e9lectrique autour des lignes \u00e0 haute tension peut exc\u00e9der 1,5 kV\/m. Mais il faut garder \u00e0 l&rsquo;esprit que l&rsquo;intensit\u00e9 du champ varie selon la configuration de la ligne, de la tension et de la distance par rapport \u00e0 la ligne.<\/p>\n<p>Au niveau des champs magn\u00e9tiques, pour les pacemakers bipolaires avec un seuil de sensibilit\u00e9 sup\u00e9rieur ou \u00e9gal \u00e0 2 mV, aucune interf\u00e9rence n&rsquo;a \u00e9t\u00e9 d\u00e9tect\u00e9e jusqu&rsquo;\u00e0 100 microtesla. Dans l&rsquo;\u00e9tude de Souques et al (2004), environ 3 % des pacemakers ont \u00e9t\u00e9 perturb\u00e9s de fa\u00e7on transitoire, par des champs magn\u00e9tique, mais jamais en dessous de 45 \u00b5T que l&rsquo;on peut consid\u00e9rer comme le seuil de perturbation possible pour un pacemaker en r\u00e9glage unipolaire (sur l&rsquo;une des chambres ou sur les deux). En pratique, le niveau maximum de champ magn\u00e9tique sous une ligne haute tension (mesur\u00e9 en respectant les distances de s\u00e9curit\u00e9 l\u00e9gales) est toujours inf\u00e9rieur \u00e0 50 \u00b5T.<\/p>\n<p>Pour r\u00e9sumer un peu la situation, selon Souques et al (2004),<\/p>\n<blockquote><p>\u00ab\u00a0Avec les pacemakers actuels, r\u00e9gl\u00e9s en mode bipolaire avec une sensibilit\u00e9 ventriculaire courante (2mV en g\u00e9n\u00e9ral), le risque d&rsquo;interf\u00e9rence est quasi inexistant pour les expositions rencontr\u00e9es couramment. Les pacemakers r\u00e9gl\u00e9s en mode unipolaire ou avec une sensibilit\u00e9 importante sont plus sujets aux interf\u00e9rences. [.] Il est recommand\u00e9 de ne pas utiliser de petits moteurs (type appareil de bricolage, perceuse&#8230;) \u00e0 proximit\u00e9 imm\u00e9diate du bo\u00eetier du pacemaker.\u00a0\u00bb<\/p><\/blockquote>\n<p>Soulignons que les pacemakers unipolaires sont de moins en moins utilis\u00e9s dans le cas d&rsquo;une nouvelle implantation. En revanche, il arrive que l&rsquo;on change le bo\u00eetier du pacemaker, quand la pile est faible, sans changer la ou les sondes qui ont \u00e9t\u00e9 implant\u00e9es dans le pass\u00e9. En pratique, on n&rsquo;a pas, jusqu&rsquo;\u00e0 pr\u00e9sent, d\u00e9crit d&rsquo;accident ou d&rsquo;incident provoqu\u00e9 par le passage d&rsquo;un patient implant\u00e9 sous les lignes \u00e0 haute tension. Il pourrait \u00eatre plus probl\u00e9matique de stationner un moment sous la ligne, si la personne a un stimulateur en mode unipolaire et \u00e0 haute sensibilit\u00e9 (&lt; 2 mV).<\/p>\n<p>Ajoutons que les perturbations d&rsquo;un pacemaker ne sont pas aussi dangereuses qu&rsquo;on pourrait l&rsquo;imaginer car l&rsquo;appareil r\u00e9tablit rapidement son propre rythme. Dans la plupart des cas, le porteur du pacemaker n&rsquo;est pas conscient d&rsquo;une telle perturbation.<\/p>\n<p>Nous vous conseillons de demander \u00e0 votre cardiologue quel type de pacemaker est implant\u00e9, sa programmation et son niveau d&rsquo;immunit\u00e9 aux champs \u00e9lectriques et magn\u00e9tiques. Avec ces pr\u00e9cisions, le m\u00e9decin du travail sera \u00e0 m\u00eame d&rsquo;informer les employ\u00e9s \u00e0 ce sujet.<\/p>\n<p>Quelques publications:<\/p>\n<ul>\n<li><em>Souques M, Magne I, Lambrozo J. Implantable cardioverter defibrillator and 50-Hz electric and magnetic fields exposure in the workplace. Int Arch Occup Environ Health, 2011 Jan;84(1):1-6 (<a href=\"http:\/\/www.bbemg.be\/files\/pacemaker_Souques_2011.pdf\" target=\"_blank\" rel=\"noopener noreferrer\">pdf<\/a>).<\/em><\/li>\n<li><em>Souques M, Magne I, Trigano, A., Franck, R., H\u00e9ro, M., Nadi, M., Audran, F., &amp; Lambrozo J. Implants cardiaques et exposition aux champs \u00e9lectromagn\u00e9tiques 50 Hz en environnement professionnel. Archives des Maladies Professionnelles et de l&rsquo;Environnement, 2008, 69:547-552. (<a href=\"http:\/\/www.bbemg.be\/files\/pacemaker_Souques_2008.pdf\" target=\"_blank\" rel=\"noopener noreferrer\">pdf<\/a>).<\/em><\/li>\n<li><em>Hocking B., &amp; Hansson Mild K. Guidance Note: Risk Management of Workers<br \/>\nWith Medical Electronic Devices and Metallic Implants in Electromagnetic Fields. International Journal of Occupational Safety and Ergonomics (JOSE), 2008, Vol. 14, No. 2, 217\u2013222. (<a href=\"http:\/\/www.bbemg.be\/files\/pacemaker_Hocking_2008.pdf\" target=\"_blank\" rel=\"noopener noreferrer\">pdf<\/a>)<\/em><\/li>\n<li><em>Souques, M. Influence des champs \u00e9lectromagn\u00e9tiques non ionisants sur les dispositifs cardiaques m\u00e9dicaux implantables. La Presse m\u00e9dicale, 2004 Dec 18; 33(22):1611-5.<\/em><\/li>\n<\/ul>\n[\/vc_column_text][\/vc_column][\/vc_row][vc_row type=\u00a0\u00bbin_container\u00a0\u00bb full_screen_row_position=\u00a0\u00bbmiddle\u00a0\u00bb scene_position=\u00a0\u00bbcenter\u00a0\u00bb text_color=\u00a0\u00bbdark\u00a0\u00bb text_align=\u00a0\u00bbleft\u00a0\u00bb overlay_strength=\u00a0\u00bb0.3&Prime; shape_divider_position=\u00a0\u00bbbottom\u00a0\u00bb bg_image_animation=\u00a0\u00bbnone\u00a0\u00bb source=\u00a0\u00bb\u00a0\u00bb text=\u00a0\u00bb2013 &#8211; 2017&Prime; font_container=\u00a0\u00bbtag:h2|text_align:left|color:%2349b0e5&Prime; use_theme_fonts=\u00a0\u00bbyes\u00a0\u00bb google_fonts=\u00a0\u00bbfont_family:Abril%20Fatface%3Aregular|font_style:400%20regular%3A400%3Anormal\u00a0\u00bb css_animation=\u00a0\u00bb\u00a0\u00bb link=\u00a0\u00bb\u00a0\u00bb el_id=\u00a0\u00bb\u00a0\u00bb el_class=\u00a0\u00bb\u00a0\u00bb css=\u00a0\u00bb\u00a0\u00bb][vc_column column_padding=\u00a0\u00bbno-extra-padding\u00a0\u00bb column_padding_position=\u00a0\u00bball\u00a0\u00bb background_color_opacity=\u00a0\u00bb1&Prime; background_hover_color_opacity=\u00a0\u00bb1&Prime; column_link_target=\u00a0\u00bb_self\u00a0\u00bb column_shadow=\u00a0\u00bbnone\u00a0\u00bb column_border_radius=\u00a0\u00bbnone\u00a0\u00bb width=\u00a0\u00bb1\/1&Prime; tablet_width_inherit=\u00a0\u00bbdefault\u00a0\u00bb tablet_text_alignment=\u00a0\u00bbdefault\u00a0\u00bb phone_text_alignment=\u00a0\u00bbdefault\u00a0\u00bb column_border_width=\u00a0\u00bbnone\u00a0\u00bb column_border_style=\u00a0\u00bbsolid\u00a0\u00bb bg_image_animation=\u00a0\u00bbnone\u00a0\u00bb][vc_custom_heading text=\u00a0\u00bbAutres th\u00e8mes qui pourraient vous int\u00e9resser &#8230;\u00a0\u00bb font_container=\u00a0\u00bbtag:h2|text_align:left|color:%2349b0e5&Prime; use_theme_fonts=\u00a0\u00bbyes\u00a0\u00bb][vc_column_text]\n<ul>\n<li><a href=\"https:\/\/www.bbemg.uliege.be\/notions-delectricite\/?lang=fr\">Notions d&rsquo;\u00e9lectricit\u00e9<\/a> &#8211; Notions d\u2019\u00e9lectricit\u00e9 \u00e0 avoir en t\u00eate afin d\u2019aborder sereinement le domaine de l&rsquo;\u00e9lectromagn\u00e9tisme et ses champs \u00e9lectriques et magn\u00e9tiques.<\/li>\n<li><a href=\"https:\/\/www.bbemg.uliege.be\/electromagnetisme\/?lang=fr\">Electromagn\u00e9tisme<\/a> &#8211; L&rsquo;\u00e9lectromagn\u00e9tisme \u00e9tudie les interactions \u00e0 distance des charges, des courants et des champs \u00e9lectrique et magn\u00e9tique. (&#8230;)<\/li>\n<\/ul>\n[\/vc_column_text][\/vc_column][\/vc_row]\n","protected":false},"excerpt":{"rendered":"<p>[vc_row type=\u00a0\u00bbin_container\u00a0\u00bb full_screen_row_position=\u00a0\u00bbmiddle\u00a0\u00bb scene_position=\u00a0\u00bbcenter\u00a0\u00bb text_color=\u00a0\u00bbdark\u00a0\u00bb text_align=\u00a0\u00bbleft\u00a0\u00bb overlay_strength=\u00a0\u00bb0.3&Prime; shape_divider_position=\u00a0\u00bbbottom\u00a0\u00bb bg_image_animation=\u00a0\u00bbnone\u00a0\u00bb][vc_column column_padding=\u00a0\u00bbno-extra-padding\u00a0\u00bb column_padding_position=\u00a0\u00bball\u00a0\u00bb background_color_opacity=\u00a0\u00bb1&Prime; background_hover_color_opacity=\u00a0\u00bb1&Prime; column_link_target=\u00a0\u00bb_self\u00a0\u00bb column_shadow=\u00a0\u00bbnone\u00a0\u00bb column_border_radius=\u00a0\u00bbnone\u00a0\u00bb width=\u00a0\u00bb1\/1&Prime; tablet_width_inherit=\u00a0\u00bbdefault\u00a0\u00bb tablet_text_alignment=\u00a0\u00bbdefault\u00a0\u00bb phone_text_alignment=\u00a0\u00bbdefault\u00a0\u00bb column_border_width=\u00a0\u00bbnone\u00a0\u00bb column_border_style=\u00a0\u00bbsolid\u00a0\u00bb bg_image_animation=\u00a0\u00bbnone\u00a0\u00bb][heading] Coeur &amp; Pacemakers [\/heading][\/vc_column][\/vc_row][vc_row type=\u00a0\u00bbin_container\u00a0\u00bb full_screen_row_position=\u00a0\u00bbmiddle\u00a0\u00bb scene_position=\u00a0\u00bbcenter\u00a0\u00bb&#8230;<\/p>\n","protected":false},"author":1,"featured_media":0,"parent":0,"menu_order":0,"comment_status":"closed","ping_status":"closed","template":"page-sidebar.php","meta":{"footnotes":""},"categories":[],"tags":[],"class_list":["post-595","page","type-page","status-publish"],"yoast_head":"<!-- This site is optimized with the Yoast SEO plugin v27.5 - https:\/\/yoast.com\/product\/yoast-seo-wordpress\/ -->\n<title>Coeur &amp; Pacemakers - BBEMG - Belgian BioElectroMagnetics Group<\/title>\n<meta name=\"description\" content=\"FAQ sur les interactions possibles entre les pacemaker et les champs \u00e9lectromagn\u00e9tiques. Un CEM EBF peut-il interf\u00e9rer avec un stimulateur cardiaque ?\" \/>\n<meta name=\"robots\" content=\"index, follow, max-snippet:-1, max-image-preview:large, max-video-preview:-1\" \/>\n<link rel=\"canonical\" href=\"https:\/\/www.bbemg.uliege.be\/fr\/coeur-pacemakers\/\" \/>\n<meta property=\"og:locale\" content=\"fr_FR\" \/>\n<meta property=\"og:type\" content=\"article\" \/>\n<meta property=\"og:title\" content=\"Coeur &amp; Pacemakers - BBEMG - Belgian BioElectroMagnetics Group\" \/>\n<meta property=\"og:description\" content=\"FAQ sur les interactions possibles entre les pacemaker et les champs \u00e9lectromagn\u00e9tiques. Un CEM EBF peut-il interf\u00e9rer avec un stimulateur cardiaque ?\" \/>\n<meta property=\"og:url\" content=\"https:\/\/www.bbemg.uliege.be\/fr\/coeur-pacemakers\/\" \/>\n<meta property=\"og:site_name\" content=\"BBEMG - Belgian BioElectroMagnetics Group\" \/>\n<meta property=\"article:modified_time\" content=\"2020-11-06T10:20:29+00:00\" \/>\n<meta name=\"twitter:card\" content=\"summary_large_image\" \/>\n<meta name=\"twitter:site\" content=\"@bbemg\" \/>\n<meta name=\"twitter:label1\" content=\"Dur\u00e9e de lecture estim\u00e9e\" \/>\n\t<meta name=\"twitter:data1\" content=\"6 minutes\" \/>\n<script type=\"application\/ld+json\" class=\"yoast-schema-graph\">{\"@context\":\"https:\\\/\\\/schema.org\",\"@graph\":[{\"@type\":\"WebPage\",\"@id\":\"https:\\\/\\\/www.bbemg.uliege.be\\\/fr\\\/coeur-pacemakers\\\/\",\"url\":\"https:\\\/\\\/www.bbemg.uliege.be\\\/fr\\\/coeur-pacemakers\\\/\",\"name\":\"Coeur & Pacemakers - BBEMG - Belgian BioElectroMagnetics Group\",\"isPartOf\":{\"@id\":\"https:\\\/\\\/www.bbemg.uliege.be\\\/fr\\\/#website\"},\"datePublished\":\"2019-05-15T10:24:30+00:00\",\"dateModified\":\"2020-11-06T10:20:29+00:00\",\"description\":\"FAQ sur les interactions possibles entre les pacemaker et les champs \u00e9lectromagn\u00e9tiques. Un CEM EBF peut-il interf\u00e9rer avec un stimulateur cardiaque ?\",\"breadcrumb\":{\"@id\":\"https:\\\/\\\/www.bbemg.uliege.be\\\/fr\\\/coeur-pacemakers\\\/#breadcrumb\"},\"inLanguage\":\"fr-FR\",\"potentialAction\":[{\"@type\":\"ReadAction\",\"target\":[\"https:\\\/\\\/www.bbemg.uliege.be\\\/fr\\\/coeur-pacemakers\\\/\"]}]},{\"@type\":\"BreadcrumbList\",\"@id\":\"https:\\\/\\\/www.bbemg.uliege.be\\\/fr\\\/coeur-pacemakers\\\/#breadcrumb\",\"itemListElement\":[{\"@type\":\"ListItem\",\"position\":1,\"name\":\"Accueil\",\"item\":\"https:\\\/\\\/www.bbemg.uliege.be\\\/fr\\\/\"},{\"@type\":\"ListItem\",\"position\":2,\"name\":\"Coeur &#038; Pacemakers\"}]},{\"@type\":\"WebSite\",\"@id\":\"https:\\\/\\\/www.bbemg.uliege.be\\\/fr\\\/#website\",\"url\":\"https:\\\/\\\/www.bbemg.uliege.be\\\/fr\\\/\",\"name\":\"BBEMG - Belgian BioElectroMagnetics Group\",\"description\":\"Analyse des effets biom\u00e9dicaux des champs \u00e9lectriques dans notre vie quotidienne\",\"publisher\":{\"@id\":\"https:\\\/\\\/www.bbemg.uliege.be\\\/fr\\\/#organization\"},\"potentialAction\":[{\"@type\":\"SearchAction\",\"target\":{\"@type\":\"EntryPoint\",\"urlTemplate\":\"https:\\\/\\\/www.bbemg.uliege.be\\\/fr\\\/?s={search_term_string}\"},\"query-input\":{\"@type\":\"PropertyValueSpecification\",\"valueRequired\":true,\"valueName\":\"search_term_string\"}}],\"inLanguage\":\"fr-FR\"},{\"@type\":\"Organization\",\"@id\":\"https:\\\/\\\/www.bbemg.uliege.be\\\/fr\\\/#organization\",\"name\":\"BBEMG\",\"url\":\"https:\\\/\\\/www.bbemg.uliege.be\\\/fr\\\/\",\"logo\":{\"@type\":\"ImageObject\",\"inLanguage\":\"fr-FR\",\"@id\":\"https:\\\/\\\/www.bbemg.uliege.be\\\/fr\\\/#\\\/schema\\\/logo\\\/image\\\/\",\"url\":\"https:\\\/\\\/www.bbemg.uliege.be\\\/wp-content\\\/uploads\\\/2019\\\/05\\\/bbemg-logo-crop.png\",\"contentUrl\":\"https:\\\/\\\/www.bbemg.uliege.be\\\/wp-content\\\/uploads\\\/2019\\\/05\\\/bbemg-logo-crop.png\",\"width\":\"560\",\"height\":\"222\",\"caption\":\"BBEMG\"},\"image\":{\"@id\":\"https:\\\/\\\/www.bbemg.uliege.be\\\/fr\\\/#\\\/schema\\\/logo\\\/image\\\/\"},\"sameAs\":[\"https:\\\/\\\/x.com\\\/bbemg\"]}]}<\/script>\n<!-- \/ Yoast SEO plugin. -->","yoast_head_json":{"title":"Coeur & Pacemakers - BBEMG - Belgian BioElectroMagnetics Group","description":"FAQ sur les interactions possibles entre les pacemaker et les champs \u00e9lectromagn\u00e9tiques. Un CEM EBF peut-il interf\u00e9rer avec un stimulateur cardiaque ?","robots":{"index":"index","follow":"follow","max-snippet":"max-snippet:-1","max-image-preview":"max-image-preview:large","max-video-preview":"max-video-preview:-1"},"canonical":"https:\/\/www.bbemg.uliege.be\/fr\/coeur-pacemakers\/","og_locale":"fr_FR","og_type":"article","og_title":"Coeur & Pacemakers - BBEMG - Belgian BioElectroMagnetics Group","og_description":"FAQ sur les interactions possibles entre les pacemaker et les champs \u00e9lectromagn\u00e9tiques. Un CEM EBF peut-il interf\u00e9rer avec un stimulateur cardiaque ?","og_url":"https:\/\/www.bbemg.uliege.be\/fr\/coeur-pacemakers\/","og_site_name":"BBEMG - Belgian BioElectroMagnetics Group","article_modified_time":"2020-11-06T10:20:29+00:00","twitter_card":"summary_large_image","twitter_site":"@bbemg","twitter_misc":{"Dur\u00e9e de lecture estim\u00e9e":"6 minutes"},"schema":{"@context":"https:\/\/schema.org","@graph":[{"@type":"WebPage","@id":"https:\/\/www.bbemg.uliege.be\/fr\/coeur-pacemakers\/","url":"https:\/\/www.bbemg.uliege.be\/fr\/coeur-pacemakers\/","name":"Coeur & Pacemakers - BBEMG - Belgian BioElectroMagnetics Group","isPartOf":{"@id":"https:\/\/www.bbemg.uliege.be\/fr\/#website"},"datePublished":"2019-05-15T10:24:30+00:00","dateModified":"2020-11-06T10:20:29+00:00","description":"FAQ sur les interactions possibles entre les pacemaker et les champs \u00e9lectromagn\u00e9tiques. Un CEM EBF peut-il interf\u00e9rer avec un stimulateur cardiaque ?","breadcrumb":{"@id":"https:\/\/www.bbemg.uliege.be\/fr\/coeur-pacemakers\/#breadcrumb"},"inLanguage":"fr-FR","potentialAction":[{"@type":"ReadAction","target":["https:\/\/www.bbemg.uliege.be\/fr\/coeur-pacemakers\/"]}]},{"@type":"BreadcrumbList","@id":"https:\/\/www.bbemg.uliege.be\/fr\/coeur-pacemakers\/#breadcrumb","itemListElement":[{"@type":"ListItem","position":1,"name":"Accueil","item":"https:\/\/www.bbemg.uliege.be\/fr\/"},{"@type":"ListItem","position":2,"name":"Coeur &#038; Pacemakers"}]},{"@type":"WebSite","@id":"https:\/\/www.bbemg.uliege.be\/fr\/#website","url":"https:\/\/www.bbemg.uliege.be\/fr\/","name":"BBEMG - Belgian BioElectroMagnetics Group","description":"Analyse des effets biom\u00e9dicaux des champs \u00e9lectriques dans notre vie quotidienne","publisher":{"@id":"https:\/\/www.bbemg.uliege.be\/fr\/#organization"},"potentialAction":[{"@type":"SearchAction","target":{"@type":"EntryPoint","urlTemplate":"https:\/\/www.bbemg.uliege.be\/fr\/?s={search_term_string}"},"query-input":{"@type":"PropertyValueSpecification","valueRequired":true,"valueName":"search_term_string"}}],"inLanguage":"fr-FR"},{"@type":"Organization","@id":"https:\/\/www.bbemg.uliege.be\/fr\/#organization","name":"BBEMG","url":"https:\/\/www.bbemg.uliege.be\/fr\/","logo":{"@type":"ImageObject","inLanguage":"fr-FR","@id":"https:\/\/www.bbemg.uliege.be\/fr\/#\/schema\/logo\/image\/","url":"https:\/\/www.bbemg.uliege.be\/wp-content\/uploads\/2019\/05\/bbemg-logo-crop.png","contentUrl":"https:\/\/www.bbemg.uliege.be\/wp-content\/uploads\/2019\/05\/bbemg-logo-crop.png","width":"560","height":"222","caption":"BBEMG"},"image":{"@id":"https:\/\/www.bbemg.uliege.be\/fr\/#\/schema\/logo\/image\/"},"sameAs":["https:\/\/x.com\/bbemg"]}]}},"_links":{"self":[{"href":"https:\/\/www.bbemg.uliege.be\/fr\/wp-json\/wp\/v2\/pages\/595","targetHints":{"allow":["GET"]}}],"collection":[{"href":"https:\/\/www.bbemg.uliege.be\/fr\/wp-json\/wp\/v2\/pages"}],"about":[{"href":"https:\/\/www.bbemg.uliege.be\/fr\/wp-json\/wp\/v2\/types\/page"}],"author":[{"embeddable":true,"href":"https:\/\/www.bbemg.uliege.be\/fr\/wp-json\/wp\/v2\/users\/1"}],"replies":[{"embeddable":true,"href":"https:\/\/www.bbemg.uliege.be\/fr\/wp-json\/wp\/v2\/comments?post=595"}],"version-history":[{"count":1,"href":"https:\/\/www.bbemg.uliege.be\/fr\/wp-json\/wp\/v2\/pages\/595\/revisions"}],"predecessor-version":[{"id":3395,"href":"https:\/\/www.bbemg.uliege.be\/fr\/wp-json\/wp\/v2\/pages\/595\/revisions\/3395"}],"wp:attachment":[{"href":"https:\/\/www.bbemg.uliege.be\/fr\/wp-json\/wp\/v2\/media?parent=595"}],"wp:term":[{"taxonomy":"category","embeddable":true,"href":"https:\/\/www.bbemg.uliege.be\/fr\/wp-json\/wp\/v2\/categories?post=595"},{"taxonomy":"post_tag","embeddable":true,"href":"https:\/\/www.bbemg.uliege.be\/fr\/wp-json\/wp\/v2\/tags?post=595"}],"curies":[{"name":"wp","href":"https:\/\/api.w.org\/{rel}","templated":true}]}}