{"id":660,"date":"2019-05-16T08:18:13","date_gmt":"2019-05-16T06:18:13","guid":{"rendered":"https:\/\/www.bbemg.uliege.be\/?page_id=660"},"modified":"2020-11-06T15:53:05","modified_gmt":"2020-11-06T14:53:05","slug":"gestion-des-risques-et-reglementation-en-matiere-de-cem","status":"publish","type":"page","link":"https:\/\/www.bbemg.uliege.be\/fr\/gestion-des-risques-et-reglementation-en-matiere-de-cem\/","title":{"rendered":"Gestion des risques et r\u00e9glementation en mati\u00e8re de CEM"},"content":{"rendered":"[vc_row type=\u00a0\u00bbin_container\u00a0\u00bb full_screen_row_position=\u00a0\u00bbmiddle\u00a0\u00bb scene_position=\u00a0\u00bbcenter\u00a0\u00bb text_color=\u00a0\u00bbdark\u00a0\u00bb text_align=\u00a0\u00bbleft\u00a0\u00bb overlay_strength=\u00a0\u00bb0.3&Prime; shape_divider_position=\u00a0\u00bbbottom\u00a0\u00bb bg_image_animation=\u00a0\u00bbnone\u00a0\u00bb][vc_column column_padding=\u00a0\u00bbno-extra-padding\u00a0\u00bb column_padding_position=\u00a0\u00bball\u00a0\u00bb background_color_opacity=\u00a0\u00bb1&Prime; background_hover_color_opacity=\u00a0\u00bb1&Prime; column_link_target=\u00a0\u00bb_self\u00a0\u00bb column_shadow=\u00a0\u00bbnone\u00a0\u00bb column_border_radius=\u00a0\u00bbnone\u00a0\u00bb width=\u00a0\u00bb1\/1&Prime; tablet_width_inherit=\u00a0\u00bbdefault\u00a0\u00bb tablet_text_alignment=\u00a0\u00bbdefault\u00a0\u00bb phone_text_alignment=\u00a0\u00bbdefault\u00a0\u00bb column_border_width=\u00a0\u00bbnone\u00a0\u00bb column_border_style=\u00a0\u00bbsolid\u00a0\u00bb bg_image_animation=\u00a0\u00bbnone\u00a0\u00bb][heading]\n<h1>Gestion des risques et r\u00e9glementation en mati\u00e8re de CEM<\/h1>\n[\/heading][\/vc_column][\/vc_row][vc_row type=\u00a0\u00bbin_container\u00a0\u00bb full_screen_row_position=\u00a0\u00bbmiddle\u00a0\u00bb scene_position=\u00a0\u00bbcenter\u00a0\u00bb text_color=\u00a0\u00bbdark\u00a0\u00bb text_align=\u00a0\u00bbleft\u00a0\u00bb overlay_strength=\u00a0\u00bb0.3&Prime; shape_divider_position=\u00a0\u00bbbottom\u00a0\u00bb bg_image_animation=\u00a0\u00bbnone\u00a0\u00bb][vc_column column_padding=\u00a0\u00bbno-extra-padding\u00a0\u00bb column_padding_position=\u00a0\u00bball\u00a0\u00bb background_color_opacity=\u00a0\u00bb1&Prime; background_hover_color_opacity=\u00a0\u00bb1&Prime; column_link_target=\u00a0\u00bb_self\u00a0\u00bb column_shadow=\u00a0\u00bbnone\u00a0\u00bb column_border_radius=\u00a0\u00bbnone\u00a0\u00bb width=\u00a0\u00bb1\/1&Prime; tablet_width_inherit=\u00a0\u00bbdefault\u00a0\u00bb tablet_text_alignment=\u00a0\u00bbdefault\u00a0\u00bb phone_text_alignment=\u00a0\u00bbdefault\u00a0\u00bb column_border_width=\u00a0\u00bbnone\u00a0\u00bb column_border_style=\u00a0\u00bbsolid\u00a0\u00bb bg_image_animation=\u00a0\u00bbnone\u00a0\u00bb][vc_column_text]\n<h3>DIRECTIVE 2008\/46\/EC OF THE EUROPEAN PARLIAMENT AND OF THE COUNCIL OF 23 APRIL 2008 AMENDING DIRECTIVE 2004\/40\/EC ON MINIMUM HEALTH AND SAFETY REQUIREMENTS REGARDING THE EXPOSURE OF WORKERS TO THE RISKS ARISING FROM PHYSICAL AGENTS (ELECTROMAGNETIC FIELDS) (18TH INDIVIDUAL DIRECTIVE WITHIN THE MEANING OF ARTICLE 16(1) OF DIRECTIVE 89\/391\/EEC).<br \/>\nThe European Parliament and the Council of the European Union<\/h3>\n<p>Le parlement europ\u00e9en et le Conseil de l&rsquo;Union europ\u00e9enne ont arr\u00eat\u00e9 cette directive :<\/p>\n<p>Article 1<\/p>\n<p>\u00c0 l&rsquo;article 13, paragraphe 1, de la directive 2004\/40\/CE, le premier alin\u00e9a est remplac\u00e9 par le texte suivant:<\/p>\n<p>\u00ab1. Les \u00c9tats membres mettent en vigueur les dispositions l\u00e9gislatives, r\u00e9glementaires et administratives n\u00e9cessaires pour se conformer \u00e0 la pr\u00e9sente directive, au plus tard le 30 avril 2012. Ils en informent imm\u00e9diatement la Commission.\u00bb .<\/p>\n<h3>IARC EVALUATION OF ELF MAGNETIC FIELDS : PUBLIC UNDERSTANDING OF THE 0.4-\u00b5T EXPOSURE METRIC.<br \/>\n[Evaluation par le CIRC des champs magn\u00e9tiques ELF : compr\u00e9hension par le public de la valeur d&rsquo;exposition de 0.4 microT.]\nBailey WH , Wagner ME .<br \/>\n<em>J Expo Sci Environ Epidemiol. 2008; 18: 233-235. <\/em><\/h3>\n<p>Les auteurs mettent en avant le manque de compr\u00e9hension par le public de la mesure d&rsquo;exposition des champs magn\u00e9tiques correspondant \u00e0 0.4 microT. Les auteurs expliquent la signification des mesures de 0.4 microT en relation avec les valeurs moyennes calcul\u00e9es. Ils disent que l&rsquo;utilisation de cette mesure dans les \u00e9tudes \u00e9pid\u00e9miologiques peut \u00eatre mieux transmise au public en utilisant des analogies simples comme une comparaison avec l&rsquo;alimentation. Ils discutent aussi des mesures d&rsquo;exposition utilisant la moyenne temporelle pond\u00e9r\u00e9e dans les \u00e9tudes \u00e9pid\u00e9miologiques sur la leuc\u00e9mie infantile.<\/p>\n<h3>EVALUATION OF THE OCCUPATIONAL RISK RELATED TO EXPOSUR E TO ELECTROMAGNETIC FIELDS ACCORDING TO THE EC DIRECTIVE 2004\/40 EC: EXPOSURE DURING PREGNANCY.<br \/>\n[Evaluation des risques professionnels en relation avec l&rsquo;exposition aux champs \u00e9lectromagn\u00e9tiques, en accord avec la directive europ\u00e9enne 2004\/40\/CE : exposition pendant la grossesse.]\nGobba F , Tavani M , Bianchi N .<br \/>\n<em>G Ital Med Lav Ergon. 2007; 29(3 Suppl):779-780. <\/em><\/h3>\n<p>La directive europ\u00e9enne 2004\/40\/CE concernant les prescriptions minimales de s\u00e9curit\u00e9 et de sant\u00e9 relatives \u00e0 l&rsquo;exposition des travailleurs aux risques dus aux agents physiques (champs \u00e9lectromagn\u00e9tiques) introduit la n\u00e9cessit\u00e9 d&rsquo;une \u00e9valuation du risque en relation avec l&rsquo;exposition professionnelle aux CEM pendant la grossesse. Cependant, les donn\u00e9es des \u00e9tudes dans ce domaine sont jusqu&rsquo;ici peu concluantes. De plus, les connaissances sur ces risques semblent insuffisantes parmi les m\u00e9decins du travail en Italie. Il y a donc un besoin urgent de recherches compl\u00e9mentaires et d&rsquo;une diffusion des connaissances parmi les m\u00e9decins du travail sur les risques possibles pendant la grossesse en raison de l&rsquo;exposition professionnelle aux CEM.<\/p>\n<h3>DEVELOPING POLICY IN THE FACE OF SCIENTIFIC UNCERTAINTY: INTERPRETING 0.3 MICROTESLA OR 0.4 MICROTESLA CUTPOINTS FROM EMF EPIDEMIOLOGIC STUDIES.<br \/>\n[D\u00e9velopper une politique malgr\u00e9 l\u2019incertitude scientifique : interpr\u00e9ter les valeurs de 0,3 et 0,4 microTesla des \u00e9tudes \u00e9pid\u00e9miologiques sur les CEM.]\nKheifets L., Sahl J.D., Shimkhada R., Repacholi M.H.<br \/>\nRisk Anal. 2005 ;25 : 927-935.<\/h3>\n<p>Il y a eu des efforts scientifiques consid\u00e9rables pour comprendre le lien potentiel entre les expositions aux champs \u00e9lectriques et magn\u00e9tiques \u00e0 la fr\u00e9quence du r\u00e9seau (CEM) et l\u2019occurrence de cancer et autres maladies. La combinaison de l\u2019\u00e9tendue des expositions, des effets biologiques av\u00e9r\u00e9s pour des expositions aigues de niveau \u00e9lev\u00e9 et de la possibilit\u00e9 de leuc\u00e9mie chez les enfants pour des expositions chroniques de faible niveau, a rendu n\u00e9cessaire, mais en m\u00eame temps difficile, le d\u00e9veloppement de politiques coh\u00e9rentes de sant\u00e9 publique. Dans cet article, les auteurs examinent les fondements des normes num\u00e9riques et des approches bas\u00e9es sur la pr\u00e9caution. Alors qu\u2019ils pensent que les politiques relatives aux CEM devraient en effet \u00eatre bas\u00e9es sur la pr\u00e9caution, cela ne n\u00e9cessite ou n\u2019implique pas l\u2019adoption de normes d\u2019exposition num\u00e9riques. Ils soutiennent que les valeurs-seuils des \u00e9tudes \u00e9pid\u00e9miologiques, qui sont choisies arbitrairement, ne devraient pas \u00eatre utilis\u00e9es comme base pour cr\u00e9er des limites d\u2019exposition en raison des nombreuses incertitudes. L\u2019\u00e9tablissement de limites num\u00e9riques arbitraires d\u2019exposition \u00e9branle la valeur non seulement des normes d\u2019exposition aux CEM bas\u00e9es sur la science pour les expositions aigues, mais \u00e9galement des approches de pr\u00e9caution.<\/p>\n<p>L\u2019avant-projet de plan de travail en mati\u00e8re de pr\u00e9caution pr\u00e9par\u00e9 par l\u2019Organisation Mondiale de la Sant\u00e9, apporte un guide pour l\u2019\u00e9tablissement de politiques appropri\u00e9es de sant\u00e9 publique pour les CEM \u00e0 la fr\u00e9quence du r\u00e9seau.<\/p>\n<h3>OPERATIONAL ASPECTS OF RISK PERCEPTION IN THE ELECTROMAGNETIC FIELDS EXPOSITION.<br \/>\n[Aspects op\u00e9rationnels de la perception des risques de l&rsquo;exposition aux champs \u00e9lectromagn\u00e9tiques.]\nPennarola E , Barletta R , Quarto E , Pennarola R .<br \/>\n<em>G Ital Med Lav Ergon. 2007; 29(3 Suppl):785-787. <\/em><\/h3>\n<p>L&rsquo;augmentation de l&rsquo;exposition aux champs magn\u00e9tiques est associ\u00e9e \u00e0 une augmentation de la perception des risques chez les personnes expos\u00e9es en raison des incertitudes sur les effets biologiques et sanitaires. La recherche est effectu\u00e9e sur la symptomatologie de 45 personnes vivant \u00e0 proximit\u00e9 de lignes \u00e0 haute tension dans la r\u00e9gion de Benevento et expos\u00e9s \u00e0 des champs \u00e9lectromagn\u00e9tiques. La mesure des champs magn\u00e9tiques et \u00e9lectriques \u00e9tait dans la gamme normale alors que les personnes pr\u00e9sentaient la plupart des sympt\u00f4mes d&rsquo;ordre subjectif et comportemental. Les r\u00e9sultats des recherches sugg\u00e8rent que l&rsquo;\u00e9valuation des risques devrait prendre en consid\u00e9ration la subjectivit\u00e9 des personnes expos\u00e9es comme l&rsquo;indiquent les questionnaires sp\u00e9cifiques avec l&rsquo;objectif de r\u00e9duire la symptomatologie subjective et comportementale pour d\u00e9velopper une nouvelle m\u00e9decine environnementale.[\/vc_column_text][\/vc_column][\/vc_row]\n","protected":false},"excerpt":{"rendered":"<p>[vc_row type=\u00a0\u00bbin_container\u00a0\u00bb full_screen_row_position=\u00a0\u00bbmiddle\u00a0\u00bb scene_position=\u00a0\u00bbcenter\u00a0\u00bb text_color=\u00a0\u00bbdark\u00a0\u00bb text_align=\u00a0\u00bbleft\u00a0\u00bb overlay_strength=\u00a0\u00bb0.3&Prime; shape_divider_position=\u00a0\u00bbbottom\u00a0\u00bb bg_image_animation=\u00a0\u00bbnone\u00a0\u00bb][vc_column column_padding=\u00a0\u00bbno-extra-padding\u00a0\u00bb column_padding_position=\u00a0\u00bball\u00a0\u00bb background_color_opacity=\u00a0\u00bb1&Prime; background_hover_color_opacity=\u00a0\u00bb1&Prime; column_link_target=\u00a0\u00bb_self\u00a0\u00bb column_shadow=\u00a0\u00bbnone\u00a0\u00bb column_border_radius=\u00a0\u00bbnone\u00a0\u00bb width=\u00a0\u00bb1\/1&Prime; tablet_width_inherit=\u00a0\u00bbdefault\u00a0\u00bb tablet_text_alignment=\u00a0\u00bbdefault\u00a0\u00bb phone_text_alignment=\u00a0\u00bbdefault\u00a0\u00bb column_border_width=\u00a0\u00bbnone\u00a0\u00bb column_border_style=\u00a0\u00bbsolid\u00a0\u00bb bg_image_animation=\u00a0\u00bbnone\u00a0\u00bb][heading] Gestion des risques et r\u00e9glementation en mati\u00e8re&#8230;<\/p>\n","protected":false},"author":1,"featured_media":0,"parent":0,"menu_order":0,"comment_status":"closed","ping_status":"closed","template":"page-sidebar.php","meta":{"footnotes":""},"categories":[],"tags":[],"class_list":["post-660","page","type-page","status-publish"],"yoast_head":"<!-- This site is optimized with the Yoast SEO plugin v27.5 - https:\/\/yoast.com\/product\/yoast-seo-wordpress\/ -->\n<title>Gestion des risques et r\u00e9glementation en mati\u00e8re de CEM - BBEMG - Belgian BioElectroMagnetics Group<\/title>\n<meta name=\"description\" content=\"Liste d&#039;\u00e9tudes sur l&#039;\u00e9laboration des politiques ainsi que les risques sanitaires associ\u00e9s \u00e0 l&#039;exposition aux CEM de basses fr\u00e9quences chez l&#039;homme.\" \/>\n<meta name=\"robots\" content=\"index, follow, max-snippet:-1, max-image-preview:large, max-video-preview:-1\" \/>\n<link rel=\"canonical\" href=\"https:\/\/www.bbemg.uliege.be\/fr\/gestion-des-risques-et-reglementation-en-matiere-de-cem\/\" \/>\n<meta property=\"og:locale\" content=\"fr_FR\" \/>\n<meta property=\"og:type\" content=\"article\" \/>\n<meta property=\"og:title\" content=\"Gestion des risques et r\u00e9glementation en mati\u00e8re de CEM - BBEMG - Belgian BioElectroMagnetics Group\" \/>\n<meta property=\"og:description\" content=\"Liste d&#039;\u00e9tudes sur l&#039;\u00e9laboration des politiques ainsi que les risques sanitaires associ\u00e9s \u00e0 l&#039;exposition aux CEM de basses fr\u00e9quences chez l&#039;homme.\" \/>\n<meta property=\"og:url\" content=\"https:\/\/www.bbemg.uliege.be\/fr\/gestion-des-risques-et-reglementation-en-matiere-de-cem\/\" \/>\n<meta property=\"og:site_name\" content=\"BBEMG - Belgian BioElectroMagnetics Group\" \/>\n<meta property=\"article:modified_time\" content=\"2020-11-06T14:53:05+00:00\" \/>\n<meta name=\"twitter:card\" content=\"summary_large_image\" \/>\n<meta name=\"twitter:site\" content=\"@bbemg\" \/>\n<meta name=\"twitter:label1\" content=\"Dur\u00e9e de lecture estim\u00e9e\" \/>\n\t<meta name=\"twitter:data1\" content=\"6 minutes\" \/>\n<script type=\"application\/ld+json\" class=\"yoast-schema-graph\">{\"@context\":\"https:\\\/\\\/schema.org\",\"@graph\":[{\"@type\":\"WebPage\",\"@id\":\"https:\\\/\\\/www.bbemg.uliege.be\\\/fr\\\/gestion-des-risques-et-reglementation-en-matiere-de-cem\\\/\",\"url\":\"https:\\\/\\\/www.bbemg.uliege.be\\\/fr\\\/gestion-des-risques-et-reglementation-en-matiere-de-cem\\\/\",\"name\":\"Gestion des risques et r\u00e9glementation en mati\u00e8re de CEM - BBEMG - Belgian BioElectroMagnetics Group\",\"isPartOf\":{\"@id\":\"https:\\\/\\\/www.bbemg.uliege.be\\\/fr\\\/#website\"},\"datePublished\":\"2019-05-16T06:18:13+00:00\",\"dateModified\":\"2020-11-06T14:53:05+00:00\",\"description\":\"Liste d'\u00e9tudes sur l'\u00e9laboration des politiques ainsi que les risques sanitaires associ\u00e9s \u00e0 l'exposition aux CEM de basses fr\u00e9quences chez l'homme.\",\"breadcrumb\":{\"@id\":\"https:\\\/\\\/www.bbemg.uliege.be\\\/fr\\\/gestion-des-risques-et-reglementation-en-matiere-de-cem\\\/#breadcrumb\"},\"inLanguage\":\"fr-FR\",\"potentialAction\":[{\"@type\":\"ReadAction\",\"target\":[\"https:\\\/\\\/www.bbemg.uliege.be\\\/fr\\\/gestion-des-risques-et-reglementation-en-matiere-de-cem\\\/\"]}]},{\"@type\":\"BreadcrumbList\",\"@id\":\"https:\\\/\\\/www.bbemg.uliege.be\\\/fr\\\/gestion-des-risques-et-reglementation-en-matiere-de-cem\\\/#breadcrumb\",\"itemListElement\":[{\"@type\":\"ListItem\",\"position\":1,\"name\":\"Accueil\",\"item\":\"https:\\\/\\\/www.bbemg.uliege.be\\\/fr\\\/\"},{\"@type\":\"ListItem\",\"position\":2,\"name\":\"Gestion des risques et r\u00e9glementation en mati\u00e8re de CEM\"}]},{\"@type\":\"WebSite\",\"@id\":\"https:\\\/\\\/www.bbemg.uliege.be\\\/fr\\\/#website\",\"url\":\"https:\\\/\\\/www.bbemg.uliege.be\\\/fr\\\/\",\"name\":\"BBEMG - Belgian BioElectroMagnetics Group\",\"description\":\"Analyse des effets biom\u00e9dicaux des champs \u00e9lectriques dans notre vie quotidienne\",\"publisher\":{\"@id\":\"https:\\\/\\\/www.bbemg.uliege.be\\\/fr\\\/#organization\"},\"potentialAction\":[{\"@type\":\"SearchAction\",\"target\":{\"@type\":\"EntryPoint\",\"urlTemplate\":\"https:\\\/\\\/www.bbemg.uliege.be\\\/fr\\\/?s={search_term_string}\"},\"query-input\":{\"@type\":\"PropertyValueSpecification\",\"valueRequired\":true,\"valueName\":\"search_term_string\"}}],\"inLanguage\":\"fr-FR\"},{\"@type\":\"Organization\",\"@id\":\"https:\\\/\\\/www.bbemg.uliege.be\\\/fr\\\/#organization\",\"name\":\"BBEMG\",\"url\":\"https:\\\/\\\/www.bbemg.uliege.be\\\/fr\\\/\",\"logo\":{\"@type\":\"ImageObject\",\"inLanguage\":\"fr-FR\",\"@id\":\"https:\\\/\\\/www.bbemg.uliege.be\\\/fr\\\/#\\\/schema\\\/logo\\\/image\\\/\",\"url\":\"https:\\\/\\\/www.bbemg.uliege.be\\\/wp-content\\\/uploads\\\/2019\\\/05\\\/bbemg-logo-crop.png\",\"contentUrl\":\"https:\\\/\\\/www.bbemg.uliege.be\\\/wp-content\\\/uploads\\\/2019\\\/05\\\/bbemg-logo-crop.png\",\"width\":\"560\",\"height\":\"222\",\"caption\":\"BBEMG\"},\"image\":{\"@id\":\"https:\\\/\\\/www.bbemg.uliege.be\\\/fr\\\/#\\\/schema\\\/logo\\\/image\\\/\"},\"sameAs\":[\"https:\\\/\\\/x.com\\\/bbemg\"]}]}<\/script>\n<!-- \/ Yoast SEO plugin. -->","yoast_head_json":{"title":"Gestion des risques et r\u00e9glementation en mati\u00e8re de CEM - BBEMG - Belgian BioElectroMagnetics Group","description":"Liste d'\u00e9tudes sur l'\u00e9laboration des politiques ainsi que les risques sanitaires associ\u00e9s \u00e0 l'exposition aux CEM de basses fr\u00e9quences chez l'homme.","robots":{"index":"index","follow":"follow","max-snippet":"max-snippet:-1","max-image-preview":"max-image-preview:large","max-video-preview":"max-video-preview:-1"},"canonical":"https:\/\/www.bbemg.uliege.be\/fr\/gestion-des-risques-et-reglementation-en-matiere-de-cem\/","og_locale":"fr_FR","og_type":"article","og_title":"Gestion des risques et r\u00e9glementation en mati\u00e8re de CEM - BBEMG - Belgian BioElectroMagnetics Group","og_description":"Liste d'\u00e9tudes sur l'\u00e9laboration des politiques ainsi que les risques sanitaires associ\u00e9s \u00e0 l'exposition aux CEM de basses fr\u00e9quences chez l'homme.","og_url":"https:\/\/www.bbemg.uliege.be\/fr\/gestion-des-risques-et-reglementation-en-matiere-de-cem\/","og_site_name":"BBEMG - Belgian BioElectroMagnetics Group","article_modified_time":"2020-11-06T14:53:05+00:00","twitter_card":"summary_large_image","twitter_site":"@bbemg","twitter_misc":{"Dur\u00e9e de lecture estim\u00e9e":"6 minutes"},"schema":{"@context":"https:\/\/schema.org","@graph":[{"@type":"WebPage","@id":"https:\/\/www.bbemg.uliege.be\/fr\/gestion-des-risques-et-reglementation-en-matiere-de-cem\/","url":"https:\/\/www.bbemg.uliege.be\/fr\/gestion-des-risques-et-reglementation-en-matiere-de-cem\/","name":"Gestion des risques et r\u00e9glementation en mati\u00e8re de CEM - BBEMG - Belgian BioElectroMagnetics Group","isPartOf":{"@id":"https:\/\/www.bbemg.uliege.be\/fr\/#website"},"datePublished":"2019-05-16T06:18:13+00:00","dateModified":"2020-11-06T14:53:05+00:00","description":"Liste d'\u00e9tudes sur l'\u00e9laboration des politiques ainsi que les risques sanitaires associ\u00e9s \u00e0 l'exposition aux CEM de basses fr\u00e9quences chez l'homme.","breadcrumb":{"@id":"https:\/\/www.bbemg.uliege.be\/fr\/gestion-des-risques-et-reglementation-en-matiere-de-cem\/#breadcrumb"},"inLanguage":"fr-FR","potentialAction":[{"@type":"ReadAction","target":["https:\/\/www.bbemg.uliege.be\/fr\/gestion-des-risques-et-reglementation-en-matiere-de-cem\/"]}]},{"@type":"BreadcrumbList","@id":"https:\/\/www.bbemg.uliege.be\/fr\/gestion-des-risques-et-reglementation-en-matiere-de-cem\/#breadcrumb","itemListElement":[{"@type":"ListItem","position":1,"name":"Accueil","item":"https:\/\/www.bbemg.uliege.be\/fr\/"},{"@type":"ListItem","position":2,"name":"Gestion des risques et r\u00e9glementation en mati\u00e8re de CEM"}]},{"@type":"WebSite","@id":"https:\/\/www.bbemg.uliege.be\/fr\/#website","url":"https:\/\/www.bbemg.uliege.be\/fr\/","name":"BBEMG - Belgian BioElectroMagnetics Group","description":"Analyse des effets biom\u00e9dicaux des champs \u00e9lectriques dans notre vie quotidienne","publisher":{"@id":"https:\/\/www.bbemg.uliege.be\/fr\/#organization"},"potentialAction":[{"@type":"SearchAction","target":{"@type":"EntryPoint","urlTemplate":"https:\/\/www.bbemg.uliege.be\/fr\/?s={search_term_string}"},"query-input":{"@type":"PropertyValueSpecification","valueRequired":true,"valueName":"search_term_string"}}],"inLanguage":"fr-FR"},{"@type":"Organization","@id":"https:\/\/www.bbemg.uliege.be\/fr\/#organization","name":"BBEMG","url":"https:\/\/www.bbemg.uliege.be\/fr\/","logo":{"@type":"ImageObject","inLanguage":"fr-FR","@id":"https:\/\/www.bbemg.uliege.be\/fr\/#\/schema\/logo\/image\/","url":"https:\/\/www.bbemg.uliege.be\/wp-content\/uploads\/2019\/05\/bbemg-logo-crop.png","contentUrl":"https:\/\/www.bbemg.uliege.be\/wp-content\/uploads\/2019\/05\/bbemg-logo-crop.png","width":"560","height":"222","caption":"BBEMG"},"image":{"@id":"https:\/\/www.bbemg.uliege.be\/fr\/#\/schema\/logo\/image\/"},"sameAs":["https:\/\/x.com\/bbemg"]}]}},"_links":{"self":[{"href":"https:\/\/www.bbemg.uliege.be\/fr\/wp-json\/wp\/v2\/pages\/660","targetHints":{"allow":["GET"]}}],"collection":[{"href":"https:\/\/www.bbemg.uliege.be\/fr\/wp-json\/wp\/v2\/pages"}],"about":[{"href":"https:\/\/www.bbemg.uliege.be\/fr\/wp-json\/wp\/v2\/types\/page"}],"author":[{"embeddable":true,"href":"https:\/\/www.bbemg.uliege.be\/fr\/wp-json\/wp\/v2\/users\/1"}],"replies":[{"embeddable":true,"href":"https:\/\/www.bbemg.uliege.be\/fr\/wp-json\/wp\/v2\/comments?post=660"}],"version-history":[{"count":1,"href":"https:\/\/www.bbemg.uliege.be\/fr\/wp-json\/wp\/v2\/pages\/660\/revisions"}],"predecessor-version":[{"id":3438,"href":"https:\/\/www.bbemg.uliege.be\/fr\/wp-json\/wp\/v2\/pages\/660\/revisions\/3438"}],"wp:attachment":[{"href":"https:\/\/www.bbemg.uliege.be\/fr\/wp-json\/wp\/v2\/media?parent=660"}],"wp:term":[{"taxonomy":"category","embeddable":true,"href":"https:\/\/www.bbemg.uliege.be\/fr\/wp-json\/wp\/v2\/categories?post=660"},{"taxonomy":"post_tag","embeddable":true,"href":"https:\/\/www.bbemg.uliege.be\/fr\/wp-json\/wp\/v2\/tags?post=660"}],"curies":[{"name":"wp","href":"https:\/\/api.w.org\/{rel}","templated":true}]}}