{"id":666,"date":"2019-05-16T08:32:46","date_gmt":"2019-05-16T06:32:46","guid":{"rendered":"https:\/\/www.bbemg.uliege.be\/?page_id=666"},"modified":"2025-07-23T11:56:54","modified_gmt":"2025-07-23T09:56:54","slug":"conferences-passees","status":"publish","type":"page","link":"https:\/\/www.bbemg.uliege.be\/fr\/conferences-passees\/","title":{"rendered":"Conf\u00e9rences pass\u00e9es"},"content":{"rendered":"[vc_row type=\u00a0\u00bbin_container\u00a0\u00bb full_screen_row_position=\u00a0\u00bbmiddle\u00a0\u00bb scene_position=\u00a0\u00bbcenter\u00a0\u00bb text_color=\u00a0\u00bbdark\u00a0\u00bb text_align=\u00a0\u00bbleft\u00a0\u00bb overlay_strength=\u00a0\u00bb0.3&Prime; shape_divider_position=\u00a0\u00bbbottom\u00a0\u00bb bg_image_animation=\u00a0\u00bbnone\u00a0\u00bb][vc_column column_padding=\u00a0\u00bbno-extra-padding\u00a0\u00bb column_padding_position=\u00a0\u00bball\u00a0\u00bb background_color_opacity=\u00a0\u00bb1&Prime; background_hover_color_opacity=\u00a0\u00bb1&Prime; column_link_target=\u00a0\u00bb_self\u00a0\u00bb column_shadow=\u00a0\u00bbnone\u00a0\u00bb column_border_radius=\u00a0\u00bbnone\u00a0\u00bb width=\u00a0\u00bb1\/1&Prime; tablet_width_inherit=\u00a0\u00bbdefault\u00a0\u00bb tablet_text_alignment=\u00a0\u00bbdefault\u00a0\u00bb phone_text_alignment=\u00a0\u00bbdefault\u00a0\u00bb column_border_width=\u00a0\u00bbnone\u00a0\u00bb column_border_style=\u00a0\u00bbsolid\u00a0\u00bb bg_image_animation=\u00a0\u00bbnone\u00a0\u00bb][heading]\n<h1>Conf\u00e9rences pass\u00e9es<\/h1>\n[\/heading][\/vc_column][\/vc_row][vc_row type=\u00a0\u00bbin_container\u00a0\u00bb full_screen_row_position=\u00a0\u00bbmiddle\u00a0\u00bb scene_position=\u00a0\u00bbcenter\u00a0\u00bb text_color=\u00a0\u00bbdark\u00a0\u00bb text_align=\u00a0\u00bbleft\u00a0\u00bb overlay_strength=\u00a0\u00bb0.3&Prime; shape_divider_position=\u00a0\u00bbbottom\u00a0\u00bb bg_image_animation=\u00a0\u00bbnone\u00a0\u00bb][vc_column column_padding=\u00a0\u00bbno-extra-padding\u00a0\u00bb column_padding_position=\u00a0\u00bball\u00a0\u00bb background_color_opacity=\u00a0\u00bb1&Prime; background_hover_color_opacity=\u00a0\u00bb1&Prime; column_link_target=\u00a0\u00bb_self\u00a0\u00bb column_shadow=\u00a0\u00bbnone\u00a0\u00bb column_border_radius=\u00a0\u00bbnone\u00a0\u00bb width=\u00a0\u00bb1\/1&Prime; tablet_width_inherit=\u00a0\u00bbdefault\u00a0\u00bb tablet_text_alignment=\u00a0\u00bbdefault\u00a0\u00bb phone_text_alignment=\u00a0\u00bbdefault\u00a0\u00bb column_border_width=\u00a0\u00bbnone\u00a0\u00bb column_border_style=\u00a0\u00bbsolid\u00a0\u00bb bg_image_animation=\u00a0\u00bbnone\u00a0\u00bb][vc_column_text]\n<div id=\"content-main\">\n<h3><a name=\"anses\"><\/a><strong>15\u00e8me congr\u00e8s national de la radioprotection de la Soci\u00e9t\u00e9 Fran\u00e7aise de RadioProtection (SFRP)<\/strong><\/h3>\n<p><em>La Baule &#8211; Escoublac, France.<\/em><br \/>\nInformation disponible <a href=\"https:\/\/sfrp.asso.fr\/wp-content\/uploads\/2024\/10\/SFRP-Pre-annonce-Congres-National-La-Baule-2025-A5-V4.pdf\">ici<\/a><\/p>\n<h3><a name=\"anses\"><\/a><strong>BioEM Conference<\/strong><\/h3>\n<p><em>Rennes, France.<\/em><br \/>\nInformation disponible <a href=\"https:\/\/bioem.org\/bioem-2025-rennes-france\/\">ici<\/a><\/p>\n<h3><a name=\"anses\"><\/a>Anses &#8211; Agence nationale de s\u00e9curit\u00e9 sanitaire de l\u2019alimentation, de l\u2019environnement et du travail (France)<\/h3>\n<p>Voir la\u00a0<a href=\"https:\/\/www.anses.fr\/fr\/content\/biblioth%C3%A8que-des-pr%C3%A9sentations-des-rencontres-scientifiques\" target=\"_blank\" rel=\"noopener noreferrer\">Biblioth\u00e8que des pr\u00e9sentations des Rencontres Scientifiques<\/a><\/p>\n<h3><a name=\"arimmora2012\"><\/a>Arimmora<\/h3>\n<p><a href=\"http:\/\/arimmora-fp7.eu\/\" target=\"_blank\" rel=\"noopener noreferrer\">http:\/\/arimmora-fp7.eu\/<\/a><\/p>\n<h3>Belgian Society for Occupational Hygiene<\/h3>\n<p><a name=\"bsoh2014\"><\/a>May 9, 2014 &#8211;\u00a0The European Directive 2013\/35\/EU. Brussels, Belgium.<br \/>\nSee <a href=\"https:\/\/drive.google.com\/folderview?id=0B6sCF78Ze9lRRW1EaXdaUUpfYkU&amp;usp=sharing&amp;tid=0B6sCF78Ze9lRdkZOX2RlTUVfalE\" target=\"_blank\" rel=\"noopener noreferrer\">the slides<\/a>.<\/p>\n<h3>The BioElectroMagnetics Society (BEMS)<\/h3>\n<p><a href=\"https:\/\/bems.org\/meetings.html\">https:\/\/bems.org\/meetings.html<\/a><\/p>\n<h3>European BioElectromagnetics Association (EBEA)<\/h3>\n<p><a href=\"http:\/\/www.ebea.org\/category\/meetings\/\" target=\"_blank\" rel=\"noopener noreferrer\">http:\/\/www.ebea.org\/category\/meetings\/<\/a><\/p>\n<h3>The European commission<\/h3>\n<p><a id=\"scenihr2011\" name=\"scenihr2011\"><\/a>November 16-17, 2011 &#8211;\u00a0European Commission, DG Health &amp; Consumers: 2011 International Scientific Conference on EMF and Health. Brussels, Belgium.<br \/>\nInformation available <a href=\"https:\/\/health.ec.europa.eu\/latest-updates\/2011-international-scientific-conference-emf-and-health-brussels-16-17-november-2011-conference-2011-11-11_en\" target=\"_blank\" rel=\"noopener noreferrer\">here<\/a>.<\/p>\n<p><a id=\"ec09\" name=\"ec09\"><\/a>February 11-12, 2009 &#8211;\u00a0The European Commission (DG Health and Consumers and DG Enterprise and Industry): \u00ab\u00a0Workshop on EMF and Health: Science and Policy to address public concerns.\u00a0\u00bb Brussels, Belgium.<br \/>\nInformation available <a href=\"http:\/\/ec.europa.eu\/health\/ph_risk\/documents\/ev_20090211_ag_en.pdf\" target=\"_blank\" rel=\"noopener noreferrer\">here<\/a>.<\/p>\n<h3>Internation Commission on Non-Ionizing Radiation Protection (ICNIRP)<\/h3>\n<p><a href=\"http:\/\/www.icnirp.org\/en\/workshops\/index.html#tab2\" target=\"_blank\" rel=\"noopener noreferrer\">http:\/\/www.icnirp.org\/en\/workshops\/index.html#tab2<\/a><\/p>\n<h3>Progress In Electromagnetics Research Symposium (PIERS)<\/h3>\n<p><a href=\"http:\/\/piers.org\/piers\/\" target=\"_blank\" rel=\"noopener noreferrer\">http:\/\/piers.org\/piers\/<\/a><\/p>\n<h3>Soci\u00e9t\u00e9 Fran\u00e7aise de RadioProtection (SFRP)<\/h3>\n<p><a href=\"https:\/\/sfrp.asso.fr\/manifestations\/\" target=\"_blank\" rel=\"noopener noreferrer\">http:\/\/sfrp.asso.fr\/manifestations\/<\/a><\/p>\n<h3>International Union Of Radio Science (URSI)<\/h3>\n<p><a href=\"http:\/\/www.ursi.org\/homepage.php\" target=\"_blank\" rel=\"noopener noreferrer\">http:\/\/www.ursi.org\/homepage.php<\/a><\/p>\n<h3>WHO<\/h3>\n<p><a href=\"http:\/\/www.who.int\/peh-emf\/meetings\/en\/\" target=\"_blank\" rel=\"noopener noreferrer\">http:\/\/www.who.int\/peh-emf\/meetings\/en\/<\/a><\/p>\n<\/div>\n[\/vc_column_text][\/vc_column][\/vc_row]\n","protected":false},"excerpt":{"rendered":"<p>[vc_row type=\u00a0\u00bbin_container\u00a0\u00bb full_screen_row_position=\u00a0\u00bbmiddle\u00a0\u00bb scene_position=\u00a0\u00bbcenter\u00a0\u00bb text_color=\u00a0\u00bbdark\u00a0\u00bb text_align=\u00a0\u00bbleft\u00a0\u00bb overlay_strength=\u00a0\u00bb0.3&Prime; shape_divider_position=\u00a0\u00bbbottom\u00a0\u00bb bg_image_animation=\u00a0\u00bbnone\u00a0\u00bb][vc_column column_padding=\u00a0\u00bbno-extra-padding\u00a0\u00bb column_padding_position=\u00a0\u00bball\u00a0\u00bb background_color_opacity=\u00a0\u00bb1&Prime; background_hover_color_opacity=\u00a0\u00bb1&Prime; column_link_target=\u00a0\u00bb_self\u00a0\u00bb column_shadow=\u00a0\u00bbnone\u00a0\u00bb column_border_radius=\u00a0\u00bbnone\u00a0\u00bb width=\u00a0\u00bb1\/1&Prime; tablet_width_inherit=\u00a0\u00bbdefault\u00a0\u00bb tablet_text_alignment=\u00a0\u00bbdefault\u00a0\u00bb phone_text_alignment=\u00a0\u00bbdefault\u00a0\u00bb column_border_width=\u00a0\u00bbnone\u00a0\u00bb column_border_style=\u00a0\u00bbsolid\u00a0\u00bb bg_image_animation=\u00a0\u00bbnone\u00a0\u00bb][heading] Conf\u00e9rences pass\u00e9es [\/heading][\/vc_column][\/vc_row][vc_row type=\u00a0\u00bbin_container\u00a0\u00bb full_screen_row_position=\u00a0\u00bbmiddle\u00a0\u00bb scene_position=\u00a0\u00bbcenter\u00a0\u00bb text_color=\u00a0\u00bbdark\u00a0\u00bb&#8230;<\/p>\n","protected":false},"author":1,"featured_media":0,"parent":0,"menu_order":0,"comment_status":"closed","ping_status":"closed","template":"page-sidebar.php","meta":{"footnotes":""},"categories":[],"tags":[],"class_list":["post-666","page","type-page","status-publish"],"yoast_head":"<!-- This site is optimized with the Yoast SEO plugin v27.5 - https:\/\/yoast.com\/product\/yoast-seo-wordpress\/ -->\n<title>Conf\u00e9rences pass\u00e9es - BBEMG - Belgian BioElectroMagnetics Group<\/title>\n<meta name=\"description\" content=\"Un aper\u00e7u des conf\u00e9rences scientifiques pass\u00e9es les plus importantes traitant du sujet des champs \u00e9lectromagn\u00e9tiques de basse fr\u00e9quence.\" \/>\n<meta name=\"robots\" content=\"index, follow, max-snippet:-1, max-image-preview:large, max-video-preview:-1\" \/>\n<link rel=\"canonical\" href=\"https:\/\/www.bbemg.uliege.be\/fr\/conferences-passees\/\" \/>\n<meta property=\"og:locale\" content=\"fr_FR\" \/>\n<meta property=\"og:type\" content=\"article\" \/>\n<meta property=\"og:title\" content=\"Conf\u00e9rences pass\u00e9es - BBEMG - Belgian BioElectroMagnetics Group\" \/>\n<meta property=\"og:description\" content=\"Un aper\u00e7u des conf\u00e9rences scientifiques pass\u00e9es les plus importantes traitant du sujet des champs \u00e9lectromagn\u00e9tiques de basse fr\u00e9quence.\" \/>\n<meta property=\"og:url\" content=\"https:\/\/www.bbemg.uliege.be\/fr\/conferences-passees\/\" \/>\n<meta property=\"og:site_name\" content=\"BBEMG - Belgian BioElectroMagnetics Group\" \/>\n<meta property=\"article:modified_time\" content=\"2025-07-23T09:56:54+00:00\" \/>\n<meta name=\"twitter:card\" content=\"summary_large_image\" \/>\n<meta name=\"twitter:site\" content=\"@bbemg\" \/>\n<meta name=\"twitter:label1\" content=\"Dur\u00e9e de lecture estim\u00e9e\" \/>\n\t<meta name=\"twitter:data1\" content=\"1 minute\" \/>\n<script type=\"application\/ld+json\" class=\"yoast-schema-graph\">{\"@context\":\"https:\\\/\\\/schema.org\",\"@graph\":[{\"@type\":\"WebPage\",\"@id\":\"https:\\\/\\\/www.bbemg.uliege.be\\\/fr\\\/conferences-passees\\\/\",\"url\":\"https:\\\/\\\/www.bbemg.uliege.be\\\/fr\\\/conferences-passees\\\/\",\"name\":\"Conf\u00e9rences pass\u00e9es - BBEMG - Belgian BioElectroMagnetics Group\",\"isPartOf\":{\"@id\":\"https:\\\/\\\/www.bbemg.uliege.be\\\/fr\\\/#website\"},\"datePublished\":\"2019-05-16T06:32:46+00:00\",\"dateModified\":\"2025-07-23T09:56:54+00:00\",\"description\":\"Un aper\u00e7u des conf\u00e9rences scientifiques pass\u00e9es les plus importantes traitant du sujet des champs \u00e9lectromagn\u00e9tiques de basse fr\u00e9quence.\",\"breadcrumb\":{\"@id\":\"https:\\\/\\\/www.bbemg.uliege.be\\\/fr\\\/conferences-passees\\\/#breadcrumb\"},\"inLanguage\":\"fr-FR\",\"potentialAction\":[{\"@type\":\"ReadAction\",\"target\":[\"https:\\\/\\\/www.bbemg.uliege.be\\\/fr\\\/conferences-passees\\\/\"]}]},{\"@type\":\"BreadcrumbList\",\"@id\":\"https:\\\/\\\/www.bbemg.uliege.be\\\/fr\\\/conferences-passees\\\/#breadcrumb\",\"itemListElement\":[{\"@type\":\"ListItem\",\"position\":1,\"name\":\"Accueil\",\"item\":\"https:\\\/\\\/www.bbemg.uliege.be\\\/fr\\\/\"},{\"@type\":\"ListItem\",\"position\":2,\"name\":\"Conf\u00e9rences pass\u00e9es\"}]},{\"@type\":\"WebSite\",\"@id\":\"https:\\\/\\\/www.bbemg.uliege.be\\\/fr\\\/#website\",\"url\":\"https:\\\/\\\/www.bbemg.uliege.be\\\/fr\\\/\",\"name\":\"BBEMG - Belgian BioElectroMagnetics Group\",\"description\":\"Analyse des effets biom\u00e9dicaux des champs \u00e9lectriques dans notre vie quotidienne\",\"publisher\":{\"@id\":\"https:\\\/\\\/www.bbemg.uliege.be\\\/fr\\\/#organization\"},\"potentialAction\":[{\"@type\":\"SearchAction\",\"target\":{\"@type\":\"EntryPoint\",\"urlTemplate\":\"https:\\\/\\\/www.bbemg.uliege.be\\\/fr\\\/?s={search_term_string}\"},\"query-input\":{\"@type\":\"PropertyValueSpecification\",\"valueRequired\":true,\"valueName\":\"search_term_string\"}}],\"inLanguage\":\"fr-FR\"},{\"@type\":\"Organization\",\"@id\":\"https:\\\/\\\/www.bbemg.uliege.be\\\/fr\\\/#organization\",\"name\":\"BBEMG\",\"url\":\"https:\\\/\\\/www.bbemg.uliege.be\\\/fr\\\/\",\"logo\":{\"@type\":\"ImageObject\",\"inLanguage\":\"fr-FR\",\"@id\":\"https:\\\/\\\/www.bbemg.uliege.be\\\/fr\\\/#\\\/schema\\\/logo\\\/image\\\/\",\"url\":\"https:\\\/\\\/www.bbemg.uliege.be\\\/wp-content\\\/uploads\\\/2019\\\/05\\\/bbemg-logo-crop.png\",\"contentUrl\":\"https:\\\/\\\/www.bbemg.uliege.be\\\/wp-content\\\/uploads\\\/2019\\\/05\\\/bbemg-logo-crop.png\",\"width\":\"560\",\"height\":\"222\",\"caption\":\"BBEMG\"},\"image\":{\"@id\":\"https:\\\/\\\/www.bbemg.uliege.be\\\/fr\\\/#\\\/schema\\\/logo\\\/image\\\/\"},\"sameAs\":[\"https:\\\/\\\/x.com\\\/bbemg\"]}]}<\/script>\n<!-- \/ Yoast SEO plugin. -->","yoast_head_json":{"title":"Conf\u00e9rences pass\u00e9es - BBEMG - Belgian BioElectroMagnetics Group","description":"Un aper\u00e7u des conf\u00e9rences scientifiques pass\u00e9es les plus importantes traitant du sujet des champs \u00e9lectromagn\u00e9tiques de basse fr\u00e9quence.","robots":{"index":"index","follow":"follow","max-snippet":"max-snippet:-1","max-image-preview":"max-image-preview:large","max-video-preview":"max-video-preview:-1"},"canonical":"https:\/\/www.bbemg.uliege.be\/fr\/conferences-passees\/","og_locale":"fr_FR","og_type":"article","og_title":"Conf\u00e9rences pass\u00e9es - BBEMG - Belgian BioElectroMagnetics Group","og_description":"Un aper\u00e7u des conf\u00e9rences scientifiques pass\u00e9es les plus importantes traitant du sujet des champs \u00e9lectromagn\u00e9tiques de basse fr\u00e9quence.","og_url":"https:\/\/www.bbemg.uliege.be\/fr\/conferences-passees\/","og_site_name":"BBEMG - Belgian BioElectroMagnetics Group","article_modified_time":"2025-07-23T09:56:54+00:00","twitter_card":"summary_large_image","twitter_site":"@bbemg","twitter_misc":{"Dur\u00e9e de lecture estim\u00e9e":"1 minute"},"schema":{"@context":"https:\/\/schema.org","@graph":[{"@type":"WebPage","@id":"https:\/\/www.bbemg.uliege.be\/fr\/conferences-passees\/","url":"https:\/\/www.bbemg.uliege.be\/fr\/conferences-passees\/","name":"Conf\u00e9rences pass\u00e9es - BBEMG - Belgian BioElectroMagnetics Group","isPartOf":{"@id":"https:\/\/www.bbemg.uliege.be\/fr\/#website"},"datePublished":"2019-05-16T06:32:46+00:00","dateModified":"2025-07-23T09:56:54+00:00","description":"Un aper\u00e7u des conf\u00e9rences scientifiques pass\u00e9es les plus importantes traitant du sujet des champs \u00e9lectromagn\u00e9tiques de basse fr\u00e9quence.","breadcrumb":{"@id":"https:\/\/www.bbemg.uliege.be\/fr\/conferences-passees\/#breadcrumb"},"inLanguage":"fr-FR","potentialAction":[{"@type":"ReadAction","target":["https:\/\/www.bbemg.uliege.be\/fr\/conferences-passees\/"]}]},{"@type":"BreadcrumbList","@id":"https:\/\/www.bbemg.uliege.be\/fr\/conferences-passees\/#breadcrumb","itemListElement":[{"@type":"ListItem","position":1,"name":"Accueil","item":"https:\/\/www.bbemg.uliege.be\/fr\/"},{"@type":"ListItem","position":2,"name":"Conf\u00e9rences pass\u00e9es"}]},{"@type":"WebSite","@id":"https:\/\/www.bbemg.uliege.be\/fr\/#website","url":"https:\/\/www.bbemg.uliege.be\/fr\/","name":"BBEMG - Belgian BioElectroMagnetics Group","description":"Analyse des effets biom\u00e9dicaux des champs \u00e9lectriques dans notre vie quotidienne","publisher":{"@id":"https:\/\/www.bbemg.uliege.be\/fr\/#organization"},"potentialAction":[{"@type":"SearchAction","target":{"@type":"EntryPoint","urlTemplate":"https:\/\/www.bbemg.uliege.be\/fr\/?s={search_term_string}"},"query-input":{"@type":"PropertyValueSpecification","valueRequired":true,"valueName":"search_term_string"}}],"inLanguage":"fr-FR"},{"@type":"Organization","@id":"https:\/\/www.bbemg.uliege.be\/fr\/#organization","name":"BBEMG","url":"https:\/\/www.bbemg.uliege.be\/fr\/","logo":{"@type":"ImageObject","inLanguage":"fr-FR","@id":"https:\/\/www.bbemg.uliege.be\/fr\/#\/schema\/logo\/image\/","url":"https:\/\/www.bbemg.uliege.be\/wp-content\/uploads\/2019\/05\/bbemg-logo-crop.png","contentUrl":"https:\/\/www.bbemg.uliege.be\/wp-content\/uploads\/2019\/05\/bbemg-logo-crop.png","width":"560","height":"222","caption":"BBEMG"},"image":{"@id":"https:\/\/www.bbemg.uliege.be\/fr\/#\/schema\/logo\/image\/"},"sameAs":["https:\/\/x.com\/bbemg"]}]}},"_links":{"self":[{"href":"https:\/\/www.bbemg.uliege.be\/fr\/wp-json\/wp\/v2\/pages\/666","targetHints":{"allow":["GET"]}}],"collection":[{"href":"https:\/\/www.bbemg.uliege.be\/fr\/wp-json\/wp\/v2\/pages"}],"about":[{"href":"https:\/\/www.bbemg.uliege.be\/fr\/wp-json\/wp\/v2\/types\/page"}],"author":[{"embeddable":true,"href":"https:\/\/www.bbemg.uliege.be\/fr\/wp-json\/wp\/v2\/users\/1"}],"replies":[{"embeddable":true,"href":"https:\/\/www.bbemg.uliege.be\/fr\/wp-json\/wp\/v2\/comments?post=666"}],"version-history":[{"count":5,"href":"https:\/\/www.bbemg.uliege.be\/fr\/wp-json\/wp\/v2\/pages\/666\/revisions"}],"predecessor-version":[{"id":8546,"href":"https:\/\/www.bbemg.uliege.be\/fr\/wp-json\/wp\/v2\/pages\/666\/revisions\/8546"}],"wp:attachment":[{"href":"https:\/\/www.bbemg.uliege.be\/fr\/wp-json\/wp\/v2\/media?parent=666"}],"wp:term":[{"taxonomy":"category","embeddable":true,"href":"https:\/\/www.bbemg.uliege.be\/fr\/wp-json\/wp\/v2\/categories?post=666"},{"taxonomy":"post_tag","embeddable":true,"href":"https:\/\/www.bbemg.uliege.be\/fr\/wp-json\/wp\/v2\/tags?post=666"}],"curies":[{"name":"wp","href":"https:\/\/api.w.org\/{rel}","templated":true}]}}