{"id":674,"date":"2019-05-16T08:56:37","date_gmt":"2019-05-16T06:56:37","guid":{"rendered":"https:\/\/www.bbemg.uliege.be\/?page_id=674"},"modified":"2020-11-06T10:43:25","modified_gmt":"2020-11-06T09:43:25","slug":"base-de-donnees-femu-emf-portal","status":"publish","type":"page","link":"https:\/\/www.bbemg.uliege.be\/fr\/base-de-donnees-femu-emf-portal\/","title":{"rendered":"Base de donn\u00e9es du FEMU (EMF portal)"},"content":{"rendered":"[vc_row type=\u00a0\u00bbin_container\u00a0\u00bb full_screen_row_position=\u00a0\u00bbmiddle\u00a0\u00bb scene_position=\u00a0\u00bbcenter\u00a0\u00bb text_color=\u00a0\u00bbdark\u00a0\u00bb text_align=\u00a0\u00bbleft\u00a0\u00bb overlay_strength=\u00a0\u00bb0.3&Prime; shape_divider_position=\u00a0\u00bbbottom\u00a0\u00bb bg_image_animation=\u00a0\u00bbnone\u00a0\u00bb][vc_column column_padding=\u00a0\u00bbno-extra-padding\u00a0\u00bb column_padding_position=\u00a0\u00bball\u00a0\u00bb background_color_opacity=\u00a0\u00bb1&Prime; background_hover_color_opacity=\u00a0\u00bb1&Prime; column_link_target=\u00a0\u00bb_self\u00a0\u00bb column_shadow=\u00a0\u00bbnone\u00a0\u00bb column_border_radius=\u00a0\u00bbnone\u00a0\u00bb width=\u00a0\u00bb1\/1&Prime; tablet_width_inherit=\u00a0\u00bbdefault\u00a0\u00bb tablet_text_alignment=\u00a0\u00bbdefault\u00a0\u00bb phone_text_alignment=\u00a0\u00bbdefault\u00a0\u00bb column_border_width=\u00a0\u00bbnone\u00a0\u00bb column_border_style=\u00a0\u00bbsolid\u00a0\u00bb bg_image_animation=\u00a0\u00bbnone\u00a0\u00bb][heading]\n<h1>Base de donn\u00e9es du FEMU (EMF portal)<\/h1>\n[\/heading][\/vc_column][\/vc_row][vc_row type=\u00a0\u00bbin_container\u00a0\u00bb full_screen_row_position=\u00a0\u00bbmiddle\u00a0\u00bb scene_position=\u00a0\u00bbcenter\u00a0\u00bb text_color=\u00a0\u00bbdark\u00a0\u00bb text_align=\u00a0\u00bbleft\u00a0\u00bb overlay_strength=\u00a0\u00bb0.3&Prime; shape_divider_position=\u00a0\u00bbbottom\u00a0\u00bb bg_image_animation=\u00a0\u00bbnone\u00a0\u00bb][vc_column column_padding=\u00a0\u00bbno-extra-padding\u00a0\u00bb column_padding_position=\u00a0\u00bball\u00a0\u00bb background_color_opacity=\u00a0\u00bb1&Prime; background_hover_color_opacity=\u00a0\u00bb1&Prime; column_link_target=\u00a0\u00bb_self\u00a0\u00bb column_shadow=\u00a0\u00bbnone\u00a0\u00bb column_border_radius=\u00a0\u00bbnone\u00a0\u00bb width=\u00a0\u00bb1\/1&Prime; tablet_width_inherit=\u00a0\u00bbdefault\u00a0\u00bb tablet_text_alignment=\u00a0\u00bbdefault\u00a0\u00bb phone_text_alignment=\u00a0\u00bbdefault\u00a0\u00bb column_border_width=\u00a0\u00bbnone\u00a0\u00bb column_border_style=\u00a0\u00bbsolid\u00a0\u00bb bg_image_animation=\u00a0\u00bbnone\u00a0\u00bb][vc_column_text]Depuis quelques ann\u00e9es, le <a href=\"http:\/\/www.femu.rwth-aachen.de\/\" target=\"_blank\" rel=\"noopener noreferrer\">FEMU<\/a> (<strong>F<\/strong>orschungszentrum f\u00fcr <strong>E<\/strong>lektro- <strong>M<\/strong>agnetische <strong>U<\/strong>mweltvertr\u00e4glichkeit), un centre de recherche allemand sur les interactions bio\u00e9lectromagn\u00e9tiques, tient \u00e0 jour une base de donn\u00e9e d&rsquo;articles scientifiques centr\u00e9s sur les effets sanitaires potentiels des champs \u00e9lectromagn\u00e9tiques.<\/p>\n<p>Nous vous conseillons vivement de visiter leur portail : <a href=\"http:\/\/www.emf-portal.de\/_index.php?l=e\" target=\"_blank\" rel=\"noopener noreferrer\">EMF-portal<\/a>.<\/p>\n<p>Pour faire une recherche :\u00a0<a href=\"http:\/\/www.emf-portal.de\/suche.php?l=e&amp;sform=8\" target=\"_blank\" rel=\"noopener noreferrer\">http:\/\/www.emf-portal.de\/suche.php?l=e&amp;sform=8<\/a>[\/vc_column_text][\/vc_column][\/vc_row]\n","protected":false},"excerpt":{"rendered":"<p>[vc_row type=\u00a0\u00bbin_container\u00a0\u00bb full_screen_row_position=\u00a0\u00bbmiddle\u00a0\u00bb scene_position=\u00a0\u00bbcenter\u00a0\u00bb text_color=\u00a0\u00bbdark\u00a0\u00bb text_align=\u00a0\u00bbleft\u00a0\u00bb overlay_strength=\u00a0\u00bb0.3&Prime; shape_divider_position=\u00a0\u00bbbottom\u00a0\u00bb bg_image_animation=\u00a0\u00bbnone\u00a0\u00bb][vc_column column_padding=\u00a0\u00bbno-extra-padding\u00a0\u00bb column_padding_position=\u00a0\u00bball\u00a0\u00bb background_color_opacity=\u00a0\u00bb1&Prime; background_hover_color_opacity=\u00a0\u00bb1&Prime; column_link_target=\u00a0\u00bb_self\u00a0\u00bb column_shadow=\u00a0\u00bbnone\u00a0\u00bb column_border_radius=\u00a0\u00bbnone\u00a0\u00bb width=\u00a0\u00bb1\/1&Prime; tablet_width_inherit=\u00a0\u00bbdefault\u00a0\u00bb tablet_text_alignment=\u00a0\u00bbdefault\u00a0\u00bb phone_text_alignment=\u00a0\u00bbdefault\u00a0\u00bb column_border_width=\u00a0\u00bbnone\u00a0\u00bb column_border_style=\u00a0\u00bbsolid\u00a0\u00bb bg_image_animation=\u00a0\u00bbnone\u00a0\u00bb][heading] Base de donn\u00e9es du FEMU (EMF portal)&#8230;<\/p>\n","protected":false},"author":1,"featured_media":0,"parent":0,"menu_order":0,"comment_status":"closed","ping_status":"closed","template":"page-sidebar.php","meta":{"footnotes":""},"categories":[],"tags":[],"class_list":["post-674","page","type-page","status-publish"],"yoast_head":"<!-- This site is optimized with the Yoast SEO plugin v27.6 - https:\/\/yoast.com\/product\/yoast-seo-wordpress\/ -->\n<title>Base de donn\u00e9es du FEMU (EMF portal) - BBEMG - Belgian BioElectroMagnetics Group<\/title>\n<meta name=\"description\" content=\"Acc\u00e8s \u00e0 la base de donn\u00e9es d&#039;articles scientifiques sur les effets possibles des champs \u00e9lectromagn\u00e9tiques sur la sant\u00e9.(FEMU, Universit\u00e9 de Aachen)\" \/>\n<meta name=\"robots\" content=\"index, follow, max-snippet:-1, max-image-preview:large, max-video-preview:-1\" \/>\n<link rel=\"canonical\" href=\"https:\/\/www.bbemg.uliege.be\/fr\/base-de-donnees-femu-emf-portal\/\" \/>\n<meta property=\"og:locale\" content=\"fr_FR\" \/>\n<meta property=\"og:type\" content=\"article\" \/>\n<meta property=\"og:title\" content=\"Base de donn\u00e9es du FEMU (EMF portal) - BBEMG - Belgian BioElectroMagnetics Group\" \/>\n<meta property=\"og:description\" content=\"Acc\u00e8s \u00e0 la base de donn\u00e9es d&#039;articles scientifiques sur les effets possibles des champs \u00e9lectromagn\u00e9tiques sur la sant\u00e9.(FEMU, Universit\u00e9 de Aachen)\" \/>\n<meta property=\"og:url\" content=\"https:\/\/www.bbemg.uliege.be\/fr\/base-de-donnees-femu-emf-portal\/\" \/>\n<meta property=\"og:site_name\" content=\"BBEMG - Belgian BioElectroMagnetics Group\" \/>\n<meta property=\"article:modified_time\" content=\"2020-11-06T09:43:25+00:00\" \/>\n<meta name=\"twitter:card\" content=\"summary_large_image\" \/>\n<meta name=\"twitter:site\" content=\"@bbemg\" \/>\n<meta name=\"twitter:label1\" content=\"Dur\u00e9e de lecture estim\u00e9e\" \/>\n\t<meta name=\"twitter:data1\" content=\"1 minute\" \/>\n<script type=\"application\/ld+json\" class=\"yoast-schema-graph\">{\"@context\":\"https:\\\/\\\/schema.org\",\"@graph\":[{\"@type\":\"WebPage\",\"@id\":\"https:\\\/\\\/www.bbemg.uliege.be\\\/fr\\\/base-de-donnees-femu-emf-portal\\\/\",\"url\":\"https:\\\/\\\/www.bbemg.uliege.be\\\/fr\\\/base-de-donnees-femu-emf-portal\\\/\",\"name\":\"Base de donn\u00e9es du FEMU (EMF portal) - BBEMG - Belgian BioElectroMagnetics Group\",\"isPartOf\":{\"@id\":\"https:\\\/\\\/www.bbemg.uliege.be\\\/fr\\\/#website\"},\"datePublished\":\"2019-05-16T06:56:37+00:00\",\"dateModified\":\"2020-11-06T09:43:25+00:00\",\"description\":\"Acc\u00e8s \u00e0 la base de donn\u00e9es d'articles scientifiques sur les effets possibles des champs \u00e9lectromagn\u00e9tiques sur la sant\u00e9.(FEMU, Universit\u00e9 de Aachen)\",\"breadcrumb\":{\"@id\":\"https:\\\/\\\/www.bbemg.uliege.be\\\/fr\\\/base-de-donnees-femu-emf-portal\\\/#breadcrumb\"},\"inLanguage\":\"fr-FR\",\"potentialAction\":[{\"@type\":\"ReadAction\",\"target\":[\"https:\\\/\\\/www.bbemg.uliege.be\\\/fr\\\/base-de-donnees-femu-emf-portal\\\/\"]}]},{\"@type\":\"BreadcrumbList\",\"@id\":\"https:\\\/\\\/www.bbemg.uliege.be\\\/fr\\\/base-de-donnees-femu-emf-portal\\\/#breadcrumb\",\"itemListElement\":[{\"@type\":\"ListItem\",\"position\":1,\"name\":\"Accueil\",\"item\":\"https:\\\/\\\/www.bbemg.uliege.be\\\/fr\\\/\"},{\"@type\":\"ListItem\",\"position\":2,\"name\":\"Base de donn\u00e9es du FEMU (EMF portal)\"}]},{\"@type\":\"WebSite\",\"@id\":\"https:\\\/\\\/www.bbemg.uliege.be\\\/fr\\\/#website\",\"url\":\"https:\\\/\\\/www.bbemg.uliege.be\\\/fr\\\/\",\"name\":\"BBEMG - Belgian BioElectroMagnetics Group\",\"description\":\"Analyse des effets biom\u00e9dicaux des champs \u00e9lectriques dans notre vie quotidienne\",\"publisher\":{\"@id\":\"https:\\\/\\\/www.bbemg.uliege.be\\\/fr\\\/#organization\"},\"potentialAction\":[{\"@type\":\"SearchAction\",\"target\":{\"@type\":\"EntryPoint\",\"urlTemplate\":\"https:\\\/\\\/www.bbemg.uliege.be\\\/fr\\\/?s={search_term_string}\"},\"query-input\":{\"@type\":\"PropertyValueSpecification\",\"valueRequired\":true,\"valueName\":\"search_term_string\"}}],\"inLanguage\":\"fr-FR\"},{\"@type\":\"Organization\",\"@id\":\"https:\\\/\\\/www.bbemg.uliege.be\\\/fr\\\/#organization\",\"name\":\"BBEMG\",\"url\":\"https:\\\/\\\/www.bbemg.uliege.be\\\/fr\\\/\",\"logo\":{\"@type\":\"ImageObject\",\"inLanguage\":\"fr-FR\",\"@id\":\"https:\\\/\\\/www.bbemg.uliege.be\\\/fr\\\/#\\\/schema\\\/logo\\\/image\\\/\",\"url\":\"https:\\\/\\\/www.bbemg.uliege.be\\\/wp-content\\\/uploads\\\/2019\\\/05\\\/bbemg-logo-crop.png\",\"contentUrl\":\"https:\\\/\\\/www.bbemg.uliege.be\\\/wp-content\\\/uploads\\\/2019\\\/05\\\/bbemg-logo-crop.png\",\"width\":\"560\",\"height\":\"222\",\"caption\":\"BBEMG\"},\"image\":{\"@id\":\"https:\\\/\\\/www.bbemg.uliege.be\\\/fr\\\/#\\\/schema\\\/logo\\\/image\\\/\"},\"sameAs\":[\"https:\\\/\\\/x.com\\\/bbemg\"]}]}<\/script>\n<!-- \/ Yoast SEO plugin. -->","yoast_head_json":{"title":"Base de donn\u00e9es du FEMU (EMF portal) - BBEMG - Belgian BioElectroMagnetics Group","description":"Acc\u00e8s \u00e0 la base de donn\u00e9es d'articles scientifiques sur les effets possibles des champs \u00e9lectromagn\u00e9tiques sur la sant\u00e9.(FEMU, Universit\u00e9 de Aachen)","robots":{"index":"index","follow":"follow","max-snippet":"max-snippet:-1","max-image-preview":"max-image-preview:large","max-video-preview":"max-video-preview:-1"},"canonical":"https:\/\/www.bbemg.uliege.be\/fr\/base-de-donnees-femu-emf-portal\/","og_locale":"fr_FR","og_type":"article","og_title":"Base de donn\u00e9es du FEMU (EMF portal) - BBEMG - Belgian BioElectroMagnetics Group","og_description":"Acc\u00e8s \u00e0 la base de donn\u00e9es d'articles scientifiques sur les effets possibles des champs \u00e9lectromagn\u00e9tiques sur la sant\u00e9.(FEMU, Universit\u00e9 de Aachen)","og_url":"https:\/\/www.bbemg.uliege.be\/fr\/base-de-donnees-femu-emf-portal\/","og_site_name":"BBEMG - Belgian BioElectroMagnetics Group","article_modified_time":"2020-11-06T09:43:25+00:00","twitter_card":"summary_large_image","twitter_site":"@bbemg","twitter_misc":{"Dur\u00e9e de lecture estim\u00e9e":"1 minute"},"schema":{"@context":"https:\/\/schema.org","@graph":[{"@type":"WebPage","@id":"https:\/\/www.bbemg.uliege.be\/fr\/base-de-donnees-femu-emf-portal\/","url":"https:\/\/www.bbemg.uliege.be\/fr\/base-de-donnees-femu-emf-portal\/","name":"Base de donn\u00e9es du FEMU (EMF portal) - BBEMG - Belgian BioElectroMagnetics Group","isPartOf":{"@id":"https:\/\/www.bbemg.uliege.be\/fr\/#website"},"datePublished":"2019-05-16T06:56:37+00:00","dateModified":"2020-11-06T09:43:25+00:00","description":"Acc\u00e8s \u00e0 la base de donn\u00e9es d'articles scientifiques sur les effets possibles des champs \u00e9lectromagn\u00e9tiques sur la sant\u00e9.(FEMU, Universit\u00e9 de Aachen)","breadcrumb":{"@id":"https:\/\/www.bbemg.uliege.be\/fr\/base-de-donnees-femu-emf-portal\/#breadcrumb"},"inLanguage":"fr-FR","potentialAction":[{"@type":"ReadAction","target":["https:\/\/www.bbemg.uliege.be\/fr\/base-de-donnees-femu-emf-portal\/"]}]},{"@type":"BreadcrumbList","@id":"https:\/\/www.bbemg.uliege.be\/fr\/base-de-donnees-femu-emf-portal\/#breadcrumb","itemListElement":[{"@type":"ListItem","position":1,"name":"Accueil","item":"https:\/\/www.bbemg.uliege.be\/fr\/"},{"@type":"ListItem","position":2,"name":"Base de donn\u00e9es du FEMU (EMF portal)"}]},{"@type":"WebSite","@id":"https:\/\/www.bbemg.uliege.be\/fr\/#website","url":"https:\/\/www.bbemg.uliege.be\/fr\/","name":"BBEMG - Belgian BioElectroMagnetics Group","description":"Analyse des effets biom\u00e9dicaux des champs \u00e9lectriques dans notre vie quotidienne","publisher":{"@id":"https:\/\/www.bbemg.uliege.be\/fr\/#organization"},"potentialAction":[{"@type":"SearchAction","target":{"@type":"EntryPoint","urlTemplate":"https:\/\/www.bbemg.uliege.be\/fr\/?s={search_term_string}"},"query-input":{"@type":"PropertyValueSpecification","valueRequired":true,"valueName":"search_term_string"}}],"inLanguage":"fr-FR"},{"@type":"Organization","@id":"https:\/\/www.bbemg.uliege.be\/fr\/#organization","name":"BBEMG","url":"https:\/\/www.bbemg.uliege.be\/fr\/","logo":{"@type":"ImageObject","inLanguage":"fr-FR","@id":"https:\/\/www.bbemg.uliege.be\/fr\/#\/schema\/logo\/image\/","url":"https:\/\/www.bbemg.uliege.be\/wp-content\/uploads\/2019\/05\/bbemg-logo-crop.png","contentUrl":"https:\/\/www.bbemg.uliege.be\/wp-content\/uploads\/2019\/05\/bbemg-logo-crop.png","width":"560","height":"222","caption":"BBEMG"},"image":{"@id":"https:\/\/www.bbemg.uliege.be\/fr\/#\/schema\/logo\/image\/"},"sameAs":["https:\/\/x.com\/bbemg"]}]}},"_links":{"self":[{"href":"https:\/\/www.bbemg.uliege.be\/fr\/wp-json\/wp\/v2\/pages\/674","targetHints":{"allow":["GET"]}}],"collection":[{"href":"https:\/\/www.bbemg.uliege.be\/fr\/wp-json\/wp\/v2\/pages"}],"about":[{"href":"https:\/\/www.bbemg.uliege.be\/fr\/wp-json\/wp\/v2\/types\/page"}],"author":[{"embeddable":true,"href":"https:\/\/www.bbemg.uliege.be\/fr\/wp-json\/wp\/v2\/users\/1"}],"replies":[{"embeddable":true,"href":"https:\/\/www.bbemg.uliege.be\/fr\/wp-json\/wp\/v2\/comments?post=674"}],"version-history":[{"count":2,"href":"https:\/\/www.bbemg.uliege.be\/fr\/wp-json\/wp\/v2\/pages\/674\/revisions"}],"predecessor-version":[{"id":4269,"href":"https:\/\/www.bbemg.uliege.be\/fr\/wp-json\/wp\/v2\/pages\/674\/revisions\/4269"}],"wp:attachment":[{"href":"https:\/\/www.bbemg.uliege.be\/fr\/wp-json\/wp\/v2\/media?parent=674"}],"wp:term":[{"taxonomy":"category","embeddable":true,"href":"https:\/\/www.bbemg.uliege.be\/fr\/wp-json\/wp\/v2\/categories?post=674"},{"taxonomy":"post_tag","embeddable":true,"href":"https:\/\/www.bbemg.uliege.be\/fr\/wp-json\/wp\/v2\/tags?post=674"}],"curies":[{"name":"wp","href":"https:\/\/api.w.org\/{rel}","templated":true}]}}