{"id":68,"date":"2019-05-12T18:53:21","date_gmt":"2019-05-12T16:53:21","guid":{"rendered":"https:\/\/www.bbemg.uliege.be\/?page_id=68"},"modified":"2020-11-06T10:25:48","modified_gmt":"2020-11-06T09:25:48","slug":"analyses-sanguines-dans-electrosensibilite","status":"publish","type":"page","link":"https:\/\/www.bbemg.uliege.be\/fr\/analyses-sanguines-dans-electrosensibilite\/","title":{"rendered":"Analyses sanguines dans l&rsquo;\u00e9lectrosensibilit\u00e9"},"content":{"rendered":"[vc_row type=\u00a0\u00bbin_container\u00a0\u00bb full_screen_row_position=\u00a0\u00bbmiddle\u00a0\u00bb scene_position=\u00a0\u00bbcenter\u00a0\u00bb text_color=\u00a0\u00bbdark\u00a0\u00bb text_align=\u00a0\u00bbleft\u00a0\u00bb overlay_strength=\u00a0\u00bb0.3&Prime; shape_divider_position=\u00a0\u00bbbottom\u00a0\u00bb bg_image_animation=\u00a0\u00bbnone\u00a0\u00bb][vc_column column_padding=\u00a0\u00bbno-extra-padding\u00a0\u00bb column_padding_position=\u00a0\u00bball\u00a0\u00bb background_color_opacity=\u00a0\u00bb1&Prime; background_hover_color_opacity=\u00a0\u00bb1&Prime; column_link_target=\u00a0\u00bb_self\u00a0\u00bb column_shadow=\u00a0\u00bbnone\u00a0\u00bb column_border_radius=\u00a0\u00bbnone\u00a0\u00bb width=\u00a0\u00bb1\/1&Prime; tablet_width_inherit=\u00a0\u00bbdefault\u00a0\u00bb tablet_text_alignment=\u00a0\u00bbdefault\u00a0\u00bb phone_text_alignment=\u00a0\u00bbdefault\u00a0\u00bb column_border_width=\u00a0\u00bbnone\u00a0\u00bb column_border_style=\u00a0\u00bbsolid\u00a0\u00bb bg_image_animation=\u00a0\u00bbnone\u00a0\u00bb][heading]\n<h1>Analyses sanguines dans l&rsquo;\u00e9lectrosensibilit\u00e9 (2005-2009)<\/h1>\n[\/heading][\/vc_column][\/vc_row][vc_row type=\u00a0\u00bbin_container\u00a0\u00bb full_screen_row_position=\u00a0\u00bbmiddle\u00a0\u00bb scene_position=\u00a0\u00bbcenter\u00a0\u00bb text_color=\u00a0\u00bbdark\u00a0\u00bb text_align=\u00a0\u00bbleft\u00a0\u00bb overlay_strength=\u00a0\u00bb0.3&Prime; shape_divider_position=\u00a0\u00bbbottom\u00a0\u00bb bg_image_animation=\u00a0\u00bbnone\u00a0\u00bb shape_type=\u00a0\u00bb\u00a0\u00bb][vc_column column_padding=\u00a0\u00bbno-extra-padding\u00a0\u00bb column_padding_position=\u00a0\u00bball\u00a0\u00bb background_color_opacity=\u00a0\u00bb1&Prime; background_hover_color_opacity=\u00a0\u00bb1&Prime; column_link_target=\u00a0\u00bb_self\u00a0\u00bb column_shadow=\u00a0\u00bbnone\u00a0\u00bb column_border_radius=\u00a0\u00bbnone\u00a0\u00bb width=\u00a0\u00bb1\/2&Prime; tablet_width_inherit=\u00a0\u00bbdefault\u00a0\u00bb tablet_text_alignment=\u00a0\u00bbdefault\u00a0\u00bb phone_text_alignment=\u00a0\u00bbdefault\u00a0\u00bb column_border_width=\u00a0\u00bbnone\u00a0\u00bb column_border_style=\u00a0\u00bbsolid\u00a0\u00bb bg_image_animation=\u00a0\u00bbnone\u00a0\u00bb offset=\u00a0\u00bbvc_col-lg-offset-3 vc_col-lg-3 vc_col-md-offset-3 vc_col-md-3&Prime;][image_with_animation image_url=\u00a0\u00bb130&Prime; alignment=\u00a0\u00bb\u00a0\u00bb animation=\u00a0\u00bbNone\u00a0\u00bb img_link_target=\u00a0\u00bb_blank\u00a0\u00bb border_radius=\u00a0\u00bbnone\u00a0\u00bb box_shadow=\u00a0\u00bbnone\u00a0\u00bb max_width=\u00a0\u00bb100%\u00a0\u00bb img_link=\u00a0\u00bbhttp:\/\/www.ulg.ac.be\/\u00a0\u00bb][\/vc_column][vc_column column_padding=\u00a0\u00bbno-extra-padding\u00a0\u00bb column_padding_position=\u00a0\u00bball\u00a0\u00bb background_color_opacity=\u00a0\u00bb1&Prime; background_hover_color_opacity=\u00a0\u00bb1&Prime; column_link_target=\u00a0\u00bb_self\u00a0\u00bb column_shadow=\u00a0\u00bbnone\u00a0\u00bb column_border_radius=\u00a0\u00bbnone\u00a0\u00bb width=\u00a0\u00bb1\/2&Prime; tablet_width_inherit=\u00a0\u00bbdefault\u00a0\u00bb tablet_text_alignment=\u00a0\u00bbdefault\u00a0\u00bb phone_text_alignment=\u00a0\u00bbdefault\u00a0\u00bb column_border_width=\u00a0\u00bbnone\u00a0\u00bb column_border_style=\u00a0\u00bbsolid\u00a0\u00bb bg_image_animation=\u00a0\u00bbnone\u00a0\u00bb offset=\u00a0\u00bbvc_col-lg-3 vc_col-md-3&Prime;][vc_column_text]\n<p style=\"text-align: center;\">VITO<br \/>\n<strong>Milieu toxicologie<\/strong><br \/>\nMol, Belgi\u00eb<\/p>\n[\/vc_column_text][\/vc_column][\/vc_row][vc_row type=\u00a0\u00bbin_container\u00a0\u00bb full_screen_row_position=\u00a0\u00bbmiddle\u00a0\u00bb scene_position=\u00a0\u00bbcenter\u00a0\u00bb text_color=\u00a0\u00bbdark\u00a0\u00bb text_align=\u00a0\u00bbleft\u00a0\u00bb overlay_strength=\u00a0\u00bb0.3&Prime; shape_divider_position=\u00a0\u00bbbottom\u00a0\u00bb bg_image_animation=\u00a0\u00bbnone\u00a0\u00bb][vc_column column_padding=\u00a0\u00bbno-extra-padding\u00a0\u00bb column_padding_position=\u00a0\u00bball\u00a0\u00bb background_color_opacity=\u00a0\u00bb1&Prime; background_hover_color_opacity=\u00a0\u00bb1&Prime; column_link_target=\u00a0\u00bb_self\u00a0\u00bb column_shadow=\u00a0\u00bbnone\u00a0\u00bb column_border_radius=\u00a0\u00bbnone\u00a0\u00bb width=\u00a0\u00bb1\/1&Prime; tablet_width_inherit=\u00a0\u00bbdefault\u00a0\u00bb tablet_text_alignment=\u00a0\u00bbdefault\u00a0\u00bb phone_text_alignment=\u00a0\u00bbdefault\u00a0\u00bb column_border_width=\u00a0\u00bbnone\u00a0\u00bb column_border_style=\u00a0\u00bbsolid\u00a0\u00bb bg_image_animation=\u00a0\u00bbnone\u00a0\u00bb][divider line_type=\u00a0\u00bbFull Width Line\u00a0\u00bb line_thickness=\u00a0\u00bb1&Prime; divider_color=\u00a0\u00bbdefault\u00a0\u00bb][\/vc_column][\/vc_row][vc_row type=\u00a0\u00bbin_container\u00a0\u00bb full_screen_row_position=\u00a0\u00bbmiddle\u00a0\u00bb scene_position=\u00a0\u00bbcenter\u00a0\u00bb text_color=\u00a0\u00bbdark\u00a0\u00bb text_align=\u00a0\u00bbleft\u00a0\u00bb overlay_strength=\u00a0\u00bb0.3&Prime; shape_divider_position=\u00a0\u00bbbottom\u00a0\u00bb bg_image_animation=\u00a0\u00bbnone\u00a0\u00bb source=\u00a0\u00bb\u00a0\u00bb text=\u00a0\u00bb2013 &#8211; 2017&Prime; font_container=\u00a0\u00bbtag:h2|text_align:left|color:%2349b0e5&Prime; use_theme_fonts=\u00a0\u00bbyes\u00a0\u00bb google_fonts=\u00a0\u00bbfont_family:Abril%20Fatface%3Aregular|font_style:400%20regular%3A400%3Anormal\u00a0\u00bb css_animation=\u00a0\u00bb\u00a0\u00bb link=\u00a0\u00bb\u00a0\u00bb el_id=\u00a0\u00bb\u00a0\u00bb el_class=\u00a0\u00bb\u00a0\u00bb css=\u00a0\u00bb\u00a0\u00bb][vc_column column_padding=\u00a0\u00bbno-extra-padding\u00a0\u00bb column_padding_position=\u00a0\u00bball\u00a0\u00bb background_color_opacity=\u00a0\u00bb1&Prime; background_hover_color_opacity=\u00a0\u00bb1&Prime; column_link_target=\u00a0\u00bb_self\u00a0\u00bb column_shadow=\u00a0\u00bbnone\u00a0\u00bb column_border_radius=\u00a0\u00bbnone\u00a0\u00bb width=\u00a0\u00bb1\/1&Prime; tablet_width_inherit=\u00a0\u00bbdefault\u00a0\u00bb tablet_text_alignment=\u00a0\u00bbdefault\u00a0\u00bb phone_text_alignment=\u00a0\u00bbdefault\u00a0\u00bb column_border_width=\u00a0\u00bbnone\u00a0\u00bb column_border_style=\u00a0\u00bbsolid\u00a0\u00bb bg_image_animation=\u00a0\u00bbnone\u00a0\u00bb][vc_custom_heading text=\u00a0\u00bbRapports d&rsquo;activit\u00e9s\u00a0\u00bb font_container=\u00a0\u00bbtag:h2|text_align:left|color:%2349b0e5&Prime; use_theme_fonts=\u00a0\u00bbyes\u00a0\u00bb][vc_custom_heading text=\u00a0\u00bb2007-2009&Prime; font_container=\u00a0\u00bbtag:h3|text_align:left|color:%233f3f3f\u00a0\u00bb use_theme_fonts=\u00a0\u00bbyes\u00a0\u00bb][vc_column_text]<strong>P. De Boever, F. Boonen, R. Weltens &amp; D. Ooms<\/strong><\/p>\n<p><strong>Hypersensibilit\u00e9 \u00e0 l&rsquo;\u00e9lectricit\u00e9\u00a0: une investigation g\u00e9n\u00e9tique <\/strong><\/p>\n<p>L&rsquo;objectif de l&rsquo;\u00e9tude \u00e9tait de voir dans quelle mesure des dommages \u00e0 l&rsquo;ADN pouvaient \u00eatre d\u00e9tect\u00e9s quand des cellules sanguines sont expos\u00e9es \u00e0 des courants \u00e9lectriques et \u00e0 un rayonnement \u00e9lectromagn\u00e9tique. Un objectif particulier \u00e9tait de v\u00e9rifier si les patients hypersensibles pouvaient \u00eatre diff\u00e9renci\u00e9s de leurs contr\u00f4les sur la base de la r\u00e9action diff\u00e9rentielle in vitro des cellules sanguines expos\u00e9es au rayonnement \u00e9lectromagn\u00e9tique.<\/p>\n<p>Le projet se focalise sur le test des com\u00e8tes (comet assay) et le test des micronoyaux comme techniques sensibles de d\u00e9tection des dommages \u00e0 l&rsquo;ADN. Les cellules sanguines des personnes s&rsquo;identifiant comme \u00e9tant hypersensibles ne r\u00e9agissent pas diff\u00e9remment au rayonnement \u00e9lectromagn\u00e9tique. Aucune diff\u00e9rence n&rsquo;a \u00e9t\u00e9 trouv\u00e9e par les tests des com\u00e8tes et des micronoyaux. Il a \u00e9t\u00e9 montr\u00e9 que les dommages \u00e0 l&rsquo;ADN en ligne de base variaient consid\u00e9rablement entre les individus. Les r\u00e9sultats sont en accord avec l&rsquo;hypoth\u00e8se g\u00e9n\u00e9ralement accept\u00e9e selon laquelle le rayonnement \u00e9lectromagn\u00e9tique 50 Hz n&rsquo;induit pas de dommages directs \u00e0 l&rsquo;ADN (cassure des brins) en raison de la faible \u00e9nergie des rayonnements non ionisants.<\/p>\n<p>Dans une seconde \u00e9tape du projet, le test de com\u00e8te a \u00e9t\u00e9 optimis\u00e9 afin de permettre la d\u00e9tection de dommages \u00e0 l&rsquo;ADN caus\u00e9es par l&rsquo;oxydation de la guanine 8-oxoguanine. Ce nouveau protocole de test a \u00e9t\u00e9 utilis\u00e9 pour d\u00e9tecter un stress oxydatif dans une lign\u00e9e cellulaire monocytaire THP-1. Les r\u00e9sultats indiquent que la cytotoxicit\u00e9 des cellules THP-1 est significativement augment\u00e9e quand les cellules sont trait\u00e9es par le paraquat (pour induire un stress oxydatif) combin\u00e9 \u00e0 une exposition aux champs 50 Hz. Cet effet appara\u00eet uniquement \u00e0 de hautes concentrations de paraquat (0.625 mM to 5 mM ) et des champs tr\u00e8s intenses de 500 \u00b5T et 1 mT. Il pourrait \u00eatre confirm\u00e9 par le test des com\u00e8tes que significativement plus de dommages oxydatifs \u00e0 l&rsquo;ADN apparaissent dans des conditions de test non cytotoxiques ( 0.625 mM paraquat and 500 \u00b5T 50 Hz) en exposition combin\u00e9e par rapport au traitement avec le paraquat et les champs 50 Hz, s\u00e9par\u00e9ment. Des analyses comparables ont \u00e9t\u00e9 r\u00e9alis\u00e9es sur les cellules primaires obtenues du sang de volontaires sains. Le test des com\u00e8tes montre de mani\u00e8re r\u00e9p\u00e9t\u00e9e que l&rsquo;exposition \u00e0 100 \u00b5T des cellules mononucl\u00e9es du sang p\u00e9riph\u00e9rique entra\u00eene une augmentation du nombre de dommages oxydatifs de l&rsquo;ADN en comparaison aux cellules contr\u00f4les. L&rsquo;exposition combin\u00e9e aux champs 50 Hz, avec du peroxyde d&rsquo;hydrog\u00e8ne et Ro 12-9786 (un sensibilisateur \u00e0 la lumi\u00e8re) a \u00e9t\u00e9 r\u00e9alis\u00e9e afin de tester l&rsquo;hypoth\u00e8se que le 50 Hz pouvait changer la r\u00e9activit\u00e9 des cellules. Aucune synergie additive de l&rsquo;exposition au 50 Hz n&rsquo;a \u00e9t\u00e9 observ\u00e9e dans les diff\u00e9rents protocoles exp\u00e9rimentaux qui ont \u00e9t\u00e9 test\u00e9s.<\/p>\n<p>Les r\u00e9sultats de ce projet ne permettent pas de discriminer les patients \u00e9lectrosensibles sur la base d&rsquo;un test cytog\u00e9n\u00e9tique. Une hypoth\u00e8se serait que les crit\u00e8res d&rsquo;\u00e9valuation s\u00e9lectionn\u00e9s ne soient pas suffisamment sensibles et que l&rsquo;\u00e9tude de cohorte comprenne trop peu de sujets. On peut aussi se poser la question de l&rsquo;int\u00e9r\u00eat des tests cytog\u00e9n\u00e9tiques g\u00e9n\u00e9raux pour expliquer le probl\u00e8me de l&rsquo;\u00e9lectrosensibilit\u00e9. Les r\u00e9sultats de l&rsquo;\u00e9tude in vitro indiquent que le 50 Hz peut entra\u00eener une augmentation des dommages oxydatifs \u00e0 l&rsquo;ADN dans une lign\u00e9e de cellules monocytaires et dans des cellules mononucl\u00e9es primaires. Si ce dommage \u00e0 l&rsquo;ADN n&rsquo;est pas r\u00e9par\u00e9 ad\u00e9quatement in vivo, il pourrait entra\u00eener des mutations dans l&rsquo;ADN. Les cellules sanguines primaires semblent \u00eatre plus sensibles qu&rsquo;une culture cellulaire de monocytes qui ont d\u00e9j\u00e0 subit 30 minutes d&rsquo;exposition \u00e0 100 \u00b5T.<\/p>\n<p>Le r\u00e9sultat d&rsquo;une augmentation des dommages oxydatifs \u00e0 l&rsquo;ADN mesur\u00e9s par le test des com\u00e8tes n&rsquo;a pas \u00e9t\u00e9 rapport\u00e9 dans la litt\u00e9rature et il pourrait mener \u00e0 la conduite de recherches qui r\u00e9v\u00e8leraient le mode d&rsquo;action dans des conditions <em>in vitro<\/em>.[\/vc_column_text][vc_custom_heading text=\u00a0\u00bb2005-2006&Prime; font_container=\u00a0\u00bbtag:h3|text_align:left|color:%233f3f3f\u00a0\u00bb use_theme_fonts=\u00a0\u00bbyes\u00a0\u00bb][vc_column_text]<strong>L. Verschaeve, A. Maes &amp; R. Anthonissen<\/strong><\/p>\n<p><strong>Hypersensibilit\u00e9 \u00e0 l&rsquo;\u00e9lectricit\u00e9: une analyse cytog\u00e9n\u00e9tique en laboratoire<\/strong><\/p>\n<p>Ces derni\u00e8res ann\u00e9es, nous avons eu l&rsquo;opportunit\u00e9 d&rsquo;analyser (en partie dans le cadre des activit\u00e9s du BBEMG) l&rsquo;origine de la lipoatrophie semi-circulaire (L.s.); il s&rsquo;agit d&rsquo;une affection idiopathique rare caract\u00e9ris\u00e9e par des stries semi-circulaires dans la peau sur la face ant\u00e9ro-lat\u00e9rale de la cuisse. Nous avons \u00e9mis l&rsquo;hypoth\u00e8se d&rsquo;une \u00ab\u00a0origine \u00e9lectromagn\u00e9tique\u00a0\u00bb de cette nouvelle \u00ab\u00a0maladie\u00a0\u00bb associ\u00e9e au travail de bureau (cfr Maes et al., 2003) et nous avons trouv\u00e9 des indications montrant que les personnes qui sont atteintes de L.s. pourraient aussi \u00eatre hypersensibles aux champs \u00e9lectromagn\u00e9tiques.<\/p>\n<p>Nos \u00e9tudes pr\u00e9liminaires ont montr\u00e9 que la technique \u00ab\u00a0comet assay\u00a0\u00bb pourrait \u00eatre un outil susceptible de faire la distinction entre les personnes hypersensibles et non hypersensibles. Ceci constitue l&rsquo;objectif de nos recherches actuelles.<\/p>\n<p>Cette ann\u00e9e, en premier lieu, nous avons termin\u00e9 notre \u00e9tude pr\u00e9c\u00e9dente en menant des analyses plus approfondies au niveau mol\u00e9culaire (analyse microarray ou g\u00e9notypage). Afin d&rsquo;investiguer plus avant si les sujets hypersensibles aux champs \u00e9lectromagn\u00e9tiques sont \u00ab\u00a0\u00e0 risque\u00a0\u00bb lors d&rsquo;une exposition \u00e0 ces champs, nous projettons d&rsquo;appliquer le test des micronoyaux sur les cellues sanguines expos\u00e9es aux EMF et provenant de personnes dites hypersensibles et de personnes non hypersensibles. Ce test est consid\u00e9r\u00e9 comme \u00e9tant un des plus importants test g\u00e9n\u00e9tique, particuli\u00e8rement lorsqu&rsquo;il est compl\u00e9t\u00e9 pas ce qui est maintenant appel\u00e9 \u00ab\u00a0cytome\u00a0\u00bb essay. Cette m\u00e9thode permet d&rsquo;analyser plus avant les modifications dans les g\u00e8nes. Toutefois, le cytome assay n&rsquo;est pas encore totalement valid\u00e9 et une partie de notre travail dans le cadre de cette premi\u00e8re ann\u00e9e du nouveau projet BBEMG a consist\u00e9 en sa validation, ainsi que la validation d&rsquo;un syst\u00e8me d&rsquo;analyse des images.<\/p>\n<p>Les personnes qui se disent hypersensibles sont soumises \u00e0 divers examens et investigations \u00e0 l&rsquo;Universit\u00e9 de Li\u00e8ge (voir <a href=\"https:\/\/www.bbemg.uliege.be\/electrohypersensibilite-etudes-de-provocation\/?lang=fr\">Electrohypersensibilit\u00e9: Etudes de provocation<\/a>). Des prises de sang sont r\u00e9alis\u00e9es \u00e0 Li\u00e8ge et doivent \u00eatre transf\u00e9r\u00e9es \u00e0 Mol pour analyse. Nous analyserons les prises de sang faites \u00e0 Li\u00e8ge. Le protocole de transfert du sang des sujets vers notre laboratoire \u00e0 Mol a \u00e9galement \u00e9t\u00e9 pr\u00e9par\u00e9 cette ann\u00e9e.<\/p>\n<p>R\u00e9f\u00e9rence: Maes A., Curvers B., Verschaeve L. (2003) Lipoatrophia semicircularis: the electromagnetic hypothesis.\u00a0<em>Electromagnet. Biol. Medicine, 22<\/em>, 183-193.[\/vc_column_text][\/vc_column][\/vc_row]\n","protected":false},"excerpt":{"rendered":"<p>[vc_row type=\u00a0\u00bbin_container\u00a0\u00bb full_screen_row_position=\u00a0\u00bbmiddle\u00a0\u00bb scene_position=\u00a0\u00bbcenter\u00a0\u00bb text_color=\u00a0\u00bbdark\u00a0\u00bb text_align=\u00a0\u00bbleft\u00a0\u00bb overlay_strength=\u00a0\u00bb0.3&Prime; shape_divider_position=\u00a0\u00bbbottom\u00a0\u00bb bg_image_animation=\u00a0\u00bbnone\u00a0\u00bb][vc_column column_padding=\u00a0\u00bbno-extra-padding\u00a0\u00bb column_padding_position=\u00a0\u00bball\u00a0\u00bb background_color_opacity=\u00a0\u00bb1&Prime; background_hover_color_opacity=\u00a0\u00bb1&Prime; column_link_target=\u00a0\u00bb_self\u00a0\u00bb column_shadow=\u00a0\u00bbnone\u00a0\u00bb column_border_radius=\u00a0\u00bbnone\u00a0\u00bb width=\u00a0\u00bb1\/1&Prime; tablet_width_inherit=\u00a0\u00bbdefault\u00a0\u00bb tablet_text_alignment=\u00a0\u00bbdefault\u00a0\u00bb phone_text_alignment=\u00a0\u00bbdefault\u00a0\u00bb column_border_width=\u00a0\u00bbnone\u00a0\u00bb column_border_style=\u00a0\u00bbsolid\u00a0\u00bb bg_image_animation=\u00a0\u00bbnone\u00a0\u00bb][heading] Analyses sanguines dans l&rsquo;\u00e9lectrosensibilit\u00e9 (2005-2009) [\/heading][\/vc_column][\/vc_row][vc_row type=\u00a0\u00bbin_container\u00a0\u00bb&#8230;<\/p>\n","protected":false},"author":1,"featured_media":0,"parent":0,"menu_order":0,"comment_status":"closed","ping_status":"closed","template":"page-sidebar.php","meta":{"footnotes":""},"categories":[],"tags":[],"class_list":["post-68","page","type-page","status-publish"],"yoast_head":"<!-- This site is optimized with the Yoast SEO plugin v27.3 - https:\/\/yoast.com\/product\/yoast-seo-wordpress\/ -->\n<title>Analyses sanguines dans l&#039;\u00e9lectrosensibilit\u00e9 - BBEMG - Belgian BioElectroMagnetics Group<\/title>\n<meta name=\"description\" content=\"Analyse des \u00e9ventuels dommages \u00e0 l&#039;ADN des cellules sanguines caus\u00e9s par l&#039;exposition aux rayonnements \u00e9lectromagn\u00e9tiques chez des personnes EHS.\" \/>\n<meta name=\"robots\" content=\"index, follow, max-snippet:-1, max-image-preview:large, max-video-preview:-1\" \/>\n<link rel=\"canonical\" href=\"https:\/\/www.bbemg.uliege.be\/fr\/analyses-sanguines-dans-electrosensibilite\/\" \/>\n<meta property=\"og:locale\" content=\"fr_FR\" \/>\n<meta property=\"og:type\" content=\"article\" \/>\n<meta property=\"og:title\" content=\"Analyses sanguines dans l&#039;\u00e9lectrosensibilit\u00e9 - BBEMG - Belgian BioElectroMagnetics Group\" \/>\n<meta property=\"og:description\" content=\"Analyse des \u00e9ventuels dommages \u00e0 l&#039;ADN des cellules sanguines caus\u00e9s par l&#039;exposition aux rayonnements \u00e9lectromagn\u00e9tiques chez des personnes EHS.\" \/>\n<meta property=\"og:url\" content=\"https:\/\/www.bbemg.uliege.be\/fr\/analyses-sanguines-dans-electrosensibilite\/\" \/>\n<meta property=\"og:site_name\" content=\"BBEMG - Belgian BioElectroMagnetics Group\" \/>\n<meta property=\"article:modified_time\" content=\"2020-11-06T09:25:48+00:00\" \/>\n<meta name=\"twitter:card\" content=\"summary_large_image\" \/>\n<meta name=\"twitter:site\" content=\"@bbemg\" \/>\n<meta name=\"twitter:label1\" content=\"Dur\u00e9e de lecture estim\u00e9e\" \/>\n\t<meta name=\"twitter:data1\" content=\"8 minutes\" \/>\n<script type=\"application\/ld+json\" class=\"yoast-schema-graph\">{\"@context\":\"https:\\\/\\\/schema.org\",\"@graph\":[{\"@type\":\"WebPage\",\"@id\":\"https:\\\/\\\/www.bbemg.uliege.be\\\/fr\\\/analyses-sanguines-dans-electrosensibilite\\\/\",\"url\":\"https:\\\/\\\/www.bbemg.uliege.be\\\/fr\\\/analyses-sanguines-dans-electrosensibilite\\\/\",\"name\":\"Analyses sanguines dans l'\u00e9lectrosensibilit\u00e9 - BBEMG - Belgian BioElectroMagnetics Group\",\"isPartOf\":{\"@id\":\"https:\\\/\\\/www.bbemg.uliege.be\\\/fr\\\/#website\"},\"datePublished\":\"2019-05-12T16:53:21+00:00\",\"dateModified\":\"2020-11-06T09:25:48+00:00\",\"description\":\"Analyse des \u00e9ventuels dommages \u00e0 l'ADN des cellules sanguines caus\u00e9s par l'exposition aux rayonnements \u00e9lectromagn\u00e9tiques chez des personnes EHS.\",\"breadcrumb\":{\"@id\":\"https:\\\/\\\/www.bbemg.uliege.be\\\/fr\\\/analyses-sanguines-dans-electrosensibilite\\\/#breadcrumb\"},\"inLanguage\":\"fr-FR\",\"potentialAction\":[{\"@type\":\"ReadAction\",\"target\":[\"https:\\\/\\\/www.bbemg.uliege.be\\\/fr\\\/analyses-sanguines-dans-electrosensibilite\\\/\"]}]},{\"@type\":\"BreadcrumbList\",\"@id\":\"https:\\\/\\\/www.bbemg.uliege.be\\\/fr\\\/analyses-sanguines-dans-electrosensibilite\\\/#breadcrumb\",\"itemListElement\":[{\"@type\":\"ListItem\",\"position\":1,\"name\":\"Accueil\",\"item\":\"https:\\\/\\\/www.bbemg.uliege.be\\\/fr\\\/\"},{\"@type\":\"ListItem\",\"position\":2,\"name\":\"Analyses sanguines dans l&#8217;\u00e9lectrosensibilit\u00e9\"}]},{\"@type\":\"WebSite\",\"@id\":\"https:\\\/\\\/www.bbemg.uliege.be\\\/fr\\\/#website\",\"url\":\"https:\\\/\\\/www.bbemg.uliege.be\\\/fr\\\/\",\"name\":\"BBEMG - Belgian BioElectroMagnetics Group\",\"description\":\"Analyse des effets biom\u00e9dicaux des champs \u00e9lectriques dans notre vie quotidienne\",\"publisher\":{\"@id\":\"https:\\\/\\\/www.bbemg.uliege.be\\\/fr\\\/#organization\"},\"potentialAction\":[{\"@type\":\"SearchAction\",\"target\":{\"@type\":\"EntryPoint\",\"urlTemplate\":\"https:\\\/\\\/www.bbemg.uliege.be\\\/fr\\\/?s={search_term_string}\"},\"query-input\":{\"@type\":\"PropertyValueSpecification\",\"valueRequired\":true,\"valueName\":\"search_term_string\"}}],\"inLanguage\":\"fr-FR\"},{\"@type\":\"Organization\",\"@id\":\"https:\\\/\\\/www.bbemg.uliege.be\\\/fr\\\/#organization\",\"name\":\"BBEMG\",\"url\":\"https:\\\/\\\/www.bbemg.uliege.be\\\/fr\\\/\",\"logo\":{\"@type\":\"ImageObject\",\"inLanguage\":\"fr-FR\",\"@id\":\"https:\\\/\\\/www.bbemg.uliege.be\\\/fr\\\/#\\\/schema\\\/logo\\\/image\\\/\",\"url\":\"https:\\\/\\\/www.bbemg.uliege.be\\\/wp-content\\\/uploads\\\/2019\\\/05\\\/bbemg-logo-crop.png\",\"contentUrl\":\"https:\\\/\\\/www.bbemg.uliege.be\\\/wp-content\\\/uploads\\\/2019\\\/05\\\/bbemg-logo-crop.png\",\"width\":\"560\",\"height\":\"222\",\"caption\":\"BBEMG\"},\"image\":{\"@id\":\"https:\\\/\\\/www.bbemg.uliege.be\\\/fr\\\/#\\\/schema\\\/logo\\\/image\\\/\"},\"sameAs\":[\"https:\\\/\\\/x.com\\\/bbemg\"]}]}<\/script>\n<!-- \/ Yoast SEO plugin. -->","yoast_head_json":{"title":"Analyses sanguines dans l'\u00e9lectrosensibilit\u00e9 - BBEMG - Belgian BioElectroMagnetics Group","description":"Analyse des \u00e9ventuels dommages \u00e0 l'ADN des cellules sanguines caus\u00e9s par l'exposition aux rayonnements \u00e9lectromagn\u00e9tiques chez des personnes EHS.","robots":{"index":"index","follow":"follow","max-snippet":"max-snippet:-1","max-image-preview":"max-image-preview:large","max-video-preview":"max-video-preview:-1"},"canonical":"https:\/\/www.bbemg.uliege.be\/fr\/analyses-sanguines-dans-electrosensibilite\/","og_locale":"fr_FR","og_type":"article","og_title":"Analyses sanguines dans l'\u00e9lectrosensibilit\u00e9 - BBEMG - Belgian BioElectroMagnetics Group","og_description":"Analyse des \u00e9ventuels dommages \u00e0 l'ADN des cellules sanguines caus\u00e9s par l'exposition aux rayonnements \u00e9lectromagn\u00e9tiques chez des personnes EHS.","og_url":"https:\/\/www.bbemg.uliege.be\/fr\/analyses-sanguines-dans-electrosensibilite\/","og_site_name":"BBEMG - Belgian BioElectroMagnetics Group","article_modified_time":"2020-11-06T09:25:48+00:00","twitter_card":"summary_large_image","twitter_site":"@bbemg","twitter_misc":{"Dur\u00e9e de lecture estim\u00e9e":"8 minutes"},"schema":{"@context":"https:\/\/schema.org","@graph":[{"@type":"WebPage","@id":"https:\/\/www.bbemg.uliege.be\/fr\/analyses-sanguines-dans-electrosensibilite\/","url":"https:\/\/www.bbemg.uliege.be\/fr\/analyses-sanguines-dans-electrosensibilite\/","name":"Analyses sanguines dans l'\u00e9lectrosensibilit\u00e9 - BBEMG - Belgian BioElectroMagnetics Group","isPartOf":{"@id":"https:\/\/www.bbemg.uliege.be\/fr\/#website"},"datePublished":"2019-05-12T16:53:21+00:00","dateModified":"2020-11-06T09:25:48+00:00","description":"Analyse des \u00e9ventuels dommages \u00e0 l'ADN des cellules sanguines caus\u00e9s par l'exposition aux rayonnements \u00e9lectromagn\u00e9tiques chez des personnes EHS.","breadcrumb":{"@id":"https:\/\/www.bbemg.uliege.be\/fr\/analyses-sanguines-dans-electrosensibilite\/#breadcrumb"},"inLanguage":"fr-FR","potentialAction":[{"@type":"ReadAction","target":["https:\/\/www.bbemg.uliege.be\/fr\/analyses-sanguines-dans-electrosensibilite\/"]}]},{"@type":"BreadcrumbList","@id":"https:\/\/www.bbemg.uliege.be\/fr\/analyses-sanguines-dans-electrosensibilite\/#breadcrumb","itemListElement":[{"@type":"ListItem","position":1,"name":"Accueil","item":"https:\/\/www.bbemg.uliege.be\/fr\/"},{"@type":"ListItem","position":2,"name":"Analyses sanguines dans l&#8217;\u00e9lectrosensibilit\u00e9"}]},{"@type":"WebSite","@id":"https:\/\/www.bbemg.uliege.be\/fr\/#website","url":"https:\/\/www.bbemg.uliege.be\/fr\/","name":"BBEMG - Belgian BioElectroMagnetics Group","description":"Analyse des effets biom\u00e9dicaux des champs \u00e9lectriques dans notre vie quotidienne","publisher":{"@id":"https:\/\/www.bbemg.uliege.be\/fr\/#organization"},"potentialAction":[{"@type":"SearchAction","target":{"@type":"EntryPoint","urlTemplate":"https:\/\/www.bbemg.uliege.be\/fr\/?s={search_term_string}"},"query-input":{"@type":"PropertyValueSpecification","valueRequired":true,"valueName":"search_term_string"}}],"inLanguage":"fr-FR"},{"@type":"Organization","@id":"https:\/\/www.bbemg.uliege.be\/fr\/#organization","name":"BBEMG","url":"https:\/\/www.bbemg.uliege.be\/fr\/","logo":{"@type":"ImageObject","inLanguage":"fr-FR","@id":"https:\/\/www.bbemg.uliege.be\/fr\/#\/schema\/logo\/image\/","url":"https:\/\/www.bbemg.uliege.be\/wp-content\/uploads\/2019\/05\/bbemg-logo-crop.png","contentUrl":"https:\/\/www.bbemg.uliege.be\/wp-content\/uploads\/2019\/05\/bbemg-logo-crop.png","width":"560","height":"222","caption":"BBEMG"},"image":{"@id":"https:\/\/www.bbemg.uliege.be\/fr\/#\/schema\/logo\/image\/"},"sameAs":["https:\/\/x.com\/bbemg"]}]}},"_links":{"self":[{"href":"https:\/\/www.bbemg.uliege.be\/fr\/wp-json\/wp\/v2\/pages\/68","targetHints":{"allow":["GET"]}}],"collection":[{"href":"https:\/\/www.bbemg.uliege.be\/fr\/wp-json\/wp\/v2\/pages"}],"about":[{"href":"https:\/\/www.bbemg.uliege.be\/fr\/wp-json\/wp\/v2\/types\/page"}],"author":[{"embeddable":true,"href":"https:\/\/www.bbemg.uliege.be\/fr\/wp-json\/wp\/v2\/users\/1"}],"replies":[{"embeddable":true,"href":"https:\/\/www.bbemg.uliege.be\/fr\/wp-json\/wp\/v2\/comments?post=68"}],"version-history":[{"count":3,"href":"https:\/\/www.bbemg.uliege.be\/fr\/wp-json\/wp\/v2\/pages\/68\/revisions"}],"predecessor-version":[{"id":6335,"href":"https:\/\/www.bbemg.uliege.be\/fr\/wp-json\/wp\/v2\/pages\/68\/revisions\/6335"}],"wp:attachment":[{"href":"https:\/\/www.bbemg.uliege.be\/fr\/wp-json\/wp\/v2\/media?parent=68"}],"wp:term":[{"taxonomy":"category","embeddable":true,"href":"https:\/\/www.bbemg.uliege.be\/fr\/wp-json\/wp\/v2\/categories?post=68"},{"taxonomy":"post_tag","embeddable":true,"href":"https:\/\/www.bbemg.uliege.be\/fr\/wp-json\/wp\/v2\/tags?post=68"}],"curies":[{"name":"wp","href":"https:\/\/api.w.org\/{rel}","templated":true}]}}