{"id":691,"date":"2019-05-16T09:16:05","date_gmt":"2019-05-16T07:16:05","guid":{"rendered":"https:\/\/www.bbemg.uliege.be\/?page_id=691"},"modified":"2022-03-21T09:05:58","modified_gmt":"2022-03-21T08:05:58","slug":"directives-de-lunion-europeenne-pour-les-travailleurs","status":"publish","type":"page","link":"https:\/\/www.bbemg.uliege.be\/fr\/directives-de-lunion-europeenne-pour-les-travailleurs\/","title":{"rendered":"Directives de l&rsquo;Union Europ\u00e9enne pour les travailleurs"},"content":{"rendered":"[vc_row type=\u00a0\u00bbin_container\u00a0\u00bb full_screen_row_position=\u00a0\u00bbmiddle\u00a0\u00bb scene_position=\u00a0\u00bbcenter\u00a0\u00bb text_color=\u00a0\u00bbdark\u00a0\u00bb text_align=\u00a0\u00bbleft\u00a0\u00bb overlay_strength=\u00a0\u00bb0.3&Prime; shape_divider_position=\u00a0\u00bbbottom\u00a0\u00bb bg_image_animation=\u00a0\u00bbnone\u00a0\u00bb][vc_column column_padding=\u00a0\u00bbno-extra-padding\u00a0\u00bb column_padding_position=\u00a0\u00bball\u00a0\u00bb background_color_opacity=\u00a0\u00bb1&Prime; background_hover_color_opacity=\u00a0\u00bb1&Prime; column_link_target=\u00a0\u00bb_self\u00a0\u00bb column_shadow=\u00a0\u00bbnone\u00a0\u00bb column_border_radius=\u00a0\u00bbnone\u00a0\u00bb width=\u00a0\u00bb1\/1&Prime; tablet_width_inherit=\u00a0\u00bbdefault\u00a0\u00bb tablet_text_alignment=\u00a0\u00bbdefault\u00a0\u00bb phone_text_alignment=\u00a0\u00bbdefault\u00a0\u00bb column_border_width=\u00a0\u00bbnone\u00a0\u00bb column_border_style=\u00a0\u00bbsolid\u00a0\u00bb bg_image_animation=\u00a0\u00bbnone\u00a0\u00bb][heading]\n<h1>Directives de l&rsquo;Union Europ\u00e9enne pour les travailleurs<\/h1>\n[\/heading][\/vc_column][\/vc_row][vc_row type=\u00a0\u00bbin_container\u00a0\u00bb full_screen_row_position=\u00a0\u00bbmiddle\u00a0\u00bb scene_position=\u00a0\u00bbcenter\u00a0\u00bb text_color=\u00a0\u00bbdark\u00a0\u00bb text_align=\u00a0\u00bbleft\u00a0\u00bb overlay_strength=\u00a0\u00bb0.3&Prime; shape_divider_position=\u00a0\u00bbbottom\u00a0\u00bb bg_image_animation=\u00a0\u00bbnone\u00a0\u00bb][vc_column column_padding=\u00a0\u00bbno-extra-padding\u00a0\u00bb column_padding_position=\u00a0\u00bball\u00a0\u00bb background_color_opacity=\u00a0\u00bb1&Prime; background_hover_color_opacity=\u00a0\u00bb1&Prime; column_link_target=\u00a0\u00bb_self\u00a0\u00bb column_shadow=\u00a0\u00bbnone\u00a0\u00bb column_border_radius=\u00a0\u00bbnone\u00a0\u00bb width=\u00a0\u00bb1\/1&Prime; tablet_width_inherit=\u00a0\u00bbdefault\u00a0\u00bb tablet_text_alignment=\u00a0\u00bbdefault\u00a0\u00bb phone_text_alignment=\u00a0\u00bbdefault\u00a0\u00bb column_border_width=\u00a0\u00bbnone\u00a0\u00bb column_border_style=\u00a0\u00bbsolid\u00a0\u00bb bg_image_animation=\u00a0\u00bbnone\u00a0\u00bb][vc_column_text]Pour l&rsquo;exposition professionnelle, le Parlement Europ\u00e9en et le Conseil de l&rsquo;Union Europ\u00e9enne ont arr\u00eat\u00e9 en 2013 (26 juin) la <a href=\"http:\/\/eur-lex.europa.eu\/LexUriServ\/LexUriServ.do?uri=OJ:L:2013:179:0001:0021:FR:PDF\" target=\"_blank\" rel=\"noopener noreferrer\">Directive 2013\/35\/UE<\/a> abrogeant la\u00a0<a href=\"http:\/\/eur-lex.europa.eu\/LexUriServ\/LexUriServ.do?uri=OJ:L:2004:184:0001:0009:FR:PDF\" target=\"_blank\" rel=\"noopener noreferrer\">Directive 2004\/40\/CE<\/a>\u00a0concernant les prescriptions minimales de s\u00e9curit\u00e9 et de sant\u00e9 relatives \u00e0 l&rsquo;exposition des travailleurs aux risques dus aux agents physiques (champs \u00e9lectromagn\u00e9tiques).<\/p>\n<p>Cette directive europ\u00e9enne doit \u00eatre transpos\u00e9e par les Etats Membres le\u00a01e juillet 2016.<\/p>\n<p><strong>Les valeurs limites d&rsquo;exposition et les valeurs d\u00e9clenchant l&rsquo;action de cette recommandation sont bas\u00e9es sur les <a href=\"https:\/\/www.bbemg.uliege.be\/directives-icnirp-pour-les-travailleurs\/?lang=fr\">directives de l&rsquo;ICNIRP (2010)<\/a>.<\/strong>[\/vc_column_text][vc_column_text css=\u00a0\u00bb.vc_custom_1557990922665{border-top-width: 1px !important;border-right-width: 1px !important;border-bottom-width: 1px !important;border-left-width: 1px !important;padding-top: 10px !important;padding-right: 10px !important;padding-bottom: 10px !important;padding-left: 10px !important;border-left-color: #262626 !important;border-left-style: dashed !important;border-right-color: #262626 !important;border-right-style: dashed !important;border-top-color: #262626 !important;border-top-style: dashed !important;border-bottom-color: #262626 !important;border-bottom-style: dashed !important;}\u00a0\u00bb]\n<div class=\"info\">\n<p>Le 20 f\u00e9vrier 2013, la Commission europ\u00e9enne a organis\u00e9 \u00e0 Bruxelles une journ\u00e9e d&rsquo;\u00e9tude intitul\u00e9e \u00ab\u00a0Risk Communication \u2013 Electromagnetic Fields and Human Health\u00a0\u00bb.<\/p>\n<p><strong>Les conclusions sur le r\u00f4le des institutions europ\u00e9ennes en mati\u00e8re de protection contre des effets potentiels des CEM sont les suivantes:<\/strong><\/p>\n<p>En ce qui concerne la protection du grand public, les Trait\u00e9s europ\u00e9ens donnent la responsabilit\u00e9 premi\u00e8re aux Etats membres et ne conf\u00e8rent pas \u00e0 la Commission la comp\u00e9tence de l\u00e9gif\u00e9rer. La recommandation du Conseil sur les limites d&rsquo;exposition aux CEM (1999\/519\/CE) a \u00e9t\u00e9 adopt\u00e9e dans le but de d\u00e9finir un cadre commun et de guider l&rsquo;action des Etats membres, dans l&rsquo;espoir d&rsquo;assurer la coh\u00e9rence entre les diff\u00e9rentes approches nationales. Selon le principe de subsidiarit\u00e9 (\u00e0 l&rsquo;exception de la protection des travailleurs), le r\u00f4le des institutions europ\u00e9ennes est limit\u00e9 \u00e0 l&rsquo;apport d&rsquo;un avis scientifique ind\u00e9pendant (travail du SCENIHR), et \u00e0 la coordination et \u00e0 l&rsquo;harmonisation des politiques des Etats membres, ainsi qu&rsquo;\u00e0 la promotion des bonnes pratiques.<\/p>\n<\/div>\n[\/vc_column_text][\/vc_column][\/vc_row][vc_row type=\u00a0\u00bbin_container\u00a0\u00bb full_screen_row_position=\u00a0\u00bbmiddle\u00a0\u00bb scene_position=\u00a0\u00bbcenter\u00a0\u00bb text_color=\u00a0\u00bbdark\u00a0\u00bb text_align=\u00a0\u00bbleft\u00a0\u00bb overlay_strength=\u00a0\u00bb0.3&Prime; shape_divider_position=\u00a0\u00bbbottom\u00a0\u00bb bg_image_animation=\u00a0\u00bbnone\u00a0\u00bb source=\u00a0\u00bb\u00a0\u00bb text=\u00a0\u00bb2013 &#8211; 2017&Prime; font_container=\u00a0\u00bbtag:h2|text_align:left|color:%2349b0e5&Prime; use_theme_fonts=\u00a0\u00bbyes\u00a0\u00bb google_fonts=\u00a0\u00bbfont_family:Abril%20Fatface%3Aregular|font_style:400%20regular%3A400%3Anormal\u00a0\u00bb css_animation=\u00a0\u00bb\u00a0\u00bb link=\u00a0\u00bb\u00a0\u00bb el_id=\u00a0\u00bb\u00a0\u00bb el_class=\u00a0\u00bb\u00a0\u00bb css=\u00a0\u00bb\u00a0\u00bb][vc_column column_padding=\u00a0\u00bbno-extra-padding\u00a0\u00bb column_padding_position=\u00a0\u00bball\u00a0\u00bb background_color_opacity=\u00a0\u00bb1&Prime; background_hover_color_opacity=\u00a0\u00bb1&Prime; column_link_target=\u00a0\u00bb_self\u00a0\u00bb column_shadow=\u00a0\u00bbnone\u00a0\u00bb column_border_radius=\u00a0\u00bbnone\u00a0\u00bb width=\u00a0\u00bb1\/1&Prime; tablet_width_inherit=\u00a0\u00bbdefault\u00a0\u00bb tablet_text_alignment=\u00a0\u00bbdefault\u00a0\u00bb phone_text_alignment=\u00a0\u00bbdefault\u00a0\u00bb column_border_width=\u00a0\u00bbnone\u00a0\u00bb column_border_style=\u00a0\u00bbsolid\u00a0\u00bb bg_image_animation=\u00a0\u00bbnone\u00a0\u00bb][vc_custom_heading text=\u00a0\u00bbDocuments &amp; Liens\u00a0\u00bb font_container=\u00a0\u00bbtag:h2|text_align:left|color:%2349b0e5&Prime; use_theme_fonts=\u00a0\u00bbyes\u00a0\u00bb][vc_column_text]\n<ul>\n<li><a href=\"https:\/\/eur-lex.europa.eu\/legal-content\/FR\/TXT\/?uri=CELEX%3A32013L0035\" target=\"_blank\" rel=\"noopener noreferrer\">DIRECTIVE 2013\/35\/UE DU PARLEMENT EUROP\u00c9EN ET DU CONSEIL\u00a0du 26 juin 2013\u00a0concernant les prescriptions minimales de s\u00e9curit\u00e9 et de sant\u00e9 relatives \u00e0 l\u2019exposition des travailleurs aux risques dus aux agents physiques (champs \u00e9lectromagn\u00e9tiques)<\/a><\/li>\n<li><a href=\"http:\/\/ec.europa.eu\/health\/electromagnetic_fields\/eu_actions\/index_fr.htm\" target=\"_blank\" rel=\"noopener noreferrer\">Les mesures europ\u00e9ennes relatives aux champs \u00e9lectromagn\u00e9tiques<\/a><\/li>\n<li><img loading=\"lazy\" decoding=\"async\" src=\"https:\/\/www.bbemg.uliege.be\/wp-content\/uploads\/2019\/09\/new.gif\" alt=\"\" width=\"24\" height=\"14\" \/> <a href=\"http:\/\/ec.europa.eu\/social\/main.jsp?catId=82&amp;langId=en&amp;furtherPubs=yes\" target=\"_blank\" rel=\"noopener noreferrer\"> Non-binding guide to good practice for implementing Directive 2013\/35\/EU Electromagnetic Fields<\/a> (EU Commission)<\/li>\n<li><a href=\"http:\/\/www.emfs.info\/Related+Issues\/limits\/specific\/\" target=\"_blank\" rel=\"noopener noreferrer\">http:\/\/www.emfs.info\/Related+Issues\/limits\/specific\/<\/a><\/li>\n<\/ul>\n[\/vc_column_text][\/vc_column][\/vc_row][vc_row type=\u00a0\u00bbin_container\u00a0\u00bb full_screen_row_position=\u00a0\u00bbmiddle\u00a0\u00bb scene_position=\u00a0\u00bbcenter\u00a0\u00bb text_color=\u00a0\u00bbdark\u00a0\u00bb text_align=\u00a0\u00bbleft\u00a0\u00bb overlay_strength=\u00a0\u00bb0.3&Prime; shape_divider_position=\u00a0\u00bbbottom\u00a0\u00bb bg_image_animation=\u00a0\u00bbnone\u00a0\u00bb source=\u00a0\u00bb\u00a0\u00bb text=\u00a0\u00bb2013 &#8211; 2017&Prime; font_container=\u00a0\u00bbtag:h2|text_align:left|color:%2349b0e5&Prime; use_theme_fonts=\u00a0\u00bbyes\u00a0\u00bb google_fonts=\u00a0\u00bbfont_family:Abril%20Fatface%3Aregular|font_style:400%20regular%3A400%3Anormal\u00a0\u00bb css_animation=\u00a0\u00bb\u00a0\u00bb link=\u00a0\u00bb\u00a0\u00bb el_id=\u00a0\u00bb\u00a0\u00bb el_class=\u00a0\u00bb\u00a0\u00bb css=\u00a0\u00bb\u00a0\u00bb][vc_column column_padding=\u00a0\u00bbno-extra-padding\u00a0\u00bb column_padding_position=\u00a0\u00bball\u00a0\u00bb background_color_opacity=\u00a0\u00bb1&Prime; background_hover_color_opacity=\u00a0\u00bb1&Prime; column_link_target=\u00a0\u00bb_self\u00a0\u00bb column_shadow=\u00a0\u00bbnone\u00a0\u00bb column_border_radius=\u00a0\u00bbnone\u00a0\u00bb width=\u00a0\u00bb1\/1&Prime; tablet_width_inherit=\u00a0\u00bbdefault\u00a0\u00bb tablet_text_alignment=\u00a0\u00bbdefault\u00a0\u00bb phone_text_alignment=\u00a0\u00bbdefault\u00a0\u00bb column_border_width=\u00a0\u00bbnone\u00a0\u00bb column_border_style=\u00a0\u00bbsolid\u00a0\u00bb bg_image_animation=\u00a0\u00bbnone\u00a0\u00bb][vc_custom_heading text=\u00a0\u00bbAutres th\u00e8mes qui pourraient vous int\u00e9resser &#8230;\u00a0\u00bb font_container=\u00a0\u00bbtag:h2|text_align:left|color:%2349b0e5&Prime; use_theme_fonts=\u00a0\u00bbyes\u00a0\u00bb][vc_column_text]\n<ul>\n<li><a href=\"https:\/\/www.bbemg.uliege.be\/gestion-des-risques-et-reglementation-en-matiere-de-cem\/?lang=fr\">Revue de litt\u00e9rature: Gestion des risques<\/a><\/li>\n<li><a href=\"https:\/\/www.bbemg.uliege.be\/la-question-du-risque-sur-la-sante-normes-recherche-et-analyse-de-lexposition\/?lang=fr\">La question du risque sur la sant\u00e9<\/a>\u00a0(voir Normes et recommandations)<\/li>\n<\/ul>\n[\/vc_column_text][\/vc_column][\/vc_row]\n","protected":false},"excerpt":{"rendered":"<p>[vc_row type=\u00a0\u00bbin_container\u00a0\u00bb full_screen_row_position=\u00a0\u00bbmiddle\u00a0\u00bb scene_position=\u00a0\u00bbcenter\u00a0\u00bb text_color=\u00a0\u00bbdark\u00a0\u00bb text_align=\u00a0\u00bbleft\u00a0\u00bb overlay_strength=\u00a0\u00bb0.3&Prime; shape_divider_position=\u00a0\u00bbbottom\u00a0\u00bb bg_image_animation=\u00a0\u00bbnone\u00a0\u00bb][vc_column column_padding=\u00a0\u00bbno-extra-padding\u00a0\u00bb column_padding_position=\u00a0\u00bball\u00a0\u00bb background_color_opacity=\u00a0\u00bb1&Prime; background_hover_color_opacity=\u00a0\u00bb1&Prime; column_link_target=\u00a0\u00bb_self\u00a0\u00bb column_shadow=\u00a0\u00bbnone\u00a0\u00bb column_border_radius=\u00a0\u00bbnone\u00a0\u00bb width=\u00a0\u00bb1\/1&Prime; tablet_width_inherit=\u00a0\u00bbdefault\u00a0\u00bb tablet_text_alignment=\u00a0\u00bbdefault\u00a0\u00bb phone_text_alignment=\u00a0\u00bbdefault\u00a0\u00bb column_border_width=\u00a0\u00bbnone\u00a0\u00bb column_border_style=\u00a0\u00bbsolid\u00a0\u00bb bg_image_animation=\u00a0\u00bbnone\u00a0\u00bb][heading] Directives de l&rsquo;Union Europ\u00e9enne pour les travailleurs&#8230;<\/p>\n","protected":false},"author":1,"featured_media":0,"parent":0,"menu_order":0,"comment_status":"closed","ping_status":"closed","template":"page-sidebar.php","meta":{"footnotes":""},"categories":[],"tags":[],"class_list":["post-691","page","type-page","status-publish"],"yoast_head":"<!-- This site is optimized with the Yoast SEO plugin v27.6 - https:\/\/yoast.com\/product\/yoast-seo-wordpress\/ -->\n<title>Directives de l&#039;Union Europ\u00e9enne pour les travailleurs - BBEMG - Belgian BioElectroMagnetics Group<\/title>\n<meta name=\"description\" content=\"En ce qui concerne les travailleurs, le Parlement europ\u00e9en et le Conseil de l&#039;Union europ\u00e9enne ont adopt\u00e9 la directive 2013\/35\/UE.\" \/>\n<meta name=\"robots\" content=\"index, follow, max-snippet:-1, max-image-preview:large, max-video-preview:-1\" \/>\n<link rel=\"canonical\" href=\"https:\/\/www.bbemg.uliege.be\/fr\/directives-de-lunion-europeenne-pour-les-travailleurs\/\" \/>\n<meta property=\"og:locale\" content=\"fr_FR\" \/>\n<meta property=\"og:type\" content=\"article\" \/>\n<meta property=\"og:title\" content=\"Directives de l&#039;Union Europ\u00e9enne pour les travailleurs - BBEMG - Belgian BioElectroMagnetics Group\" \/>\n<meta property=\"og:description\" content=\"En ce qui concerne les travailleurs, le Parlement europ\u00e9en et le Conseil de l&#039;Union europ\u00e9enne ont adopt\u00e9 la directive 2013\/35\/UE.\" \/>\n<meta property=\"og:url\" content=\"https:\/\/www.bbemg.uliege.be\/fr\/directives-de-lunion-europeenne-pour-les-travailleurs\/\" \/>\n<meta property=\"og:site_name\" content=\"BBEMG - Belgian BioElectroMagnetics Group\" \/>\n<meta property=\"article:modified_time\" content=\"2022-03-21T08:05:58+00:00\" \/>\n<meta property=\"og:image\" content=\"https:\/\/www.bbemg.uliege.be\/wp-content\/uploads\/2019\/09\/new.gif\" \/>\n<meta name=\"twitter:card\" content=\"summary_large_image\" \/>\n<meta name=\"twitter:site\" content=\"@bbemg\" \/>\n<meta name=\"twitter:label1\" content=\"Dur\u00e9e de lecture estim\u00e9e\" \/>\n\t<meta name=\"twitter:data1\" content=\"3 minutes\" \/>\n<script type=\"application\/ld+json\" class=\"yoast-schema-graph\">{\"@context\":\"https:\\\/\\\/schema.org\",\"@graph\":[{\"@type\":\"WebPage\",\"@id\":\"https:\\\/\\\/www.bbemg.uliege.be\\\/fr\\\/directives-de-lunion-europeenne-pour-les-travailleurs\\\/\",\"url\":\"https:\\\/\\\/www.bbemg.uliege.be\\\/fr\\\/directives-de-lunion-europeenne-pour-les-travailleurs\\\/\",\"name\":\"Directives de l'Union Europ\u00e9enne pour les travailleurs - BBEMG - Belgian BioElectroMagnetics Group\",\"isPartOf\":{\"@id\":\"https:\\\/\\\/www.bbemg.uliege.be\\\/fr\\\/#website\"},\"primaryImageOfPage\":{\"@id\":\"https:\\\/\\\/www.bbemg.uliege.be\\\/fr\\\/directives-de-lunion-europeenne-pour-les-travailleurs\\\/#primaryimage\"},\"image\":{\"@id\":\"https:\\\/\\\/www.bbemg.uliege.be\\\/fr\\\/directives-de-lunion-europeenne-pour-les-travailleurs\\\/#primaryimage\"},\"thumbnailUrl\":\"https:\\\/\\\/www.bbemg.uliege.be\\\/wp-content\\\/uploads\\\/2019\\\/09\\\/new.gif\",\"datePublished\":\"2019-05-16T07:16:05+00:00\",\"dateModified\":\"2022-03-21T08:05:58+00:00\",\"description\":\"En ce qui concerne les travailleurs, le Parlement europ\u00e9en et le Conseil de l'Union europ\u00e9enne ont adopt\u00e9 la directive 2013\\\/35\\\/UE.\",\"breadcrumb\":{\"@id\":\"https:\\\/\\\/www.bbemg.uliege.be\\\/fr\\\/directives-de-lunion-europeenne-pour-les-travailleurs\\\/#breadcrumb\"},\"inLanguage\":\"fr-FR\",\"potentialAction\":[{\"@type\":\"ReadAction\",\"target\":[\"https:\\\/\\\/www.bbemg.uliege.be\\\/fr\\\/directives-de-lunion-europeenne-pour-les-travailleurs\\\/\"]}]},{\"@type\":\"ImageObject\",\"inLanguage\":\"fr-FR\",\"@id\":\"https:\\\/\\\/www.bbemg.uliege.be\\\/fr\\\/directives-de-lunion-europeenne-pour-les-travailleurs\\\/#primaryimage\",\"url\":\"https:\\\/\\\/www.bbemg.uliege.be\\\/wp-content\\\/uploads\\\/2019\\\/09\\\/new.gif\",\"contentUrl\":\"https:\\\/\\\/www.bbemg.uliege.be\\\/wp-content\\\/uploads\\\/2019\\\/09\\\/new.gif\"},{\"@type\":\"BreadcrumbList\",\"@id\":\"https:\\\/\\\/www.bbemg.uliege.be\\\/fr\\\/directives-de-lunion-europeenne-pour-les-travailleurs\\\/#breadcrumb\",\"itemListElement\":[{\"@type\":\"ListItem\",\"position\":1,\"name\":\"Accueil\",\"item\":\"https:\\\/\\\/www.bbemg.uliege.be\\\/fr\\\/\"},{\"@type\":\"ListItem\",\"position\":2,\"name\":\"Directives de l&rsquo;Union Europ\u00e9enne pour les travailleurs\"}]},{\"@type\":\"WebSite\",\"@id\":\"https:\\\/\\\/www.bbemg.uliege.be\\\/fr\\\/#website\",\"url\":\"https:\\\/\\\/www.bbemg.uliege.be\\\/fr\\\/\",\"name\":\"BBEMG - Belgian BioElectroMagnetics Group\",\"description\":\"Analyse des effets biom\u00e9dicaux des champs \u00e9lectriques dans notre vie quotidienne\",\"publisher\":{\"@id\":\"https:\\\/\\\/www.bbemg.uliege.be\\\/fr\\\/#organization\"},\"potentialAction\":[{\"@type\":\"SearchAction\",\"target\":{\"@type\":\"EntryPoint\",\"urlTemplate\":\"https:\\\/\\\/www.bbemg.uliege.be\\\/fr\\\/?s={search_term_string}\"},\"query-input\":{\"@type\":\"PropertyValueSpecification\",\"valueRequired\":true,\"valueName\":\"search_term_string\"}}],\"inLanguage\":\"fr-FR\"},{\"@type\":\"Organization\",\"@id\":\"https:\\\/\\\/www.bbemg.uliege.be\\\/fr\\\/#organization\",\"name\":\"BBEMG\",\"url\":\"https:\\\/\\\/www.bbemg.uliege.be\\\/fr\\\/\",\"logo\":{\"@type\":\"ImageObject\",\"inLanguage\":\"fr-FR\",\"@id\":\"https:\\\/\\\/www.bbemg.uliege.be\\\/fr\\\/#\\\/schema\\\/logo\\\/image\\\/\",\"url\":\"https:\\\/\\\/www.bbemg.uliege.be\\\/wp-content\\\/uploads\\\/2019\\\/05\\\/bbemg-logo-crop.png\",\"contentUrl\":\"https:\\\/\\\/www.bbemg.uliege.be\\\/wp-content\\\/uploads\\\/2019\\\/05\\\/bbemg-logo-crop.png\",\"width\":\"560\",\"height\":\"222\",\"caption\":\"BBEMG\"},\"image\":{\"@id\":\"https:\\\/\\\/www.bbemg.uliege.be\\\/fr\\\/#\\\/schema\\\/logo\\\/image\\\/\"},\"sameAs\":[\"https:\\\/\\\/x.com\\\/bbemg\"]}]}<\/script>\n<!-- \/ Yoast SEO plugin. -->","yoast_head_json":{"title":"Directives de l'Union Europ\u00e9enne pour les travailleurs - BBEMG - Belgian BioElectroMagnetics Group","description":"En ce qui concerne les travailleurs, le Parlement europ\u00e9en et le Conseil de l'Union europ\u00e9enne ont adopt\u00e9 la directive 2013\/35\/UE.","robots":{"index":"index","follow":"follow","max-snippet":"max-snippet:-1","max-image-preview":"max-image-preview:large","max-video-preview":"max-video-preview:-1"},"canonical":"https:\/\/www.bbemg.uliege.be\/fr\/directives-de-lunion-europeenne-pour-les-travailleurs\/","og_locale":"fr_FR","og_type":"article","og_title":"Directives de l'Union Europ\u00e9enne pour les travailleurs - BBEMG - Belgian BioElectroMagnetics Group","og_description":"En ce qui concerne les travailleurs, le Parlement europ\u00e9en et le Conseil de l'Union europ\u00e9enne ont adopt\u00e9 la directive 2013\/35\/UE.","og_url":"https:\/\/www.bbemg.uliege.be\/fr\/directives-de-lunion-europeenne-pour-les-travailleurs\/","og_site_name":"BBEMG - Belgian BioElectroMagnetics Group","article_modified_time":"2022-03-21T08:05:58+00:00","og_image":[{"url":"https:\/\/www.bbemg.uliege.be\/wp-content\/uploads\/2019\/09\/new.gif","type":"","width":"","height":""}],"twitter_card":"summary_large_image","twitter_site":"@bbemg","twitter_misc":{"Dur\u00e9e de lecture estim\u00e9e":"3 minutes"},"schema":{"@context":"https:\/\/schema.org","@graph":[{"@type":"WebPage","@id":"https:\/\/www.bbemg.uliege.be\/fr\/directives-de-lunion-europeenne-pour-les-travailleurs\/","url":"https:\/\/www.bbemg.uliege.be\/fr\/directives-de-lunion-europeenne-pour-les-travailleurs\/","name":"Directives de l'Union Europ\u00e9enne pour les travailleurs - BBEMG - Belgian BioElectroMagnetics Group","isPartOf":{"@id":"https:\/\/www.bbemg.uliege.be\/fr\/#website"},"primaryImageOfPage":{"@id":"https:\/\/www.bbemg.uliege.be\/fr\/directives-de-lunion-europeenne-pour-les-travailleurs\/#primaryimage"},"image":{"@id":"https:\/\/www.bbemg.uliege.be\/fr\/directives-de-lunion-europeenne-pour-les-travailleurs\/#primaryimage"},"thumbnailUrl":"https:\/\/www.bbemg.uliege.be\/wp-content\/uploads\/2019\/09\/new.gif","datePublished":"2019-05-16T07:16:05+00:00","dateModified":"2022-03-21T08:05:58+00:00","description":"En ce qui concerne les travailleurs, le Parlement europ\u00e9en et le Conseil de l'Union europ\u00e9enne ont adopt\u00e9 la directive 2013\/35\/UE.","breadcrumb":{"@id":"https:\/\/www.bbemg.uliege.be\/fr\/directives-de-lunion-europeenne-pour-les-travailleurs\/#breadcrumb"},"inLanguage":"fr-FR","potentialAction":[{"@type":"ReadAction","target":["https:\/\/www.bbemg.uliege.be\/fr\/directives-de-lunion-europeenne-pour-les-travailleurs\/"]}]},{"@type":"ImageObject","inLanguage":"fr-FR","@id":"https:\/\/www.bbemg.uliege.be\/fr\/directives-de-lunion-europeenne-pour-les-travailleurs\/#primaryimage","url":"https:\/\/www.bbemg.uliege.be\/wp-content\/uploads\/2019\/09\/new.gif","contentUrl":"https:\/\/www.bbemg.uliege.be\/wp-content\/uploads\/2019\/09\/new.gif"},{"@type":"BreadcrumbList","@id":"https:\/\/www.bbemg.uliege.be\/fr\/directives-de-lunion-europeenne-pour-les-travailleurs\/#breadcrumb","itemListElement":[{"@type":"ListItem","position":1,"name":"Accueil","item":"https:\/\/www.bbemg.uliege.be\/fr\/"},{"@type":"ListItem","position":2,"name":"Directives de l&rsquo;Union Europ\u00e9enne pour les travailleurs"}]},{"@type":"WebSite","@id":"https:\/\/www.bbemg.uliege.be\/fr\/#website","url":"https:\/\/www.bbemg.uliege.be\/fr\/","name":"BBEMG - Belgian BioElectroMagnetics Group","description":"Analyse des effets biom\u00e9dicaux des champs \u00e9lectriques dans notre vie quotidienne","publisher":{"@id":"https:\/\/www.bbemg.uliege.be\/fr\/#organization"},"potentialAction":[{"@type":"SearchAction","target":{"@type":"EntryPoint","urlTemplate":"https:\/\/www.bbemg.uliege.be\/fr\/?s={search_term_string}"},"query-input":{"@type":"PropertyValueSpecification","valueRequired":true,"valueName":"search_term_string"}}],"inLanguage":"fr-FR"},{"@type":"Organization","@id":"https:\/\/www.bbemg.uliege.be\/fr\/#organization","name":"BBEMG","url":"https:\/\/www.bbemg.uliege.be\/fr\/","logo":{"@type":"ImageObject","inLanguage":"fr-FR","@id":"https:\/\/www.bbemg.uliege.be\/fr\/#\/schema\/logo\/image\/","url":"https:\/\/www.bbemg.uliege.be\/wp-content\/uploads\/2019\/05\/bbemg-logo-crop.png","contentUrl":"https:\/\/www.bbemg.uliege.be\/wp-content\/uploads\/2019\/05\/bbemg-logo-crop.png","width":"560","height":"222","caption":"BBEMG"},"image":{"@id":"https:\/\/www.bbemg.uliege.be\/fr\/#\/schema\/logo\/image\/"},"sameAs":["https:\/\/x.com\/bbemg"]}]}},"_links":{"self":[{"href":"https:\/\/www.bbemg.uliege.be\/fr\/wp-json\/wp\/v2\/pages\/691","targetHints":{"allow":["GET"]}}],"collection":[{"href":"https:\/\/www.bbemg.uliege.be\/fr\/wp-json\/wp\/v2\/pages"}],"about":[{"href":"https:\/\/www.bbemg.uliege.be\/fr\/wp-json\/wp\/v2\/types\/page"}],"author":[{"embeddable":true,"href":"https:\/\/www.bbemg.uliege.be\/fr\/wp-json\/wp\/v2\/users\/1"}],"replies":[{"embeddable":true,"href":"https:\/\/www.bbemg.uliege.be\/fr\/wp-json\/wp\/v2\/comments?post=691"}],"version-history":[{"count":2,"href":"https:\/\/www.bbemg.uliege.be\/fr\/wp-json\/wp\/v2\/pages\/691\/revisions"}],"predecessor-version":[{"id":4871,"href":"https:\/\/www.bbemg.uliege.be\/fr\/wp-json\/wp\/v2\/pages\/691\/revisions\/4871"}],"wp:attachment":[{"href":"https:\/\/www.bbemg.uliege.be\/fr\/wp-json\/wp\/v2\/media?parent=691"}],"wp:term":[{"taxonomy":"category","embeddable":true,"href":"https:\/\/www.bbemg.uliege.be\/fr\/wp-json\/wp\/v2\/categories?post=691"},{"taxonomy":"post_tag","embeddable":true,"href":"https:\/\/www.bbemg.uliege.be\/fr\/wp-json\/wp\/v2\/tags?post=691"}],"curies":[{"name":"wp","href":"https:\/\/api.w.org\/{rel}","templated":true}]}}