{"id":693,"date":"2019-05-16T09:39:18","date_gmt":"2019-05-16T07:39:18","guid":{"rendered":"https:\/\/www.bbemg.uliege.be\/?page_id=693"},"modified":"2020-11-06T18:48:38","modified_gmt":"2020-11-06T17:48:38","slug":"normes-ieee","status":"publish","type":"page","link":"https:\/\/www.bbemg.uliege.be\/fr\/normes-ieee\/","title":{"rendered":"Normes IEEE pour les travailleurs"},"content":{"rendered":"[vc_row type=\u00a0\u00bbin_container\u00a0\u00bb full_screen_row_position=\u00a0\u00bbmiddle\u00a0\u00bb scene_position=\u00a0\u00bbcenter\u00a0\u00bb text_color=\u00a0\u00bbdark\u00a0\u00bb text_align=\u00a0\u00bbleft\u00a0\u00bb overlay_strength=\u00a0\u00bb0.3&Prime; shape_divider_position=\u00a0\u00bbbottom\u00a0\u00bb bg_image_animation=\u00a0\u00bbnone\u00a0\u00bb][vc_column column_padding=\u00a0\u00bbno-extra-padding\u00a0\u00bb column_padding_position=\u00a0\u00bball\u00a0\u00bb background_color_opacity=\u00a0\u00bb1&Prime; background_hover_color_opacity=\u00a0\u00bb1&Prime; column_link_target=\u00a0\u00bb_self\u00a0\u00bb column_shadow=\u00a0\u00bbnone\u00a0\u00bb column_border_radius=\u00a0\u00bbnone\u00a0\u00bb width=\u00a0\u00bb1\/1&Prime; tablet_width_inherit=\u00a0\u00bbdefault\u00a0\u00bb tablet_text_alignment=\u00a0\u00bbdefault\u00a0\u00bb phone_text_alignment=\u00a0\u00bbdefault\u00a0\u00bb column_border_width=\u00a0\u00bbnone\u00a0\u00bb column_border_style=\u00a0\u00bbsolid\u00a0\u00bb bg_image_animation=\u00a0\u00bbnone\u00a0\u00bb][heading]\n<h1>Normes IEEE pour les travailleurs<\/h1>\n[\/heading][\/vc_column][\/vc_row][vc_row type=\u00a0\u00bbin_container\u00a0\u00bb full_screen_row_position=\u00a0\u00bbmiddle\u00a0\u00bb scene_position=\u00a0\u00bbcenter\u00a0\u00bb text_color=\u00a0\u00bbdark\u00a0\u00bb text_align=\u00a0\u00bbleft\u00a0\u00bb overlay_strength=\u00a0\u00bb0.3&Prime; shape_divider_position=\u00a0\u00bbbottom\u00a0\u00bb bg_image_animation=\u00a0\u00bbnone\u00a0\u00bb source=\u00a0\u00bb\u00a0\u00bb text=\u00a0\u00bb2013 &#8211; 2017&Prime; font_container=\u00a0\u00bbtag:h2|text_align:left|color:%2349b0e5&Prime; use_theme_fonts=\u00a0\u00bbyes\u00a0\u00bb google_fonts=\u00a0\u00bbfont_family:Abril%20Fatface%3Aregular|font_style:400%20regular%3A400%3Anormal\u00a0\u00bb css_animation=\u00a0\u00bb\u00a0\u00bb link=\u00a0\u00bb\u00a0\u00bb el_id=\u00a0\u00bb\u00a0\u00bb el_class=\u00a0\u00bb\u00a0\u00bb css=\u00a0\u00bb\u00a0\u00bb][vc_column column_padding=\u00a0\u00bbno-extra-padding\u00a0\u00bb column_padding_position=\u00a0\u00bball\u00a0\u00bb background_color_opacity=\u00a0\u00bb1&Prime; background_hover_color_opacity=\u00a0\u00bb1&Prime; column_link_target=\u00a0\u00bb_self\u00a0\u00bb column_shadow=\u00a0\u00bbnone\u00a0\u00bb column_border_radius=\u00a0\u00bbnone\u00a0\u00bb width=\u00a0\u00bb1\/1&Prime; tablet_width_inherit=\u00a0\u00bbdefault\u00a0\u00bb tablet_text_alignment=\u00a0\u00bbdefault\u00a0\u00bb phone_text_alignment=\u00a0\u00bbdefault\u00a0\u00bb column_border_width=\u00a0\u00bbnone\u00a0\u00bb column_border_style=\u00a0\u00bbsolid\u00a0\u00bb bg_image_animation=\u00a0\u00bbnone\u00a0\u00bb][vc_custom_heading text=\u00a0\u00bbNormes IEEE pour les travailleurs\u00a0\u00bb font_container=\u00a0\u00bbtag:h2|text_align:left|color:%2349b0e5&Prime; use_theme_fonts=\u00a0\u00bbyes\u00a0\u00bb][vc_column_text]Les recommandations sont \u00e9tablies afin d&rsquo;\u00e9viter les effets nocifs de l&rsquo;exposition aux champs \u00e9lectromagn\u00e9tiques 0-3 kHz. Les recommandations s&rsquo;appliquent <a href=\"https:\/\/www.bbemg.uliege.be\/normes-ieee-pour-le-grand-public\/?lang=fr\">aux expositions du grand public (&gt;&gt;)<\/a>, ainsi qu&rsquo;aux <strong>personnes \u00e9voluant dans des environnement contr\u00f4l\u00e9s<\/strong>.[\/vc_column_text][vc_custom_heading text=\u00a0\u00bbRestrictions de base\u00a0\u00bb font_container=\u00a0\u00bbtag:h3|text_align:left|color:%233f3f3f\u00a0\u00bb use_theme_fonts=\u00a0\u00bbyes\u00a0\u00bb][vc_column_text]Champs \u00e9lectriques internes[\/vc_column_text][vc_column_text]\n<table>\n<tbody>\n<tr>\n<th>Partie du corps<\/th>\n<th>Limites pour les expositions contr\u00f4l\u00e9es (50 Hz)<\/th>\n<\/tr>\n<tr>\n<td>Cerveau<\/td>\n<td>44,3 mV\/m<\/td>\n<\/tr>\n<tr>\n<td>Coeur<\/td>\n<td>0,943 V\/m<\/td>\n<\/tr>\n<tr>\n<td>Mains, poignets, pieds, chevilles<\/td>\n<td>2,10 V\/m<\/td>\n<\/tr>\n<tr>\n<td>Autre<\/td>\n<td>2,10 V\/m<\/td>\n<\/tr>\n<\/tbody>\n<\/table>\n[\/vc_column_text][vc_custom_heading text=\u00a0\u00bbExpositions maximales permises (MCE)\u00a0\u00bb font_container=\u00a0\u00bbtag:h3|text_align:left|color:%233f3f3f\u00a0\u00bb use_theme_fonts=\u00a0\u00bbyes\u00a0\u00bb][vc_column_text]Champ magn\u00e9tique 50 Hz[\/vc_column_text][vc_column_text]\n<table>\n<tbody>\n<tr>\n<th>Partie du corps<\/th>\n<th>Limites pour les expositions contr\u00f4l\u00e9es (50 Hz)<\/th>\n<\/tr>\n<tr>\n<td>T\u00eate et tronc<\/td>\n<td>2,71 mT<\/td>\n<\/tr>\n<tr>\n<td>Bras et jambes<\/td>\n<td>75,8 mT<\/td>\n<\/tr>\n<\/tbody>\n<\/table>\n[\/vc_column_text][vc_column_text]Champ \u00e9lectrique 50 Hz: 20 kV\/m (mais cette intensit\u00e9 peut \u00eatre d\u00e9pass\u00e9e sous certaines conditions)<br \/>\nRemarque: La valeur n&rsquo;est pas calcul\u00e9e \u00e0 partir de la restriction de base, mais d&rsquo;effets indirects comme les microchocs.[\/vc_column_text][\/vc_column][\/vc_row][vc_row type=\u00a0\u00bbin_container\u00a0\u00bb full_screen_row_position=\u00a0\u00bbmiddle\u00a0\u00bb scene_position=\u00a0\u00bbcenter\u00a0\u00bb text_color=\u00a0\u00bbdark\u00a0\u00bb text_align=\u00a0\u00bbleft\u00a0\u00bb overlay_strength=\u00a0\u00bb0.3&Prime; shape_divider_position=\u00a0\u00bbbottom\u00a0\u00bb bg_image_animation=\u00a0\u00bbnone\u00a0\u00bb source=\u00a0\u00bb\u00a0\u00bb text=\u00a0\u00bb2013 &#8211; 2017&Prime; font_container=\u00a0\u00bbtag:h2|text_align:left|color:%2349b0e5&Prime; use_theme_fonts=\u00a0\u00bbyes\u00a0\u00bb google_fonts=\u00a0\u00bbfont_family:Abril%20Fatface%3Aregular|font_style:400%20regular%3A400%3Anormal\u00a0\u00bb css_animation=\u00a0\u00bb\u00a0\u00bb link=\u00a0\u00bb\u00a0\u00bb el_id=\u00a0\u00bb\u00a0\u00bb el_class=\u00a0\u00bb\u00a0\u00bb css=\u00a0\u00bb\u00a0\u00bb][vc_column column_padding=\u00a0\u00bbno-extra-padding\u00a0\u00bb column_padding_position=\u00a0\u00bball\u00a0\u00bb background_color_opacity=\u00a0\u00bb1&Prime; background_hover_color_opacity=\u00a0\u00bb1&Prime; column_link_target=\u00a0\u00bb_self\u00a0\u00bb column_shadow=\u00a0\u00bbnone\u00a0\u00bb column_border_radius=\u00a0\u00bbnone\u00a0\u00bb width=\u00a0\u00bb1\/1&Prime; tablet_width_inherit=\u00a0\u00bbdefault\u00a0\u00bb tablet_text_alignment=\u00a0\u00bbdefault\u00a0\u00bb phone_text_alignment=\u00a0\u00bbdefault\u00a0\u00bb column_border_width=\u00a0\u00bbnone\u00a0\u00bb column_border_style=\u00a0\u00bbsolid\u00a0\u00bb bg_image_animation=\u00a0\u00bbnone\u00a0\u00bb][vc_custom_heading text=\u00a0\u00bbNormes IEEE pour le grand public\u00a0\u00bb font_container=\u00a0\u00bbtag:h2|text_align:left|color:%2349b0e5&Prime; use_theme_fonts=\u00a0\u00bbyes\u00a0\u00bb][vc_column_text]Les recommandations sont \u00e9tablies afin d&rsquo;\u00e9viter les effets nocifs de l&rsquo;exposition aux champs \u00e9lectromagn\u00e9tiques 0-3 kHz. Les recommandations s&rsquo;appliquent aux expositions du grand public, ainsi qu&rsquo;<a href=\"https:\/\/www.bbemg.uliege.be\/normes-ieee\/?lang=fr\">aux personnes \u00e9voluant dans des environnement contr\u00f4l\u00e9s (&gt;&gt;)<\/a>.[\/vc_column_text][vc_custom_heading text=\u00a0\u00bbExpositions maximales permises (MCE)\u00a0\u00bb font_container=\u00a0\u00bbtag:h3|text_align:left|color:%233f3f3f\u00a0\u00bb use_theme_fonts=\u00a0\u00bbyes\u00a0\u00bb][vc_column_text]Champ magn\u00e9tique 50 Hz[\/vc_column_text][vc_column_text]\n<table>\n<tbody>\n<tr>\n<th>Partie\u00a0 du corps<\/th>\n<th>Limites pour les expositions du public (50 Hz)<\/th>\n<\/tr>\n<tr>\n<td>T\u00eate et tronc<\/td>\n<td>\n<p align=\"center\">904 \u00b5T<\/p>\n<\/td>\n<\/tr>\n<tr>\n<td>Bras et jambes<\/td>\n<td>\n<p align=\"center\">75,8 mT<\/p>\n<\/td>\n<\/tr>\n<\/tbody>\n<\/table>\n[\/vc_column_text][vc_column_text]Champ \u00e9lectrique 50 Hz[\/vc_column_text][vc_column_text]\n<table>\n<tbody>\n<tr>\n<th><\/th>\n<th>Limites pour les expositions du public (50 Hz)<\/th>\n<\/tr>\n<tr>\n<td>En g\u00e9n\u00e9ral<\/td>\n<td>\n<p align=\"center\">5 kV\/m<\/p>\n<\/td>\n<\/tr>\n<tr>\n<td>Sous les lignes \u00e9lectriques (charge normale)<\/td>\n<td>\n<p align=\"center\">10 kV\/m<\/p>\n<\/td>\n<\/tr>\n<\/tbody>\n<\/table>\n[\/vc_column_text][\/vc_column][\/vc_row][vc_row type=\u00a0\u00bbin_container\u00a0\u00bb full_screen_row_position=\u00a0\u00bbmiddle\u00a0\u00bb scene_position=\u00a0\u00bbcenter\u00a0\u00bb text_color=\u00a0\u00bbdark\u00a0\u00bb text_align=\u00a0\u00bbleft\u00a0\u00bb overlay_strength=\u00a0\u00bb0.3&Prime; shape_divider_position=\u00a0\u00bbbottom\u00a0\u00bb bg_image_animation=\u00a0\u00bbnone\u00a0\u00bb source=\u00a0\u00bb\u00a0\u00bb text=\u00a0\u00bb2013 &#8211; 2017&Prime; font_container=\u00a0\u00bbtag:h2|text_align:left|color:%2349b0e5&Prime; use_theme_fonts=\u00a0\u00bbyes\u00a0\u00bb google_fonts=\u00a0\u00bbfont_family:Abril%20Fatface%3Aregular|font_style:400%20regular%3A400%3Anormal\u00a0\u00bb css_animation=\u00a0\u00bb\u00a0\u00bb link=\u00a0\u00bb\u00a0\u00bb el_id=\u00a0\u00bb\u00a0\u00bb el_class=\u00a0\u00bb\u00a0\u00bb css=\u00a0\u00bb\u00a0\u00bb][vc_column column_padding=\u00a0\u00bbno-extra-padding\u00a0\u00bb column_padding_position=\u00a0\u00bball\u00a0\u00bb background_color_opacity=\u00a0\u00bb1&Prime; background_hover_color_opacity=\u00a0\u00bb1&Prime; column_link_target=\u00a0\u00bb_self\u00a0\u00bb column_shadow=\u00a0\u00bbnone\u00a0\u00bb column_border_radius=\u00a0\u00bbnone\u00a0\u00bb width=\u00a0\u00bb1\/1&Prime; tablet_width_inherit=\u00a0\u00bbdefault\u00a0\u00bb tablet_text_alignment=\u00a0\u00bbdefault\u00a0\u00bb phone_text_alignment=\u00a0\u00bbdefault\u00a0\u00bb column_border_width=\u00a0\u00bbnone\u00a0\u00bb column_border_style=\u00a0\u00bbsolid\u00a0\u00bb bg_image_animation=\u00a0\u00bbnone\u00a0\u00bb][vc_custom_heading text=\u00a0\u00bbDocuments &amp; Liens\u00a0\u00bb font_container=\u00a0\u00bbtag:h2|text_align:left|color:%2349b0e5&Prime; use_theme_fonts=\u00a0\u00bbyes\u00a0\u00bb][vc_column_text]\n<ul>\n<li><a href=\"http:\/\/ieeexplore.ieee.org\/xpl\/articleDetails.jsp?reload=true&amp;arnumber=1046043\" target=\"_blank\" rel=\"noopener noreferrer\">IEEE Standard for Safety Levels with Respect to Human Exposure to Electromagnetic Fields, 0\u20133 kHz (ICES, 2002)<\/a><\/li>\n<li><a href=\"http:\/\/www.emfs.info\/limits\/limits-organisations\/ices-2002\/\" target=\"_blank\" rel=\"noopener noreferrer\">http:\/\/www.emfs.info\/limits\/limits-organisations\/ices-2002\/<\/a><\/li>\n<\/ul>\n[\/vc_column_text][\/vc_column][\/vc_row][vc_row type=\u00a0\u00bbin_container\u00a0\u00bb full_screen_row_position=\u00a0\u00bbmiddle\u00a0\u00bb scene_position=\u00a0\u00bbcenter\u00a0\u00bb text_color=\u00a0\u00bbdark\u00a0\u00bb text_align=\u00a0\u00bbleft\u00a0\u00bb overlay_strength=\u00a0\u00bb0.3&Prime; shape_divider_position=\u00a0\u00bbbottom\u00a0\u00bb bg_image_animation=\u00a0\u00bbnone\u00a0\u00bb source=\u00a0\u00bb\u00a0\u00bb text=\u00a0\u00bb2013 &#8211; 2017&Prime; font_container=\u00a0\u00bbtag:h2|text_align:left|color:%2349b0e5&Prime; use_theme_fonts=\u00a0\u00bbyes\u00a0\u00bb google_fonts=\u00a0\u00bbfont_family:Abril%20Fatface%3Aregular|font_style:400%20regular%3A400%3Anormal\u00a0\u00bb css_animation=\u00a0\u00bb\u00a0\u00bb link=\u00a0\u00bb\u00a0\u00bb el_id=\u00a0\u00bb\u00a0\u00bb el_class=\u00a0\u00bb\u00a0\u00bb css=\u00a0\u00bb\u00a0\u00bb][vc_column column_padding=\u00a0\u00bbno-extra-padding\u00a0\u00bb column_padding_position=\u00a0\u00bball\u00a0\u00bb background_color_opacity=\u00a0\u00bb1&Prime; background_hover_color_opacity=\u00a0\u00bb1&Prime; column_link_target=\u00a0\u00bb_self\u00a0\u00bb column_shadow=\u00a0\u00bbnone\u00a0\u00bb column_border_radius=\u00a0\u00bbnone\u00a0\u00bb width=\u00a0\u00bb1\/1&Prime; tablet_width_inherit=\u00a0\u00bbdefault\u00a0\u00bb tablet_text_alignment=\u00a0\u00bbdefault\u00a0\u00bb phone_text_alignment=\u00a0\u00bbdefault\u00a0\u00bb column_border_width=\u00a0\u00bbnone\u00a0\u00bb column_border_style=\u00a0\u00bbsolid\u00a0\u00bb bg_image_animation=\u00a0\u00bbnone\u00a0\u00bb][vc_custom_heading text=\u00a0\u00bbAutres th\u00e8mes qui pourraient vous int\u00e9resser &#8230;\u00a0\u00bb font_container=\u00a0\u00bbtag:h2|text_align:left|color:%2349b0e5&Prime; use_theme_fonts=\u00a0\u00bbyes\u00a0\u00bb][vc_column_text]\n<ul>\n<li><a href=\"https:\/\/www.bbemg.uliege.be\/gestion-des-risques-et-reglementation-en-matiere-de-cem\/?lang=fr\">Revue de litt\u00e9rature: Gestion des risques<\/a><\/li>\n<li><a href=\"https:\/\/www.bbemg.uliege.be\/la-question-du-risque-sur-la-sante-normes-recherche-et-analyse-de-lexposition\/?lang=fr\">La question du risque sur la sant\u00e9<\/a> (voir Normes et recommandations)<\/li>\n<\/ul>\n[\/vc_column_text][\/vc_column][\/vc_row]\n","protected":false},"excerpt":{"rendered":"<p>[vc_row type=\u00a0\u00bbin_container\u00a0\u00bb full_screen_row_position=\u00a0\u00bbmiddle\u00a0\u00bb scene_position=\u00a0\u00bbcenter\u00a0\u00bb text_color=\u00a0\u00bbdark\u00a0\u00bb text_align=\u00a0\u00bbleft\u00a0\u00bb overlay_strength=\u00a0\u00bb0.3&Prime; shape_divider_position=\u00a0\u00bbbottom\u00a0\u00bb bg_image_animation=\u00a0\u00bbnone\u00a0\u00bb][vc_column column_padding=\u00a0\u00bbno-extra-padding\u00a0\u00bb column_padding_position=\u00a0\u00bball\u00a0\u00bb background_color_opacity=\u00a0\u00bb1&Prime; background_hover_color_opacity=\u00a0\u00bb1&Prime; column_link_target=\u00a0\u00bb_self\u00a0\u00bb column_shadow=\u00a0\u00bbnone\u00a0\u00bb column_border_radius=\u00a0\u00bbnone\u00a0\u00bb width=\u00a0\u00bb1\/1&Prime; tablet_width_inherit=\u00a0\u00bbdefault\u00a0\u00bb tablet_text_alignment=\u00a0\u00bbdefault\u00a0\u00bb phone_text_alignment=\u00a0\u00bbdefault\u00a0\u00bb column_border_width=\u00a0\u00bbnone\u00a0\u00bb column_border_style=\u00a0\u00bbsolid\u00a0\u00bb bg_image_animation=\u00a0\u00bbnone\u00a0\u00bb][heading] Normes IEEE pour les travailleurs [\/heading][\/vc_column][\/vc_row][vc_row type=\u00a0\u00bbin_container\u00a0\u00bb&#8230;<\/p>\n","protected":false},"author":1,"featured_media":0,"parent":0,"menu_order":0,"comment_status":"closed","ping_status":"closed","template":"page-sidebar.php","meta":{"footnotes":""},"categories":[],"tags":[],"class_list":["post-693","page","type-page","status-publish"],"yoast_head":"<!-- This site is optimized with the Yoast SEO plugin v27.5 - https:\/\/yoast.com\/product\/yoast-seo-wordpress\/ -->\n<title>Normes IEEE pour les travailleurs - BBEMG - Belgian BioElectroMagnetics Group<\/title>\n<meta name=\"description\" content=\"Normes de l&#039;IEEE : Recommandations pour pr\u00e9venir les effets sur la sant\u00e9 des travailleurs lors de l&#039;exposition aux CEM dans la gamme de 0 \u00e0 3 kHz.\" \/>\n<meta name=\"robots\" content=\"index, follow, max-snippet:-1, max-image-preview:large, max-video-preview:-1\" \/>\n<link rel=\"canonical\" href=\"https:\/\/www.bbemg.uliege.be\/fr\/normes-ieee\/\" \/>\n<meta property=\"og:locale\" content=\"fr_FR\" \/>\n<meta property=\"og:type\" content=\"article\" \/>\n<meta property=\"og:title\" content=\"Normes IEEE pour les travailleurs - BBEMG - Belgian BioElectroMagnetics Group\" \/>\n<meta property=\"og:description\" content=\"Normes de l&#039;IEEE : Recommandations pour pr\u00e9venir les effets sur la sant\u00e9 des travailleurs lors de l&#039;exposition aux CEM dans la gamme de 0 \u00e0 3 kHz.\" \/>\n<meta property=\"og:url\" content=\"https:\/\/www.bbemg.uliege.be\/fr\/normes-ieee\/\" \/>\n<meta property=\"og:site_name\" content=\"BBEMG - Belgian BioElectroMagnetics Group\" \/>\n<meta property=\"article:modified_time\" content=\"2020-11-06T17:48:38+00:00\" \/>\n<meta name=\"twitter:card\" content=\"summary_large_image\" \/>\n<meta name=\"twitter:site\" content=\"@bbemg\" \/>\n<meta name=\"twitter:label1\" content=\"Dur\u00e9e de lecture estim\u00e9e\" \/>\n\t<meta name=\"twitter:data1\" content=\"5 minutes\" \/>\n<script type=\"application\/ld+json\" class=\"yoast-schema-graph\">{\"@context\":\"https:\\\/\\\/schema.org\",\"@graph\":[{\"@type\":\"WebPage\",\"@id\":\"https:\\\/\\\/www.bbemg.uliege.be\\\/fr\\\/normes-ieee\\\/\",\"url\":\"https:\\\/\\\/www.bbemg.uliege.be\\\/fr\\\/normes-ieee\\\/\",\"name\":\"Normes IEEE pour les travailleurs - BBEMG - Belgian BioElectroMagnetics Group\",\"isPartOf\":{\"@id\":\"https:\\\/\\\/www.bbemg.uliege.be\\\/fr\\\/#website\"},\"datePublished\":\"2019-05-16T07:39:18+00:00\",\"dateModified\":\"2020-11-06T17:48:38+00:00\",\"description\":\"Normes de l'IEEE : Recommandations pour pr\u00e9venir les effets sur la sant\u00e9 des travailleurs lors de l'exposition aux CEM dans la gamme de 0 \u00e0 3 kHz.\",\"breadcrumb\":{\"@id\":\"https:\\\/\\\/www.bbemg.uliege.be\\\/fr\\\/normes-ieee\\\/#breadcrumb\"},\"inLanguage\":\"fr-FR\",\"potentialAction\":[{\"@type\":\"ReadAction\",\"target\":[\"https:\\\/\\\/www.bbemg.uliege.be\\\/fr\\\/normes-ieee\\\/\"]}]},{\"@type\":\"BreadcrumbList\",\"@id\":\"https:\\\/\\\/www.bbemg.uliege.be\\\/fr\\\/normes-ieee\\\/#breadcrumb\",\"itemListElement\":[{\"@type\":\"ListItem\",\"position\":1,\"name\":\"Accueil\",\"item\":\"https:\\\/\\\/www.bbemg.uliege.be\\\/fr\\\/\"},{\"@type\":\"ListItem\",\"position\":2,\"name\":\"Normes IEEE pour les travailleurs\"}]},{\"@type\":\"WebSite\",\"@id\":\"https:\\\/\\\/www.bbemg.uliege.be\\\/fr\\\/#website\",\"url\":\"https:\\\/\\\/www.bbemg.uliege.be\\\/fr\\\/\",\"name\":\"BBEMG - Belgian BioElectroMagnetics Group\",\"description\":\"Analyse des effets biom\u00e9dicaux des champs \u00e9lectriques dans notre vie quotidienne\",\"publisher\":{\"@id\":\"https:\\\/\\\/www.bbemg.uliege.be\\\/fr\\\/#organization\"},\"potentialAction\":[{\"@type\":\"SearchAction\",\"target\":{\"@type\":\"EntryPoint\",\"urlTemplate\":\"https:\\\/\\\/www.bbemg.uliege.be\\\/fr\\\/?s={search_term_string}\"},\"query-input\":{\"@type\":\"PropertyValueSpecification\",\"valueRequired\":true,\"valueName\":\"search_term_string\"}}],\"inLanguage\":\"fr-FR\"},{\"@type\":\"Organization\",\"@id\":\"https:\\\/\\\/www.bbemg.uliege.be\\\/fr\\\/#organization\",\"name\":\"BBEMG\",\"url\":\"https:\\\/\\\/www.bbemg.uliege.be\\\/fr\\\/\",\"logo\":{\"@type\":\"ImageObject\",\"inLanguage\":\"fr-FR\",\"@id\":\"https:\\\/\\\/www.bbemg.uliege.be\\\/fr\\\/#\\\/schema\\\/logo\\\/image\\\/\",\"url\":\"https:\\\/\\\/www.bbemg.uliege.be\\\/wp-content\\\/uploads\\\/2019\\\/05\\\/bbemg-logo-crop.png\",\"contentUrl\":\"https:\\\/\\\/www.bbemg.uliege.be\\\/wp-content\\\/uploads\\\/2019\\\/05\\\/bbemg-logo-crop.png\",\"width\":\"560\",\"height\":\"222\",\"caption\":\"BBEMG\"},\"image\":{\"@id\":\"https:\\\/\\\/www.bbemg.uliege.be\\\/fr\\\/#\\\/schema\\\/logo\\\/image\\\/\"},\"sameAs\":[\"https:\\\/\\\/x.com\\\/bbemg\"]}]}<\/script>\n<!-- \/ Yoast SEO plugin. -->","yoast_head_json":{"title":"Normes IEEE pour les travailleurs - BBEMG - Belgian BioElectroMagnetics Group","description":"Normes de l'IEEE : Recommandations pour pr\u00e9venir les effets sur la sant\u00e9 des travailleurs lors de l'exposition aux CEM dans la gamme de 0 \u00e0 3 kHz.","robots":{"index":"index","follow":"follow","max-snippet":"max-snippet:-1","max-image-preview":"max-image-preview:large","max-video-preview":"max-video-preview:-1"},"canonical":"https:\/\/www.bbemg.uliege.be\/fr\/normes-ieee\/","og_locale":"fr_FR","og_type":"article","og_title":"Normes IEEE pour les travailleurs - BBEMG - Belgian BioElectroMagnetics Group","og_description":"Normes de l'IEEE : Recommandations pour pr\u00e9venir les effets sur la sant\u00e9 des travailleurs lors de l'exposition aux CEM dans la gamme de 0 \u00e0 3 kHz.","og_url":"https:\/\/www.bbemg.uliege.be\/fr\/normes-ieee\/","og_site_name":"BBEMG - Belgian BioElectroMagnetics Group","article_modified_time":"2020-11-06T17:48:38+00:00","twitter_card":"summary_large_image","twitter_site":"@bbemg","twitter_misc":{"Dur\u00e9e de lecture estim\u00e9e":"5 minutes"},"schema":{"@context":"https:\/\/schema.org","@graph":[{"@type":"WebPage","@id":"https:\/\/www.bbemg.uliege.be\/fr\/normes-ieee\/","url":"https:\/\/www.bbemg.uliege.be\/fr\/normes-ieee\/","name":"Normes IEEE pour les travailleurs - BBEMG - Belgian BioElectroMagnetics Group","isPartOf":{"@id":"https:\/\/www.bbemg.uliege.be\/fr\/#website"},"datePublished":"2019-05-16T07:39:18+00:00","dateModified":"2020-11-06T17:48:38+00:00","description":"Normes de l'IEEE : Recommandations pour pr\u00e9venir les effets sur la sant\u00e9 des travailleurs lors de l'exposition aux CEM dans la gamme de 0 \u00e0 3 kHz.","breadcrumb":{"@id":"https:\/\/www.bbemg.uliege.be\/fr\/normes-ieee\/#breadcrumb"},"inLanguage":"fr-FR","potentialAction":[{"@type":"ReadAction","target":["https:\/\/www.bbemg.uliege.be\/fr\/normes-ieee\/"]}]},{"@type":"BreadcrumbList","@id":"https:\/\/www.bbemg.uliege.be\/fr\/normes-ieee\/#breadcrumb","itemListElement":[{"@type":"ListItem","position":1,"name":"Accueil","item":"https:\/\/www.bbemg.uliege.be\/fr\/"},{"@type":"ListItem","position":2,"name":"Normes IEEE pour les travailleurs"}]},{"@type":"WebSite","@id":"https:\/\/www.bbemg.uliege.be\/fr\/#website","url":"https:\/\/www.bbemg.uliege.be\/fr\/","name":"BBEMG - Belgian BioElectroMagnetics Group","description":"Analyse des effets biom\u00e9dicaux des champs \u00e9lectriques dans notre vie quotidienne","publisher":{"@id":"https:\/\/www.bbemg.uliege.be\/fr\/#organization"},"potentialAction":[{"@type":"SearchAction","target":{"@type":"EntryPoint","urlTemplate":"https:\/\/www.bbemg.uliege.be\/fr\/?s={search_term_string}"},"query-input":{"@type":"PropertyValueSpecification","valueRequired":true,"valueName":"search_term_string"}}],"inLanguage":"fr-FR"},{"@type":"Organization","@id":"https:\/\/www.bbemg.uliege.be\/fr\/#organization","name":"BBEMG","url":"https:\/\/www.bbemg.uliege.be\/fr\/","logo":{"@type":"ImageObject","inLanguage":"fr-FR","@id":"https:\/\/www.bbemg.uliege.be\/fr\/#\/schema\/logo\/image\/","url":"https:\/\/www.bbemg.uliege.be\/wp-content\/uploads\/2019\/05\/bbemg-logo-crop.png","contentUrl":"https:\/\/www.bbemg.uliege.be\/wp-content\/uploads\/2019\/05\/bbemg-logo-crop.png","width":"560","height":"222","caption":"BBEMG"},"image":{"@id":"https:\/\/www.bbemg.uliege.be\/fr\/#\/schema\/logo\/image\/"},"sameAs":["https:\/\/x.com\/bbemg"]}]}},"_links":{"self":[{"href":"https:\/\/www.bbemg.uliege.be\/fr\/wp-json\/wp\/v2\/pages\/693","targetHints":{"allow":["GET"]}}],"collection":[{"href":"https:\/\/www.bbemg.uliege.be\/fr\/wp-json\/wp\/v2\/pages"}],"about":[{"href":"https:\/\/www.bbemg.uliege.be\/fr\/wp-json\/wp\/v2\/types\/page"}],"author":[{"embeddable":true,"href":"https:\/\/www.bbemg.uliege.be\/fr\/wp-json\/wp\/v2\/users\/1"}],"replies":[{"embeddable":true,"href":"https:\/\/www.bbemg.uliege.be\/fr\/wp-json\/wp\/v2\/comments?post=693"}],"version-history":[{"count":1,"href":"https:\/\/www.bbemg.uliege.be\/fr\/wp-json\/wp\/v2\/pages\/693\/revisions"}],"predecessor-version":[{"id":3463,"href":"https:\/\/www.bbemg.uliege.be\/fr\/wp-json\/wp\/v2\/pages\/693\/revisions\/3463"}],"wp:attachment":[{"href":"https:\/\/www.bbemg.uliege.be\/fr\/wp-json\/wp\/v2\/media?parent=693"}],"wp:term":[{"taxonomy":"category","embeddable":true,"href":"https:\/\/www.bbemg.uliege.be\/fr\/wp-json\/wp\/v2\/categories?post=693"},{"taxonomy":"post_tag","embeddable":true,"href":"https:\/\/www.bbemg.uliege.be\/fr\/wp-json\/wp\/v2\/tags?post=693"}],"curies":[{"name":"wp","href":"https:\/\/api.w.org\/{rel}","templated":true}]}}