{"id":697,"date":"2019-05-16T09:44:31","date_gmt":"2019-05-16T07:44:31","guid":{"rendered":"https:\/\/www.bbemg.uliege.be\/?page_id=697"},"modified":"2020-11-06T15:34:28","modified_gmt":"2020-11-06T14:34:28","slug":"faq-sur-les-directives-et-les-normes","status":"publish","type":"page","link":"https:\/\/www.bbemg.uliege.be\/fr\/faq-sur-les-directives-et-les-normes\/","title":{"rendered":"FAQ sur les directives et les normes"},"content":{"rendered":"[vc_row type=\u00a0\u00bbin_container\u00a0\u00bb full_screen_row_position=\u00a0\u00bbmiddle\u00a0\u00bb scene_position=\u00a0\u00bbcenter\u00a0\u00bb text_color=\u00a0\u00bbdark\u00a0\u00bb text_align=\u00a0\u00bbleft\u00a0\u00bb overlay_strength=\u00a0\u00bb0.3&Prime; shape_divider_position=\u00a0\u00bbbottom\u00a0\u00bb bg_image_animation=\u00a0\u00bbnone\u00a0\u00bb][vc_column column_padding=\u00a0\u00bbno-extra-padding\u00a0\u00bb column_padding_position=\u00a0\u00bball\u00a0\u00bb background_color_opacity=\u00a0\u00bb1&Prime; background_hover_color_opacity=\u00a0\u00bb1&Prime; column_link_target=\u00a0\u00bb_self\u00a0\u00bb column_shadow=\u00a0\u00bbnone\u00a0\u00bb column_border_radius=\u00a0\u00bbnone\u00a0\u00bb width=\u00a0\u00bb1\/1&Prime; tablet_width_inherit=\u00a0\u00bbdefault\u00a0\u00bb tablet_text_alignment=\u00a0\u00bbdefault\u00a0\u00bb phone_text_alignment=\u00a0\u00bbdefault\u00a0\u00bb column_border_width=\u00a0\u00bbnone\u00a0\u00bb column_border_style=\u00a0\u00bbsolid\u00a0\u00bb bg_image_animation=\u00a0\u00bbnone\u00a0\u00bb][heading]\n<h1>FAQ sur les directives et les normes<\/h1>\n[\/heading][\/vc_column][\/vc_row][vc_row type=\u00a0\u00bbin_container\u00a0\u00bb full_screen_row_position=\u00a0\u00bbmiddle\u00a0\u00bb scene_position=\u00a0\u00bbcenter\u00a0\u00bb text_color=\u00a0\u00bbdark\u00a0\u00bb text_align=\u00a0\u00bbleft\u00a0\u00bb overlay_strength=\u00a0\u00bb0.3&Prime; shape_divider_position=\u00a0\u00bbbottom\u00a0\u00bb bg_image_animation=\u00a0\u00bbnone\u00a0\u00bb source=\u00a0\u00bb\u00a0\u00bb text=\u00a0\u00bb2009-2013&Prime; font_container=\u00a0\u00bbtag:h3|text_align:left|color:%233f3f3f\u00a0\u00bb use_theme_fonts=\u00a0\u00bbyes\u00a0\u00bb google_fonts=\u00a0\u00bbfont_family:Abril%20Fatface%3Aregular|font_style:400%20regular%3A400%3Anormal\u00a0\u00bb css_animation=\u00a0\u00bb\u00a0\u00bb link=\u00a0\u00bb\u00a0\u00bb el_id=\u00a0\u00bb\u00a0\u00bb el_class=\u00a0\u00bb\u00a0\u00bb css=\u00a0\u00bb\u00a0\u00bb][vc_column column_padding=\u00a0\u00bbno-extra-padding\u00a0\u00bb column_padding_position=\u00a0\u00bball\u00a0\u00bb background_color_opacity=\u00a0\u00bb1&Prime; background_hover_color_opacity=\u00a0\u00bb1&Prime; column_link_target=\u00a0\u00bb_self\u00a0\u00bb column_shadow=\u00a0\u00bbnone\u00a0\u00bb column_border_radius=\u00a0\u00bbnone\u00a0\u00bb width=\u00a0\u00bb1\/1&Prime; tablet_width_inherit=\u00a0\u00bbdefault\u00a0\u00bb tablet_text_alignment=\u00a0\u00bbdefault\u00a0\u00bb phone_text_alignment=\u00a0\u00bbdefault\u00a0\u00bb column_border_width=\u00a0\u00bbnone\u00a0\u00bb column_border_style=\u00a0\u00bbsolid\u00a0\u00bb bg_image_animation=\u00a0\u00bbnone\u00a0\u00bb][vc_custom_heading text=\u00a0\u00bb1. Quelle est la hauteur minimale \u00e0 respecter entre une habitation (toit) et des c\u00e2bles haute tension ? O\u00f9 puis-je trouver la r\u00e9glementation en la mati\u00e8re?\u00a0\u00bb font_container=\u00a0\u00bbtag:h3|text_align:left|color:%233f3f3f\u00a0\u00bb use_theme_fonts=\u00a0\u00bbyes\u00a0\u00bb][vc_column_text]Ces questions sont trait\u00e9es \u00e0 l&rsquo;article 164 du RGIE (R\u00e8glement G\u00e9n\u00e9ral des Installations Electriques &#8211; voir des informations sur le site du <a href=\"http:\/\/economie.fgov.be\/\" target=\"_blank\" rel=\"noopener noreferrer\">Service Public F\u00e9d\u00e9ral &#8211; Economie, PME, Classes moyennes et Energie<\/a> \/ Onglet Energie &#8211; Electricit\u00e9 &#8211; Contr\u00f4le des installations \u00e9lectriques).<\/p>\n<p>La compagnie \u00e0 qui appartient la ligne doit \u00e9videmment respecter ces normes. Bien entendu si on construit la maison apr\u00e8s la ligne, il faut que l&rsquo;entrepreneur respecte \u00e9galement ces contraintes.<\/p>\n<p>Si vous d\u00e9sirez une r\u00e9ponse ind\u00e9pendante du gestionnaire du r\u00e9seau de transport, vous pouvez contacter une soci\u00e9t\u00e9 d&rsquo;inspection, de v\u00e9rification, d&rsquo;\u00e9valuation et de certification. Vous pouvez \u00e9galement contacter votre distributeur d&rsquo;\u00e9lectricit\u00e9 (voir votre facture d&rsquo;\u00e9lectricit\u00e9).<\/p>\n<p>L&rsquo;\u00e9cart entre le c\u00e2ble et le toit d\u00e9pend de la tension de la ligne et bien \u00e9videmment de l&rsquo;endroit o\u00f9 se trouve la maison le long de la port\u00e9e, et \u00e9galement de la temp\u00e9rature ambiante, du soleil et du vent. On garde \u00e9galement, en sus, une distance de s\u00e9curit\u00e9 \u00ab\u00a0\u00e9lectrique\u00a0\u00bb, en cas de surtension sur la ligne. Pour la mise en place de la norme, on consid\u00e8re le cas le plus critique, c&rsquo;est-\u00e0-dire une charge maximale, un ensoleillement maximal (environ 1000 W\/m\u00b2), une temp\u00e9rature ambiante maximale et un vent faible de 0.6 m\/s.<\/p>\n<p>Par exemple, selon l&rsquo;article 164 du RGIE, la distance minimale entre le toit d&rsquo;une habitation et une ligne a\u00e9rienne BT de 400 V est fix\u00e9e \u00e0 2 m . Plus la tension de la ligne a\u00e9rienne va augmenter et plus cette distance sera importante.[\/vc_column_text][vc_custom_heading text=\u00a0\u00bb2. Je voudrais savoir \u00e0 quelle distance r\u00e9glementaire des lignes \u00e0 haute tension on peut construire une habitation. Existe-t-il une r\u00e9glementation nationale et\/ou communautaire (directive), et dans l&rsquo;affirmative, laquelle?\u00a0\u00bb font_container=\u00a0\u00bbtag:h3|text_align:left|color:%233f3f3f\u00a0\u00bb use_theme_fonts=\u00a0\u00bbyes\u00a0\u00bb][vc_column_text]En Belgique, \u00e0 ce jour, il n&rsquo;y a pas de r\u00e9glementation en rapport avec une limitation d&rsquo;implantation de maison. On peut donc s&rsquo;installer juste en dessous d&rsquo;une ligne.<\/p>\n<p>Les limitations r\u00e8glementaires concernent les distances de s\u00e9curit\u00e9 verticales et horizontales \u00e0 respecter en cas de proximit\u00e9 avec une ligne. Elles sont fix\u00e9es par le RGIE (article 164) en fonction du niveau de tension et de quelques param\u00e8tres &#8211; voir des informations sur le site du <a href=\"http:\/\/economie.fgov.be\/\" target=\"_blank\" rel=\"noopener noreferrer\">Service Public F\u00e9d\u00e9ral &#8211; Economie, PME, Classes moyennes et Energie<\/a> \/ Onglet Energie &#8211; Electricit\u00e9 &#8211; Contr\u00f4le des installations \u00e9lectriques).<\/p>\n<p>Vous trouverez \u00e9galement plus d&rsquo;informations \u00e0 la page <a href=\"https:\/\/www.bbemg.uliege.be\/normes\/?lang=fr\">Normes<\/a>.[\/vc_column_text][vc_custom_heading text=\u00a0\u00bb3. Est-il possible de construire une habitation individuelle sous une ligne \u00e0 15 kV ? Si non, quelles sont les r\u00e9glementations et distances \u00e0 respecter?\u00a0\u00bb font_container=\u00a0\u00bbtag:h3|text_align:left|color:%233f3f3f\u00a0\u00bb use_theme_fonts=\u00a0\u00bbyes\u00a0\u00bb][vc_column_text]Cette autorisation varie d&rsquo;un pays \u00e0 l&rsquo;autre. En Belgique, compte tenu de la densit\u00e9 de population (une des plus \u00e9lev\u00e9e au monde), il est possible, de construire une habitation en dessous d&rsquo;une ligne \u00e9lectrique.<\/p>\n<p>Les distances de s\u00e9curit\u00e9 sont impos\u00e9es par le RGIE (R\u00e8glement G\u00e9n\u00e9ral des Installations Electriques) et peuvent \u00eatre obtenues par simple contact avec la compagnie qui exploite la ligne. Cela d\u00e9pend \u00e9videmment du niveau de tension de la ligne mais \u00e9galement des conditions de pose (fl\u00e8che du c\u00e2ble en cas de temp\u00e9rature maximale).<\/p>\n<p>Si vous r\u00e9alisez une telle implantation, il est imp\u00e9ratif de concevoir votre installation \u00e9lectrique de mani\u00e8re strictement conforme, notamment par la r\u00e9alisation d&rsquo;une excellente prise de terre, par la mise \u00e0 la terre de toutes structures m\u00e9talliques (radiateurs, tuyauteries, goutti\u00e8res, &#8230;). Nous vous conseillons de consulter un organisme agr\u00e9\u00e9.[\/vc_column_text][vc_custom_heading text=\u00a0\u00bb4. Je cherche un contact en r\u00e9gion flamande en charge de faire respecter le d\u00e9cret sur les pollutions int\u00e9rieures. Pourriez-vous m\u2019aider ?\u00a0\u00bb font_container=\u00a0\u00bbtag:h3|text_align:left|color:%233f3f3f\u00a0\u00bb use_theme_fonts=\u00a0\u00bbyes\u00a0\u00bb][vc_column_text]Vous pouvez contacter les services comp\u00e9tents du gouvernement flamand:<\/p>\n<ul>\n<li><a href=\"http:\/\/www.zorg-en-gezondheid.be\/Gezond-leven-en-milieu\/Gezondheid-binnenshuis\/Kwaliteit-van-het-binnenmilieu\/#onderzoek\" target=\"_blank\" rel=\"noopener noreferrer\">Agentschap Zorg en Gezondheid: Aanvraag tot onderzoek van het binnenmilieu<\/a><\/li>\n<li><a href=\"http:\/\/www.vlaanderen.be\/nl\/gezin-welzijn-en-gezondheid\/gezond-leven\/aanvraag-tot-onderzoek-van-het-binnenmilieu-een-woning-openbaar-gebouw\" target=\"_blank\" rel=\"noopener noreferrer\">Vlaanderen.be: Aanvraag tot onderzoek van het binnenmilieu in een woning of openbaar gebouw<\/a><\/li>\n<\/ul>\n<p>Sur le <a href=\"http:\/\/www.lne.be\/organisatie\/structuur\/afdeling-lucht-hinder-risicobeheer-milieu-gezondheid\/diensten-en-medewerkers\/#milieuengezondheid\" target=\"_blank\" rel=\"noopener noreferrer\">site du LNE<\/a> vous trouverez \u00e9galement des personnes de contact.<\/p>\n<p>Voir aussi des informations compl\u00e9mentaires sur les effets potentiels sur la sant\u00e9 : <a href=\"http:\/\/www.lne.be\/hoogspanning\" target=\"_blank\" rel=\"noopener noreferrer\">www.lne.be\/hoogspanning <\/a>[\/vc_column_text][\/vc_column][\/vc_row][vc_row type=\u00a0\u00bbin_container\u00a0\u00bb full_screen_row_position=\u00a0\u00bbmiddle\u00a0\u00bb scene_position=\u00a0\u00bbcenter\u00a0\u00bb text_color=\u00a0\u00bbdark\u00a0\u00bb text_align=\u00a0\u00bbleft\u00a0\u00bb overlay_strength=\u00a0\u00bb0.3&Prime; shape_divider_position=\u00a0\u00bbbottom\u00a0\u00bb bg_image_animation=\u00a0\u00bbnone\u00a0\u00bb source=\u00a0\u00bb\u00a0\u00bb text=\u00a0\u00bb2013 &#8211; 2017&Prime; font_container=\u00a0\u00bbtag:h2|text_align:left|color:%2349b0e5&Prime; use_theme_fonts=\u00a0\u00bbyes\u00a0\u00bb google_fonts=\u00a0\u00bbfont_family:Abril%20Fatface%3Aregular|font_style:400%20regular%3A400%3Anormal\u00a0\u00bb css_animation=\u00a0\u00bb\u00a0\u00bb link=\u00a0\u00bb\u00a0\u00bb el_id=\u00a0\u00bb\u00a0\u00bb el_class=\u00a0\u00bb\u00a0\u00bb css=\u00a0\u00bb\u00a0\u00bb][vc_column column_padding=\u00a0\u00bbno-extra-padding\u00a0\u00bb column_padding_position=\u00a0\u00bball\u00a0\u00bb background_color_opacity=\u00a0\u00bb1&Prime; background_hover_color_opacity=\u00a0\u00bb1&Prime; column_link_target=\u00a0\u00bb_self\u00a0\u00bb column_shadow=\u00a0\u00bbnone\u00a0\u00bb column_border_radius=\u00a0\u00bbnone\u00a0\u00bb width=\u00a0\u00bb1\/1&Prime; tablet_width_inherit=\u00a0\u00bbdefault\u00a0\u00bb tablet_text_alignment=\u00a0\u00bbdefault\u00a0\u00bb phone_text_alignment=\u00a0\u00bbdefault\u00a0\u00bb column_border_width=\u00a0\u00bbnone\u00a0\u00bb column_border_style=\u00a0\u00bbsolid\u00a0\u00bb bg_image_animation=\u00a0\u00bbnone\u00a0\u00bb][vc_custom_heading text=\u00a0\u00bbDocuments &amp; Liens\u00a0\u00bb font_container=\u00a0\u00bbtag:h2|text_align:left|color:%2349b0e5&Prime; use_theme_fonts=\u00a0\u00bbyes\u00a0\u00bb][vc_column_text]\n<ul>\n<li><a href=\"http:\/\/economie.fgov.be\/\" target=\"_blank\" rel=\"noopener noreferrer\">http:\/\/economie.fgov.be\/<\/a><br \/>\n(Energie &#8211; Electricit\u00e9 &#8211; Contr\u00f4le des installations \u00e9lectriques)<\/li>\n<li><a href=\"https:\/\/www.bbemg.uliege.be\/apercu-normes-pour-public\/?lang=fr\">Aper\u00e7u des normes pour le public<\/a> &#8211; <a href=\"https:\/\/www.bbemg.uliege.be\/apercu-normes-pour-travailleurs\/?lang=fr\">Aper\u00e7u des normes pour les travailleurs<\/a><\/li>\n<\/ul>\n[\/vc_column_text][\/vc_column][\/vc_row][vc_row type=\u00a0\u00bbin_container\u00a0\u00bb full_screen_row_position=\u00a0\u00bbmiddle\u00a0\u00bb scene_position=\u00a0\u00bbcenter\u00a0\u00bb text_color=\u00a0\u00bbdark\u00a0\u00bb text_align=\u00a0\u00bbleft\u00a0\u00bb overlay_strength=\u00a0\u00bb0.3&Prime; shape_divider_position=\u00a0\u00bbbottom\u00a0\u00bb bg_image_animation=\u00a0\u00bbnone\u00a0\u00bb source=\u00a0\u00bb\u00a0\u00bb text=\u00a0\u00bb2013 &#8211; 2017&Prime; font_container=\u00a0\u00bbtag:h2|text_align:left|color:%2349b0e5&Prime; use_theme_fonts=\u00a0\u00bbyes\u00a0\u00bb google_fonts=\u00a0\u00bbfont_family:Abril%20Fatface%3Aregular|font_style:400%20regular%3A400%3Anormal\u00a0\u00bb css_animation=\u00a0\u00bb\u00a0\u00bb link=\u00a0\u00bb\u00a0\u00bb el_id=\u00a0\u00bb\u00a0\u00bb el_class=\u00a0\u00bb\u00a0\u00bb css=\u00a0\u00bb\u00a0\u00bb][vc_column column_padding=\u00a0\u00bbno-extra-padding\u00a0\u00bb column_padding_position=\u00a0\u00bball\u00a0\u00bb background_color_opacity=\u00a0\u00bb1&Prime; background_hover_color_opacity=\u00a0\u00bb1&Prime; column_link_target=\u00a0\u00bb_self\u00a0\u00bb column_shadow=\u00a0\u00bbnone\u00a0\u00bb column_border_radius=\u00a0\u00bbnone\u00a0\u00bb width=\u00a0\u00bb1\/1&Prime; tablet_width_inherit=\u00a0\u00bbdefault\u00a0\u00bb tablet_text_alignment=\u00a0\u00bbdefault\u00a0\u00bb phone_text_alignment=\u00a0\u00bbdefault\u00a0\u00bb column_border_width=\u00a0\u00bbnone\u00a0\u00bb column_border_style=\u00a0\u00bbsolid\u00a0\u00bb bg_image_animation=\u00a0\u00bbnone\u00a0\u00bb][vc_custom_heading text=\u00a0\u00bbAutres th\u00e8mes qui pourraient vous int\u00e9resser &#8230;\u00a0\u00bb font_container=\u00a0\u00bbtag:h2|text_align:left|color:%2349b0e5&Prime; use_theme_fonts=\u00a0\u00bbyes\u00a0\u00bb][vc_column_text]\n<ul>\n<li><a href=\"https:\/\/www.bbemg.uliege.be\/notions-delectricite\/?lang=fr\">Notions d&rsquo;\u00e9lectricit\u00e9<\/a>\u00a0&#8211; Notions d\u2019\u00e9lectricit\u00e9 \u00e0 avoir en t\u00eate afin d\u2019aborder sereinement le domaine de l&rsquo;\u00e9lectromagn\u00e9tisme et ses champs \u00e9lectriques et magn\u00e9tiques.<\/li>\n<li><a href=\"https:\/\/www.bbemg.uliege.be\/concept-de-champs\/?lang=fr\">Concept de champs<\/a> &#8211; Les champs \u00e9lectrique et magn\u00e9tique sont des concepts distincts qui ont \u00e9t\u00e9 invent\u00e9s pour expliquer les ph\u00e9nom\u00e8nes d&rsquo;interaction \u00e0 distance de l&rsquo;\u00e9lectricit\u00e9. (&#8230;)<\/li>\n<li><a href=\"https:\/\/www.bbemg.uliege.be\/electromagnetisme\/?lang=fr\">Electromagn\u00e9tisme<\/a> &#8211; L&rsquo;\u00e9lectromagn\u00e9tisme \u00e9tudie les interactions \u00e0 distance des charges, des courants et des champs \u00e9lectrique et magn\u00e9tique. (&#8230;)<\/li>\n<li><a href=\"https:\/\/www.bbemg.uliege.be\">Utilisation des propri\u00e9t\u00e9s \u00e9lectromagn\u00e9tiques<\/a> &#8211; Comment fonctionnent nos appareils \u00e9lectriques? A partir des exemples d\u00e9crits, nous aurons un aper\u00e7u g\u00e9n\u00e9ral du fonctionnement d\u2019appareils qui transforment l\u2019\u00e9nergie \u00e9lectrique en \u00e9nergie thermique et\/ou m\u00e9canique ou qui utilisent les propri\u00e9t\u00e9s de l&rsquo;\u00e9lectrostatique et de l&rsquo;\u00e9lectromagn\u00e9tisme.<\/li>\n<li><a href=\"https:\/\/www.bbemg.uliege.be\/trajet-de-lelectricite\/?lang=fr\">Trajet de l&rsquo;\u00e9lectricit\u00e9<\/a> &#8211; Comment fonctionne le r\u00e9seau \u00e9lectrique? Les caract\u00e9ristiques des r\u00e9seaux de transport et de distribution et les principaux \u00e9l\u00e9ments d&rsquo;un circuit \u00e9lectrique domestique, dont le c\u00e2blage monophas\u00e9 et les m\u00e9thodes de protection.<\/li>\n<\/ul>\n[\/vc_column_text][\/vc_column][\/vc_row]\n","protected":false},"excerpt":{"rendered":"<p>[vc_row type=\u00a0\u00bbin_container\u00a0\u00bb full_screen_row_position=\u00a0\u00bbmiddle\u00a0\u00bb scene_position=\u00a0\u00bbcenter\u00a0\u00bb text_color=\u00a0\u00bbdark\u00a0\u00bb text_align=\u00a0\u00bbleft\u00a0\u00bb overlay_strength=\u00a0\u00bb0.3&Prime; shape_divider_position=\u00a0\u00bbbottom\u00a0\u00bb bg_image_animation=\u00a0\u00bbnone\u00a0\u00bb][vc_column column_padding=\u00a0\u00bbno-extra-padding\u00a0\u00bb column_padding_position=\u00a0\u00bball\u00a0\u00bb background_color_opacity=\u00a0\u00bb1&Prime; background_hover_color_opacity=\u00a0\u00bb1&Prime; column_link_target=\u00a0\u00bb_self\u00a0\u00bb column_shadow=\u00a0\u00bbnone\u00a0\u00bb column_border_radius=\u00a0\u00bbnone\u00a0\u00bb width=\u00a0\u00bb1\/1&Prime; tablet_width_inherit=\u00a0\u00bbdefault\u00a0\u00bb tablet_text_alignment=\u00a0\u00bbdefault\u00a0\u00bb phone_text_alignment=\u00a0\u00bbdefault\u00a0\u00bb column_border_width=\u00a0\u00bbnone\u00a0\u00bb column_border_style=\u00a0\u00bbsolid\u00a0\u00bb bg_image_animation=\u00a0\u00bbnone\u00a0\u00bb][heading] FAQ sur les directives et les normes&#8230;<\/p>\n","protected":false},"author":1,"featured_media":0,"parent":0,"menu_order":0,"comment_status":"closed","ping_status":"closed","template":"page-sidebar.php","meta":{"footnotes":""},"categories":[],"tags":[],"class_list":["post-697","page","type-page","status-publish"],"yoast_head":"<!-- This site is optimized with the Yoast SEO plugin v27.3 - https:\/\/yoast.com\/product\/yoast-seo-wordpress\/ -->\n<title>FAQ sur les directives et les normes - BBEMG - Belgian BioElectroMagnetics Group<\/title>\n<meta name=\"description\" content=\"Foire aux questions: les directives et r\u00e9glementations (hauteur minimale, distance r\u00e9glement\u00e9e, autorit\u00e9s responsables, ...)\" \/>\n<meta name=\"robots\" content=\"index, follow, max-snippet:-1, max-image-preview:large, max-video-preview:-1\" \/>\n<link rel=\"canonical\" href=\"https:\/\/www.bbemg.uliege.be\/fr\/faq-sur-les-directives-et-les-normes\/\" \/>\n<meta property=\"og:locale\" content=\"fr_FR\" \/>\n<meta property=\"og:type\" content=\"article\" \/>\n<meta property=\"og:title\" content=\"FAQ sur les directives et les normes - BBEMG - Belgian BioElectroMagnetics Group\" \/>\n<meta property=\"og:description\" content=\"Foire aux questions: les directives et r\u00e9glementations (hauteur minimale, distance r\u00e9glement\u00e9e, autorit\u00e9s responsables, ...)\" \/>\n<meta property=\"og:url\" content=\"https:\/\/www.bbemg.uliege.be\/fr\/faq-sur-les-directives-et-les-normes\/\" \/>\n<meta property=\"og:site_name\" content=\"BBEMG - Belgian BioElectroMagnetics Group\" \/>\n<meta property=\"article:modified_time\" content=\"2020-11-06T14:34:28+00:00\" \/>\n<meta name=\"twitter:card\" content=\"summary_large_image\" \/>\n<meta name=\"twitter:site\" content=\"@bbemg\" \/>\n<meta name=\"twitter:label1\" content=\"Dur\u00e9e de lecture estim\u00e9e\" \/>\n\t<meta name=\"twitter:data1\" content=\"8 minutes\" \/>\n<script type=\"application\/ld+json\" class=\"yoast-schema-graph\">{\"@context\":\"https:\\\/\\\/schema.org\",\"@graph\":[{\"@type\":\"WebPage\",\"@id\":\"https:\\\/\\\/www.bbemg.uliege.be\\\/fr\\\/faq-sur-les-directives-et-les-normes\\\/\",\"url\":\"https:\\\/\\\/www.bbemg.uliege.be\\\/fr\\\/faq-sur-les-directives-et-les-normes\\\/\",\"name\":\"FAQ sur les directives et les normes - BBEMG - Belgian BioElectroMagnetics Group\",\"isPartOf\":{\"@id\":\"https:\\\/\\\/www.bbemg.uliege.be\\\/fr\\\/#website\"},\"datePublished\":\"2019-05-16T07:44:31+00:00\",\"dateModified\":\"2020-11-06T14:34:28+00:00\",\"description\":\"Foire aux questions: les directives et r\u00e9glementations (hauteur minimale, distance r\u00e9glement\u00e9e, autorit\u00e9s responsables, ...)\",\"breadcrumb\":{\"@id\":\"https:\\\/\\\/www.bbemg.uliege.be\\\/fr\\\/faq-sur-les-directives-et-les-normes\\\/#breadcrumb\"},\"inLanguage\":\"fr-FR\",\"potentialAction\":[{\"@type\":\"ReadAction\",\"target\":[\"https:\\\/\\\/www.bbemg.uliege.be\\\/fr\\\/faq-sur-les-directives-et-les-normes\\\/\"]}]},{\"@type\":\"BreadcrumbList\",\"@id\":\"https:\\\/\\\/www.bbemg.uliege.be\\\/fr\\\/faq-sur-les-directives-et-les-normes\\\/#breadcrumb\",\"itemListElement\":[{\"@type\":\"ListItem\",\"position\":1,\"name\":\"Accueil\",\"item\":\"https:\\\/\\\/www.bbemg.uliege.be\\\/fr\\\/\"},{\"@type\":\"ListItem\",\"position\":2,\"name\":\"FAQ sur les directives et les normes\"}]},{\"@type\":\"WebSite\",\"@id\":\"https:\\\/\\\/www.bbemg.uliege.be\\\/fr\\\/#website\",\"url\":\"https:\\\/\\\/www.bbemg.uliege.be\\\/fr\\\/\",\"name\":\"BBEMG - Belgian BioElectroMagnetics Group\",\"description\":\"Analyse des effets biom\u00e9dicaux des champs \u00e9lectriques dans notre vie quotidienne\",\"publisher\":{\"@id\":\"https:\\\/\\\/www.bbemg.uliege.be\\\/fr\\\/#organization\"},\"potentialAction\":[{\"@type\":\"SearchAction\",\"target\":{\"@type\":\"EntryPoint\",\"urlTemplate\":\"https:\\\/\\\/www.bbemg.uliege.be\\\/fr\\\/?s={search_term_string}\"},\"query-input\":{\"@type\":\"PropertyValueSpecification\",\"valueRequired\":true,\"valueName\":\"search_term_string\"}}],\"inLanguage\":\"fr-FR\"},{\"@type\":\"Organization\",\"@id\":\"https:\\\/\\\/www.bbemg.uliege.be\\\/fr\\\/#organization\",\"name\":\"BBEMG\",\"url\":\"https:\\\/\\\/www.bbemg.uliege.be\\\/fr\\\/\",\"logo\":{\"@type\":\"ImageObject\",\"inLanguage\":\"fr-FR\",\"@id\":\"https:\\\/\\\/www.bbemg.uliege.be\\\/fr\\\/#\\\/schema\\\/logo\\\/image\\\/\",\"url\":\"https:\\\/\\\/www.bbemg.uliege.be\\\/wp-content\\\/uploads\\\/2019\\\/05\\\/bbemg-logo-crop.png\",\"contentUrl\":\"https:\\\/\\\/www.bbemg.uliege.be\\\/wp-content\\\/uploads\\\/2019\\\/05\\\/bbemg-logo-crop.png\",\"width\":\"560\",\"height\":\"222\",\"caption\":\"BBEMG\"},\"image\":{\"@id\":\"https:\\\/\\\/www.bbemg.uliege.be\\\/fr\\\/#\\\/schema\\\/logo\\\/image\\\/\"},\"sameAs\":[\"https:\\\/\\\/x.com\\\/bbemg\"]}]}<\/script>\n<!-- \/ Yoast SEO plugin. -->","yoast_head_json":{"title":"FAQ sur les directives et les normes - BBEMG - Belgian BioElectroMagnetics Group","description":"Foire aux questions: les directives et r\u00e9glementations (hauteur minimale, distance r\u00e9glement\u00e9e, autorit\u00e9s responsables, ...)","robots":{"index":"index","follow":"follow","max-snippet":"max-snippet:-1","max-image-preview":"max-image-preview:large","max-video-preview":"max-video-preview:-1"},"canonical":"https:\/\/www.bbemg.uliege.be\/fr\/faq-sur-les-directives-et-les-normes\/","og_locale":"fr_FR","og_type":"article","og_title":"FAQ sur les directives et les normes - BBEMG - Belgian BioElectroMagnetics Group","og_description":"Foire aux questions: les directives et r\u00e9glementations (hauteur minimale, distance r\u00e9glement\u00e9e, autorit\u00e9s responsables, ...)","og_url":"https:\/\/www.bbemg.uliege.be\/fr\/faq-sur-les-directives-et-les-normes\/","og_site_name":"BBEMG - Belgian BioElectroMagnetics Group","article_modified_time":"2020-11-06T14:34:28+00:00","twitter_card":"summary_large_image","twitter_site":"@bbemg","twitter_misc":{"Dur\u00e9e de lecture estim\u00e9e":"8 minutes"},"schema":{"@context":"https:\/\/schema.org","@graph":[{"@type":"WebPage","@id":"https:\/\/www.bbemg.uliege.be\/fr\/faq-sur-les-directives-et-les-normes\/","url":"https:\/\/www.bbemg.uliege.be\/fr\/faq-sur-les-directives-et-les-normes\/","name":"FAQ sur les directives et les normes - BBEMG - Belgian BioElectroMagnetics Group","isPartOf":{"@id":"https:\/\/www.bbemg.uliege.be\/fr\/#website"},"datePublished":"2019-05-16T07:44:31+00:00","dateModified":"2020-11-06T14:34:28+00:00","description":"Foire aux questions: les directives et r\u00e9glementations (hauteur minimale, distance r\u00e9glement\u00e9e, autorit\u00e9s responsables, ...)","breadcrumb":{"@id":"https:\/\/www.bbemg.uliege.be\/fr\/faq-sur-les-directives-et-les-normes\/#breadcrumb"},"inLanguage":"fr-FR","potentialAction":[{"@type":"ReadAction","target":["https:\/\/www.bbemg.uliege.be\/fr\/faq-sur-les-directives-et-les-normes\/"]}]},{"@type":"BreadcrumbList","@id":"https:\/\/www.bbemg.uliege.be\/fr\/faq-sur-les-directives-et-les-normes\/#breadcrumb","itemListElement":[{"@type":"ListItem","position":1,"name":"Accueil","item":"https:\/\/www.bbemg.uliege.be\/fr\/"},{"@type":"ListItem","position":2,"name":"FAQ sur les directives et les normes"}]},{"@type":"WebSite","@id":"https:\/\/www.bbemg.uliege.be\/fr\/#website","url":"https:\/\/www.bbemg.uliege.be\/fr\/","name":"BBEMG - Belgian BioElectroMagnetics Group","description":"Analyse des effets biom\u00e9dicaux des champs \u00e9lectriques dans notre vie quotidienne","publisher":{"@id":"https:\/\/www.bbemg.uliege.be\/fr\/#organization"},"potentialAction":[{"@type":"SearchAction","target":{"@type":"EntryPoint","urlTemplate":"https:\/\/www.bbemg.uliege.be\/fr\/?s={search_term_string}"},"query-input":{"@type":"PropertyValueSpecification","valueRequired":true,"valueName":"search_term_string"}}],"inLanguage":"fr-FR"},{"@type":"Organization","@id":"https:\/\/www.bbemg.uliege.be\/fr\/#organization","name":"BBEMG","url":"https:\/\/www.bbemg.uliege.be\/fr\/","logo":{"@type":"ImageObject","inLanguage":"fr-FR","@id":"https:\/\/www.bbemg.uliege.be\/fr\/#\/schema\/logo\/image\/","url":"https:\/\/www.bbemg.uliege.be\/wp-content\/uploads\/2019\/05\/bbemg-logo-crop.png","contentUrl":"https:\/\/www.bbemg.uliege.be\/wp-content\/uploads\/2019\/05\/bbemg-logo-crop.png","width":"560","height":"222","caption":"BBEMG"},"image":{"@id":"https:\/\/www.bbemg.uliege.be\/fr\/#\/schema\/logo\/image\/"},"sameAs":["https:\/\/x.com\/bbemg"]}]}},"_links":{"self":[{"href":"https:\/\/www.bbemg.uliege.be\/fr\/wp-json\/wp\/v2\/pages\/697","targetHints":{"allow":["GET"]}}],"collection":[{"href":"https:\/\/www.bbemg.uliege.be\/fr\/wp-json\/wp\/v2\/pages"}],"about":[{"href":"https:\/\/www.bbemg.uliege.be\/fr\/wp-json\/wp\/v2\/types\/page"}],"author":[{"embeddable":true,"href":"https:\/\/www.bbemg.uliege.be\/fr\/wp-json\/wp\/v2\/users\/1"}],"replies":[{"embeddable":true,"href":"https:\/\/www.bbemg.uliege.be\/fr\/wp-json\/wp\/v2\/comments?post=697"}],"version-history":[{"count":1,"href":"https:\/\/www.bbemg.uliege.be\/fr\/wp-json\/wp\/v2\/pages\/697\/revisions"}],"predecessor-version":[{"id":3434,"href":"https:\/\/www.bbemg.uliege.be\/fr\/wp-json\/wp\/v2\/pages\/697\/revisions\/3434"}],"wp:attachment":[{"href":"https:\/\/www.bbemg.uliege.be\/fr\/wp-json\/wp\/v2\/media?parent=697"}],"wp:term":[{"taxonomy":"category","embeddable":true,"href":"https:\/\/www.bbemg.uliege.be\/fr\/wp-json\/wp\/v2\/categories?post=697"},{"taxonomy":"post_tag","embeddable":true,"href":"https:\/\/www.bbemg.uliege.be\/fr\/wp-json\/wp\/v2\/tags?post=697"}],"curies":[{"name":"wp","href":"https:\/\/api.w.org\/{rel}","templated":true}]}}