{"id":8419,"date":"2025-03-03T16:36:32","date_gmt":"2025-03-03T15:36:32","guid":{"rendered":"https:\/\/www.bbemg.uliege.be\/conferences\/"},"modified":"2025-07-23T11:50:35","modified_gmt":"2025-07-23T09:50:35","slug":"conferences","status":"publish","type":"page","link":"https:\/\/www.bbemg.uliege.be\/fr\/conferences\/","title":{"rendered":"Conf\u00e9rences"},"content":{"rendered":"[vc_row type=\u00a0\u00bbin_container\u00a0\u00bb full_screen_row_position=\u00a0\u00bbmiddle\u00a0\u00bb scene_position=\u00a0\u00bbcenter\u00a0\u00bb text_color=\u00a0\u00bbdark\u00a0\u00bb text_align=\u00a0\u00bbleft\u00a0\u00bb overlay_strength=\u00a0\u00bb0.3&Prime; shape_divider_position=\u00a0\u00bbbottom\u00a0\u00bb bg_image_animation=\u00a0\u00bbnone\u00a0\u00bb][vc_column column_padding=\u00a0\u00bbno-extra-padding\u00a0\u00bb column_padding_position=\u00a0\u00bball\u00a0\u00bb background_color_opacity=\u00a0\u00bb1&Prime; background_hover_color_opacity=\u00a0\u00bb1&Prime; column_link_target=\u00a0\u00bb_self\u00a0\u00bb column_shadow=\u00a0\u00bbnone\u00a0\u00bb column_border_radius=\u00a0\u00bbnone\u00a0\u00bb width=\u00a0\u00bb1\/1&Prime; tablet_width_inherit=\u00a0\u00bbdefault\u00a0\u00bb tablet_text_alignment=\u00a0\u00bbdefault\u00a0\u00bb phone_text_alignment=\u00a0\u00bbdefault\u00a0\u00bb column_border_width=\u00a0\u00bbnone\u00a0\u00bb column_border_style=\u00a0\u00bbsolid\u00a0\u00bb bg_image_animation=\u00a0\u00bbnone\u00a0\u00bb][heading]\nConf\u00e9rences<br \/>\n[\/heading][\/vc_column][\/vc_row][vc_row type=\u00a0\u00bbin_container\u00a0\u00bb full_screen_row_position=\u00a0\u00bbmiddle\u00a0\u00bb scene_position=\u00a0\u00bbcenter\u00a0\u00bb text_color=\u00a0\u00bbdark\u00a0\u00bb text_align=\u00a0\u00bbleft\u00a0\u00bb overlay_strength=\u00a0\u00bb0.3&Prime; shape_divider_position=\u00a0\u00bbbottom\u00a0\u00bb bg_image_animation=\u00a0\u00bbnone\u00a0\u00bb source=\u00a0\u00bb\u00a0\u00bb text=\u00a0\u00bb2009-2013&Prime; font_container=\u00a0\u00bbtag:h3|text_align:left|color:%233f3f3f\u00a0\u00bb use_theme_fonts=\u00a0\u00bbyes\u00a0\u00bb google_fonts=\u00a0\u00bbfont_family:Abril%20Fatface%3Aregular|font_style:400%20regular%3A400%3Anormal\u00a0\u00bb css_animation=\u00a0\u00bb\u00a0\u00bb link=\u00a0\u00bb\u00a0\u00bb el_id=\u00a0\u00bb\u00a0\u00bb el_class=\u00a0\u00bb\u00a0\u00bb css=\u00a0\u00bb\u00a0\u00bb][vc_column column_padding=\u00a0\u00bbno-extra-padding\u00a0\u00bb column_padding_position=\u00a0\u00bball\u00a0\u00bb background_color_opacity=\u00a0\u00bb1&Prime; background_hover_color_opacity=\u00a0\u00bb1&Prime; column_link_target=\u00a0\u00bb_self\u00a0\u00bb column_shadow=\u00a0\u00bbnone\u00a0\u00bb column_border_radius=\u00a0\u00bbnone\u00a0\u00bb width=\u00a0\u00bb1\/1&Prime; tablet_width_inherit=\u00a0\u00bbdefault\u00a0\u00bb tablet_text_alignment=\u00a0\u00bbdefault\u00a0\u00bb phone_text_alignment=\u00a0\u00bbdefault\u00a0\u00bb column_border_width=\u00a0\u00bbnone\u00a0\u00bb column_border_style=\u00a0\u00bbsolid\u00a0\u00bb bg_image_animation=\u00a0\u00bbnone\u00a0\u00bb][\/vc_column][\/vc_row]\n","protected":false},"excerpt":{"rendered":"<p>[vc_row type=\u00a0\u00bbin_container\u00a0\u00bb full_screen_row_position=\u00a0\u00bbmiddle\u00a0\u00bb scene_position=\u00a0\u00bbcenter\u00a0\u00bb text_color=\u00a0\u00bbdark\u00a0\u00bb text_align=\u00a0\u00bbleft\u00a0\u00bb overlay_strength=\u00a0\u00bb0.3&Prime; shape_divider_position=\u00a0\u00bbbottom\u00a0\u00bb bg_image_animation=\u00a0\u00bbnone\u00a0\u00bb][vc_column column_padding=\u00a0\u00bbno-extra-padding\u00a0\u00bb column_padding_position=\u00a0\u00bball\u00a0\u00bb background_color_opacity=\u00a0\u00bb1&Prime; background_hover_color_opacity=\u00a0\u00bb1&Prime; column_link_target=\u00a0\u00bb_self\u00a0\u00bb column_shadow=\u00a0\u00bbnone\u00a0\u00bb column_border_radius=\u00a0\u00bbnone\u00a0\u00bb width=\u00a0\u00bb1\/1&Prime; tablet_width_inherit=\u00a0\u00bbdefault\u00a0\u00bb tablet_text_alignment=\u00a0\u00bbdefault\u00a0\u00bb phone_text_alignment=\u00a0\u00bbdefault\u00a0\u00bb column_border_width=\u00a0\u00bbnone\u00a0\u00bb column_border_style=\u00a0\u00bbsolid\u00a0\u00bb bg_image_animation=\u00a0\u00bbnone\u00a0\u00bb][heading] Conf\u00e9rences [\/heading][\/vc_column][\/vc_row][vc_row type=\u00a0\u00bbin_container\u00a0\u00bb full_screen_row_position=\u00a0\u00bbmiddle\u00a0\u00bb scene_position=\u00a0\u00bbcenter\u00a0\u00bb text_color=\u00a0\u00bbdark\u00a0\u00bb text_align=\u00a0\u00bbleft\u00a0\u00bb&#8230;<\/p>\n","protected":false},"author":1,"featured_media":0,"parent":0,"menu_order":0,"comment_status":"closed","ping_status":"closed","template":"page-sidebar.php","meta":{"footnotes":""},"categories":[],"tags":[],"class_list":["post-8419","page","type-page","status-publish"],"yoast_head":"<!-- This site is optimized with the Yoast SEO plugin v27.3 - https:\/\/yoast.com\/product\/yoast-seo-wordpress\/ -->\n<title>Conf\u00e9rences - BBEMG - Belgian BioElectroMagnetics Group<\/title>\n<meta name=\"description\" content=\"Aper\u00e7u des futures conf\u00e9rences scientifiques sur les champs \u00e9lectromagn\u00e9tiques de basse fr\u00e9quence et des champs \u00e9lectromagn\u00e9tiques en g\u00e9n\u00e9ral.\" \/>\n<meta name=\"robots\" content=\"index, follow, max-snippet:-1, max-image-preview:large, max-video-preview:-1\" \/>\n<link rel=\"canonical\" href=\"https:\/\/www.bbemg.uliege.be\/fr\/conferences\/\" \/>\n<meta property=\"og:locale\" content=\"fr_FR\" \/>\n<meta property=\"og:type\" content=\"article\" \/>\n<meta property=\"og:title\" content=\"Conf\u00e9rences - BBEMG - Belgian BioElectroMagnetics Group\" \/>\n<meta property=\"og:description\" content=\"Aper\u00e7u des futures conf\u00e9rences scientifiques sur les champs \u00e9lectromagn\u00e9tiques de basse fr\u00e9quence et des champs \u00e9lectromagn\u00e9tiques en g\u00e9n\u00e9ral.\" \/>\n<meta property=\"og:url\" content=\"https:\/\/www.bbemg.uliege.be\/fr\/conferences\/\" \/>\n<meta property=\"og:site_name\" content=\"BBEMG - Belgian BioElectroMagnetics Group\" \/>\n<meta property=\"article:modified_time\" content=\"2025-07-23T09:50:35+00:00\" \/>\n<meta name=\"twitter:card\" content=\"summary_large_image\" \/>\n<meta name=\"twitter:site\" content=\"@bbemg\" \/>\n<meta name=\"twitter:label1\" content=\"Dur\u00e9e de lecture estim\u00e9e\" \/>\n\t<meta name=\"twitter:data1\" content=\"1 minute\" \/>\n<script type=\"application\/ld+json\" class=\"yoast-schema-graph\">{\"@context\":\"https:\\\/\\\/schema.org\",\"@graph\":[{\"@type\":\"WebPage\",\"@id\":\"https:\\\/\\\/www.bbemg.uliege.be\\\/fr\\\/conferences\\\/\",\"url\":\"https:\\\/\\\/www.bbemg.uliege.be\\\/fr\\\/conferences\\\/\",\"name\":\"Conf\u00e9rences - BBEMG - Belgian BioElectroMagnetics Group\",\"isPartOf\":{\"@id\":\"https:\\\/\\\/www.bbemg.uliege.be\\\/fr\\\/#website\"},\"datePublished\":\"2025-03-03T15:36:32+00:00\",\"dateModified\":\"2025-07-23T09:50:35+00:00\",\"description\":\"Aper\u00e7u des futures conf\u00e9rences scientifiques sur les champs \u00e9lectromagn\u00e9tiques de basse fr\u00e9quence et des champs \u00e9lectromagn\u00e9tiques en g\u00e9n\u00e9ral.\",\"breadcrumb\":{\"@id\":\"https:\\\/\\\/www.bbemg.uliege.be\\\/fr\\\/conferences\\\/#breadcrumb\"},\"inLanguage\":\"fr-FR\",\"potentialAction\":[{\"@type\":\"ReadAction\",\"target\":[\"https:\\\/\\\/www.bbemg.uliege.be\\\/fr\\\/conferences\\\/\"]}]},{\"@type\":\"BreadcrumbList\",\"@id\":\"https:\\\/\\\/www.bbemg.uliege.be\\\/fr\\\/conferences\\\/#breadcrumb\",\"itemListElement\":[{\"@type\":\"ListItem\",\"position\":1,\"name\":\"Accueil\",\"item\":\"https:\\\/\\\/www.bbemg.uliege.be\\\/fr\\\/\"},{\"@type\":\"ListItem\",\"position\":2,\"name\":\"Conf\u00e9rences\"}]},{\"@type\":\"WebSite\",\"@id\":\"https:\\\/\\\/www.bbemg.uliege.be\\\/fr\\\/#website\",\"url\":\"https:\\\/\\\/www.bbemg.uliege.be\\\/fr\\\/\",\"name\":\"BBEMG - Belgian BioElectroMagnetics Group\",\"description\":\"Analyse des effets biom\u00e9dicaux des champs \u00e9lectriques dans notre vie quotidienne\",\"publisher\":{\"@id\":\"https:\\\/\\\/www.bbemg.uliege.be\\\/fr\\\/#organization\"},\"potentialAction\":[{\"@type\":\"SearchAction\",\"target\":{\"@type\":\"EntryPoint\",\"urlTemplate\":\"https:\\\/\\\/www.bbemg.uliege.be\\\/fr\\\/?s={search_term_string}\"},\"query-input\":{\"@type\":\"PropertyValueSpecification\",\"valueRequired\":true,\"valueName\":\"search_term_string\"}}],\"inLanguage\":\"fr-FR\"},{\"@type\":\"Organization\",\"@id\":\"https:\\\/\\\/www.bbemg.uliege.be\\\/fr\\\/#organization\",\"name\":\"BBEMG\",\"url\":\"https:\\\/\\\/www.bbemg.uliege.be\\\/fr\\\/\",\"logo\":{\"@type\":\"ImageObject\",\"inLanguage\":\"fr-FR\",\"@id\":\"https:\\\/\\\/www.bbemg.uliege.be\\\/fr\\\/#\\\/schema\\\/logo\\\/image\\\/\",\"url\":\"https:\\\/\\\/www.bbemg.uliege.be\\\/wp-content\\\/uploads\\\/2019\\\/05\\\/bbemg-logo-crop.png\",\"contentUrl\":\"https:\\\/\\\/www.bbemg.uliege.be\\\/wp-content\\\/uploads\\\/2019\\\/05\\\/bbemg-logo-crop.png\",\"width\":\"560\",\"height\":\"222\",\"caption\":\"BBEMG\"},\"image\":{\"@id\":\"https:\\\/\\\/www.bbemg.uliege.be\\\/fr\\\/#\\\/schema\\\/logo\\\/image\\\/\"},\"sameAs\":[\"https:\\\/\\\/x.com\\\/bbemg\"]}]}<\/script>\n<!-- \/ Yoast SEO plugin. -->","yoast_head_json":{"title":"Conf\u00e9rences - BBEMG - Belgian BioElectroMagnetics Group","description":"Aper\u00e7u des futures conf\u00e9rences scientifiques sur les champs \u00e9lectromagn\u00e9tiques de basse fr\u00e9quence et des champs \u00e9lectromagn\u00e9tiques en g\u00e9n\u00e9ral.","robots":{"index":"index","follow":"follow","max-snippet":"max-snippet:-1","max-image-preview":"max-image-preview:large","max-video-preview":"max-video-preview:-1"},"canonical":"https:\/\/www.bbemg.uliege.be\/fr\/conferences\/","og_locale":"fr_FR","og_type":"article","og_title":"Conf\u00e9rences - BBEMG - Belgian BioElectroMagnetics Group","og_description":"Aper\u00e7u des futures conf\u00e9rences scientifiques sur les champs \u00e9lectromagn\u00e9tiques de basse fr\u00e9quence et des champs \u00e9lectromagn\u00e9tiques en g\u00e9n\u00e9ral.","og_url":"https:\/\/www.bbemg.uliege.be\/fr\/conferences\/","og_site_name":"BBEMG - Belgian BioElectroMagnetics Group","article_modified_time":"2025-07-23T09:50:35+00:00","twitter_card":"summary_large_image","twitter_site":"@bbemg","twitter_misc":{"Dur\u00e9e de lecture estim\u00e9e":"1 minute"},"schema":{"@context":"https:\/\/schema.org","@graph":[{"@type":"WebPage","@id":"https:\/\/www.bbemg.uliege.be\/fr\/conferences\/","url":"https:\/\/www.bbemg.uliege.be\/fr\/conferences\/","name":"Conf\u00e9rences - BBEMG - Belgian BioElectroMagnetics Group","isPartOf":{"@id":"https:\/\/www.bbemg.uliege.be\/fr\/#website"},"datePublished":"2025-03-03T15:36:32+00:00","dateModified":"2025-07-23T09:50:35+00:00","description":"Aper\u00e7u des futures conf\u00e9rences scientifiques sur les champs \u00e9lectromagn\u00e9tiques de basse fr\u00e9quence et des champs \u00e9lectromagn\u00e9tiques en g\u00e9n\u00e9ral.","breadcrumb":{"@id":"https:\/\/www.bbemg.uliege.be\/fr\/conferences\/#breadcrumb"},"inLanguage":"fr-FR","potentialAction":[{"@type":"ReadAction","target":["https:\/\/www.bbemg.uliege.be\/fr\/conferences\/"]}]},{"@type":"BreadcrumbList","@id":"https:\/\/www.bbemg.uliege.be\/fr\/conferences\/#breadcrumb","itemListElement":[{"@type":"ListItem","position":1,"name":"Accueil","item":"https:\/\/www.bbemg.uliege.be\/fr\/"},{"@type":"ListItem","position":2,"name":"Conf\u00e9rences"}]},{"@type":"WebSite","@id":"https:\/\/www.bbemg.uliege.be\/fr\/#website","url":"https:\/\/www.bbemg.uliege.be\/fr\/","name":"BBEMG - Belgian BioElectroMagnetics Group","description":"Analyse des effets biom\u00e9dicaux des champs \u00e9lectriques dans notre vie quotidienne","publisher":{"@id":"https:\/\/www.bbemg.uliege.be\/fr\/#organization"},"potentialAction":[{"@type":"SearchAction","target":{"@type":"EntryPoint","urlTemplate":"https:\/\/www.bbemg.uliege.be\/fr\/?s={search_term_string}"},"query-input":{"@type":"PropertyValueSpecification","valueRequired":true,"valueName":"search_term_string"}}],"inLanguage":"fr-FR"},{"@type":"Organization","@id":"https:\/\/www.bbemg.uliege.be\/fr\/#organization","name":"BBEMG","url":"https:\/\/www.bbemg.uliege.be\/fr\/","logo":{"@type":"ImageObject","inLanguage":"fr-FR","@id":"https:\/\/www.bbemg.uliege.be\/fr\/#\/schema\/logo\/image\/","url":"https:\/\/www.bbemg.uliege.be\/wp-content\/uploads\/2019\/05\/bbemg-logo-crop.png","contentUrl":"https:\/\/www.bbemg.uliege.be\/wp-content\/uploads\/2019\/05\/bbemg-logo-crop.png","width":"560","height":"222","caption":"BBEMG"},"image":{"@id":"https:\/\/www.bbemg.uliege.be\/fr\/#\/schema\/logo\/image\/"},"sameAs":["https:\/\/x.com\/bbemg"]}]}},"_links":{"self":[{"href":"https:\/\/www.bbemg.uliege.be\/fr\/wp-json\/wp\/v2\/pages\/8419","targetHints":{"allow":["GET"]}}],"collection":[{"href":"https:\/\/www.bbemg.uliege.be\/fr\/wp-json\/wp\/v2\/pages"}],"about":[{"href":"https:\/\/www.bbemg.uliege.be\/fr\/wp-json\/wp\/v2\/types\/page"}],"author":[{"embeddable":true,"href":"https:\/\/www.bbemg.uliege.be\/fr\/wp-json\/wp\/v2\/users\/1"}],"replies":[{"embeddable":true,"href":"https:\/\/www.bbemg.uliege.be\/fr\/wp-json\/wp\/v2\/comments?post=8419"}],"version-history":[{"count":4,"href":"https:\/\/www.bbemg.uliege.be\/fr\/wp-json\/wp\/v2\/pages\/8419\/revisions"}],"predecessor-version":[{"id":8543,"href":"https:\/\/www.bbemg.uliege.be\/fr\/wp-json\/wp\/v2\/pages\/8419\/revisions\/8543"}],"wp:attachment":[{"href":"https:\/\/www.bbemg.uliege.be\/fr\/wp-json\/wp\/v2\/media?parent=8419"}],"wp:term":[{"taxonomy":"category","embeddable":true,"href":"https:\/\/www.bbemg.uliege.be\/fr\/wp-json\/wp\/v2\/categories?post=8419"},{"taxonomy":"post_tag","embeddable":true,"href":"https:\/\/www.bbemg.uliege.be\/fr\/wp-json\/wp\/v2\/tags?post=8419"}],"curies":[{"name":"wp","href":"https:\/\/api.w.org\/{rel}","templated":true}]}}