{"id":1077,"date":"2019-05-20T14:25:51","date_gmt":"2019-05-20T12:25:51","guid":{"rendered":"https:\/\/www.bbemg.uliege.be\/overzicht-van-het-bbemg-project-2017-2021\/"},"modified":"2026-01-21T15:05:26","modified_gmt":"2026-01-21T14:05:26","slug":"project","status":"publish","type":"page","link":"https:\/\/www.bbemg.uliege.be\/nl\/project\/","title":{"rendered":"Overzicht van het BBEMG project (2025-2026)"},"content":{"rendered":"[vc_row type=&#8221;in_container&#8221; full_screen_row_position=&#8221;middle&#8221; scene_position=&#8221;center&#8221; text_color=&#8221;custom&#8221; custom_text_color=&#8221;#49b0e5&#8243; text_align=&#8221;left&#8221; overlay_strength=&#8221;0.3&#8243; shape_divider_position=&#8221;bottom&#8221; bg_image_animation=&#8221;none&#8221; shape_type=&#8221;&#8221;][vc_column column_padding=&#8221;no-extra-padding&#8221; column_padding_position=&#8221;all&#8221; background_color_opacity=&#8221;1&#8243; background_hover_color_opacity=&#8221;1&#8243; font_color=&#8221;#49b0e5&#8243; column_link_target=&#8221;_self&#8221; column_shadow=&#8221;none&#8221; column_border_radius=&#8221;none&#8221; width=&#8221;1\/1&#8243; tablet_width_inherit=&#8221;default&#8221; tablet_text_alignment=&#8221;default&#8221; phone_text_alignment=&#8221;default&#8221; column_border_width=&#8221;none&#8221; column_border_style=&#8221;solid&#8221; bg_image_animation=&#8221;none&#8221;][heading]\n<h1>Overzicht van het BBEMG project (2025-2026)<\/h1>\n[\/heading][\/vc_column][\/vc_row][vc_row type=&#8221;in_container&#8221; full_screen_row_position=&#8221;middle&#8221; scene_position=&#8221;center&#8221; text_color=&#8221;dark&#8221; text_align=&#8221;left&#8221; overlay_strength=&#8221;0.3&#8243; shape_divider_position=&#8221;bottom&#8221; bg_image_animation=&#8221;none&#8221;][vc_column column_padding=&#8221;no-extra-padding&#8221; column_padding_position=&#8221;all&#8221; background_color_opacity=&#8221;1&#8243; background_hover_color_opacity=&#8221;1&#8243; column_link_target=&#8221;_self&#8221; column_shadow=&#8221;none&#8221; column_border_radius=&#8221;none&#8221; width=&#8221;1\/1&#8243; tablet_width_inherit=&#8221;default&#8221; tablet_text_alignment=&#8221;default&#8221; phone_text_alignment=&#8221;default&#8221; column_border_width=&#8221;none&#8221; column_border_style=&#8221;solid&#8221; bg_image_animation=&#8221;none&#8221;][vc_column_text]De Belgian BioElectroMagnetics Group (BBEMG) behandelt de gezondheidseffecten van elektrische velden en magnetische inductie opgewekt door het transport en het gebruik van elektrische stroom in het dagelijks leven en op het werk (<strong>50 Hz<\/strong>).[\/vc_column_text][vc_column_text]\n<div class=\"wpb_text_column wpb_content_element \">\n<div class=\"wpb_wrapper\">\n<p>In het huidige project 2025-2029, brengt het onderzoekers van drie universiteiten in Belgi\u00eb (Luik, Gent, Brussel), een hogeschool (Gent) en een onderzoeksinstituut (Brussel) samen. Zeven onderzoeksteams werken op een multidisciplinaire manier<\/p>\n<\/div>\n<p><\/div>\n[\/vc_column_text][\/vc_column][\/vc_row][vc_row type=&#8221;in_container&#8221; full_screen_row_position=&#8221;middle&#8221; scene_position=&#8221;center&#8221; text_color=&#8221;dark&#8221; text_align=&#8221;left&#8221; overlay_strength=&#8221;0.3&#8243; shape_divider_position=&#8221;bottom&#8221; bg_image_animation=&#8221;none&#8221;][vc_column column_padding=&#8221;no-extra-padding&#8221; column_padding_position=&#8221;all&#8221; background_color_opacity=&#8221;1&#8243; background_hover_color_opacity=&#8221;1&#8243; column_link_target=&#8221;_self&#8221; column_shadow=&#8221;none&#8221; column_border_radius=&#8221;none&#8221; width=&#8221;1\/1&#8243; tablet_width_inherit=&#8221;default&#8221; tablet_text_alignment=&#8221;default&#8221; phone_text_alignment=&#8221;default&#8221; column_border_width=&#8221;none&#8221; column_border_style=&#8221;solid&#8221; bg_image_animation=&#8221;none&#8221;][vc_column_text]\n<p style=\"text-align: center;\"><img loading=\"lazy\" decoding=\"async\" class=\"img-with-animation skip-lazy animated-in\" style=\"opacity: 1;\" src=\"https:\/\/www.bbemg.uliege.be\/wp-content\/uploads\/2022\/10\/Belgium_FR.png\" sizes=\"auto, 100vw\" srcset=\"https:\/\/www.bbemg.uliege.be\/wp-content\/uploads\/2022\/10\/Belgium_FR.png 660w, https:\/\/www.bbemg.uliege.be\/wp-content\/uploads\/2022\/10\/Belgium_FR.png 300w\" alt=\"R\u00e9partition g\u00e9ographiques des \u00e9quipes du BBEMG\" usemap=\"#team2021-2025\" width=\"660\" height=\"355\" data-shadow=\"none\" data-shadow-direction=\"middle\" data-delay=\"0\" data-animation=\"fade-in\" \/><\/p>\n<p><\/p>\n<map name=\"team2021-2025\">\n<area title=\"Universiteit Gent\" coords=\"0,20,150,120\" shape=\"rect\" href=\"https:\/\/www.bbemg.uliege.be\/nl\/literatuur-overzicht-risico-analyse\/\" \/>\n<area title=\"Universit\u00e9 Libre de Bruxelles\" coords=\"0,120,150,240\" shape=\"rect\" href=\"https:\/\/www.bbemg.uliege.be\/nl\/cumulatieve-milieuhinder\/\" \/>\n<area title=\"Universit\u00e9 de Li\u00e8ge\" coords=\"0,240,150,330\" shape=\"rect\" href=\"https:\/\/www.bbemg.uliege.be\/nl\/meta-analyse-van-leukemie-bij-kinderen\/\" \/>\n<area title=\"HoGent\" coords=\"500,10,620,120\" shape=\"rect\" href=\"https:\/\/www.bbemg.uliege.be\/nl\/project\/impact-van-niet-ioniserende-straling-op-plantaardige-productie\/\" \/>\n<area title=\"Universit\u00e9 Libre de Bruxelles\" coords=\"500,120,620,210\" shape=\"rect\" href=\"https:\/\/www.bbemg.uliege.be\/nl\/genexpressieprofielen-na-blootstelling-aan-emv\/\" \/>\n<area title=\"Sciensano\" coords=\"500,210,620,360\" shape=\"rect\" href=\"https:\/\/www.bbemg.uliege.be\/nl\/cytogenetische-biomonitoring-van-werknemers-blootgesteld-aan-emv\/\" \/>\n<area title=\"Universit\u00e9 de Li\u00e8ge\" coords=\"260,260,480,380\" shape=\"rect\" href=\"https:\/\/www.bbemg.uliege.be\/nl\/emv-modellering-hs-netwerk\/\" \/> <\/map>\n[\/vc_column_text][\/vc_column][\/vc_row]\n","protected":false},"excerpt":{"rendered":"<p>[vc_row type=&#8221;in_container&#8221; full_screen_row_position=&#8221;middle&#8221; scene_position=&#8221;center&#8221; text_color=&#8221;custom&#8221; custom_text_color=&#8221;#49b0e5&#8243; text_align=&#8221;left&#8221; overlay_strength=&#8221;0.3&#8243; shape_divider_position=&#8221;bottom&#8221; bg_image_animation=&#8221;none&#8221; shape_type=&#8221;&#8221;][vc_column column_padding=&#8221;no-extra-padding&#8221; column_padding_position=&#8221;all&#8221; background_color_opacity=&#8221;1&#8243; background_hover_color_opacity=&#8221;1&#8243; font_color=&#8221;#49b0e5&#8243; column_link_target=&#8221;_self&#8221; column_shadow=&#8221;none&#8221; column_border_radius=&#8221;none&#8221; width=&#8221;1\/1&#8243; tablet_width_inherit=&#8221;default&#8221; tablet_text_alignment=&#8221;default&#8221; phone_text_alignment=&#8221;default&#8221; column_border_width=&#8221;none&#8221; column_border_style=&#8221;solid&#8221; bg_image_animation=&#8221;none&#8221;][heading] Overzicht van het BBEMG&#8230;<\/p>\n","protected":false},"author":1,"featured_media":0,"parent":0,"menu_order":0,"comment_status":"closed","ping_status":"closed","template":"page-sidebar.php","meta":{"footnotes":""},"categories":[],"tags":[],"class_list":["post-1077","page","type-page","status-publish"],"yoast_head":"<!-- This site is optimized with the Yoast SEO plugin v27.3 - https:\/\/yoast.com\/product\/yoast-seo-wordpress\/ -->\n<title>Overzicht van het BBEMG project (2025-2026) - BBEMG - Belgian BioElectroMagnetics Group<\/title>\n<meta name=\"description\" content=\"De Belgian BioElectroMagnetics Group (BBEMG) onderzoekt de gezondheidseffecten van 50 Hz EMV in ons dagelijks leven en op de werkplek (50 Hz).\" \/>\n<meta name=\"robots\" content=\"index, follow, max-snippet:-1, max-image-preview:large, max-video-preview:-1\" \/>\n<link rel=\"canonical\" href=\"https:\/\/www.bbemg.uliege.be\/nl\/project\/\" \/>\n<meta property=\"og:locale\" content=\"nl_NL\" \/>\n<meta property=\"og:type\" content=\"article\" \/>\n<meta property=\"og:title\" content=\"Overzicht van het BBEMG project (2025-2026) - BBEMG - Belgian BioElectroMagnetics Group\" \/>\n<meta property=\"og:description\" content=\"De Belgian BioElectroMagnetics Group (BBEMG) onderzoekt de gezondheidseffecten van 50 Hz EMV in ons dagelijks leven en op de werkplek (50 Hz).\" \/>\n<meta property=\"og:url\" content=\"https:\/\/www.bbemg.uliege.be\/nl\/project\/\" \/>\n<meta property=\"og:site_name\" content=\"BBEMG - Belgian BioElectroMagnetics Group\" \/>\n<meta property=\"article:modified_time\" content=\"2026-01-21T14:05:26+00:00\" \/>\n<meta property=\"og:image\" content=\"https:\/\/www.bbemg.uliege.be\/wp-content\/uploads\/2022\/10\/Belgium_FR.png\" \/>\n<meta name=\"twitter:card\" content=\"summary_large_image\" \/>\n<meta name=\"twitter:site\" content=\"@bbemg\" \/>\n<meta name=\"twitter:label1\" content=\"Geschatte leestijd\" \/>\n\t<meta name=\"twitter:data1\" content=\"2 minuten\" \/>\n<script type=\"application\/ld+json\" class=\"yoast-schema-graph\">{\"@context\":\"https:\\\/\\\/schema.org\",\"@graph\":[{\"@type\":\"WebPage\",\"@id\":\"https:\\\/\\\/www.bbemg.uliege.be\\\/nl\\\/project\\\/\",\"url\":\"https:\\\/\\\/www.bbemg.uliege.be\\\/nl\\\/project\\\/\",\"name\":\"Overzicht van het BBEMG project (2025-2026) - BBEMG - Belgian BioElectroMagnetics Group\",\"isPartOf\":{\"@id\":\"https:\\\/\\\/www.bbemg.uliege.be\\\/nl\\\/#website\"},\"primaryImageOfPage\":{\"@id\":\"https:\\\/\\\/www.bbemg.uliege.be\\\/nl\\\/project\\\/#primaryimage\"},\"image\":{\"@id\":\"https:\\\/\\\/www.bbemg.uliege.be\\\/nl\\\/project\\\/#primaryimage\"},\"thumbnailUrl\":\"https:\\\/\\\/www.bbemg.uliege.be\\\/wp-content\\\/uploads\\\/2022\\\/10\\\/Belgium_FR.png\",\"datePublished\":\"2019-05-20T12:25:51+00:00\",\"dateModified\":\"2026-01-21T14:05:26+00:00\",\"description\":\"De Belgian BioElectroMagnetics Group (BBEMG) onderzoekt de gezondheidseffecten van 50 Hz EMV in ons dagelijks leven en op de werkplek (50 Hz).\",\"breadcrumb\":{\"@id\":\"https:\\\/\\\/www.bbemg.uliege.be\\\/nl\\\/project\\\/#breadcrumb\"},\"inLanguage\":\"nl-NL\",\"potentialAction\":[{\"@type\":\"ReadAction\",\"target\":[\"https:\\\/\\\/www.bbemg.uliege.be\\\/nl\\\/project\\\/\"]}]},{\"@type\":\"ImageObject\",\"inLanguage\":\"nl-NL\",\"@id\":\"https:\\\/\\\/www.bbemg.uliege.be\\\/nl\\\/project\\\/#primaryimage\",\"url\":\"https:\\\/\\\/www.bbemg.uliege.be\\\/wp-content\\\/uploads\\\/2022\\\/10\\\/Belgium_FR.png\",\"contentUrl\":\"https:\\\/\\\/www.bbemg.uliege.be\\\/wp-content\\\/uploads\\\/2022\\\/10\\\/Belgium_FR.png\"},{\"@type\":\"BreadcrumbList\",\"@id\":\"https:\\\/\\\/www.bbemg.uliege.be\\\/nl\\\/project\\\/#breadcrumb\",\"itemListElement\":[{\"@type\":\"ListItem\",\"position\":1,\"name\":\"Accueil\",\"item\":\"https:\\\/\\\/www.bbemg.uliege.be\\\/nl\\\/accueil\\\/\"},{\"@type\":\"ListItem\",\"position\":2,\"name\":\"Overzicht van het BBEMG project (2025-2026)\"}]},{\"@type\":\"WebSite\",\"@id\":\"https:\\\/\\\/www.bbemg.uliege.be\\\/nl\\\/#website\",\"url\":\"https:\\\/\\\/www.bbemg.uliege.be\\\/nl\\\/\",\"name\":\"BBEMG - Belgian BioElectroMagnetics Group\",\"description\":\"Analyse des effets biom\u00e9dicaux des champs \u00e9lectriques dans notre vie quotidienne\",\"publisher\":{\"@id\":\"https:\\\/\\\/www.bbemg.uliege.be\\\/nl\\\/#organization\"},\"potentialAction\":[{\"@type\":\"SearchAction\",\"target\":{\"@type\":\"EntryPoint\",\"urlTemplate\":\"https:\\\/\\\/www.bbemg.uliege.be\\\/nl\\\/?s={search_term_string}\"},\"query-input\":{\"@type\":\"PropertyValueSpecification\",\"valueRequired\":true,\"valueName\":\"search_term_string\"}}],\"inLanguage\":\"nl-NL\"},{\"@type\":\"Organization\",\"@id\":\"https:\\\/\\\/www.bbemg.uliege.be\\\/nl\\\/#organization\",\"name\":\"BBEMG\",\"url\":\"https:\\\/\\\/www.bbemg.uliege.be\\\/nl\\\/\",\"logo\":{\"@type\":\"ImageObject\",\"inLanguage\":\"nl-NL\",\"@id\":\"https:\\\/\\\/www.bbemg.uliege.be\\\/nl\\\/#\\\/schema\\\/logo\\\/image\\\/\",\"url\":\"https:\\\/\\\/www.bbemg.uliege.be\\\/wp-content\\\/uploads\\\/2019\\\/05\\\/bbemg-logo-crop.png\",\"contentUrl\":\"https:\\\/\\\/www.bbemg.uliege.be\\\/wp-content\\\/uploads\\\/2019\\\/05\\\/bbemg-logo-crop.png\",\"width\":\"560\",\"height\":\"222\",\"caption\":\"BBEMG\"},\"image\":{\"@id\":\"https:\\\/\\\/www.bbemg.uliege.be\\\/nl\\\/#\\\/schema\\\/logo\\\/image\\\/\"},\"sameAs\":[\"https:\\\/\\\/x.com\\\/bbemg\"]}]}<\/script>\n<!-- \/ Yoast SEO plugin. -->","yoast_head_json":{"title":"Overzicht van het BBEMG project (2025-2026) - BBEMG - Belgian BioElectroMagnetics Group","description":"De Belgian BioElectroMagnetics Group (BBEMG) onderzoekt de gezondheidseffecten van 50 Hz EMV in ons dagelijks leven en op de werkplek (50 Hz).","robots":{"index":"index","follow":"follow","max-snippet":"max-snippet:-1","max-image-preview":"max-image-preview:large","max-video-preview":"max-video-preview:-1"},"canonical":"https:\/\/www.bbemg.uliege.be\/nl\/project\/","og_locale":"nl_NL","og_type":"article","og_title":"Overzicht van het BBEMG project (2025-2026) - BBEMG - Belgian BioElectroMagnetics Group","og_description":"De Belgian BioElectroMagnetics Group (BBEMG) onderzoekt de gezondheidseffecten van 50 Hz EMV in ons dagelijks leven en op de werkplek (50 Hz).","og_url":"https:\/\/www.bbemg.uliege.be\/nl\/project\/","og_site_name":"BBEMG - Belgian BioElectroMagnetics Group","article_modified_time":"2026-01-21T14:05:26+00:00","og_image":[{"url":"https:\/\/www.bbemg.uliege.be\/wp-content\/uploads\/2022\/10\/Belgium_FR.png","type":"","width":"","height":""}],"twitter_card":"summary_large_image","twitter_site":"@bbemg","twitter_misc":{"Geschatte leestijd":"2 minuten"},"schema":{"@context":"https:\/\/schema.org","@graph":[{"@type":"WebPage","@id":"https:\/\/www.bbemg.uliege.be\/nl\/project\/","url":"https:\/\/www.bbemg.uliege.be\/nl\/project\/","name":"Overzicht van het BBEMG project (2025-2026) - BBEMG - Belgian BioElectroMagnetics Group","isPartOf":{"@id":"https:\/\/www.bbemg.uliege.be\/nl\/#website"},"primaryImageOfPage":{"@id":"https:\/\/www.bbemg.uliege.be\/nl\/project\/#primaryimage"},"image":{"@id":"https:\/\/www.bbemg.uliege.be\/nl\/project\/#primaryimage"},"thumbnailUrl":"https:\/\/www.bbemg.uliege.be\/wp-content\/uploads\/2022\/10\/Belgium_FR.png","datePublished":"2019-05-20T12:25:51+00:00","dateModified":"2026-01-21T14:05:26+00:00","description":"De Belgian BioElectroMagnetics Group (BBEMG) onderzoekt de gezondheidseffecten van 50 Hz EMV in ons dagelijks leven en op de werkplek (50 Hz).","breadcrumb":{"@id":"https:\/\/www.bbemg.uliege.be\/nl\/project\/#breadcrumb"},"inLanguage":"nl-NL","potentialAction":[{"@type":"ReadAction","target":["https:\/\/www.bbemg.uliege.be\/nl\/project\/"]}]},{"@type":"ImageObject","inLanguage":"nl-NL","@id":"https:\/\/www.bbemg.uliege.be\/nl\/project\/#primaryimage","url":"https:\/\/www.bbemg.uliege.be\/wp-content\/uploads\/2022\/10\/Belgium_FR.png","contentUrl":"https:\/\/www.bbemg.uliege.be\/wp-content\/uploads\/2022\/10\/Belgium_FR.png"},{"@type":"BreadcrumbList","@id":"https:\/\/www.bbemg.uliege.be\/nl\/project\/#breadcrumb","itemListElement":[{"@type":"ListItem","position":1,"name":"Accueil","item":"https:\/\/www.bbemg.uliege.be\/nl\/accueil\/"},{"@type":"ListItem","position":2,"name":"Overzicht van het BBEMG project (2025-2026)"}]},{"@type":"WebSite","@id":"https:\/\/www.bbemg.uliege.be\/nl\/#website","url":"https:\/\/www.bbemg.uliege.be\/nl\/","name":"BBEMG - Belgian BioElectroMagnetics Group","description":"Analyse des effets biom\u00e9dicaux des champs \u00e9lectriques dans notre vie quotidienne","publisher":{"@id":"https:\/\/www.bbemg.uliege.be\/nl\/#organization"},"potentialAction":[{"@type":"SearchAction","target":{"@type":"EntryPoint","urlTemplate":"https:\/\/www.bbemg.uliege.be\/nl\/?s={search_term_string}"},"query-input":{"@type":"PropertyValueSpecification","valueRequired":true,"valueName":"search_term_string"}}],"inLanguage":"nl-NL"},{"@type":"Organization","@id":"https:\/\/www.bbemg.uliege.be\/nl\/#organization","name":"BBEMG","url":"https:\/\/www.bbemg.uliege.be\/nl\/","logo":{"@type":"ImageObject","inLanguage":"nl-NL","@id":"https:\/\/www.bbemg.uliege.be\/nl\/#\/schema\/logo\/image\/","url":"https:\/\/www.bbemg.uliege.be\/wp-content\/uploads\/2019\/05\/bbemg-logo-crop.png","contentUrl":"https:\/\/www.bbemg.uliege.be\/wp-content\/uploads\/2019\/05\/bbemg-logo-crop.png","width":"560","height":"222","caption":"BBEMG"},"image":{"@id":"https:\/\/www.bbemg.uliege.be\/nl\/#\/schema\/logo\/image\/"},"sameAs":["https:\/\/x.com\/bbemg"]}]}},"_links":{"self":[{"href":"https:\/\/www.bbemg.uliege.be\/nl\/wp-json\/wp\/v2\/pages\/1077","targetHints":{"allow":["GET"]}}],"collection":[{"href":"https:\/\/www.bbemg.uliege.be\/nl\/wp-json\/wp\/v2\/pages"}],"about":[{"href":"https:\/\/www.bbemg.uliege.be\/nl\/wp-json\/wp\/v2\/types\/page"}],"author":[{"embeddable":true,"href":"https:\/\/www.bbemg.uliege.be\/nl\/wp-json\/wp\/v2\/users\/1"}],"replies":[{"embeddable":true,"href":"https:\/\/www.bbemg.uliege.be\/nl\/wp-json\/wp\/v2\/comments?post=1077"}],"version-history":[{"count":30,"href":"https:\/\/www.bbemg.uliege.be\/nl\/wp-json\/wp\/v2\/pages\/1077\/revisions"}],"predecessor-version":[{"id":9576,"href":"https:\/\/www.bbemg.uliege.be\/nl\/wp-json\/wp\/v2\/pages\/1077\/revisions\/9576"}],"wp:attachment":[{"href":"https:\/\/www.bbemg.uliege.be\/nl\/wp-json\/wp\/v2\/media?parent=1077"}],"wp:term":[{"taxonomy":"category","embeddable":true,"href":"https:\/\/www.bbemg.uliege.be\/nl\/wp-json\/wp\/v2\/categories?post=1077"},{"taxonomy":"post_tag","embeddable":true,"href":"https:\/\/www.bbemg.uliege.be\/nl\/wp-json\/wp\/v2\/tags?post=1077"}],"curies":[{"name":"wp","href":"https:\/\/api.w.org\/{rel}","templated":true}]}}