{"id":1637,"date":"2019-05-21T09:08:52","date_gmt":"2019-05-21T07:08:52","guid":{"rendered":"https:\/\/www.bbemg.uliege.be\/informatie-over-de-belangrijkste-voorbije-congressen\/"},"modified":"2025-07-23T11:55:42","modified_gmt":"2025-07-23T09:55:42","slug":"informatie-over-de-belangrijkste-voorbije-congressen","status":"publish","type":"page","link":"https:\/\/www.bbemg.uliege.be\/nl\/informatie-over-de-belangrijkste-voorbije-congressen\/","title":{"rendered":"Informatie over de belangrijkste voorbije congressen"},"content":{"rendered":"[vc_row type=&#8221;in_container&#8221; full_screen_row_position=&#8221;middle&#8221; scene_position=&#8221;center&#8221; text_color=&#8221;dark&#8221; text_align=&#8221;left&#8221; overlay_strength=&#8221;0.3&#8243; shape_divider_position=&#8221;bottom&#8221; bg_image_animation=&#8221;none&#8221;][vc_column column_padding=&#8221;no-extra-padding&#8221; column_padding_position=&#8221;all&#8221; background_color_opacity=&#8221;1&#8243; background_hover_color_opacity=&#8221;1&#8243; column_link_target=&#8221;_self&#8221; column_shadow=&#8221;none&#8221; column_border_radius=&#8221;none&#8221; width=&#8221;1\/1&#8243; tablet_width_inherit=&#8221;default&#8221; tablet_text_alignment=&#8221;default&#8221; phone_text_alignment=&#8221;default&#8221; column_border_width=&#8221;none&#8221; column_border_style=&#8221;solid&#8221; bg_image_animation=&#8221;none&#8221;][heading]\n<h1>Informatie over de belangrijkste voorbije congressen<\/h1>\n[\/heading][\/vc_column][\/vc_row][vc_row type=&#8221;in_container&#8221; full_screen_row_position=&#8221;middle&#8221; scene_position=&#8221;center&#8221; text_color=&#8221;dark&#8221; text_align=&#8221;left&#8221; overlay_strength=&#8221;0.3&#8243; shape_divider_position=&#8221;bottom&#8221; bg_image_animation=&#8221;none&#8221;][vc_column column_padding=&#8221;no-extra-padding&#8221; column_padding_position=&#8221;all&#8221; background_color_opacity=&#8221;1&#8243; background_hover_color_opacity=&#8221;1&#8243; column_link_target=&#8221;_self&#8221; column_shadow=&#8221;none&#8221; column_border_radius=&#8221;none&#8221; width=&#8221;1\/1&#8243; tablet_width_inherit=&#8221;default&#8221; tablet_text_alignment=&#8221;default&#8221; phone_text_alignment=&#8221;default&#8221; column_border_width=&#8221;none&#8221; column_border_style=&#8221;solid&#8221; bg_image_animation=&#8221;none&#8221;][vc_column_text]\n<div id=\"content-main\">\n<h3><a name=\"anses\"><\/a>15\u00e8me congr\u00e8s national de la radioprotection de la Soci\u00e9t\u00e9 Fran\u00e7aise de RadioProtection (SFRP)<\/h3>\n<p><em>La Baule &#8211; Escoublac, France.<\/em><br \/>\nInformation disponible <a href=\"https:\/\/sfrp.asso.fr\/wp-content\/uploads\/2024\/10\/SFRP-Pre-annonce-Congres-National-La-Baule-2025-A5-V4.pdf\">ici<\/a><\/p>\n<h3><a name=\"anses\"><\/a><strong>BioEM Conferentie<\/strong><\/h3>\n<p><em>Rennes, France.<\/em><br \/>\nMeer informatie\u00a0<a href=\"https:\/\/bioem.org\/bioem-2025-rennes-france\/\">hier<\/a><\/p>\n<h3><a name=\"anses\"><\/a>Anses &#8211; Agence nationale de s\u00e9curit\u00e9 sanitaire de l\u2019alimentation, de l\u2019environnement et du travail (France)<\/h3>\n<p>Voir la\u00a0<a href=\"https:\/\/www.anses.fr\/fr\/content\/biblioth%C3%A8que-des-pr%C3%A9sentations-des-rencontres-scientifiques\" target=\"_blank\" rel=\"noopener\">Biblioth\u00e8que des pr\u00e9sentations des Rencontres Scientifiques<\/a><\/p>\n<h3><a name=\"arimmora2012\"><\/a>Arimmora<\/h3>\n<p><a href=\"http:\/\/arimmora-fp7.eu\/\" target=\"_blank\" rel=\"noopener\">http:\/\/arimmora-fp7.eu\/<\/a><\/p>\n<h3>Belgian Society for Occupational Hygiene<\/h3>\n<p><a name=\"bsoh2014\"><\/a>May 9, 2014 &#8211;\u00a0The European Directive 2013\/35\/EU. Brussels, Belgium.<br \/>\nSee <a href=\"https:\/\/drive.google.com\/folderview?id=0B6sCF78Ze9lRRW1EaXdaUUpfYkU&amp;usp=sharing&amp;tid=0B6sCF78Ze9lRdkZOX2RlTUVfalE\" target=\"_blank\" rel=\"noopener\">the slides<\/a>.<\/p>\n<h3>The BioElectroMagnetics Society (BEMS)<\/h3>\n<p><a href=\"https:\/\/bems.org\/meetings.html\" target=\"_blank\" rel=\"noopener\">https:\/\/bems.org\/meetings.html<\/a><\/p>\n<h3>European BioElectromagnetics Association (EBEA)<\/h3>\n<p><a href=\"http:\/\/www.ebea.org\/category\/meetings\/\" target=\"_blank\" rel=\"noopener\">http:\/\/www.ebea.org\/category\/meetings\/<\/a><\/p>\n<h3>The European commission<\/h3>\n<p><a id=\"scenihr2011\" name=\"scenihr2011\"><\/a>November 16-17, 2011 &#8211;\u00a0European Commission, DG Health &amp; Consumers: 2011 International Scientific Conference on EMF and Health. Brussels, Belgium.<br \/>\nInformation available <a href=\"https:\/\/health.ec.europa.eu\/latest-updates\/2011-international-scientific-conference-emf-and-health-brussels-16-17-november-2011-conference-2011-11-11_en\" target=\"_blank\" rel=\"noopener\">here<\/a>.<\/p>\n<p><a id=\"ec09\" name=\"ec09\"><\/a>February 11-12, 2009 &#8211;\u00a0The European Commission (DG Health and Consumers and DG Enterprise and Industry): &#8220;Workshop on EMF and Health: Science and Policy to address public concerns.&#8221; Brussels, Belgium.<br \/>\nInformation available <a href=\"http:\/\/ec.europa.eu\/health\/ph_risk\/documents\/ev_20090211_ag_en.pdf\" target=\"_blank\" rel=\"noopener\">here<\/a>.<\/p>\n<h3>Internation Commission on Non-Ionizing Radiation Protection (ICNIRP)<\/h3>\n<p><a href=\"http:\/\/www.icnirp.org\/en\/workshops\/index.html#tab2\" target=\"_blank\" rel=\"noopener\">http:\/\/www.icnirp.org\/en\/workshops\/index.html#tab2<\/a><\/p>\n<h3>Progress In Electromagnetics Research Symposium (PIERS)<\/h3>\n<p><a href=\"http:\/\/piers.org\/piers\/\" target=\"_blank\" rel=\"noopener\">http:\/\/piers.org\/piers\/<\/a><\/p>\n<h3>Soci\u00e9t\u00e9 Fran\u00e7aise de RadioProtection (SFRP)<\/h3>\n<p><a href=\"https:\/\/sfrp.asso.fr\/manifestations\/\" target=\"_blank\" rel=\"noopener\">https:\/\/sfrp.asso.fr\/manifestations\/<\/a><\/p>\n<h3>International Union Of Radio Science (URSI)<\/h3>\n<p><a href=\"http:\/\/www.ursi.org\/homepage.php\" target=\"_blank\" rel=\"noopener\">http:\/\/www.ursi.org\/homepage.php<\/a><\/p>\n<h3>WHO<\/h3>\n<p><a href=\"http:\/\/www.who.int\/peh-emf\/meetings\/en\/\" target=\"_blank\" rel=\"noopener\">http:\/\/www.who.int\/peh-emf\/meetings\/en\/<\/a><\/p>\n<\/div>\n[\/vc_column_text][\/vc_column][\/vc_row]\n","protected":false},"excerpt":{"rendered":"<p>[vc_row type=&#8221;in_container&#8221; full_screen_row_position=&#8221;middle&#8221; scene_position=&#8221;center&#8221; text_color=&#8221;dark&#8221; text_align=&#8221;left&#8221; overlay_strength=&#8221;0.3&#8243; shape_divider_position=&#8221;bottom&#8221; bg_image_animation=&#8221;none&#8221;][vc_column column_padding=&#8221;no-extra-padding&#8221; column_padding_position=&#8221;all&#8221; background_color_opacity=&#8221;1&#8243; background_hover_color_opacity=&#8221;1&#8243; column_link_target=&#8221;_self&#8221; column_shadow=&#8221;none&#8221; column_border_radius=&#8221;none&#8221; width=&#8221;1\/1&#8243; tablet_width_inherit=&#8221;default&#8221; tablet_text_alignment=&#8221;default&#8221; phone_text_alignment=&#8221;default&#8221; column_border_width=&#8221;none&#8221; column_border_style=&#8221;solid&#8221; bg_image_animation=&#8221;none&#8221;][heading] Informatie over de belangrijkste voorbije congressen [\/heading][\/vc_column][\/vc_row][vc_row&#8230;<\/p>\n","protected":false},"author":1,"featured_media":0,"parent":0,"menu_order":0,"comment_status":"closed","ping_status":"closed","template":"page-sidebar.php","meta":{"footnotes":""},"categories":[],"tags":[],"class_list":["post-1637","page","type-page","status-publish"],"yoast_head":"<!-- This site is optimized with the Yoast SEO plugin v27.5 - https:\/\/yoast.com\/product\/yoast-seo-wordpress\/ -->\n<title>Informatie over de belangrijkste voorbije congressen - BBEMG - Belgian BioElectroMagnetics Group<\/title>\n<meta name=\"description\" content=\"Een overzicht van de belangrijkste voorbije wetenschappelijke congressen die het onderwerp van laagfrequente elektromagnetische velden behandelden.\" \/>\n<meta name=\"robots\" content=\"index, follow, max-snippet:-1, max-image-preview:large, max-video-preview:-1\" \/>\n<link rel=\"canonical\" href=\"https:\/\/www.bbemg.uliege.be\/nl\/informatie-over-de-belangrijkste-voorbije-congressen\/\" \/>\n<meta property=\"og:locale\" content=\"nl_NL\" \/>\n<meta property=\"og:type\" content=\"article\" \/>\n<meta property=\"og:title\" content=\"Informatie over de belangrijkste voorbije congressen - BBEMG - Belgian BioElectroMagnetics Group\" \/>\n<meta property=\"og:description\" content=\"Een overzicht van de belangrijkste voorbije wetenschappelijke congressen die het onderwerp van laagfrequente elektromagnetische velden behandelden.\" \/>\n<meta property=\"og:url\" content=\"https:\/\/www.bbemg.uliege.be\/nl\/informatie-over-de-belangrijkste-voorbije-congressen\/\" \/>\n<meta property=\"og:site_name\" content=\"BBEMG - Belgian BioElectroMagnetics Group\" \/>\n<meta property=\"article:modified_time\" content=\"2025-07-23T09:55:42+00:00\" \/>\n<meta name=\"twitter:card\" content=\"summary_large_image\" \/>\n<meta name=\"twitter:site\" content=\"@bbemg\" \/>\n<meta name=\"twitter:label1\" content=\"Geschatte leestijd\" \/>\n\t<meta name=\"twitter:data1\" content=\"2 minuten\" \/>\n<script type=\"application\/ld+json\" class=\"yoast-schema-graph\">{\"@context\":\"https:\\\/\\\/schema.org\",\"@graph\":[{\"@type\":\"WebPage\",\"@id\":\"https:\\\/\\\/www.bbemg.uliege.be\\\/nl\\\/informatie-over-de-belangrijkste-voorbije-congressen\\\/\",\"url\":\"https:\\\/\\\/www.bbemg.uliege.be\\\/nl\\\/informatie-over-de-belangrijkste-voorbije-congressen\\\/\",\"name\":\"Informatie over de belangrijkste voorbije congressen - BBEMG - Belgian BioElectroMagnetics Group\",\"isPartOf\":{\"@id\":\"https:\\\/\\\/www.bbemg.uliege.be\\\/nl\\\/#website\"},\"datePublished\":\"2019-05-21T07:08:52+00:00\",\"dateModified\":\"2025-07-23T09:55:42+00:00\",\"description\":\"Een overzicht van de belangrijkste voorbije wetenschappelijke congressen die het onderwerp van laagfrequente elektromagnetische velden behandelden.\",\"breadcrumb\":{\"@id\":\"https:\\\/\\\/www.bbemg.uliege.be\\\/nl\\\/informatie-over-de-belangrijkste-voorbije-congressen\\\/#breadcrumb\"},\"inLanguage\":\"nl-NL\",\"potentialAction\":[{\"@type\":\"ReadAction\",\"target\":[\"https:\\\/\\\/www.bbemg.uliege.be\\\/nl\\\/informatie-over-de-belangrijkste-voorbije-congressen\\\/\"]}]},{\"@type\":\"BreadcrumbList\",\"@id\":\"https:\\\/\\\/www.bbemg.uliege.be\\\/nl\\\/informatie-over-de-belangrijkste-voorbije-congressen\\\/#breadcrumb\",\"itemListElement\":[{\"@type\":\"ListItem\",\"position\":1,\"name\":\"Accueil\",\"item\":\"https:\\\/\\\/www.bbemg.uliege.be\\\/nl\\\/accueil\\\/\"},{\"@type\":\"ListItem\",\"position\":2,\"name\":\"Informatie over de belangrijkste voorbije congressen\"}]},{\"@type\":\"WebSite\",\"@id\":\"https:\\\/\\\/www.bbemg.uliege.be\\\/nl\\\/#website\",\"url\":\"https:\\\/\\\/www.bbemg.uliege.be\\\/nl\\\/\",\"name\":\"BBEMG - Belgian BioElectroMagnetics Group\",\"description\":\"Analyse des effets biom\u00e9dicaux des champs \u00e9lectriques dans notre vie quotidienne\",\"publisher\":{\"@id\":\"https:\\\/\\\/www.bbemg.uliege.be\\\/nl\\\/#organization\"},\"potentialAction\":[{\"@type\":\"SearchAction\",\"target\":{\"@type\":\"EntryPoint\",\"urlTemplate\":\"https:\\\/\\\/www.bbemg.uliege.be\\\/nl\\\/?s={search_term_string}\"},\"query-input\":{\"@type\":\"PropertyValueSpecification\",\"valueRequired\":true,\"valueName\":\"search_term_string\"}}],\"inLanguage\":\"nl-NL\"},{\"@type\":\"Organization\",\"@id\":\"https:\\\/\\\/www.bbemg.uliege.be\\\/nl\\\/#organization\",\"name\":\"BBEMG\",\"url\":\"https:\\\/\\\/www.bbemg.uliege.be\\\/nl\\\/\",\"logo\":{\"@type\":\"ImageObject\",\"inLanguage\":\"nl-NL\",\"@id\":\"https:\\\/\\\/www.bbemg.uliege.be\\\/nl\\\/#\\\/schema\\\/logo\\\/image\\\/\",\"url\":\"https:\\\/\\\/www.bbemg.uliege.be\\\/wp-content\\\/uploads\\\/2019\\\/05\\\/bbemg-logo-crop.png\",\"contentUrl\":\"https:\\\/\\\/www.bbemg.uliege.be\\\/wp-content\\\/uploads\\\/2019\\\/05\\\/bbemg-logo-crop.png\",\"width\":\"560\",\"height\":\"222\",\"caption\":\"BBEMG\"},\"image\":{\"@id\":\"https:\\\/\\\/www.bbemg.uliege.be\\\/nl\\\/#\\\/schema\\\/logo\\\/image\\\/\"},\"sameAs\":[\"https:\\\/\\\/x.com\\\/bbemg\"]}]}<\/script>\n<!-- \/ Yoast SEO plugin. -->","yoast_head_json":{"title":"Informatie over de belangrijkste voorbije congressen - BBEMG - Belgian BioElectroMagnetics Group","description":"Een overzicht van de belangrijkste voorbije wetenschappelijke congressen die het onderwerp van laagfrequente elektromagnetische velden behandelden.","robots":{"index":"index","follow":"follow","max-snippet":"max-snippet:-1","max-image-preview":"max-image-preview:large","max-video-preview":"max-video-preview:-1"},"canonical":"https:\/\/www.bbemg.uliege.be\/nl\/informatie-over-de-belangrijkste-voorbije-congressen\/","og_locale":"nl_NL","og_type":"article","og_title":"Informatie over de belangrijkste voorbije congressen - BBEMG - Belgian BioElectroMagnetics Group","og_description":"Een overzicht van de belangrijkste voorbije wetenschappelijke congressen die het onderwerp van laagfrequente elektromagnetische velden behandelden.","og_url":"https:\/\/www.bbemg.uliege.be\/nl\/informatie-over-de-belangrijkste-voorbije-congressen\/","og_site_name":"BBEMG - Belgian BioElectroMagnetics Group","article_modified_time":"2025-07-23T09:55:42+00:00","twitter_card":"summary_large_image","twitter_site":"@bbemg","twitter_misc":{"Geschatte leestijd":"2 minuten"},"schema":{"@context":"https:\/\/schema.org","@graph":[{"@type":"WebPage","@id":"https:\/\/www.bbemg.uliege.be\/nl\/informatie-over-de-belangrijkste-voorbije-congressen\/","url":"https:\/\/www.bbemg.uliege.be\/nl\/informatie-over-de-belangrijkste-voorbije-congressen\/","name":"Informatie over de belangrijkste voorbije congressen - BBEMG - Belgian BioElectroMagnetics Group","isPartOf":{"@id":"https:\/\/www.bbemg.uliege.be\/nl\/#website"},"datePublished":"2019-05-21T07:08:52+00:00","dateModified":"2025-07-23T09:55:42+00:00","description":"Een overzicht van de belangrijkste voorbije wetenschappelijke congressen die het onderwerp van laagfrequente elektromagnetische velden behandelden.","breadcrumb":{"@id":"https:\/\/www.bbemg.uliege.be\/nl\/informatie-over-de-belangrijkste-voorbije-congressen\/#breadcrumb"},"inLanguage":"nl-NL","potentialAction":[{"@type":"ReadAction","target":["https:\/\/www.bbemg.uliege.be\/nl\/informatie-over-de-belangrijkste-voorbije-congressen\/"]}]},{"@type":"BreadcrumbList","@id":"https:\/\/www.bbemg.uliege.be\/nl\/informatie-over-de-belangrijkste-voorbije-congressen\/#breadcrumb","itemListElement":[{"@type":"ListItem","position":1,"name":"Accueil","item":"https:\/\/www.bbemg.uliege.be\/nl\/accueil\/"},{"@type":"ListItem","position":2,"name":"Informatie over de belangrijkste voorbije congressen"}]},{"@type":"WebSite","@id":"https:\/\/www.bbemg.uliege.be\/nl\/#website","url":"https:\/\/www.bbemg.uliege.be\/nl\/","name":"BBEMG - Belgian BioElectroMagnetics Group","description":"Analyse des effets biom\u00e9dicaux des champs \u00e9lectriques dans notre vie quotidienne","publisher":{"@id":"https:\/\/www.bbemg.uliege.be\/nl\/#organization"},"potentialAction":[{"@type":"SearchAction","target":{"@type":"EntryPoint","urlTemplate":"https:\/\/www.bbemg.uliege.be\/nl\/?s={search_term_string}"},"query-input":{"@type":"PropertyValueSpecification","valueRequired":true,"valueName":"search_term_string"}}],"inLanguage":"nl-NL"},{"@type":"Organization","@id":"https:\/\/www.bbemg.uliege.be\/nl\/#organization","name":"BBEMG","url":"https:\/\/www.bbemg.uliege.be\/nl\/","logo":{"@type":"ImageObject","inLanguage":"nl-NL","@id":"https:\/\/www.bbemg.uliege.be\/nl\/#\/schema\/logo\/image\/","url":"https:\/\/www.bbemg.uliege.be\/wp-content\/uploads\/2019\/05\/bbemg-logo-crop.png","contentUrl":"https:\/\/www.bbemg.uliege.be\/wp-content\/uploads\/2019\/05\/bbemg-logo-crop.png","width":"560","height":"222","caption":"BBEMG"},"image":{"@id":"https:\/\/www.bbemg.uliege.be\/nl\/#\/schema\/logo\/image\/"},"sameAs":["https:\/\/x.com\/bbemg"]}]}},"_links":{"self":[{"href":"https:\/\/www.bbemg.uliege.be\/nl\/wp-json\/wp\/v2\/pages\/1637","targetHints":{"allow":["GET"]}}],"collection":[{"href":"https:\/\/www.bbemg.uliege.be\/nl\/wp-json\/wp\/v2\/pages"}],"about":[{"href":"https:\/\/www.bbemg.uliege.be\/nl\/wp-json\/wp\/v2\/types\/page"}],"author":[{"embeddable":true,"href":"https:\/\/www.bbemg.uliege.be\/nl\/wp-json\/wp\/v2\/users\/1"}],"replies":[{"embeddable":true,"href":"https:\/\/www.bbemg.uliege.be\/nl\/wp-json\/wp\/v2\/comments?post=1637"}],"version-history":[{"count":5,"href":"https:\/\/www.bbemg.uliege.be\/nl\/wp-json\/wp\/v2\/pages\/1637\/revisions"}],"predecessor-version":[{"id":8548,"href":"https:\/\/www.bbemg.uliege.be\/nl\/wp-json\/wp\/v2\/pages\/1637\/revisions\/8548"}],"wp:attachment":[{"href":"https:\/\/www.bbemg.uliege.be\/nl\/wp-json\/wp\/v2\/media?parent=1637"}],"wp:term":[{"taxonomy":"category","embeddable":true,"href":"https:\/\/www.bbemg.uliege.be\/nl\/wp-json\/wp\/v2\/categories?post=1637"},{"taxonomy":"post_tag","embeddable":true,"href":"https:\/\/www.bbemg.uliege.be\/nl\/wp-json\/wp\/v2\/tags?post=1637"}],"curies":[{"name":"wp","href":"https:\/\/api.w.org\/{rel}","templated":true}]}}