{"id":1923,"date":"2019-05-21T10:55:05","date_gmt":"2019-05-21T08:55:05","guid":{"rendered":"https:\/\/www.bbemg.uliege.be\/studies-over-elektromagnetische-hypergevoeligheid-in-het-bbemg-project\/"},"modified":"2024-11-27T11:47:33","modified_gmt":"2024-11-27T10:47:33","slug":"studies-over-elektromagnetische-hypergevoeligheid-in-het-bbemg-project","status":"publish","type":"page","link":"https:\/\/www.bbemg.uliege.be\/nl\/studies-over-elektromagnetische-hypergevoeligheid-in-het-bbemg-project\/","title":{"rendered":"Studies over elektromagnetische hypergevoeligheid in het BBEMG project"},"content":{"rendered":"[vc_row type=&#8221;in_container&#8221; full_screen_row_position=&#8221;middle&#8221; scene_position=&#8221;center&#8221; text_color=&#8221;dark&#8221; text_align=&#8221;left&#8221; overlay_strength=&#8221;0.3&#8243; shape_divider_position=&#8221;bottom&#8221; bg_image_animation=&#8221;none&#8221;][vc_column column_padding=&#8221;no-extra-padding&#8221; column_padding_position=&#8221;all&#8221; background_color_opacity=&#8221;1&#8243; background_hover_color_opacity=&#8221;1&#8243; column_link_target=&#8221;_self&#8221; column_shadow=&#8221;none&#8221; column_border_radius=&#8221;none&#8221; width=&#8221;1\/1&#8243; tablet_width_inherit=&#8221;default&#8221; tablet_text_alignment=&#8221;default&#8221; phone_text_alignment=&#8221;default&#8221; column_border_width=&#8221;none&#8221; column_border_style=&#8221;solid&#8221; bg_image_animation=&#8221;none&#8221;][heading]\n<h1>Studies over elektromagnetische hypergevoeligheid in het BBEMG project<\/h1>\n[\/heading][\/vc_column][\/vc_row][vc_row type=&#8221;in_container&#8221; full_screen_row_position=&#8221;middle&#8221; scene_position=&#8221;center&#8221; text_color=&#8221;dark&#8221; text_align=&#8221;left&#8221; overlay_strength=&#8221;0.3&#8243; shape_divider_position=&#8221;bottom&#8221; bg_image_animation=&#8221;none&#8221;][vc_column column_padding=&#8221;no-extra-padding&#8221; column_padding_position=&#8221;all&#8221; background_color_opacity=&#8221;1&#8243; background_hover_color_opacity=&#8221;1&#8243; column_link_target=&#8221;_self&#8221; column_shadow=&#8221;none&#8221; column_border_radius=&#8221;none&#8221; width=&#8221;1\/1&#8243; tablet_width_inherit=&#8221;default&#8221; tablet_text_alignment=&#8221;default&#8221; phone_text_alignment=&#8221;default&#8221; column_border_width=&#8221;none&#8221; column_border_style=&#8221;solid&#8221; bg_image_animation=&#8221;none&#8221;][vc_column_text]In ons laboratorium hebben we verschillende studies gerealiseerd om de psychologische en biologische mechanismen die aan de basis liggen van elektromagnetische hypergevoeligheid beter te leren begrijpen. Daarbij hebben we personen die zichzelf als elektrisch hypergevoelig (EHS) omschreven, vergeleken met controlepersonen. Er werden verschillende psychologische (angst, depressie) en elektrofysiologische metingen (&#8220;event-related potentials&#8221;: CNV, P300) gedaan. Daarenboven hebben we onderzocht of er een causaal verband is tussen de blootstelling aan elektromagnetische velden waarover EHS-personen specifiek klagen en negatieve gevolgen voor de gezondheid.<\/p>\n<p>De personen die zichzelf in het kader van onze studies als EHS omschreven, waren overwegend hoogopgeleide vrouwen die doorgaans een baan hadden. De EHS-personen vertoonden voornamelijk de volgende symptomen: hoofdpijn, vermoeidheid, slaapstoornissen, concentratieproblemen, prikkelbaarheid, spier- en gewrichtspijn, jeuk, oogproblemen en wazig zicht. Ze schreven deze symptomen doorgaans toe aan radiofrequentievelden (RF-velden), zoals de velden die door de gsm-technologie gegenereerd worden. Extreem laagfrequente velden (ELF-velden) werden daarentegen zelden beschouwd als de oorzaak voor hun klachten.<\/p>\n<p>Uit de resultaten van onze studies blijkt dat de EHS-personen aanzienlijk angstiger zijn dan de controlepersonen en meer tekenen van depressie en ongemak vertonen. Toch hebben we tijdens onze elektrofysiologische testen (CNV, P300) geen significante verschillen kunnen vaststellen tussen de EHS- en de controlepersonen. Tijdens de provocatietesten werden de deelnemers aan de studie afhankelijk van de testomstandigheden al dan niet aan een magnetisch veld blootgesteld (blootstellingshelm die een 50 Hz magnetisch veld van 20 \u00b5T genereert). De resultaten geven aan dat EHS-personen frequenter symptomen rapporteren wanneer ze weten dat ze werden blootgesteld aan een elektromagnetisch veld. Uit de dubbelblinde provocatietest blijkt echter dat de EHS-groep niet in staat is het elektromagnetisch veld beter te detecteren dan de controlegroep.<\/p>\n<p>De testen die we in ons laboratorium hebben gerealiseerd, hebben geen duidelijk verband aangetoond tussen de blootstelling aan elektromagnetische velden en eventuele negatieve gevolgen daarvan voor de gezondheid. Onze resultaten tonen aan dat de angst- en ongemakniveaus significant hoger liggen bij EHS-personen dan bij controlepersonen. Toch kunnen we met onze testen niet definitief uitsluiten dat de blootstelling aan elektromagnetische velden, waarover EHS-personen klagen, de gezondheid mogelijk kan be\u00efnvloeden. Andere testparameters (langere blootstelling aan het elektromagnetische veld, hogere frequentie, latente symptomen \u2026) zouden symptomen en\/of schade kunnen veroorzaken. Bovendien zouden zwakke statistische effecten niet-gedetecteerd kunnen blijven. In ons laboratorium trachten we deze problemen aan te pakken via nieuwe testprotocollen.[\/vc_column_text][\/vc_column][\/vc_row][vc_row type=&#8221;in_container&#8221; full_screen_row_position=&#8221;middle&#8221; scene_position=&#8221;center&#8221; text_color=&#8221;dark&#8221; text_align=&#8221;left&#8221; overlay_strength=&#8221;0.3&#8243; shape_divider_position=&#8221;bottom&#8221; bg_image_animation=&#8221;none&#8221; source=&#8221;&#8221; text=&#8221;2013 &#8211; 2017&#8243; font_container=&#8221;tag:h2|text_align:left|color:%2349b0e5&#8243; use_theme_fonts=&#8221;yes&#8221; google_fonts=&#8221;font_family:Abril%20Fatface%3Aregular|font_style:400%20regular%3A400%3Anormal&#8221; css_animation=&#8221;&#8221; link=&#8221;&#8221; el_id=&#8221;&#8221; el_class=&#8221;&#8221; css=&#8221;&#8221;][vc_column column_padding=&#8221;no-extra-padding&#8221; column_padding_position=&#8221;all&#8221; background_color_opacity=&#8221;1&#8243; background_hover_color_opacity=&#8221;1&#8243; column_link_target=&#8221;_self&#8221; column_shadow=&#8221;none&#8221; column_border_radius=&#8221;none&#8221; width=&#8221;1\/1&#8243; tablet_width_inherit=&#8221;default&#8221; tablet_text_alignment=&#8221;default&#8221; phone_text_alignment=&#8221;default&#8221; column_border_width=&#8221;none&#8221; column_border_style=&#8221;solid&#8221; bg_image_animation=&#8221;none&#8221;][vc_custom_heading text=&#8221;Documenten &amp; Links&#8221; font_container=&#8221;tag:h2|text_align:left|color:%2349b0e5&#8243; use_theme_fonts=&#8221;yes&#8221;][vc_column_text]<a href=\"https:\/\/www.bbemg.uliege.be\/electrohypersensibilite-objectifs\/?lang=fr\">Recherche BBEMG<\/a>: Etude en cours sur l&#8217;\u00e9lectrosensibilit\u00e9[\/vc_column_text][\/vc_column][\/vc_row][vc_row type=&#8221;in_container&#8221; full_screen_row_position=&#8221;middle&#8221; scene_position=&#8221;center&#8221; text_color=&#8221;dark&#8221; text_align=&#8221;left&#8221; overlay_strength=&#8221;0.3&#8243; shape_divider_position=&#8221;bottom&#8221; bg_image_animation=&#8221;none&#8221; source=&#8221;&#8221; text=&#8221;2013 &#8211; 2017&#8243; font_container=&#8221;tag:h2|text_align:left|color:%2349b0e5&#8243; use_theme_fonts=&#8221;yes&#8221; google_fonts=&#8221;font_family:Abril%20Fatface%3Aregular|font_style:400%20regular%3A400%3Anormal&#8221; css_animation=&#8221;&#8221; link=&#8221;&#8221; el_id=&#8221;&#8221; el_class=&#8221;&#8221; css=&#8221;&#8221;][vc_column column_padding=&#8221;no-extra-padding&#8221; column_padding_position=&#8221;all&#8221; background_color_opacity=&#8221;1&#8243; background_hover_color_opacity=&#8221;1&#8243; column_link_target=&#8221;_self&#8221; column_shadow=&#8221;none&#8221; column_border_radius=&#8221;none&#8221; width=&#8221;1\/1&#8243; tablet_width_inherit=&#8221;default&#8221; tablet_text_alignment=&#8221;default&#8221; phone_text_alignment=&#8221;default&#8221; column_border_width=&#8221;none&#8221; column_border_style=&#8221;solid&#8221; bg_image_animation=&#8221;none&#8221;][vc_custom_heading text=&#8221;Andere informatie dat u wellicht interessant zult vinden &#8230;&#8221; font_container=&#8221;tag:h2|text_align:left|color:%2349b0e5&#8243; use_theme_fonts=&#8221;yes&#8221;][vc_column_text]\n<ul>\n<li><a href=\"https:\/\/www.bbemg.uliege.be\/utilisation-des-proprietes-electromagnetiques\/?lang=fr\">Utilisation des propri\u00e9t\u00e9s \u00e9lectromagn\u00e9tiques<\/a> &#8211; Comment fonctionnent nos appareils \u00e9lectriques? A partir des exemples d\u00e9crits, nous aurons un aper\u00e7u g\u00e9n\u00e9ral du fonctionnement d\u2019appareils qui transforment l\u2019\u00e9nergie \u00e9lectrique en \u00e9nergie thermique et\/ou m\u00e9canique ou qui utilisent les propri\u00e9t\u00e9s de l&#8217;\u00e9lectrostatique et de l&#8217;\u00e9lectromagn\u00e9tisme.<\/li>\n<li><a href=\"https:\/\/www.bbemg.uliege.be\/trajet-de-lelectricite\/?lang=fr\">Trajet de l&#8217;\u00e9lectricit\u00e9<\/a> &#8211; Comment fonctionne le r\u00e9seau \u00e9lectrique? Les caract\u00e9ristiques des r\u00e9seaux de transport et de distribution et les principaux \u00e9l\u00e9ments d&#8217;un circuit \u00e9lectrique domestique, dont le c\u00e2blage monophas\u00e9 et les m\u00e9thodes de protection.<\/li>\n<\/ul>\n[\/vc_column_text][\/vc_column][\/vc_row]\n","protected":false},"excerpt":{"rendered":"<p>[vc_row type=&#8221;in_container&#8221; full_screen_row_position=&#8221;middle&#8221; scene_position=&#8221;center&#8221; text_color=&#8221;dark&#8221; text_align=&#8221;left&#8221; overlay_strength=&#8221;0.3&#8243; shape_divider_position=&#8221;bottom&#8221; bg_image_animation=&#8221;none&#8221;][vc_column column_padding=&#8221;no-extra-padding&#8221; column_padding_position=&#8221;all&#8221; background_color_opacity=&#8221;1&#8243; background_hover_color_opacity=&#8221;1&#8243; column_link_target=&#8221;_self&#8221; column_shadow=&#8221;none&#8221; column_border_radius=&#8221;none&#8221; width=&#8221;1\/1&#8243; tablet_width_inherit=&#8221;default&#8221; tablet_text_alignment=&#8221;default&#8221; phone_text_alignment=&#8221;default&#8221; column_border_width=&#8221;none&#8221; column_border_style=&#8221;solid&#8221; bg_image_animation=&#8221;none&#8221;][heading] Studies over elektromagnetische hypergevoeligheid in het BBEMG&#8230;<\/p>\n","protected":false},"author":1,"featured_media":0,"parent":0,"menu_order":0,"comment_status":"closed","ping_status":"closed","template":"page-sidebar.php","meta":{"footnotes":""},"categories":[],"tags":[],"class_list":["post-1923","page","type-page","status-publish"],"yoast_head":"<!-- This site is optimized with the Yoast SEO plugin v27.4 - https:\/\/yoast.com\/product\/yoast-seo-wordpress\/ -->\n<title>Studies over elektromagnetische hypergevoeligheid in het BBEMG project - BBEMG - Belgian BioElectroMagnetics Group<\/title>\n<meta name=\"description\" content=\"De BBEMG heeft verschillende studies gerealiseerd om de psychologische en biologische mechanismen achter elektromagnetische hypergevoeligheid te leren begrijpen.\" \/>\n<meta name=\"robots\" content=\"index, follow, max-snippet:-1, max-image-preview:large, max-video-preview:-1\" \/>\n<link rel=\"canonical\" href=\"https:\/\/www.bbemg.uliege.be\/nl\/studies-over-elektromagnetische-hypergevoeligheid-in-het-bbemg-project\/\" \/>\n<meta property=\"og:locale\" content=\"nl_NL\" \/>\n<meta property=\"og:type\" content=\"article\" \/>\n<meta property=\"og:title\" content=\"Studies over elektromagnetische hypergevoeligheid in het BBEMG project - BBEMG - Belgian BioElectroMagnetics Group\" \/>\n<meta property=\"og:description\" content=\"De BBEMG heeft verschillende studies gerealiseerd om de psychologische en biologische mechanismen achter elektromagnetische hypergevoeligheid te leren begrijpen.\" \/>\n<meta property=\"og:url\" content=\"https:\/\/www.bbemg.uliege.be\/nl\/studies-over-elektromagnetische-hypergevoeligheid-in-het-bbemg-project\/\" \/>\n<meta property=\"og:site_name\" content=\"BBEMG - Belgian BioElectroMagnetics Group\" \/>\n<meta property=\"article:modified_time\" content=\"2024-11-27T10:47:33+00:00\" \/>\n<meta name=\"twitter:card\" content=\"summary_large_image\" \/>\n<meta name=\"twitter:site\" content=\"@bbemg\" \/>\n<meta name=\"twitter:label1\" content=\"Geschatte leestijd\" \/>\n\t<meta name=\"twitter:data1\" content=\"5 minuten\" \/>\n<script type=\"application\/ld+json\" class=\"yoast-schema-graph\">{\"@context\":\"https:\\\/\\\/schema.org\",\"@graph\":[{\"@type\":\"WebPage\",\"@id\":\"https:\\\/\\\/www.bbemg.uliege.be\\\/nl\\\/studies-over-elektromagnetische-hypergevoeligheid-in-het-bbemg-project\\\/\",\"url\":\"https:\\\/\\\/www.bbemg.uliege.be\\\/nl\\\/studies-over-elektromagnetische-hypergevoeligheid-in-het-bbemg-project\\\/\",\"name\":\"Studies over elektromagnetische hypergevoeligheid in het BBEMG project - BBEMG - Belgian BioElectroMagnetics Group\",\"isPartOf\":{\"@id\":\"https:\\\/\\\/www.bbemg.uliege.be\\\/nl\\\/#website\"},\"datePublished\":\"2019-05-21T08:55:05+00:00\",\"dateModified\":\"2024-11-27T10:47:33+00:00\",\"description\":\"De BBEMG heeft verschillende studies gerealiseerd om de psychologische en biologische mechanismen achter elektromagnetische hypergevoeligheid te leren begrijpen.\",\"breadcrumb\":{\"@id\":\"https:\\\/\\\/www.bbemg.uliege.be\\\/nl\\\/studies-over-elektromagnetische-hypergevoeligheid-in-het-bbemg-project\\\/#breadcrumb\"},\"inLanguage\":\"nl-NL\",\"potentialAction\":[{\"@type\":\"ReadAction\",\"target\":[\"https:\\\/\\\/www.bbemg.uliege.be\\\/nl\\\/studies-over-elektromagnetische-hypergevoeligheid-in-het-bbemg-project\\\/\"]}]},{\"@type\":\"BreadcrumbList\",\"@id\":\"https:\\\/\\\/www.bbemg.uliege.be\\\/nl\\\/studies-over-elektromagnetische-hypergevoeligheid-in-het-bbemg-project\\\/#breadcrumb\",\"itemListElement\":[{\"@type\":\"ListItem\",\"position\":1,\"name\":\"Accueil\",\"item\":\"https:\\\/\\\/www.bbemg.uliege.be\\\/nl\\\/accueil\\\/\"},{\"@type\":\"ListItem\",\"position\":2,\"name\":\"Studies over elektromagnetische hypergevoeligheid in het BBEMG project\"}]},{\"@type\":\"WebSite\",\"@id\":\"https:\\\/\\\/www.bbemg.uliege.be\\\/nl\\\/#website\",\"url\":\"https:\\\/\\\/www.bbemg.uliege.be\\\/nl\\\/\",\"name\":\"BBEMG - Belgian BioElectroMagnetics Group\",\"description\":\"Analyse des effets biom\u00e9dicaux des champs \u00e9lectriques dans notre vie quotidienne\",\"publisher\":{\"@id\":\"https:\\\/\\\/www.bbemg.uliege.be\\\/nl\\\/#organization\"},\"potentialAction\":[{\"@type\":\"SearchAction\",\"target\":{\"@type\":\"EntryPoint\",\"urlTemplate\":\"https:\\\/\\\/www.bbemg.uliege.be\\\/nl\\\/?s={search_term_string}\"},\"query-input\":{\"@type\":\"PropertyValueSpecification\",\"valueRequired\":true,\"valueName\":\"search_term_string\"}}],\"inLanguage\":\"nl-NL\"},{\"@type\":\"Organization\",\"@id\":\"https:\\\/\\\/www.bbemg.uliege.be\\\/nl\\\/#organization\",\"name\":\"BBEMG\",\"url\":\"https:\\\/\\\/www.bbemg.uliege.be\\\/nl\\\/\",\"logo\":{\"@type\":\"ImageObject\",\"inLanguage\":\"nl-NL\",\"@id\":\"https:\\\/\\\/www.bbemg.uliege.be\\\/nl\\\/#\\\/schema\\\/logo\\\/image\\\/\",\"url\":\"https:\\\/\\\/www.bbemg.uliege.be\\\/wp-content\\\/uploads\\\/2019\\\/05\\\/bbemg-logo-crop.png\",\"contentUrl\":\"https:\\\/\\\/www.bbemg.uliege.be\\\/wp-content\\\/uploads\\\/2019\\\/05\\\/bbemg-logo-crop.png\",\"width\":\"560\",\"height\":\"222\",\"caption\":\"BBEMG\"},\"image\":{\"@id\":\"https:\\\/\\\/www.bbemg.uliege.be\\\/nl\\\/#\\\/schema\\\/logo\\\/image\\\/\"},\"sameAs\":[\"https:\\\/\\\/x.com\\\/bbemg\"]}]}<\/script>\n<!-- \/ Yoast SEO plugin. -->","yoast_head_json":{"title":"Studies over elektromagnetische hypergevoeligheid in het BBEMG project - BBEMG - Belgian BioElectroMagnetics Group","description":"De BBEMG heeft verschillende studies gerealiseerd om de psychologische en biologische mechanismen achter elektromagnetische hypergevoeligheid te leren begrijpen.","robots":{"index":"index","follow":"follow","max-snippet":"max-snippet:-1","max-image-preview":"max-image-preview:large","max-video-preview":"max-video-preview:-1"},"canonical":"https:\/\/www.bbemg.uliege.be\/nl\/studies-over-elektromagnetische-hypergevoeligheid-in-het-bbemg-project\/","og_locale":"nl_NL","og_type":"article","og_title":"Studies over elektromagnetische hypergevoeligheid in het BBEMG project - BBEMG - Belgian BioElectroMagnetics Group","og_description":"De BBEMG heeft verschillende studies gerealiseerd om de psychologische en biologische mechanismen achter elektromagnetische hypergevoeligheid te leren begrijpen.","og_url":"https:\/\/www.bbemg.uliege.be\/nl\/studies-over-elektromagnetische-hypergevoeligheid-in-het-bbemg-project\/","og_site_name":"BBEMG - Belgian BioElectroMagnetics Group","article_modified_time":"2024-11-27T10:47:33+00:00","twitter_card":"summary_large_image","twitter_site":"@bbemg","twitter_misc":{"Geschatte leestijd":"5 minuten"},"schema":{"@context":"https:\/\/schema.org","@graph":[{"@type":"WebPage","@id":"https:\/\/www.bbemg.uliege.be\/nl\/studies-over-elektromagnetische-hypergevoeligheid-in-het-bbemg-project\/","url":"https:\/\/www.bbemg.uliege.be\/nl\/studies-over-elektromagnetische-hypergevoeligheid-in-het-bbemg-project\/","name":"Studies over elektromagnetische hypergevoeligheid in het BBEMG project - BBEMG - Belgian BioElectroMagnetics Group","isPartOf":{"@id":"https:\/\/www.bbemg.uliege.be\/nl\/#website"},"datePublished":"2019-05-21T08:55:05+00:00","dateModified":"2024-11-27T10:47:33+00:00","description":"De BBEMG heeft verschillende studies gerealiseerd om de psychologische en biologische mechanismen achter elektromagnetische hypergevoeligheid te leren begrijpen.","breadcrumb":{"@id":"https:\/\/www.bbemg.uliege.be\/nl\/studies-over-elektromagnetische-hypergevoeligheid-in-het-bbemg-project\/#breadcrumb"},"inLanguage":"nl-NL","potentialAction":[{"@type":"ReadAction","target":["https:\/\/www.bbemg.uliege.be\/nl\/studies-over-elektromagnetische-hypergevoeligheid-in-het-bbemg-project\/"]}]},{"@type":"BreadcrumbList","@id":"https:\/\/www.bbemg.uliege.be\/nl\/studies-over-elektromagnetische-hypergevoeligheid-in-het-bbemg-project\/#breadcrumb","itemListElement":[{"@type":"ListItem","position":1,"name":"Accueil","item":"https:\/\/www.bbemg.uliege.be\/nl\/accueil\/"},{"@type":"ListItem","position":2,"name":"Studies over elektromagnetische hypergevoeligheid in het BBEMG project"}]},{"@type":"WebSite","@id":"https:\/\/www.bbemg.uliege.be\/nl\/#website","url":"https:\/\/www.bbemg.uliege.be\/nl\/","name":"BBEMG - Belgian BioElectroMagnetics Group","description":"Analyse des effets biom\u00e9dicaux des champs \u00e9lectriques dans notre vie quotidienne","publisher":{"@id":"https:\/\/www.bbemg.uliege.be\/nl\/#organization"},"potentialAction":[{"@type":"SearchAction","target":{"@type":"EntryPoint","urlTemplate":"https:\/\/www.bbemg.uliege.be\/nl\/?s={search_term_string}"},"query-input":{"@type":"PropertyValueSpecification","valueRequired":true,"valueName":"search_term_string"}}],"inLanguage":"nl-NL"},{"@type":"Organization","@id":"https:\/\/www.bbemg.uliege.be\/nl\/#organization","name":"BBEMG","url":"https:\/\/www.bbemg.uliege.be\/nl\/","logo":{"@type":"ImageObject","inLanguage":"nl-NL","@id":"https:\/\/www.bbemg.uliege.be\/nl\/#\/schema\/logo\/image\/","url":"https:\/\/www.bbemg.uliege.be\/wp-content\/uploads\/2019\/05\/bbemg-logo-crop.png","contentUrl":"https:\/\/www.bbemg.uliege.be\/wp-content\/uploads\/2019\/05\/bbemg-logo-crop.png","width":"560","height":"222","caption":"BBEMG"},"image":{"@id":"https:\/\/www.bbemg.uliege.be\/nl\/#\/schema\/logo\/image\/"},"sameAs":["https:\/\/x.com\/bbemg"]}]}},"_links":{"self":[{"href":"https:\/\/www.bbemg.uliege.be\/nl\/wp-json\/wp\/v2\/pages\/1923","targetHints":{"allow":["GET"]}}],"collection":[{"href":"https:\/\/www.bbemg.uliege.be\/nl\/wp-json\/wp\/v2\/pages"}],"about":[{"href":"https:\/\/www.bbemg.uliege.be\/nl\/wp-json\/wp\/v2\/types\/page"}],"author":[{"embeddable":true,"href":"https:\/\/www.bbemg.uliege.be\/nl\/wp-json\/wp\/v2\/users\/1"}],"replies":[{"embeddable":true,"href":"https:\/\/www.bbemg.uliege.be\/nl\/wp-json\/wp\/v2\/comments?post=1923"}],"version-history":[{"count":2,"href":"https:\/\/www.bbemg.uliege.be\/nl\/wp-json\/wp\/v2\/pages\/1923\/revisions"}],"predecessor-version":[{"id":6577,"href":"https:\/\/www.bbemg.uliege.be\/nl\/wp-json\/wp\/v2\/pages\/1923\/revisions\/6577"}],"wp:attachment":[{"href":"https:\/\/www.bbemg.uliege.be\/nl\/wp-json\/wp\/v2\/media?parent=1923"}],"wp:term":[{"taxonomy":"category","embeddable":true,"href":"https:\/\/www.bbemg.uliege.be\/nl\/wp-json\/wp\/v2\/categories?post=1923"},{"taxonomy":"post_tag","embeddable":true,"href":"https:\/\/www.bbemg.uliege.be\/nl\/wp-json\/wp\/v2\/tags?post=1923"}],"curies":[{"name":"wp","href":"https:\/\/api.w.org\/{rel}","templated":true}]}}