{"id":2031,"date":"2019-05-21T19:19:06","date_gmt":"2019-05-21T17:19:06","guid":{"rendered":"https:\/\/www.bbemg.uliege.be\/residentiele-blootstelling-50hz\/"},"modified":"2024-11-27T11:48:37","modified_gmt":"2024-11-27T10:48:37","slug":"residentiele-blootstelling-50hz","status":"publish","type":"page","link":"https:\/\/www.bbemg.uliege.be\/nl\/residentiele-blootstelling-50hz\/","title":{"rendered":"Residenti\u00eble blootstelling 50Hz"},"content":{"rendered":"[vc_row type=&#8221;in_container&#8221; full_screen_row_position=&#8221;middle&#8221; scene_position=&#8221;center&#8221; text_color=&#8221;dark&#8221; text_align=&#8221;left&#8221; overlay_strength=&#8221;0.3&#8243; shape_divider_position=&#8221;bottom&#8221; bg_image_animation=&#8221;none&#8221;][vc_column column_padding=&#8221;no-extra-padding&#8221; column_padding_position=&#8221;all&#8221; background_color_opacity=&#8221;1&#8243; background_hover_color_opacity=&#8221;1&#8243; column_link_target=&#8221;_self&#8221; column_shadow=&#8221;none&#8221; column_border_radius=&#8221;none&#8221; width=&#8221;1\/1&#8243; tablet_width_inherit=&#8221;default&#8221; tablet_text_alignment=&#8221;default&#8221; phone_text_alignment=&#8221;default&#8221; column_border_width=&#8221;none&#8221; column_border_style=&#8221;solid&#8221; bg_image_animation=&#8221;none&#8221;][heading]\n<h1>Residenti\u00eble blootstelling 50Hz<\/h1>\n[\/heading][\/vc_column][\/vc_row][vc_row type=&#8221;in_container&#8221; full_screen_row_position=&#8221;middle&#8221; scene_position=&#8221;center&#8221; text_color=&#8221;dark&#8221; text_align=&#8221;left&#8221; overlay_strength=&#8221;0.3&#8243; shape_divider_position=&#8221;bottom&#8221; bg_image_animation=&#8221;none&#8221;][vc_column column_padding=&#8221;no-extra-padding&#8221; column_padding_position=&#8221;all&#8221; background_color_opacity=&#8221;1&#8243; background_hover_color_opacity=&#8221;1&#8243; column_link_target=&#8221;_self&#8221; column_shadow=&#8221;none&#8221; column_border_radius=&#8221;none&#8221; width=&#8221;1\/1&#8243; tablet_width_inherit=&#8221;default&#8221; tablet_text_alignment=&#8221;default&#8221; phone_text_alignment=&#8221;default&#8221; column_border_width=&#8221;none&#8221; column_border_style=&#8221;solid&#8221; bg_image_animation=&#8221;none&#8221;][vc_column_text]De meeste elektrohuishoudapparaten bevinden zich in de keuken en de badkamer. Deze twee kamers van het huis zijn bijgevolg het meest blootgesteld. Vele apparaten (haardroger, blikopener, scheerapparaat, \u2026) produceren gedurende korte periodes intense magnetische velden (&gt; 100 \u00b5T).[\/vc_column_text][vc_raw_html]PGRpdiBpZD0ibGlzdENob2l4IiBjbGFzcz0iaW5mbyI+DQo8cD5PbnRkZWsgdGh1aXMgZWVuIHJvbmRsZWlkaW5nIGRvb3IgaGV0IG1hZ25ldGlzY2ggdmVsZCBtZXQgZWVuIGludGVuc2l0ZWl0IHZhbiA1MCBIei48YnIgLz5HZWJydWlrIGRlIHBpamx0amVzdG9ldHNlbiBvZiBraWVzIGhpZXIgZWVuIGthbWVyIDo8L3A+DQo8c2VsZWN0IGlkPSJMaXN0IiBvbmNoYW5nZT0ib25DaGFuZ2UodGhpcy52YWx1ZSk7Ij4NCjxvcHRpb24gdmFsdWU9IjAiPlN0YXAgw6nDqW48L29wdGlvbj4NCjxvcHRpb24gdmFsdWU9IjEiPktldWtlbjwvb3B0aW9uPg0KPG9wdGlvbiB2YWx1ZT0iMiI+V2Fzc2VyaWo8L29wdGlvbj4NCjxvcHRpb24gdmFsdWU9IjMiPldvcmtzaG9wPC9vcHRpb24+DQo8b3B0aW9uIHZhbHVlPSI0Ij5LYW50b29yPC9vcHRpb24+DQo8b3B0aW9uIHZhbHVlPSI1Ij5TYWxvbjwvb3B0aW9uPg0KPG9wdGlvbiB2YWx1ZT0iNiI+QmFka2FtZXI8L29wdGlvbj4NCjxvcHRpb24gdmFsdWU9IjciPlNsYWFwa2FtZXI8L29wdGlvbj4NCjwvc2VsZWN0PjwvZGl2Pg0KCQ0KCQ0KICAgICAgICA8ZGl2IGlkPSJtYWluQ29udGFpbmVyIiBvbmNsaWNrPSJoQ2xpY2tlZChldmVudCk7IiBvbm1vdXNldXA9ImhSZWxlYXNlZChldmVudCk7IiBvbm1vdXNlZG93bj0iaE1vdXNlRG93bihldmVudCk7IiA+IA0KDQogICAgICAgICAgICA8ZGl2IGlkPSJiYWNrZ3JvdW5kIj48L2Rpdj4NCiAgICAgICAgICAgIA0KICAgICAgICAgICAgPGRpdiBpZD0iTWFuIj48L2Rpdj4NCiAgICAgICAgICAgIA0KICAgICAgICAgICAgPGRpdiBpZD0iZm9yZWdyb3VuZCI+PC9kaXY+DQoNCiAgICAgICAgICAgIDxkaXYgaWQ9InRleHQiPg0KICAgICAgICAgICAgICAgIDxwIGlkPSJibGFuayI+PC9wPg0KICAgICAgICAgICAgICAgIDxwIGlkPSJjdWlzaW5lLTEiIGNsYXNzPSJ0ZXh0ZSI+PGVtPkJyb29kcm9vc3RlciAoODAwIFcpPC9lbT48YnIgLz4wLjA3IMK1VCAoNTBjbSk8YnIgLz4wLjQgwrVUICgzMGNtKTxiciAvPjUuMjUgwrVUICg1Y20pPC9wPg0KICAgICAgICAgICAgICAgIDxwIGlkPSJjdWlzaW5lLTIiIGNsYXNzPSJ0ZXh0ZSI+PGVtPktvZmZpZW1hY2hpbmU8L2VtPjxiciAvPjAuMDggwrVUIHRvdCAwLjE1IMK1VCAoMzBjbSk8L3A+DQogICAgICAgICAgICAgICAgPHAgaWQ9ImN1aXNpbmUtMyIgY2xhc3M9InRleHRlIj48ZW0+S29lbGthc3Q8L2VtPjxiciAvPjAuMDEgwrVUIHRvdCAwLjI1IMK1VCAoMzAgY20pPC9wPg0KICAgICAgICAgICAgICAgIDxwIGlkPSJjdWlzaW5lLTQiIGNsYXNzPSJ0ZXh0ZSI+PGVtPk1pY3JvZ29sZm92ZW48L2VtPjxiciAvPjAuMDcgwrVUICg1MGNtKTxiciAvPiAwLjIgwrVUICgzMGNtKTxiciAvPjE3IMK1VCAoNWNtKTxiciAvPjxlbT5BZndhc21hY2hpbmU8L2VtPjxiciAvPjAuNiDCtVQgdG90IDMgwrVUICgzMGNtKTwvcD4NCiAgICAgICAgICAgICAgICA8cCBpZD0iY3Vpc2luZS01IiBjbGFzcz0idGV4dGUiPjxlbT5BZnp1aWdrYXA8L2VtPjxiciAvPjAuNSDCtVQgKDUwY20pPGJyIC8+MSDCtVQgKDMwY20pPGJyIC8+NiDCtVQgKDVjbSk8YnIgLz48ZW0+S29va3BsYWF0PC9lbT48YnIgLz4wLjEgwrVUIHRvdCAwLjM1IMK1VCAoMzBjbSk8YnIgLz48ZW0+T3ZlbjwvZW0+PGJyIC8+OCDCtVQgdG90IDEyIMK1VCAoMzBjbSk8L3A+DQogICAgICAgICAgICAgICAgPHAgaWQ9ImJ1YW5kZXJpZS0xIiBjbGFzcz0idGV4dGUiPjxlbT5TdG9menVpZ2VyICgxNjAwIFcpPC9lbT48YnIgLz4yIMK1VCB0b3QgMjAgwrVUICgzMGNtKTwvcD4NCiAgICAgICAgICAgICAgICA8cCBpZD0iYnVhbmRlcmllLTIiIGNsYXNzPSJ0ZXh0ZSI+PGVtPlN0cmlqa2lqemVyICgxMDAwIFcpPC9lbT48YnIgLz4wLjE2IMK1VCAoMzBjbSk8YnIgLz42IMK1VCAoNWNtKTwvcD4NCiAgICAgICAgICAgICAgICA8cCBpZD0iYnVhbmRlcmllLTMiIGNsYXNzPSJ0ZXh0ZSI+PGVtPldhc21hY2hpbmU8L2VtPjxiciAvPjAuMTUgwrVUIHRvdCAzIMK1VCAoMzBjbSk8L3A+DQogICAgICAgICAgICAgICAgPHAgaWQ9ImJ1YW5kZXJpZS00IiBjbGFzcz0idGV4dGUiPjxlbT5Ecm9nZXI8L2VtPjxiciAvPjAuMDggwrVUIHRvdCAwLjMgwrVUICgzMGNtKTwvcD4NCiAgICAgICAgICAgICAgICA8cCBpZD0iYnVhbmRlcmllLTUiIGNsYXNzPSJ0ZXh0ZSI+PGVtPk9tdm9ybWVyIChyb25kIDIwMDAgVyk8L2VtPjxiciAvPjAuMzEgwrVUICg2MGNtKTxiciAvPjIgwrVUICgzMGNtKTxiciAvPjE2NSDCtVQgKDBjbSk8L3A+DQogICAgICAgICAgICAgICAgPHAgaWQ9ImJ1YW5kZXJpZS02IiBjbGFzcz0idGV4dGUiPjxlbT5NZXRlciBlbiBlbGVrdHJpc2NoIHBhbmVlbDwvZW0+PGJyIC8+KE1GL0VGKTwvcD4NCiAgICAgICAgICAgICAgICA8cCBpZD0iYXRlbGllci0xIiBjbGFzcz0idGV4dGUiPjxlbT5DaXJrZWx6YWFnPC9lbT48YnIgLz4zIMK1VCB0b3QgMjUgwrVUICgzMGNtKTwvcD4NCiAgICAgICAgICAgICAgICA8cCBpZD0iYXRlbGllci0yIiBjbGFzcz0idGV4dGUiPjxlbT5KaWdzYXc8L2VtPjxiciAvPjIgwrVUIHRvdCAzLjUgwrVUICgzMGNtKTxiciAvPjxlbT5TY2hyb2V2ZW5kcmFhaWVyICg3NTAgVyk8L2VtPjxiciAvPjUuOSDCtVQgKDMwY20pPGJyIC8+PGVtPkJvb3I8L2VtPjxiciAvPjIgwrVUIHRvdCAzLjUgwrVUICgzMGNtKTwvcD4NCiAgICAgICAgICAgICAgICA8cCBpZD0iYXRlbGllci0zIiBjbGFzcz0idGV4dGUiPjxlbT5FbGVrdHJpc2NoZSBncmFzbWFhaWVyPC9lbT48YnIgLz4oTUYvRUYpPC9wPg0KICAgICAgICAgICAgICAgIDxwIGlkPSJidXJlYXUtMSIgY2xhc3M9InRleHRlIj48ZW0+Rm90b2tvcGllZXJhcHBhcmFhdDwvZW0+PGJyIC8+MSDCtVQgdG90IDEuMiDCtVQgKDEwIGNtKTwvcD4NCiAgICAgICAgICAgICAgICA8cCBpZD0iYnVyZWF1LTIiIGNsYXNzPSJ0ZXh0ZSI+PGVtPkNvbXB1dGVyPGJyIC8+KGJpaiBkZSB0cmFuc2Zvcm1hdG9yKTwvZW0+PGJyIC8+KE1GL0VGKTwvcD4NCiAgICAgICAgICAgICAgICA8cCBpZD0iYnVyZWF1LTMiIGNsYXNzPSJ0ZXh0ZSI+PGVtPkZsYXRzY3JlZW48L2VtPjxiciAvPjAuMDUgwrVUIHRvdCAwLjIgwrVUICgzMGNtKTwvcD4NCiAgICAgICAgICAgICAgICA8cCBpZD0iYnVyZWF1LTQiIGNsYXNzPSJ0ZXh0ZSI+PGVtPkthdGhvZGVzdHJhYWxzY2hlcm08L2VtPjxiciAvPjAuMSDCtVQgdG90IDcgwrVUICgzMGNtKTwvcD4NCiAgICAgICAgICAgICAgICA8cCBpZD0ic2Fsb24tMSIgY2xhc3M9InRleHRlIj48ZW0+SGFsb2dlZW5sYW1wICgxMiBWKTwvZW0+PGJyIC8+MC4yIMK1VCB0b3QgMC4zNSDCtVQgKDMwIGNtKTwvcD4NCiAgICAgICAgICAgICAgICA8cCBpZD0ic2Fsb24tMiIgY2xhc3M9InRleHRlIj48ZW0+VGVsZXZpc2llPGJyIC8+KGZsYXRzY3JlZW4pPC9lbT48YnIgLz4oNTAgSHopIDAgwrVUICgzMGNtKTwvcD4NCiAgICAgICAgICAgICAgICA8cCBpZD0ic2Fsb24tMyIgY2xhc3M9InRleHRlIj48ZW0+U3RlcmVvc3lzdGVlbTwvZW0+PGJyIC8+MC4xOSDCtVQgKDMwIGNtKTwvcD4NCiAgICAgICAgICAgICAgICA8cCBpZD0ic2RiLTEiIGNsYXNzPSJ0ZXh0ZSI+PGVtPkhhYXJkcm9nZXIgKDE2MDAgVyk8L2VtPjxiciAvPjAuMiDCtVQgKDUwY20pPGJyIC8+MSDCtVQgKDMwY20pPGJyIC8+MTggwrVUICg1Y20pPC9wPg0KICAgICAgICAgICAgICAgIDxwIGlkPSJzZGItMiIgY2xhc3M9InRleHRlIj48ZW0+RWxla3RyaXNjaGUgdmVyd2FybWluZzwvZW0+PGJyIC8+MC4xNSDCtVQgdG90IDUgwrVUICgzMGNtKTwvcD4NCiAgICAgICAgICAgICAgICA8cCBpZD0ic2RiLTMiIGNsYXNzPSJ0ZXh0ZSI+PGVtPkVsZWt0cmlzY2ggc2NoZWVyYXBwYXJhYXQ8L2VtPjxiciAvPjE1IMK1VCB0b3QgMTUwMCDCtVQgKDNjbSk8L3A+DQogICAgICAgICAgICAgICAgPHAgaWQ9InNkYi00IiBjbGFzcz0idGV4dGUiPjxlbT5OZW9uYnVpcyAoMzYgVyk8L2VtPjxiciAvPjAuNiDCtVQgKDMwY20pPC9wPg0KICAgICAgICAgICAgICAgIDxwIGlkPSJzZGItNSIgY2xhc3M9InRleHRlIj48ZW0+RWxla3RyaXNjaGUgdGFuZGVuYm9yc3RlbDxiciAvPihvbmRlciBiZWxhc3RpbmcsIGJpaiBkZSB0cmFmbyk8L2VtPjxiciAvPjAuMDIgwrVUICgzMGNtKTwvcD4NCiAgICAgICAgICAgICAgICA8cCBpZD0iY2hhbWJyZS0xIiBjbGFzcz0idGV4dGUiPjxlbT5FbGVrdHJpc2NoZSB3ZWtrZXIgKDggVyk8L2VtPjxiciAvPjAuMjUgwrVUICg1MGNtKTxiciAvPjAuNzUgwrVUICgzMGNtKTxiciAvPjIgwrVUICg1Y20pPC9wPg0KICAgICAgICAgICAgICAgIDxwIGlkPSJjaGFtYnJlLTIiIGNsYXNzPSJ0ZXh0ZSI+PGVtPlZlcndhcm1kZSBkZWtlbjwvZW0+PGJyIC8+RWxla3RyaXNjaCB2ZWxkLCAyNTAgVi9tPGJyIC8+TUYgdmFuIDAuMyDCtVQgdG90IDUgwrVUPGJyIC8+PGVtPldhdGVyYmVkPC9lbT48YnIgLz5NRiA8IDAuMTUgwrVUIG9wIGhldCBtYXRyYXM8L3A+DQogICAgICAgICAgICAgICAgPHAgaWQ9ImNoYW1icmUtMyIgY2xhc3M9InRleHRlIj48ZW0+bGVkLWxhbXAgKDYgVyk8L2VtPjxiciAvPjAuMDIgwrVUICgzMGNtKTwvcD4NCiAgICAgICAgICAgICAgICA8cCBpZD0iY2hhbWJyZS00IiBjbGFzcz0idGV4dGUiPjxlbT5UZWxldmlzaWU8YnIgLz4oa2F0aG9kaXNjaCBzY2hlcm0pPC9lbT48YnIgLz4wLjA1IMK1VCAoNTBjbSk8YnIgLz4wLjI1IMK1VCAoMzBjbSk8YnIgLz4yIMK1VCAoNWNtKTwvcD4NCiAgICAgICAgICAgIDwvZGl2Pg0KICAgICAgICA8L2Rpdj4gDQo8c2NyaXB0IHNyYz0iL3VwbG9hZHMvanF1ZXJ5LWFuaW0tbG9hZGVyLmpzIj48L3NjcmlwdD4NCjxzY3JpcHQgc3JjPSIvdXBsb2Fkcy9mdW5jdGlvbnN2ZXIxLmpzIj48L3NjcmlwdD4NCjxzY3JpcHQgc3JjPSIvdXBsb2Fkcy9jb2RlaHRtbHZlcjEtbmwuanMiPjwvc2NyaXB0Pg==[\/vc_raw_html][\/vc_column][\/vc_row][vc_row type=&#8221;in_container&#8221; full_screen_row_position=&#8221;middle&#8221; scene_position=&#8221;center&#8221; text_color=&#8221;dark&#8221; text_align=&#8221;left&#8221; overlay_strength=&#8221;0.3&#8243; shape_divider_position=&#8221;bottom&#8221; bg_image_animation=&#8221;none&#8221; source=&#8221;&#8221; text=&#8221;2013 &#8211; 2017&#8243; font_container=&#8221;tag:h2|text_align:left|color:%2349b0e5&#8243; use_theme_fonts=&#8221;yes&#8221; google_fonts=&#8221;font_family:Abril%20Fatface%3Aregular|font_style:400%20regular%3A400%3Anormal&#8221; css_animation=&#8221;&#8221; link=&#8221;&#8221; el_id=&#8221;&#8221; el_class=&#8221;&#8221; css=&#8221;&#8221;][vc_column column_padding=&#8221;no-extra-padding&#8221; column_padding_position=&#8221;all&#8221; background_color_opacity=&#8221;1&#8243; background_hover_color_opacity=&#8221;1&#8243; column_link_target=&#8221;_self&#8221; column_shadow=&#8221;none&#8221; column_border_radius=&#8221;none&#8221; width=&#8221;1\/1&#8243; tablet_width_inherit=&#8221;default&#8221; tablet_text_alignment=&#8221;default&#8221; phone_text_alignment=&#8221;default&#8221; column_border_width=&#8221;none&#8221; column_border_style=&#8221;solid&#8221; bg_image_animation=&#8221;none&#8221;][vc_custom_heading text=&#8221;Documenten &amp; Links&#8221; font_container=&#8221;tag:h2|text_align:left|color:%2349b0e5&#8243; use_theme_fonts=&#8221;yes&#8221;][vc_column_text]\n<ul>\n<li><a href=\"https:\/\/www.bbemg.uliege.be\/files\/NL\/ev-mv-huis.pdf\" target=\"_blank\" rel=\"noopener\">Residenti\u00eble blootstelling (pdf 113 Ko)<\/a> &#8211; Waarde van het door elektrische huishoudtoestellen met netfrequentie (50 Hz) opgewekte elektrisch veld (V\/m) en magnetische inductie (\u00b5T)<\/li>\n<li><a href=\"https:\/\/www.hydroquebec.com\/champs\/exposition\/\" target=\"_blank\" rel=\"noopener\">Hydroqu\u00e9bec\u00a0: Champs \u00e9lectriques et magn\u00e9tiques, Sources et intensit\u00e9<\/a><\/li>\n<\/ul>\n[\/vc_column_text][\/vc_column][\/vc_row][vc_row type=&#8221;in_container&#8221; full_screen_row_position=&#8221;middle&#8221; scene_position=&#8221;center&#8221; text_color=&#8221;dark&#8221; text_align=&#8221;left&#8221; overlay_strength=&#8221;0.3&#8243; shape_divider_position=&#8221;bottom&#8221; bg_image_animation=&#8221;none&#8221; source=&#8221;&#8221; text=&#8221;2013 &#8211; 2017&#8243; font_container=&#8221;tag:h2|text_align:left|color:%2349b0e5&#8243; use_theme_fonts=&#8221;yes&#8221; google_fonts=&#8221;font_family:Abril%20Fatface%3Aregular|font_style:400%20regular%3A400%3Anormal&#8221; css_animation=&#8221;&#8221; link=&#8221;&#8221; el_id=&#8221;&#8221; el_class=&#8221;&#8221; css=&#8221;&#8221;][vc_column column_padding=&#8221;no-extra-padding&#8221; column_padding_position=&#8221;all&#8221; background_color_opacity=&#8221;1&#8243; background_hover_color_opacity=&#8221;1&#8243; column_link_target=&#8221;_self&#8221; column_shadow=&#8221;none&#8221; column_border_radius=&#8221;none&#8221; width=&#8221;1\/1&#8243; tablet_width_inherit=&#8221;default&#8221; tablet_text_alignment=&#8221;default&#8221; phone_text_alignment=&#8221;default&#8221; column_border_width=&#8221;none&#8221; column_border_style=&#8221;solid&#8221; bg_image_animation=&#8221;none&#8221;][vc_custom_heading text=&#8221;Andere informatie dat u wellicht interessant zult vinden &#8230;&#8221; font_container=&#8221;tag:h2|text_align:left|color:%2349b0e5&#8243; use_theme_fonts=&#8221;yes&#8221;][vc_column_text]\n<ul>\n<li><a href=\"https:\/\/www.bbemg.uliege.be\/nl\/normen\/\">Normen, aanbevelingen en richtlijnen<\/a><\/li>\n<li><a href=\"https:\/\/www.bbemg.uliege.be\/nl\/elektromagnetisme\/\">Elektromagnetisme<\/a> &#8211; Het elektromagnetisme bestudeert de interacties op afstand van de ladingen, de stromen en de elektrische en magnetische velden. (&#8230;)<\/li>\n<li><a href=\"https:\/\/www.bbemg.uliege.be\/nl\/gebruik-van-em-eigenschappen\/?lang=nl\">Gebruik van EM eigenschappen<\/a> &#8211; Meer inzicht te krijgen in de werking van courant gebruikte elektrische apparaten: verwarmingstoestellen, verschillende soorten lampen, motoren, computer, laserprinter en de lader van een elektrische tandenborstel.<\/li>\n<li><a href=\"https:\/\/www.bbemg.uliege.be\/nl\/elektriciteitsnetwerken\/\">Traject van de elektriciteit<\/a> &#8211; Transmissie van elektriciteit vanaf de elektriciteitscentrale tot het stopcontact in onze woningen. (&#8230;)<\/li>\n<\/ul>\n[\/vc_column_text][\/vc_column][\/vc_row]\n","protected":false},"excerpt":{"rendered":"<p>[vc_row type=&#8221;in_container&#8221; full_screen_row_position=&#8221;middle&#8221; scene_position=&#8221;center&#8221; text_color=&#8221;dark&#8221; text_align=&#8221;left&#8221; overlay_strength=&#8221;0.3&#8243; shape_divider_position=&#8221;bottom&#8221; bg_image_animation=&#8221;none&#8221;][vc_column column_padding=&#8221;no-extra-padding&#8221; column_padding_position=&#8221;all&#8221; background_color_opacity=&#8221;1&#8243; background_hover_color_opacity=&#8221;1&#8243; column_link_target=&#8221;_self&#8221; column_shadow=&#8221;none&#8221; column_border_radius=&#8221;none&#8221; width=&#8221;1\/1&#8243; tablet_width_inherit=&#8221;default&#8221; tablet_text_alignment=&#8221;default&#8221; phone_text_alignment=&#8221;default&#8221; column_border_width=&#8221;none&#8221; column_border_style=&#8221;solid&#8221; bg_image_animation=&#8221;none&#8221;][heading] Residenti\u00eble blootstelling 50Hz [\/heading][\/vc_column][\/vc_row][vc_row type=&#8221;in_container&#8221; full_screen_row_position=&#8221;middle&#8221; scene_position=&#8221;center&#8221;&#8230;<\/p>\n","protected":false},"author":1,"featured_media":0,"parent":0,"menu_order":0,"comment_status":"closed","ping_status":"closed","template":"page-sidebar.php","meta":{"footnotes":""},"categories":[],"tags":[],"class_list":["post-2031","page","type-page","status-publish"],"yoast_head":"<!-- This site is optimized with the Yoast SEO plugin v27.6 - https:\/\/yoast.com\/product\/yoast-seo-wordpress\/ -->\n<title>Residenti\u00eble blootstelling 50Hz - BBEMG - Belgian BioElectroMagnetics Group<\/title>\n<meta name=\"description\" content=\"laagfrequente elektromagnetische velden zijn overal aanwezig, maar hoe zit het met blootstelling aan elektromagnetische velden in onze huizen?\" \/>\n<meta name=\"robots\" content=\"index, follow, max-snippet:-1, max-image-preview:large, max-video-preview:-1\" \/>\n<link rel=\"canonical\" href=\"https:\/\/www.bbemg.uliege.be\/nl\/residentiele-blootstelling-50hz\/\" \/>\n<meta property=\"og:locale\" content=\"nl_NL\" \/>\n<meta property=\"og:type\" content=\"article\" \/>\n<meta property=\"og:title\" content=\"Residenti\u00eble blootstelling 50Hz - BBEMG - Belgian BioElectroMagnetics Group\" \/>\n<meta property=\"og:description\" content=\"laagfrequente elektromagnetische velden zijn overal aanwezig, maar hoe zit het met blootstelling aan elektromagnetische velden in onze huizen?\" \/>\n<meta property=\"og:url\" content=\"https:\/\/www.bbemg.uliege.be\/nl\/residentiele-blootstelling-50hz\/\" \/>\n<meta property=\"og:site_name\" content=\"BBEMG - Belgian BioElectroMagnetics Group\" \/>\n<meta property=\"article:modified_time\" content=\"2024-11-27T10:48:37+00:00\" \/>\n<meta name=\"twitter:card\" content=\"summary_large_image\" \/>\n<meta name=\"twitter:site\" content=\"@bbemg\" \/>\n<meta name=\"twitter:label1\" content=\"Geschatte leestijd\" \/>\n\t<meta name=\"twitter:data1\" content=\"6 minuten\" \/>\n<script type=\"application\/ld+json\" class=\"yoast-schema-graph\">{\"@context\":\"https:\\\/\\\/schema.org\",\"@graph\":[{\"@type\":\"WebPage\",\"@id\":\"https:\\\/\\\/www.bbemg.uliege.be\\\/nl\\\/residentiele-blootstelling-50hz\\\/\",\"url\":\"https:\\\/\\\/www.bbemg.uliege.be\\\/nl\\\/residentiele-blootstelling-50hz\\\/\",\"name\":\"Residenti\u00eble blootstelling 50Hz - BBEMG - Belgian BioElectroMagnetics Group\",\"isPartOf\":{\"@id\":\"https:\\\/\\\/www.bbemg.uliege.be\\\/nl\\\/#website\"},\"datePublished\":\"2019-05-21T17:19:06+00:00\",\"dateModified\":\"2024-11-27T10:48:37+00:00\",\"description\":\"laagfrequente elektromagnetische velden zijn overal aanwezig, maar hoe zit het met blootstelling aan elektromagnetische velden in onze huizen?\",\"breadcrumb\":{\"@id\":\"https:\\\/\\\/www.bbemg.uliege.be\\\/nl\\\/residentiele-blootstelling-50hz\\\/#breadcrumb\"},\"inLanguage\":\"nl-NL\",\"potentialAction\":[{\"@type\":\"ReadAction\",\"target\":[\"https:\\\/\\\/www.bbemg.uliege.be\\\/nl\\\/residentiele-blootstelling-50hz\\\/\"]}]},{\"@type\":\"BreadcrumbList\",\"@id\":\"https:\\\/\\\/www.bbemg.uliege.be\\\/nl\\\/residentiele-blootstelling-50hz\\\/#breadcrumb\",\"itemListElement\":[{\"@type\":\"ListItem\",\"position\":1,\"name\":\"Accueil\",\"item\":\"https:\\\/\\\/www.bbemg.uliege.be\\\/nl\\\/accueil\\\/\"},{\"@type\":\"ListItem\",\"position\":2,\"name\":\"Residenti\u00eble blootstelling 50Hz\"}]},{\"@type\":\"WebSite\",\"@id\":\"https:\\\/\\\/www.bbemg.uliege.be\\\/nl\\\/#website\",\"url\":\"https:\\\/\\\/www.bbemg.uliege.be\\\/nl\\\/\",\"name\":\"BBEMG - Belgian BioElectroMagnetics Group\",\"description\":\"Analyse des effets biom\u00e9dicaux des champs \u00e9lectriques dans notre vie quotidienne\",\"publisher\":{\"@id\":\"https:\\\/\\\/www.bbemg.uliege.be\\\/nl\\\/#organization\"},\"potentialAction\":[{\"@type\":\"SearchAction\",\"target\":{\"@type\":\"EntryPoint\",\"urlTemplate\":\"https:\\\/\\\/www.bbemg.uliege.be\\\/nl\\\/?s={search_term_string}\"},\"query-input\":{\"@type\":\"PropertyValueSpecification\",\"valueRequired\":true,\"valueName\":\"search_term_string\"}}],\"inLanguage\":\"nl-NL\"},{\"@type\":\"Organization\",\"@id\":\"https:\\\/\\\/www.bbemg.uliege.be\\\/nl\\\/#organization\",\"name\":\"BBEMG\",\"url\":\"https:\\\/\\\/www.bbemg.uliege.be\\\/nl\\\/\",\"logo\":{\"@type\":\"ImageObject\",\"inLanguage\":\"nl-NL\",\"@id\":\"https:\\\/\\\/www.bbemg.uliege.be\\\/nl\\\/#\\\/schema\\\/logo\\\/image\\\/\",\"url\":\"https:\\\/\\\/www.bbemg.uliege.be\\\/wp-content\\\/uploads\\\/2019\\\/05\\\/bbemg-logo-crop.png\",\"contentUrl\":\"https:\\\/\\\/www.bbemg.uliege.be\\\/wp-content\\\/uploads\\\/2019\\\/05\\\/bbemg-logo-crop.png\",\"width\":\"560\",\"height\":\"222\",\"caption\":\"BBEMG\"},\"image\":{\"@id\":\"https:\\\/\\\/www.bbemg.uliege.be\\\/nl\\\/#\\\/schema\\\/logo\\\/image\\\/\"},\"sameAs\":[\"https:\\\/\\\/x.com\\\/bbemg\"]}]}<\/script>\n<!-- \/ Yoast SEO plugin. -->","yoast_head_json":{"title":"Residenti\u00eble blootstelling 50Hz - BBEMG - Belgian BioElectroMagnetics Group","description":"laagfrequente elektromagnetische velden zijn overal aanwezig, maar hoe zit het met blootstelling aan elektromagnetische velden in onze huizen?","robots":{"index":"index","follow":"follow","max-snippet":"max-snippet:-1","max-image-preview":"max-image-preview:large","max-video-preview":"max-video-preview:-1"},"canonical":"https:\/\/www.bbemg.uliege.be\/nl\/residentiele-blootstelling-50hz\/","og_locale":"nl_NL","og_type":"article","og_title":"Residenti\u00eble blootstelling 50Hz - BBEMG - Belgian BioElectroMagnetics Group","og_description":"laagfrequente elektromagnetische velden zijn overal aanwezig, maar hoe zit het met blootstelling aan elektromagnetische velden in onze huizen?","og_url":"https:\/\/www.bbemg.uliege.be\/nl\/residentiele-blootstelling-50hz\/","og_site_name":"BBEMG - Belgian BioElectroMagnetics Group","article_modified_time":"2024-11-27T10:48:37+00:00","twitter_card":"summary_large_image","twitter_site":"@bbemg","twitter_misc":{"Geschatte leestijd":"6 minuten"},"schema":{"@context":"https:\/\/schema.org","@graph":[{"@type":"WebPage","@id":"https:\/\/www.bbemg.uliege.be\/nl\/residentiele-blootstelling-50hz\/","url":"https:\/\/www.bbemg.uliege.be\/nl\/residentiele-blootstelling-50hz\/","name":"Residenti\u00eble blootstelling 50Hz - BBEMG - Belgian BioElectroMagnetics Group","isPartOf":{"@id":"https:\/\/www.bbemg.uliege.be\/nl\/#website"},"datePublished":"2019-05-21T17:19:06+00:00","dateModified":"2024-11-27T10:48:37+00:00","description":"laagfrequente elektromagnetische velden zijn overal aanwezig, maar hoe zit het met blootstelling aan elektromagnetische velden in onze huizen?","breadcrumb":{"@id":"https:\/\/www.bbemg.uliege.be\/nl\/residentiele-blootstelling-50hz\/#breadcrumb"},"inLanguage":"nl-NL","potentialAction":[{"@type":"ReadAction","target":["https:\/\/www.bbemg.uliege.be\/nl\/residentiele-blootstelling-50hz\/"]}]},{"@type":"BreadcrumbList","@id":"https:\/\/www.bbemg.uliege.be\/nl\/residentiele-blootstelling-50hz\/#breadcrumb","itemListElement":[{"@type":"ListItem","position":1,"name":"Accueil","item":"https:\/\/www.bbemg.uliege.be\/nl\/accueil\/"},{"@type":"ListItem","position":2,"name":"Residenti\u00eble blootstelling 50Hz"}]},{"@type":"WebSite","@id":"https:\/\/www.bbemg.uliege.be\/nl\/#website","url":"https:\/\/www.bbemg.uliege.be\/nl\/","name":"BBEMG - Belgian BioElectroMagnetics Group","description":"Analyse des effets biom\u00e9dicaux des champs \u00e9lectriques dans notre vie quotidienne","publisher":{"@id":"https:\/\/www.bbemg.uliege.be\/nl\/#organization"},"potentialAction":[{"@type":"SearchAction","target":{"@type":"EntryPoint","urlTemplate":"https:\/\/www.bbemg.uliege.be\/nl\/?s={search_term_string}"},"query-input":{"@type":"PropertyValueSpecification","valueRequired":true,"valueName":"search_term_string"}}],"inLanguage":"nl-NL"},{"@type":"Organization","@id":"https:\/\/www.bbemg.uliege.be\/nl\/#organization","name":"BBEMG","url":"https:\/\/www.bbemg.uliege.be\/nl\/","logo":{"@type":"ImageObject","inLanguage":"nl-NL","@id":"https:\/\/www.bbemg.uliege.be\/nl\/#\/schema\/logo\/image\/","url":"https:\/\/www.bbemg.uliege.be\/wp-content\/uploads\/2019\/05\/bbemg-logo-crop.png","contentUrl":"https:\/\/www.bbemg.uliege.be\/wp-content\/uploads\/2019\/05\/bbemg-logo-crop.png","width":"560","height":"222","caption":"BBEMG"},"image":{"@id":"https:\/\/www.bbemg.uliege.be\/nl\/#\/schema\/logo\/image\/"},"sameAs":["https:\/\/x.com\/bbemg"]}]}},"_links":{"self":[{"href":"https:\/\/www.bbemg.uliege.be\/nl\/wp-json\/wp\/v2\/pages\/2031","targetHints":{"allow":["GET"]}}],"collection":[{"href":"https:\/\/www.bbemg.uliege.be\/nl\/wp-json\/wp\/v2\/pages"}],"about":[{"href":"https:\/\/www.bbemg.uliege.be\/nl\/wp-json\/wp\/v2\/types\/page"}],"author":[{"embeddable":true,"href":"https:\/\/www.bbemg.uliege.be\/nl\/wp-json\/wp\/v2\/users\/1"}],"replies":[{"embeddable":true,"href":"https:\/\/www.bbemg.uliege.be\/nl\/wp-json\/wp\/v2\/comments?post=2031"}],"version-history":[{"count":4,"href":"https:\/\/www.bbemg.uliege.be\/nl\/wp-json\/wp\/v2\/pages\/2031\/revisions"}],"predecessor-version":[{"id":6284,"href":"https:\/\/www.bbemg.uliege.be\/nl\/wp-json\/wp\/v2\/pages\/2031\/revisions\/6284"}],"wp:attachment":[{"href":"https:\/\/www.bbemg.uliege.be\/nl\/wp-json\/wp\/v2\/media?parent=2031"}],"wp:term":[{"taxonomy":"category","embeddable":true,"href":"https:\/\/www.bbemg.uliege.be\/nl\/wp-json\/wp\/v2\/categories?post=2031"},{"taxonomy":"post_tag","embeddable":true,"href":"https:\/\/www.bbemg.uliege.be\/nl\/wp-json\/wp\/v2\/tags?post=2031"}],"curies":[{"name":"wp","href":"https:\/\/api.w.org\/{rel}","templated":true}]}}