{"id":2063,"date":"2019-05-21T19:27:08","date_gmt":"2019-05-21T17:27:08","guid":{"rendered":"https:\/\/www.bbemg.uliege.be\/blootstelling-op-het-werk\/"},"modified":"2024-11-27T11:47:40","modified_gmt":"2024-11-27T10:47:40","slug":"blootstelling-op-het-werk","status":"publish","type":"page","link":"https:\/\/www.bbemg.uliege.be\/nl\/blootstelling-op-het-werk\/","title":{"rendered":"Blootstelling op het werk"},"content":{"rendered":"[vc_row type=&#8221;in_container&#8221; full_screen_row_position=&#8221;middle&#8221; scene_position=&#8221;center&#8221; text_color=&#8221;dark&#8221; text_align=&#8221;left&#8221; overlay_strength=&#8221;0.3&#8243; shape_divider_position=&#8221;bottom&#8221; bg_image_animation=&#8221;none&#8221;][vc_column column_padding=&#8221;no-extra-padding&#8221; column_padding_position=&#8221;all&#8221; background_color_opacity=&#8221;1&#8243; background_hover_color_opacity=&#8221;1&#8243; column_link_target=&#8221;_self&#8221; column_shadow=&#8221;none&#8221; column_border_radius=&#8221;none&#8221; width=&#8221;1\/1&#8243; tablet_width_inherit=&#8221;default&#8221; tablet_text_alignment=&#8221;default&#8221; phone_text_alignment=&#8221;default&#8221; column_border_width=&#8221;none&#8221; column_border_style=&#8221;solid&#8221; bg_image_animation=&#8221;none&#8221;][heading]\n<h1>Blootstelling op het werk<\/h1>\n[\/heading][\/vc_column][\/vc_row][vc_row type=&#8221;in_container&#8221; full_screen_row_position=&#8221;middle&#8221; scene_position=&#8221;center&#8221; text_color=&#8221;dark&#8221; text_align=&#8221;left&#8221; overlay_strength=&#8221;0.3&#8243; shape_divider_position=&#8221;bottom&#8221; bg_image_animation=&#8221;none&#8221;][vc_column column_padding=&#8221;no-extra-padding&#8221; column_padding_position=&#8221;all&#8221; background_color_opacity=&#8221;1&#8243; background_hover_color_opacity=&#8221;1&#8243; column_link_target=&#8221;_self&#8221; column_shadow=&#8221;none&#8221; column_border_radius=&#8221;none&#8221; width=&#8221;1\/1&#8243; tablet_width_inherit=&#8221;default&#8221; tablet_text_alignment=&#8221;default&#8221; phone_text_alignment=&#8221;default&#8221; column_border_width=&#8221;none&#8221; column_border_style=&#8221;solid&#8221; bg_image_animation=&#8221;none&#8221;][vc_column_text]\n<h3>1. Een arbeider-pati\u00ebnt vraagt me of hij een risico loopt op zijn werk. Hij werkt minstens zes uur per week in een cabine die zich op een afstand van 8 meter van elektriciteitskabels van 150 kV bevindt. Kunt u mij zeggen hoe deze pati\u00ebnt te informeren?<\/h3>\n<p>V\u00f3\u00f3r we een antwoord kunnen geven op deze vraag, zouden we graag weten aan welke intensiteitsniveaus uw pati\u00ebnt wordt blootgesteld.<\/p>\n<p>Wat de effecten van de blootstelling aan elektromagnetische velden op de gezondheid betreft, is het debat zeker nog niet afgesloten. Uit een aantal rapporten blijkt dat de huidige gegevens geen verband aantonen tussen blootstelling en kankerrisico bij volwassenen.<\/p>\n<p>Op onze site kunt u op de volgende pagina&#8217;s nog meer informatie vinden:\u00a0<a href=\"http:\/\/www.bbemg.uliege.be\/emv-gezondheid-huidige-resultaten\/?lang=nl\">EMV &amp; Gezondheid: Huidige resultaten<\/a>. Zie ook de Monografie van het Internationaal Agentschap voor kankeronderzoek (in het Engels), waar de carcinogene risico&#8217;s van elektromagnetische velden voor de mens worden beoordeeld.<\/p>\n<p>Voor andere onderwerpen, zoals neurodegeneratieve ziekten, slaapstoornissen enz\u2026 is het onderzoek nog volop aan de gang.<\/p>\n<h3>2. Wij werken in de buurt van een transformator van 15 kV en onze\u00a0kathodestraalcomputerschermen\u00a0oscilleren af en toe. Wij zijn ongerust over de effecten op onze gezondheid, temeer daar onze werkgever geen metingen wil laten uitvoeren. Is er een wet die hem daartoe verplicht?<\/h3>\n<p>Een dergelijk probleem behoort tot de bevoegdheid van de preventieadviseur of de arbeidsgeneesheer van uw onderneming. Deze personen kunnen een analyse van de risico&#8217;s laten uitvoeren en een laboratorium vragen metingen uit te voeren. Als deze personen u niet kunnen helpen, kunt u zich tot de <a href=\"https:\/\/werk.belgie.be\/nl\/contact\/arbeidsinspectie\">arbeidsinspectie wenden<\/a>.<\/p>\n<p>Er is een Europese richtlijn die de blootstelling van werknemers aan elektromagnetische velden limiteert (<a href=\"http:\/\/eur-lex.europa.eu\/LexUriServ\/LexUriServ.do?uri=OJ:L:2013:179:0001:0021:NL:PDF\" target=\"_blank\" rel=\"noopener\">Richtlijn 2013\/35\/EU<\/a>).<\/p>\n<p>Sinds 10 juni 2016 zet een Koninklijk besluit de Europese richtlijn in Belgische wetgeving om: Zie <a href=\"http:\/\/www.bbemg.uliege.be\/files\/KB_AR_20.05.16-BS_MB_10.06.2016.pdf\" target=\"_blank\" rel=\"noopener\">het Koninklijk besluit betreffende de bescherming van de gezondheid en de veiligheid van de werknemers tegen de risico\u2019s van elektromagnetische velden op het werk<\/a>.<\/p>\n<h3>3. Wij zijn actief in de staalindustrie en gebruiken elektrische ovens met fusie die magnetische velden veroorzaken. Is het wenselijk zich te beschermen?<\/h3>\n<p>Het is duidelijk dat inductieovens tot een blootstelling aan relatief sterke magnetische velden kunnen leiden. Het is dus noodzakelijk een analyse van het risico te laten uitvoeren en metingen te doen van de elektrische en magnetische velden teneinde conform te zijn met het Koninklijk besluit betreffende de bescherming van de gezondheid en de veiligheid van de werknemers tegen de risico\u2019s van elektromagnetische velden op het werk (10 juni 2016). Zie\u00a0<a href=\"http:\/\/www.bbemg.uliege.be\/belgische-wetgeving-voor-de-beroepsbevolking\/?lang=nl\">Belgische wetgeving<\/a>.<\/p>\n<h3>4. Welke uitrusting moet worden ge\u00efnstalleerd ter bescherming van arbeiders tegen de sterke elektromagnetische velden die hoogspanningslijnen opwekken.<\/h3>\n<p>Voor werken in een omgeving met een hoog elektromagnetische veld moeten werknemers inlichtingen inwinnen bij het departement veiligheid en gezondheid van hun bedrijf. Dit departement zal een risicoanalyse uitvoeren van de werkplaats en indien nodig voor een geschikt actieplan zorgen.[\/vc_column_text][\/vc_column][\/vc_row][vc_row type=&#8221;in_container&#8221; full_screen_row_position=&#8221;middle&#8221; scene_position=&#8221;center&#8221; text_color=&#8221;dark&#8221; text_align=&#8221;left&#8221; overlay_strength=&#8221;0.3&#8243; shape_divider_position=&#8221;bottom&#8221; bg_image_animation=&#8221;none&#8221; source=&#8221;&#8221; text=&#8221;2013 &#8211; 2017&#8243; font_container=&#8221;tag:h2|text_align:left|color:%2349b0e5&#8243; use_theme_fonts=&#8221;yes&#8221; google_fonts=&#8221;font_family:Abril%20Fatface%3Aregular|font_style:400%20regular%3A400%3Anormal&#8221; css_animation=&#8221;&#8221; link=&#8221;&#8221; el_id=&#8221;&#8221; el_class=&#8221;&#8221; css=&#8221;&#8221;][vc_column column_padding=&#8221;no-extra-padding&#8221; column_padding_position=&#8221;all&#8221; background_color_opacity=&#8221;1&#8243; background_hover_color_opacity=&#8221;1&#8243; column_link_target=&#8221;_self&#8221; column_shadow=&#8221;none&#8221; column_border_radius=&#8221;none&#8221; width=&#8221;1\/1&#8243; tablet_width_inherit=&#8221;default&#8221; tablet_text_alignment=&#8221;default&#8221; phone_text_alignment=&#8221;default&#8221; column_border_width=&#8221;none&#8221; column_border_style=&#8221;solid&#8221; bg_image_animation=&#8221;none&#8221;][vc_custom_heading text=&#8221;Documenten &amp; Links&#8221; font_container=&#8221;tag:h2|text_align:left|color:%2349b0e5&#8243; use_theme_fonts=&#8221;yes&#8221;][vc_column_text]\n<ul>\n<li><a href=\"http:\/\/eur-lex.europa.eu\/LexUriServ\/LexUriServ.do?uri=OJ:L:2013:179:0001:0021:NL:PDF\" target=\"_blank\" rel=\"noopener\">Richtlijn 013\/35\/UE<\/a> van het Europees Parlement en de Raad van 26 juni 2013 betreffende de minimumvoorschriften inzake gezondheid en veiligheid met betrekking tot de blootstelling van werknemers aan de risico\u2019s van fysische agentia (elektromagnetische velden)<\/li>\n<li><a href=\"https:\/\/drive.google.com\/a\/bsoh.be\/folderview?id=0B6sCF78Ze9lRRW1EaXdaUUpfYkU&amp;usp=sharing&amp;tid=0B6sCF78Ze9lRdkZOX2RlTUVfalE\" target=\"_blank\" rel=\"noopener\">Studiedag Elektromagnetische Velden<\/a>. Belgische gemeenschap van arbeidshygi\u00ebnisten, 2014 (in French and in Dutch).<\/li>\n<li><a href=\"http:\/\/www.bsoh.be\/?q=en\/node\/101\" target=\"_blank\" rel=\"noopener\">Non-ionizing radiation<\/a>: BSOH, Belgian Society for Occupational Hygiene (Belgische gemeenschap van arbeidshygi\u00ebnisten).<\/li>\n<li><a href=\"http:\/\/www.who.int\/peh-emf\/en\/index.html\" target=\"_blank\" rel=\"noopener\">WHO EMF project<\/a>: Fact and information sheets involving electromagnetic fields and public health and EMF world wide standards.<\/li>\n<li><a href=\"http:\/\/www.bbemg.uliege.be\/normen\/?lang=nl\">Normen<\/a>: BBEMG website.<\/li>\n<\/ul>\n[\/vc_column_text][\/vc_column][\/vc_row]\n","protected":false},"excerpt":{"rendered":"<p>[vc_row type=&#8221;in_container&#8221; full_screen_row_position=&#8221;middle&#8221; scene_position=&#8221;center&#8221; text_color=&#8221;dark&#8221; text_align=&#8221;left&#8221; overlay_strength=&#8221;0.3&#8243; shape_divider_position=&#8221;bottom&#8221; bg_image_animation=&#8221;none&#8221;][vc_column column_padding=&#8221;no-extra-padding&#8221; column_padding_position=&#8221;all&#8221; background_color_opacity=&#8221;1&#8243; background_hover_color_opacity=&#8221;1&#8243; column_link_target=&#8221;_self&#8221; column_shadow=&#8221;none&#8221; column_border_radius=&#8221;none&#8221; width=&#8221;1\/1&#8243; tablet_width_inherit=&#8221;default&#8221; tablet_text_alignment=&#8221;default&#8221; phone_text_alignment=&#8221;default&#8221; column_border_width=&#8221;none&#8221; column_border_style=&#8221;solid&#8221; bg_image_animation=&#8221;none&#8221;][heading] Blootstelling op het werk [\/heading][\/vc_column][\/vc_row][vc_row type=&#8221;in_container&#8221; full_screen_row_position=&#8221;middle&#8221;&#8230;<\/p>\n","protected":false},"author":1,"featured_media":0,"parent":0,"menu_order":0,"comment_status":"closed","ping_status":"closed","template":"page-sidebar.php","meta":{"footnotes":""},"categories":[],"tags":[],"class_list":["post-2063","page","type-page","status-publish"],"yoast_head":"<!-- This site is optimized with the Yoast SEO plugin v27.5 - https:\/\/yoast.com\/product\/yoast-seo-wordpress\/ -->\n<title>Blootstelling op het werk - BBEMG - Belgian BioElectroMagnetics Group<\/title>\n<meta name=\"description\" content=\"FAQ over blootstelling aan ELF elektromagnetische velden op het werk. Wat is het risico voor werkers die in aanraking komen met EMV met hoge intensiteit?\" \/>\n<meta name=\"robots\" content=\"index, follow, max-snippet:-1, max-image-preview:large, max-video-preview:-1\" \/>\n<link rel=\"canonical\" href=\"https:\/\/www.bbemg.uliege.be\/nl\/blootstelling-op-het-werk\/\" \/>\n<meta property=\"og:locale\" content=\"nl_NL\" \/>\n<meta property=\"og:type\" content=\"article\" \/>\n<meta property=\"og:title\" content=\"Blootstelling op het werk - BBEMG - Belgian BioElectroMagnetics Group\" \/>\n<meta property=\"og:description\" content=\"FAQ over blootstelling aan ELF elektromagnetische velden op het werk. Wat is het risico voor werkers die in aanraking komen met EMV met hoge intensiteit?\" \/>\n<meta property=\"og:url\" content=\"https:\/\/www.bbemg.uliege.be\/nl\/blootstelling-op-het-werk\/\" \/>\n<meta property=\"og:site_name\" content=\"BBEMG - Belgian BioElectroMagnetics Group\" \/>\n<meta property=\"article:modified_time\" content=\"2024-11-27T10:47:40+00:00\" \/>\n<meta name=\"twitter:card\" content=\"summary_large_image\" \/>\n<meta name=\"twitter:site\" content=\"@bbemg\" \/>\n<meta name=\"twitter:label1\" content=\"Geschatte leestijd\" \/>\n\t<meta name=\"twitter:data1\" content=\"4 minuten\" \/>\n<script type=\"application\/ld+json\" class=\"yoast-schema-graph\">{\"@context\":\"https:\\\/\\\/schema.org\",\"@graph\":[{\"@type\":\"WebPage\",\"@id\":\"https:\\\/\\\/www.bbemg.uliege.be\\\/nl\\\/blootstelling-op-het-werk\\\/\",\"url\":\"https:\\\/\\\/www.bbemg.uliege.be\\\/nl\\\/blootstelling-op-het-werk\\\/\",\"name\":\"Blootstelling op het werk - BBEMG - Belgian BioElectroMagnetics Group\",\"isPartOf\":{\"@id\":\"https:\\\/\\\/www.bbemg.uliege.be\\\/nl\\\/#website\"},\"datePublished\":\"2019-05-21T17:27:08+00:00\",\"dateModified\":\"2024-11-27T10:47:40+00:00\",\"description\":\"FAQ over blootstelling aan ELF elektromagnetische velden op het werk. Wat is het risico voor werkers die in aanraking komen met EMV met hoge intensiteit?\",\"breadcrumb\":{\"@id\":\"https:\\\/\\\/www.bbemg.uliege.be\\\/nl\\\/blootstelling-op-het-werk\\\/#breadcrumb\"},\"inLanguage\":\"nl-NL\",\"potentialAction\":[{\"@type\":\"ReadAction\",\"target\":[\"https:\\\/\\\/www.bbemg.uliege.be\\\/nl\\\/blootstelling-op-het-werk\\\/\"]}]},{\"@type\":\"BreadcrumbList\",\"@id\":\"https:\\\/\\\/www.bbemg.uliege.be\\\/nl\\\/blootstelling-op-het-werk\\\/#breadcrumb\",\"itemListElement\":[{\"@type\":\"ListItem\",\"position\":1,\"name\":\"Accueil\",\"item\":\"https:\\\/\\\/www.bbemg.uliege.be\\\/nl\\\/accueil\\\/\"},{\"@type\":\"ListItem\",\"position\":2,\"name\":\"Blootstelling op het werk\"}]},{\"@type\":\"WebSite\",\"@id\":\"https:\\\/\\\/www.bbemg.uliege.be\\\/nl\\\/#website\",\"url\":\"https:\\\/\\\/www.bbemg.uliege.be\\\/nl\\\/\",\"name\":\"BBEMG - Belgian BioElectroMagnetics Group\",\"description\":\"Analyse des effets biom\u00e9dicaux des champs \u00e9lectriques dans notre vie quotidienne\",\"publisher\":{\"@id\":\"https:\\\/\\\/www.bbemg.uliege.be\\\/nl\\\/#organization\"},\"potentialAction\":[{\"@type\":\"SearchAction\",\"target\":{\"@type\":\"EntryPoint\",\"urlTemplate\":\"https:\\\/\\\/www.bbemg.uliege.be\\\/nl\\\/?s={search_term_string}\"},\"query-input\":{\"@type\":\"PropertyValueSpecification\",\"valueRequired\":true,\"valueName\":\"search_term_string\"}}],\"inLanguage\":\"nl-NL\"},{\"@type\":\"Organization\",\"@id\":\"https:\\\/\\\/www.bbemg.uliege.be\\\/nl\\\/#organization\",\"name\":\"BBEMG\",\"url\":\"https:\\\/\\\/www.bbemg.uliege.be\\\/nl\\\/\",\"logo\":{\"@type\":\"ImageObject\",\"inLanguage\":\"nl-NL\",\"@id\":\"https:\\\/\\\/www.bbemg.uliege.be\\\/nl\\\/#\\\/schema\\\/logo\\\/image\\\/\",\"url\":\"https:\\\/\\\/www.bbemg.uliege.be\\\/wp-content\\\/uploads\\\/2019\\\/05\\\/bbemg-logo-crop.png\",\"contentUrl\":\"https:\\\/\\\/www.bbemg.uliege.be\\\/wp-content\\\/uploads\\\/2019\\\/05\\\/bbemg-logo-crop.png\",\"width\":\"560\",\"height\":\"222\",\"caption\":\"BBEMG\"},\"image\":{\"@id\":\"https:\\\/\\\/www.bbemg.uliege.be\\\/nl\\\/#\\\/schema\\\/logo\\\/image\\\/\"},\"sameAs\":[\"https:\\\/\\\/x.com\\\/bbemg\"]}]}<\/script>\n<!-- \/ Yoast SEO plugin. -->","yoast_head_json":{"title":"Blootstelling op het werk - BBEMG - Belgian BioElectroMagnetics Group","description":"FAQ over blootstelling aan ELF elektromagnetische velden op het werk. Wat is het risico voor werkers die in aanraking komen met EMV met hoge intensiteit?","robots":{"index":"index","follow":"follow","max-snippet":"max-snippet:-1","max-image-preview":"max-image-preview:large","max-video-preview":"max-video-preview:-1"},"canonical":"https:\/\/www.bbemg.uliege.be\/nl\/blootstelling-op-het-werk\/","og_locale":"nl_NL","og_type":"article","og_title":"Blootstelling op het werk - BBEMG - Belgian BioElectroMagnetics Group","og_description":"FAQ over blootstelling aan ELF elektromagnetische velden op het werk. Wat is het risico voor werkers die in aanraking komen met EMV met hoge intensiteit?","og_url":"https:\/\/www.bbemg.uliege.be\/nl\/blootstelling-op-het-werk\/","og_site_name":"BBEMG - Belgian BioElectroMagnetics Group","article_modified_time":"2024-11-27T10:47:40+00:00","twitter_card":"summary_large_image","twitter_site":"@bbemg","twitter_misc":{"Geschatte leestijd":"4 minuten"},"schema":{"@context":"https:\/\/schema.org","@graph":[{"@type":"WebPage","@id":"https:\/\/www.bbemg.uliege.be\/nl\/blootstelling-op-het-werk\/","url":"https:\/\/www.bbemg.uliege.be\/nl\/blootstelling-op-het-werk\/","name":"Blootstelling op het werk - BBEMG - Belgian BioElectroMagnetics Group","isPartOf":{"@id":"https:\/\/www.bbemg.uliege.be\/nl\/#website"},"datePublished":"2019-05-21T17:27:08+00:00","dateModified":"2024-11-27T10:47:40+00:00","description":"FAQ over blootstelling aan ELF elektromagnetische velden op het werk. Wat is het risico voor werkers die in aanraking komen met EMV met hoge intensiteit?","breadcrumb":{"@id":"https:\/\/www.bbemg.uliege.be\/nl\/blootstelling-op-het-werk\/#breadcrumb"},"inLanguage":"nl-NL","potentialAction":[{"@type":"ReadAction","target":["https:\/\/www.bbemg.uliege.be\/nl\/blootstelling-op-het-werk\/"]}]},{"@type":"BreadcrumbList","@id":"https:\/\/www.bbemg.uliege.be\/nl\/blootstelling-op-het-werk\/#breadcrumb","itemListElement":[{"@type":"ListItem","position":1,"name":"Accueil","item":"https:\/\/www.bbemg.uliege.be\/nl\/accueil\/"},{"@type":"ListItem","position":2,"name":"Blootstelling op het werk"}]},{"@type":"WebSite","@id":"https:\/\/www.bbemg.uliege.be\/nl\/#website","url":"https:\/\/www.bbemg.uliege.be\/nl\/","name":"BBEMG - Belgian BioElectroMagnetics Group","description":"Analyse des effets biom\u00e9dicaux des champs \u00e9lectriques dans notre vie quotidienne","publisher":{"@id":"https:\/\/www.bbemg.uliege.be\/nl\/#organization"},"potentialAction":[{"@type":"SearchAction","target":{"@type":"EntryPoint","urlTemplate":"https:\/\/www.bbemg.uliege.be\/nl\/?s={search_term_string}"},"query-input":{"@type":"PropertyValueSpecification","valueRequired":true,"valueName":"search_term_string"}}],"inLanguage":"nl-NL"},{"@type":"Organization","@id":"https:\/\/www.bbemg.uliege.be\/nl\/#organization","name":"BBEMG","url":"https:\/\/www.bbemg.uliege.be\/nl\/","logo":{"@type":"ImageObject","inLanguage":"nl-NL","@id":"https:\/\/www.bbemg.uliege.be\/nl\/#\/schema\/logo\/image\/","url":"https:\/\/www.bbemg.uliege.be\/wp-content\/uploads\/2019\/05\/bbemg-logo-crop.png","contentUrl":"https:\/\/www.bbemg.uliege.be\/wp-content\/uploads\/2019\/05\/bbemg-logo-crop.png","width":"560","height":"222","caption":"BBEMG"},"image":{"@id":"https:\/\/www.bbemg.uliege.be\/nl\/#\/schema\/logo\/image\/"},"sameAs":["https:\/\/x.com\/bbemg"]}]}},"_links":{"self":[{"href":"https:\/\/www.bbemg.uliege.be\/nl\/wp-json\/wp\/v2\/pages\/2063","targetHints":{"allow":["GET"]}}],"collection":[{"href":"https:\/\/www.bbemg.uliege.be\/nl\/wp-json\/wp\/v2\/pages"}],"about":[{"href":"https:\/\/www.bbemg.uliege.be\/nl\/wp-json\/wp\/v2\/types\/page"}],"author":[{"embeddable":true,"href":"https:\/\/www.bbemg.uliege.be\/nl\/wp-json\/wp\/v2\/users\/1"}],"replies":[{"embeddable":true,"href":"https:\/\/www.bbemg.uliege.be\/nl\/wp-json\/wp\/v2\/comments?post=2063"}],"version-history":[{"count":3,"href":"https:\/\/www.bbemg.uliege.be\/nl\/wp-json\/wp\/v2\/pages\/2063\/revisions"}],"predecessor-version":[{"id":5754,"href":"https:\/\/www.bbemg.uliege.be\/nl\/wp-json\/wp\/v2\/pages\/2063\/revisions\/5754"}],"wp:attachment":[{"href":"https:\/\/www.bbemg.uliege.be\/nl\/wp-json\/wp\/v2\/media?parent=2063"}],"wp:term":[{"taxonomy":"category","embeddable":true,"href":"https:\/\/www.bbemg.uliege.be\/nl\/wp-json\/wp\/v2\/categories?post=2063"},{"taxonomy":"post_tag","embeddable":true,"href":"https:\/\/www.bbemg.uliege.be\/nl\/wp-json\/wp\/v2\/tags?post=2063"}],"curies":[{"name":"wp","href":"https:\/\/api.w.org\/{rel}","templated":true}]}}