{"id":2067,"date":"2019-05-21T19:29:39","date_gmt":"2019-05-21T17:29:39","guid":{"rendered":"https:\/\/www.bbemg.uliege.be\/beroepsmatige-blootstelling-50hz\/"},"modified":"2024-11-27T11:47:40","modified_gmt":"2024-11-27T10:47:40","slug":"beroepsmatige-blootstelling-50hz","status":"publish","type":"page","link":"https:\/\/www.bbemg.uliege.be\/nl\/beroepsmatige-blootstelling-50hz\/","title":{"rendered":"Beroepsmatige blootstelling 50Hz"},"content":{"rendered":"[vc_row type=&#8221;in_container&#8221; full_screen_row_position=&#8221;middle&#8221; scene_position=&#8221;center&#8221; text_color=&#8221;dark&#8221; text_align=&#8221;left&#8221; overlay_strength=&#8221;0.3&#8243; shape_divider_position=&#8221;bottom&#8221; bg_image_animation=&#8221;none&#8221;][vc_column column_padding=&#8221;no-extra-padding&#8221; column_padding_position=&#8221;all&#8221; background_color_opacity=&#8221;1&#8243; background_hover_color_opacity=&#8221;1&#8243; column_link_target=&#8221;_self&#8221; column_shadow=&#8221;none&#8221; column_border_radius=&#8221;none&#8221; width=&#8221;1\/1&#8243; tablet_width_inherit=&#8221;default&#8221; tablet_text_alignment=&#8221;default&#8221; phone_text_alignment=&#8221;default&#8221; column_border_width=&#8221;none&#8221; column_border_style=&#8221;solid&#8221; bg_image_animation=&#8221;none&#8221;][heading]\n<h1>Beroepsmatige blootstelling 50Hz<\/h1>\n[\/heading][\/vc_column][\/vc_row][vc_row type=&#8221;in_container&#8221; full_screen_row_position=&#8221;middle&#8221; scene_position=&#8221;center&#8221; text_color=&#8221;dark&#8221; text_align=&#8221;left&#8221; overlay_strength=&#8221;0.3&#8243; shape_divider_position=&#8221;bottom&#8221; bg_image_animation=&#8221;none&#8221;][vc_column column_padding=&#8221;no-extra-padding&#8221; column_padding_position=&#8221;all&#8221; background_color_opacity=&#8221;1&#8243; background_hover_color_opacity=&#8221;1&#8243; column_link_target=&#8221;_self&#8221; column_shadow=&#8221;none&#8221; column_border_radius=&#8221;none&#8221; width=&#8221;1\/1&#8243; tablet_width_inherit=&#8221;default&#8221; tablet_text_alignment=&#8221;default&#8221; phone_text_alignment=&#8221;default&#8221; column_border_width=&#8221;none&#8221; column_border_style=&#8221;solid&#8221; bg_image_animation=&#8221;none&#8221;][vc_column_text]Het moderne huiscomfort is haast onvoorstelbaar zonder de vele elektrohuishoud apparaten. De economische concurrentie in de bedrijfswereld en in de industrie evenals de technische vooruitgang van de geneeskunde eisen ook onvermijdelijk een toename van elektrische apparaten.<\/p>\n<p>Opmerking: Rond deze apparaten, zijn er velden van verschillende frequenties, als statische velden, 50\/60 Hz velden, radiogolven&#8230;[\/vc_column_text][\/vc_column][\/vc_row][vc_row type=&#8221;in_container&#8221; full_screen_row_position=&#8221;middle&#8221; scene_position=&#8221;center&#8221; text_color=&#8221;dark&#8221; text_align=&#8221;left&#8221; overlay_strength=&#8221;0.3&#8243; shape_divider_position=&#8221;bottom&#8221; bg_image_animation=&#8221;none&#8221; source=&#8221;&#8221; text=&#8221;2013 &#8211; 2017&#8243; font_container=&#8221;tag:h2|text_align:left|color:%2349b0e5&#8243; use_theme_fonts=&#8221;yes&#8221; google_fonts=&#8221;font_family:Abril%20Fatface%3Aregular|font_style:400%20regular%3A400%3Anormal&#8221; css_animation=&#8221;&#8221; link=&#8221;&#8221; el_id=&#8221;&#8221; el_class=&#8221;&#8221; css=&#8221;&#8221;][vc_column column_padding=&#8221;no-extra-padding&#8221; column_padding_position=&#8221;all&#8221; background_color_opacity=&#8221;1&#8243; background_hover_color_opacity=&#8221;1&#8243; column_link_target=&#8221;_self&#8221; column_shadow=&#8221;none&#8221; column_border_radius=&#8221;none&#8221; width=&#8221;1\/1&#8243; tablet_width_inherit=&#8221;default&#8221; tablet_text_alignment=&#8221;default&#8221; phone_text_alignment=&#8221;default&#8221; column_border_width=&#8221;none&#8221; column_border_style=&#8221;solid&#8221; bg_image_animation=&#8221;none&#8221;][vc_custom_heading text=&#8221;EMV in het ziekenhuis&#8221; font_container=&#8221;tag:h2|text_align:left|color:%2349b0e5&#8243; use_theme_fonts=&#8221;yes&#8221;][vc_column_text]Op medisch gebied genereert Nucleaire Magnetische Resonantie (NMR), een medische beeldtechniek, sterke magnetische velden die echter hoofdzakelijk gelijkstroom zijn (tot 10T in de gewone systemen) en gepaard gaan met velden in het radiofrequentiegamma. Zie verder informatie op deze velden in het thematisch dossier <a href=\"https:\/\/www.bbemg.uliege.be\/nl\/statische-velden\/\">Statische velden en gezondheid<\/a>.<\/p>\n<p>Een ander veelbelovend voorbeeld is de toepassing van elektromagnetische velden om het herstel van\u00a0<a href=\"https:\/\/www.bbemg.uliege.be\/nl\/effecten-van-emv-op-de-beenderen\/\">botbreuken te stimuleren en pseudo-artrose<\/a> of chronische pijn te behandelen. Deze velden hebben echter niet dezelfde karakteristieken als de velden bij industri\u00eble frequentie.<br \/>\nMagnetische velden worden ook gebruikt voor de behandeling van bepaalde vormen van depressie. De pati\u00ebnt krijgt hierbij pijnloze transcrani\u00eble magnetische stimulaties zonder gevaarlijke bijwerkingen.[\/vc_column_text][\/vc_column][\/vc_row][vc_row type=&#8221;in_container&#8221; full_screen_row_position=&#8221;middle&#8221; scene_position=&#8221;center&#8221; text_color=&#8221;dark&#8221; text_align=&#8221;left&#8221; overlay_strength=&#8221;0.3&#8243; shape_divider_position=&#8221;bottom&#8221; bg_image_animation=&#8221;none&#8221; source=&#8221;&#8221; text=&#8221;2013 &#8211; 2017&#8243; font_container=&#8221;tag:h2|text_align:left|color:%2349b0e5&#8243; use_theme_fonts=&#8221;yes&#8221; google_fonts=&#8221;font_family:Abril%20Fatface%3Aregular|font_style:400%20regular%3A400%3Anormal&#8221; css_animation=&#8221;&#8221; link=&#8221;&#8221; el_id=&#8221;&#8221; el_class=&#8221;&#8221; css=&#8221;&#8221;][vc_column column_padding=&#8221;no-extra-padding&#8221; column_padding_position=&#8221;all&#8221; background_color_opacity=&#8221;1&#8243; background_hover_color_opacity=&#8221;1&#8243; column_link_target=&#8221;_self&#8221; column_shadow=&#8221;none&#8221; column_border_radius=&#8221;none&#8221; width=&#8221;1\/1&#8243; tablet_width_inherit=&#8221;default&#8221; tablet_text_alignment=&#8221;default&#8221; phone_text_alignment=&#8221;default&#8221; column_border_width=&#8221;none&#8221; column_border_style=&#8221;solid&#8221; bg_image_animation=&#8221;none&#8221;][vc_custom_heading text=&#8221;EMV in de fabrieken&#8221; font_container=&#8221;tag:h2|text_align:left|color:%2349b0e5&#8243; use_theme_fonts=&#8221;yes&#8221;][vc_column_text]Bepaalde beroepen staan meer dan andere bloot aan elektrische en magnetische velden (booglassers, onderhoudspersoneel van elektriciteitslijnen, elektriciens, operatoren van elektrische onderstations, enz.).<\/p>\n<p>Metingen in verschillende domeinen wijzen op een grote dagelijkse variabiliteit van blootstelling naar gelang van de uitgevoerde taak: vrij zwakke gemiddelde waarden gaan op bepaalde momenten van de dag plots over in hoge pieken. Metingen bij lijnmonteurs bijvoorbeeld wijzen op een minimum blootstelling van 0,05 \u00b5T, met een mediaan van 0,15 \u00b5T en maximumwaarden van 304 \u00b5T (Sahl, 1994).<\/p>\n<p>Zie ook <a href=\"https:\/\/www.bbemg.ulg.ac.be\/files\/welding_workshop.pdf\">Electromagnetical fields of welding equipment<\/a> in the framework of the directive 2004\/40\/EC (in het Engels, pdf 9.5Mb).[\/vc_column_text][\/vc_column][\/vc_row][vc_row type=&#8221;in_container&#8221; full_screen_row_position=&#8221;middle&#8221; scene_position=&#8221;center&#8221; text_color=&#8221;dark&#8221; text_align=&#8221;left&#8221; overlay_strength=&#8221;0.3&#8243; shape_divider_position=&#8221;bottom&#8221; bg_image_animation=&#8221;none&#8221; source=&#8221;&#8221; text=&#8221;2013 &#8211; 2017&#8243; font_container=&#8221;tag:h2|text_align:left|color:%2349b0e5&#8243; use_theme_fonts=&#8221;yes&#8221; google_fonts=&#8221;font_family:Abril%20Fatface%3Aregular|font_style:400%20regular%3A400%3Anormal&#8221; css_animation=&#8221;&#8221; link=&#8221;&#8221; el_id=&#8221;&#8221; el_class=&#8221;&#8221; css=&#8221;&#8221;][vc_column column_padding=&#8221;no-extra-padding&#8221; column_padding_position=&#8221;all&#8221; background_color_opacity=&#8221;1&#8243; background_hover_color_opacity=&#8221;1&#8243; column_link_target=&#8221;_self&#8221; column_shadow=&#8221;none&#8221; column_border_radius=&#8221;none&#8221; width=&#8221;1\/1&#8243; tablet_width_inherit=&#8221;default&#8221; tablet_text_alignment=&#8221;default&#8221; phone_text_alignment=&#8221;default&#8221; column_border_width=&#8221;none&#8221; column_border_style=&#8221;solid&#8221; bg_image_animation=&#8221;none&#8221;][vc_custom_heading text=&#8221;EMV in de treinen&#8221; font_container=&#8221;tag:h2|text_align:left|color:%2349b0e5&#8243; use_theme_fonts=&#8221;yes&#8221;][vc_column_text]De meeste ge\u00eblektrificeerde spoorlijnen in Belgi\u00eb met uitzondering van de hogesnelheidstrein werken op gelijkstroom. Bijgevolg genereren de elektrische leidingen (bovenleidingen) die de treinen voeden, constante elektrische en magnetische velden.<\/p>\n<p>In het transport zoals treinen (gelijkstroomvelden in Belgi\u00eb) en de HST (wisselvelden), staan de passagiers bloot aan magnetische velden die vooral afkomstig zijn van de stroomkabel van de trein. Mensen die in de buurt van lijnen van de HST wonen, staan ook bloot aan het magnetisch veld van de bovengrondse kabel.<\/p>\n<p>Als we met de trein reizen, kunnen we <strong>statische EV<\/strong> aantreffen in de orde van 300 V\/m (bron: ICNIRP). Het <strong>statische MV<\/strong> heeft\u00a0een sterkte van rond de 40 \u00b5T. Maximumwaarden van 120 \u00b5T worden gemeten in de locomotieven op gelijkstroom (spanning van 3 kV DC zoals in Belgi\u00eb, metingen uitgevoerd in Russische en Italiaanse treinen).[\/vc_column_text][\/vc_column][\/vc_row][vc_row type=&#8221;in_container&#8221; full_screen_row_position=&#8221;middle&#8221; scene_position=&#8221;center&#8221; text_color=&#8221;dark&#8221; text_align=&#8221;left&#8221; overlay_strength=&#8221;0.3&#8243; shape_divider_position=&#8221;bottom&#8221; bg_image_animation=&#8221;none&#8221; source=&#8221;&#8221; text=&#8221;2013 &#8211; 2017&#8243; font_container=&#8221;tag:h2|text_align:left|color:%2349b0e5&#8243; use_theme_fonts=&#8221;yes&#8221; google_fonts=&#8221;font_family:Abril%20Fatface%3Aregular|font_style:400%20regular%3A400%3Anormal&#8221; css_animation=&#8221;&#8221; link=&#8221;&#8221; el_id=&#8221;&#8221; el_class=&#8221;&#8221; css=&#8221;&#8221;][vc_column column_padding=&#8221;no-extra-padding&#8221; column_padding_position=&#8221;all&#8221; background_color_opacity=&#8221;1&#8243; background_hover_color_opacity=&#8221;1&#8243; column_link_target=&#8221;_self&#8221; column_shadow=&#8221;none&#8221; column_border_radius=&#8221;none&#8221; width=&#8221;1\/1&#8243; tablet_width_inherit=&#8221;default&#8221; tablet_text_alignment=&#8221;default&#8221; phone_text_alignment=&#8221;default&#8221; column_border_width=&#8221;none&#8221; column_border_style=&#8221;solid&#8221; bg_image_animation=&#8221;none&#8221;][vc_custom_heading text=&#8221;Documenten &amp; Links&#8221; font_container=&#8221;tag:h2|text_align:left|color:%2349b0e5&#8243; use_theme_fonts=&#8221;yes&#8221;][vc_column_text]\n<ul>\n<li><a href=\"https:\/\/www.bbemg.uliege.be\/files\/NL\/ev-mv-beroeps.pdf\">Beroepsmatige blootstelling (pdf 287 Ko)<\/a> &#8211; Waarde van het door apparaten (50 Hz) voor professioneel gebruik opgewekte magnetische inductie (\u00b5T)<\/li>\n<li><a href=\"https:\/\/www.bbemg.uliege.be\/files\/welding_workshop.pdf\">Electromagnetical fields of welding equipment<\/a> (pdf) &#8211; Document presented in the International workshop organized by VITO nv, April 6 2006. Workshop Handbook available in English (pdf 9.5Mo)<\/li>\n<li><a href=\"https:\/\/www.hydroquebec.com\/champs\/exposition\/\">Hydroqu\u00e9bec : champs \u00e9lectriques et magn\u00e9tiques, sources et intensit\u00e9<\/a><\/li>\n<li><a href=\"http:\/\/www.icnirp.org\/en\/frequencies\/static-magnetic-fields-0-hz\/index.html\">ICNIRP &#8211; Static fields<\/a><\/li>\n<\/ul>\n[\/vc_column_text][\/vc_column][\/vc_row][vc_row type=&#8221;in_container&#8221; full_screen_row_position=&#8221;middle&#8221; scene_position=&#8221;center&#8221; text_color=&#8221;dark&#8221; text_align=&#8221;left&#8221; overlay_strength=&#8221;0.3&#8243; shape_divider_position=&#8221;bottom&#8221; bg_image_animation=&#8221;none&#8221; source=&#8221;&#8221; text=&#8221;2013 &#8211; 2017&#8243; font_container=&#8221;tag:h2|text_align:left|color:%2349b0e5&#8243; use_theme_fonts=&#8221;yes&#8221; google_fonts=&#8221;font_family:Abril%20Fatface%3Aregular|font_style:400%20regular%3A400%3Anormal&#8221; css_animation=&#8221;&#8221; link=&#8221;&#8221; el_id=&#8221;&#8221; el_class=&#8221;&#8221; css=&#8221;&#8221;][vc_column column_padding=&#8221;no-extra-padding&#8221; column_padding_position=&#8221;all&#8221; background_color_opacity=&#8221;1&#8243; background_hover_color_opacity=&#8221;1&#8243; column_link_target=&#8221;_self&#8221; column_shadow=&#8221;none&#8221; column_border_radius=&#8221;none&#8221; width=&#8221;1\/1&#8243; tablet_width_inherit=&#8221;default&#8221; tablet_text_alignment=&#8221;default&#8221; phone_text_alignment=&#8221;default&#8221; column_border_width=&#8221;none&#8221; column_border_style=&#8221;solid&#8221; bg_image_animation=&#8221;none&#8221;][vc_custom_heading text=&#8221;Andere informatie dat u wellicht interessant zult vinden &#8230;&#8221; font_container=&#8221;tag:h2|text_align:left|color:%2349b0e5&#8243; use_theme_fonts=&#8221;yes&#8221;][vc_column_text]\n<ul>\n<li><a href=\"https:\/\/www.bbemg.uliege.be\/nl\/belgische-wetgeving-voor-de-beroepsbevolking\/\">Normen, aanbevelingen en richtlijnen<\/a><\/li>\n<li><a href=\"https:\/\/www.bbemg.uliege.be\/nl\/elektromagnetisme\/\">Elektromagnetisme<\/a> &#8211; Het elektromagnetisme bestudeert de interacties op afstand van de ladingen, de stromen en de elektrische en magnetische velden. (&#8230;)<\/li>\n<li><a href=\"https:\/\/www.bbemg.uliege.be\/nl\/gebruik-van-em-eigenschappen\/\">Gebruik van EM eigenschappen<\/a> &#8211; Meer inzicht te krijgen in de werking van courant gebruikte elektrische apparaten: verwarmingstoestellen, verschillende soorten lampen, motoren, computer, laserprinter en de lader van een elektrische tandenborstel.<\/li>\n<li><a href=\"https:\/\/www.bbemg.uliege.be\/nl\/elektriciteitsnetwerken\/\">Traject van de elektriciteit<\/a> &#8211; Transmissie van elektriciteit vanaf de elektriciteitscentrale tot het stopcontact in onze woningen. (\u2026)<\/li>\n<\/ul>\n[\/vc_column_text][\/vc_column][\/vc_row]\n","protected":false},"excerpt":{"rendered":"<p>[vc_row type=&#8221;in_container&#8221; full_screen_row_position=&#8221;middle&#8221; scene_position=&#8221;center&#8221; text_color=&#8221;dark&#8221; text_align=&#8221;left&#8221; overlay_strength=&#8221;0.3&#8243; shape_divider_position=&#8221;bottom&#8221; bg_image_animation=&#8221;none&#8221;][vc_column column_padding=&#8221;no-extra-padding&#8221; column_padding_position=&#8221;all&#8221; background_color_opacity=&#8221;1&#8243; background_hover_color_opacity=&#8221;1&#8243; column_link_target=&#8221;_self&#8221; column_shadow=&#8221;none&#8221; column_border_radius=&#8221;none&#8221; width=&#8221;1\/1&#8243; tablet_width_inherit=&#8221;default&#8221; tablet_text_alignment=&#8221;default&#8221; phone_text_alignment=&#8221;default&#8221; column_border_width=&#8221;none&#8221; column_border_style=&#8221;solid&#8221; bg_image_animation=&#8221;none&#8221;][heading] Beroepsmatige blootstelling 50Hz [\/heading][\/vc_column][\/vc_row][vc_row type=&#8221;in_container&#8221; full_screen_row_position=&#8221;middle&#8221; scene_position=&#8221;center&#8221;&#8230;<\/p>\n","protected":false},"author":1,"featured_media":0,"parent":0,"menu_order":0,"comment_status":"closed","ping_status":"closed","template":"page-sidebar.php","meta":{"footnotes":""},"categories":[],"tags":[],"class_list":["post-2067","page","type-page","status-publish"],"yoast_head":"<!-- This site is optimized with the Yoast SEO plugin v27.6 - https:\/\/yoast.com\/product\/yoast-seo-wordpress\/ -->\n<title>Beroepsmatige blootstelling 50Hz - BBEMG - Belgian BioElectroMagnetics Group<\/title>\n<meta name=\"description\" content=\"laagfrequente elektromagnetische velden zijn overal aanwezig, maar hoe zit het met beroepsmatige blootstelling aan elektromagnetische velden\" \/>\n<meta name=\"robots\" content=\"index, follow, max-snippet:-1, max-image-preview:large, max-video-preview:-1\" \/>\n<link rel=\"canonical\" href=\"https:\/\/www.bbemg.uliege.be\/nl\/beroepsmatige-blootstelling-50hz\/\" \/>\n<meta property=\"og:locale\" content=\"nl_NL\" \/>\n<meta property=\"og:type\" content=\"article\" \/>\n<meta property=\"og:title\" content=\"Beroepsmatige blootstelling 50Hz - BBEMG - Belgian BioElectroMagnetics Group\" \/>\n<meta property=\"og:description\" content=\"laagfrequente elektromagnetische velden zijn overal aanwezig, maar hoe zit het met beroepsmatige blootstelling aan elektromagnetische velden\" \/>\n<meta property=\"og:url\" content=\"https:\/\/www.bbemg.uliege.be\/nl\/beroepsmatige-blootstelling-50hz\/\" \/>\n<meta property=\"og:site_name\" content=\"BBEMG - Belgian BioElectroMagnetics Group\" \/>\n<meta property=\"article:modified_time\" content=\"2024-11-27T10:47:40+00:00\" \/>\n<meta name=\"twitter:card\" content=\"summary_large_image\" \/>\n<meta name=\"twitter:site\" content=\"@bbemg\" \/>\n<meta name=\"twitter:label1\" content=\"Geschatte leestijd\" \/>\n\t<meta name=\"twitter:data1\" content=\"7 minuten\" \/>\n<script type=\"application\/ld+json\" class=\"yoast-schema-graph\">{\"@context\":\"https:\\\/\\\/schema.org\",\"@graph\":[{\"@type\":\"WebPage\",\"@id\":\"https:\\\/\\\/www.bbemg.uliege.be\\\/nl\\\/beroepsmatige-blootstelling-50hz\\\/\",\"url\":\"https:\\\/\\\/www.bbemg.uliege.be\\\/nl\\\/beroepsmatige-blootstelling-50hz\\\/\",\"name\":\"Beroepsmatige blootstelling 50Hz - BBEMG - Belgian BioElectroMagnetics Group\",\"isPartOf\":{\"@id\":\"https:\\\/\\\/www.bbemg.uliege.be\\\/nl\\\/#website\"},\"datePublished\":\"2019-05-21T17:29:39+00:00\",\"dateModified\":\"2024-11-27T10:47:40+00:00\",\"description\":\"laagfrequente elektromagnetische velden zijn overal aanwezig, maar hoe zit het met beroepsmatige blootstelling aan elektromagnetische velden\",\"breadcrumb\":{\"@id\":\"https:\\\/\\\/www.bbemg.uliege.be\\\/nl\\\/beroepsmatige-blootstelling-50hz\\\/#breadcrumb\"},\"inLanguage\":\"nl-NL\",\"potentialAction\":[{\"@type\":\"ReadAction\",\"target\":[\"https:\\\/\\\/www.bbemg.uliege.be\\\/nl\\\/beroepsmatige-blootstelling-50hz\\\/\"]}]},{\"@type\":\"BreadcrumbList\",\"@id\":\"https:\\\/\\\/www.bbemg.uliege.be\\\/nl\\\/beroepsmatige-blootstelling-50hz\\\/#breadcrumb\",\"itemListElement\":[{\"@type\":\"ListItem\",\"position\":1,\"name\":\"Accueil\",\"item\":\"https:\\\/\\\/www.bbemg.uliege.be\\\/nl\\\/accueil\\\/\"},{\"@type\":\"ListItem\",\"position\":2,\"name\":\"Beroepsmatige blootstelling 50Hz\"}]},{\"@type\":\"WebSite\",\"@id\":\"https:\\\/\\\/www.bbemg.uliege.be\\\/nl\\\/#website\",\"url\":\"https:\\\/\\\/www.bbemg.uliege.be\\\/nl\\\/\",\"name\":\"BBEMG - Belgian BioElectroMagnetics Group\",\"description\":\"Analyse des effets biom\u00e9dicaux des champs \u00e9lectriques dans notre vie quotidienne\",\"publisher\":{\"@id\":\"https:\\\/\\\/www.bbemg.uliege.be\\\/nl\\\/#organization\"},\"potentialAction\":[{\"@type\":\"SearchAction\",\"target\":{\"@type\":\"EntryPoint\",\"urlTemplate\":\"https:\\\/\\\/www.bbemg.uliege.be\\\/nl\\\/?s={search_term_string}\"},\"query-input\":{\"@type\":\"PropertyValueSpecification\",\"valueRequired\":true,\"valueName\":\"search_term_string\"}}],\"inLanguage\":\"nl-NL\"},{\"@type\":\"Organization\",\"@id\":\"https:\\\/\\\/www.bbemg.uliege.be\\\/nl\\\/#organization\",\"name\":\"BBEMG\",\"url\":\"https:\\\/\\\/www.bbemg.uliege.be\\\/nl\\\/\",\"logo\":{\"@type\":\"ImageObject\",\"inLanguage\":\"nl-NL\",\"@id\":\"https:\\\/\\\/www.bbemg.uliege.be\\\/nl\\\/#\\\/schema\\\/logo\\\/image\\\/\",\"url\":\"https:\\\/\\\/www.bbemg.uliege.be\\\/wp-content\\\/uploads\\\/2019\\\/05\\\/bbemg-logo-crop.png\",\"contentUrl\":\"https:\\\/\\\/www.bbemg.uliege.be\\\/wp-content\\\/uploads\\\/2019\\\/05\\\/bbemg-logo-crop.png\",\"width\":\"560\",\"height\":\"222\",\"caption\":\"BBEMG\"},\"image\":{\"@id\":\"https:\\\/\\\/www.bbemg.uliege.be\\\/nl\\\/#\\\/schema\\\/logo\\\/image\\\/\"},\"sameAs\":[\"https:\\\/\\\/x.com\\\/bbemg\"]}]}<\/script>\n<!-- \/ Yoast SEO plugin. -->","yoast_head_json":{"title":"Beroepsmatige blootstelling 50Hz - BBEMG - Belgian BioElectroMagnetics Group","description":"laagfrequente elektromagnetische velden zijn overal aanwezig, maar hoe zit het met beroepsmatige blootstelling aan elektromagnetische velden","robots":{"index":"index","follow":"follow","max-snippet":"max-snippet:-1","max-image-preview":"max-image-preview:large","max-video-preview":"max-video-preview:-1"},"canonical":"https:\/\/www.bbemg.uliege.be\/nl\/beroepsmatige-blootstelling-50hz\/","og_locale":"nl_NL","og_type":"article","og_title":"Beroepsmatige blootstelling 50Hz - BBEMG - Belgian BioElectroMagnetics Group","og_description":"laagfrequente elektromagnetische velden zijn overal aanwezig, maar hoe zit het met beroepsmatige blootstelling aan elektromagnetische velden","og_url":"https:\/\/www.bbemg.uliege.be\/nl\/beroepsmatige-blootstelling-50hz\/","og_site_name":"BBEMG - Belgian BioElectroMagnetics Group","article_modified_time":"2024-11-27T10:47:40+00:00","twitter_card":"summary_large_image","twitter_site":"@bbemg","twitter_misc":{"Geschatte leestijd":"7 minuten"},"schema":{"@context":"https:\/\/schema.org","@graph":[{"@type":"WebPage","@id":"https:\/\/www.bbemg.uliege.be\/nl\/beroepsmatige-blootstelling-50hz\/","url":"https:\/\/www.bbemg.uliege.be\/nl\/beroepsmatige-blootstelling-50hz\/","name":"Beroepsmatige blootstelling 50Hz - BBEMG - Belgian BioElectroMagnetics Group","isPartOf":{"@id":"https:\/\/www.bbemg.uliege.be\/nl\/#website"},"datePublished":"2019-05-21T17:29:39+00:00","dateModified":"2024-11-27T10:47:40+00:00","description":"laagfrequente elektromagnetische velden zijn overal aanwezig, maar hoe zit het met beroepsmatige blootstelling aan elektromagnetische velden","breadcrumb":{"@id":"https:\/\/www.bbemg.uliege.be\/nl\/beroepsmatige-blootstelling-50hz\/#breadcrumb"},"inLanguage":"nl-NL","potentialAction":[{"@type":"ReadAction","target":["https:\/\/www.bbemg.uliege.be\/nl\/beroepsmatige-blootstelling-50hz\/"]}]},{"@type":"BreadcrumbList","@id":"https:\/\/www.bbemg.uliege.be\/nl\/beroepsmatige-blootstelling-50hz\/#breadcrumb","itemListElement":[{"@type":"ListItem","position":1,"name":"Accueil","item":"https:\/\/www.bbemg.uliege.be\/nl\/accueil\/"},{"@type":"ListItem","position":2,"name":"Beroepsmatige blootstelling 50Hz"}]},{"@type":"WebSite","@id":"https:\/\/www.bbemg.uliege.be\/nl\/#website","url":"https:\/\/www.bbemg.uliege.be\/nl\/","name":"BBEMG - Belgian BioElectroMagnetics Group","description":"Analyse des effets biom\u00e9dicaux des champs \u00e9lectriques dans notre vie quotidienne","publisher":{"@id":"https:\/\/www.bbemg.uliege.be\/nl\/#organization"},"potentialAction":[{"@type":"SearchAction","target":{"@type":"EntryPoint","urlTemplate":"https:\/\/www.bbemg.uliege.be\/nl\/?s={search_term_string}"},"query-input":{"@type":"PropertyValueSpecification","valueRequired":true,"valueName":"search_term_string"}}],"inLanguage":"nl-NL"},{"@type":"Organization","@id":"https:\/\/www.bbemg.uliege.be\/nl\/#organization","name":"BBEMG","url":"https:\/\/www.bbemg.uliege.be\/nl\/","logo":{"@type":"ImageObject","inLanguage":"nl-NL","@id":"https:\/\/www.bbemg.uliege.be\/nl\/#\/schema\/logo\/image\/","url":"https:\/\/www.bbemg.uliege.be\/wp-content\/uploads\/2019\/05\/bbemg-logo-crop.png","contentUrl":"https:\/\/www.bbemg.uliege.be\/wp-content\/uploads\/2019\/05\/bbemg-logo-crop.png","width":"560","height":"222","caption":"BBEMG"},"image":{"@id":"https:\/\/www.bbemg.uliege.be\/nl\/#\/schema\/logo\/image\/"},"sameAs":["https:\/\/x.com\/bbemg"]}]}},"_links":{"self":[{"href":"https:\/\/www.bbemg.uliege.be\/nl\/wp-json\/wp\/v2\/pages\/2067","targetHints":{"allow":["GET"]}}],"collection":[{"href":"https:\/\/www.bbemg.uliege.be\/nl\/wp-json\/wp\/v2\/pages"}],"about":[{"href":"https:\/\/www.bbemg.uliege.be\/nl\/wp-json\/wp\/v2\/types\/page"}],"author":[{"embeddable":true,"href":"https:\/\/www.bbemg.uliege.be\/nl\/wp-json\/wp\/v2\/users\/1"}],"replies":[{"embeddable":true,"href":"https:\/\/www.bbemg.uliege.be\/nl\/wp-json\/wp\/v2\/comments?post=2067"}],"version-history":[{"count":24,"href":"https:\/\/www.bbemg.uliege.be\/nl\/wp-json\/wp\/v2\/pages\/2067\/revisions"}],"predecessor-version":[{"id":5851,"href":"https:\/\/www.bbemg.uliege.be\/nl\/wp-json\/wp\/v2\/pages\/2067\/revisions\/5851"}],"wp:attachment":[{"href":"https:\/\/www.bbemg.uliege.be\/nl\/wp-json\/wp\/v2\/media?parent=2067"}],"wp:term":[{"taxonomy":"category","embeddable":true,"href":"https:\/\/www.bbemg.uliege.be\/nl\/wp-json\/wp\/v2\/categories?post=2067"},{"taxonomy":"post_tag","embeddable":true,"href":"https:\/\/www.bbemg.uliege.be\/nl\/wp-json\/wp\/v2\/tags?post=2067"}],"curies":[{"name":"wp","href":"https:\/\/api.w.org\/{rel}","templated":true}]}}