{"id":2215,"date":"2019-05-22T11:35:39","date_gmt":"2019-05-22T09:35:39","guid":{"rendered":"https:\/\/www.bbemg.uliege.be\/belgische-wetgeving-voor-de-beroepsbevolking\/"},"modified":"2024-11-27T11:47:45","modified_gmt":"2024-11-27T10:47:45","slug":"belgische-wetgeving-voor-de-beroepsbevolking","status":"publish","type":"page","link":"https:\/\/www.bbemg.uliege.be\/nl\/belgische-wetgeving-voor-de-beroepsbevolking\/","title":{"rendered":"Belgische wetgeving voor de beroepsbevolking"},"content":{"rendered":"[vc_row type=&#8221;in_container&#8221; full_screen_row_position=&#8221;middle&#8221; scene_position=&#8221;center&#8221; text_color=&#8221;dark&#8221; text_align=&#8221;left&#8221; overlay_strength=&#8221;0.3&#8243; shape_divider_position=&#8221;bottom&#8221; bg_image_animation=&#8221;none&#8221; source=&#8221;&#8221; text=&#8221;2013 &#8211; 2017&#8243; font_container=&#8221;tag:h2|text_align:left|color:%2349b0e5&#8243; use_theme_fonts=&#8221;yes&#8221; google_fonts=&#8221;font_family:Abril%20Fatface%3Aregular|font_style:400%20regular%3A400%3Anormal&#8221; css_animation=&#8221;&#8221; link=&#8221;&#8221; el_id=&#8221;&#8221; el_class=&#8221;&#8221; css=&#8221;&#8221;][vc_column column_padding=&#8221;no-extra-padding&#8221; column_padding_position=&#8221;all&#8221; background_color_opacity=&#8221;1&#8243; background_hover_color_opacity=&#8221;1&#8243; column_link_target=&#8221;_self&#8221; column_shadow=&#8221;none&#8221; column_border_radius=&#8221;none&#8221; width=&#8221;1\/1&#8243; tablet_width_inherit=&#8221;default&#8221; tablet_text_alignment=&#8221;default&#8221; phone_text_alignment=&#8221;default&#8221; column_border_width=&#8221;none&#8221; column_border_style=&#8221;solid&#8221; bg_image_animation=&#8221;none&#8221;][heading]\n<h1>Belgische wetgeving voor de beroepsbevolking<\/h1>\n[\/heading][\/vc_column][\/vc_row][vc_row type=&#8221;in_container&#8221; full_screen_row_position=&#8221;middle&#8221; scene_position=&#8221;center&#8221; text_color=&#8221;dark&#8221; text_align=&#8221;left&#8221; overlay_strength=&#8221;0.3&#8243; shape_divider_position=&#8221;bottom&#8221; bg_image_animation=&#8221;none&#8221; source=&#8221;&#8221; text=&#8221;2009-2013&#8243; font_container=&#8221;tag:h3|text_align:left|color:%233f3f3f&#8221; use_theme_fonts=&#8221;yes&#8221; google_fonts=&#8221;font_family:Abril%20Fatface%3Aregular|font_style:400%20regular%3A400%3Anormal&#8221; css_animation=&#8221;&#8221; link=&#8221;&#8221; el_id=&#8221;&#8221; el_class=&#8221;&#8221; css=&#8221;&#8221;][vc_column column_padding=&#8221;no-extra-padding&#8221; column_padding_position=&#8221;all&#8221; background_color_opacity=&#8221;1&#8243; background_hover_color_opacity=&#8221;1&#8243; column_link_target=&#8221;_self&#8221; column_shadow=&#8221;none&#8221; column_border_radius=&#8221;none&#8221; width=&#8221;1\/1&#8243; tablet_width_inherit=&#8221;default&#8221; tablet_text_alignment=&#8221;default&#8221; phone_text_alignment=&#8221;default&#8221; column_border_width=&#8221;none&#8221; column_border_style=&#8221;solid&#8221; bg_image_animation=&#8221;none&#8221;][vc_custom_heading text=&#8221;FEDERALE OVERHEIDSDIENST WERKGELEGENHEID, ARBEID EN SOCIAAL OVERLEG&#8221; font_container=&#8221;tag:h3|text_align:left|color:%233f3f3f&#8221; use_theme_fonts=&#8221;yes&#8221;][vc_column_text css=&#8221;.vc_custom_1557992417339{border-top-width: 1px !important;border-right-width: 1px !important;border-bottom-width: 1px !important;border-left-width: 1px !important;padding-top: 10px !important;padding-right: 10px !important;padding-bottom: 10px !important;padding-left: 10px !important;border-left-color: #262626 !important;border-left-style: dashed !important;border-right-color: #262626 !important;border-right-style: dashed !important;border-top-color: #262626 !important;border-top-style: dashed !important;border-bottom-color: #262626 !important;border-bottom-style: dashed !important;}&#8221;]\n<div class=\"info\">\n<h4>Arr\u00eat\u00e9 royal relatif \u00e0 la protection de la sant\u00e9 et de la s\u00e9curit\u00e9 des travailleurs contre les risques li\u00e9s aux champs \u00e9lectromagn\u00e9tiques sur le lieu de travail<\/h4>\n<p>Voir le <a href=\"https:\/\/www.bbemg.uliege.be\/files\/KB_AR_20.05.16-BS_MB_10.06.2016.pdf\" target=\"_blank\" rel=\"noopener noreferrer\">Moniteur belge\u00a0&#8211; 10.06.2016<\/a><\/p>\n<\/div>\n[\/vc_column_text][vc_column_text]Ce d\u00e9cret royal transpose en droit belge la <a href=\"https:\/\/www.bbemg.uliege.be\/directives-de-lunion-europeenne-pour-les-travailleurs\/?lang=fr\">Directive 2013\/35\/UE<\/a> du Parlement europ\u00e9en et du Conseil du 26 juin 2013 concernant les prescriptions minimales de s\u00e9curit\u00e9 et de sant\u00e9 relatives \u00e0 l&#8217;exposition des travailleurs aux risques dus aux agents physiques (champs \u00e9lectromagn\u00e9tiques).[\/vc_column_text][\/vc_column][\/vc_row][vc_row type=&#8221;in_container&#8221; full_screen_row_position=&#8221;middle&#8221; scene_position=&#8221;center&#8221; text_color=&#8221;dark&#8221; text_align=&#8221;left&#8221; overlay_strength=&#8221;0.3&#8243; shape_divider_position=&#8221;bottom&#8221; bg_image_animation=&#8221;none&#8221; source=&#8221;&#8221; text=&#8221;2013 &#8211; 2017&#8243; font_container=&#8221;tag:h2|text_align:left|color:%2349b0e5&#8243; use_theme_fonts=&#8221;yes&#8221; google_fonts=&#8221;font_family:Abril%20Fatface%3Aregular|font_style:400%20regular%3A400%3Anormal&#8221; css_animation=&#8221;&#8221; link=&#8221;&#8221; el_id=&#8221;&#8221; el_class=&#8221;&#8221; css=&#8221;&#8221;][vc_column column_padding=&#8221;no-extra-padding&#8221; column_padding_position=&#8221;all&#8221; background_color_opacity=&#8221;1&#8243; background_hover_color_opacity=&#8221;1&#8243; column_link_target=&#8221;_self&#8221; column_shadow=&#8221;none&#8221; column_border_radius=&#8221;none&#8221; width=&#8221;1\/1&#8243; tablet_width_inherit=&#8221;default&#8221; tablet_text_alignment=&#8221;default&#8221; phone_text_alignment=&#8221;default&#8221; column_border_width=&#8221;none&#8221; column_border_style=&#8221;solid&#8221; bg_image_animation=&#8221;none&#8221;][vc_custom_heading text=&#8221;Documenten &amp; Links&#8221; font_container=&#8221;tag:h2|text_align:left|color:%2349b0e5&#8243; use_theme_fonts=&#8221;yes&#8221;][vc_column_text]\n<ul>\n<li><a href=\"https:\/\/www.bbemg.uliege.be\/risque-lie-a-lexposition-aux-champs-electromagnetiques-des-travailleurs-porteurs-de-dispositifs-medicaux-implantables-actifs-implants-cardiovasculaires\/?lang=fr\">Travailleurs avec pacemaker<\/a><\/li>\n<li><a href=\"http:\/\/www.emploi.belgique.be\/moduleDefault.aspx?id=1964\" target=\"_blank\" rel=\"noopener noreferrer\">R\u00e8glement G\u00e9n\u00e9ral de la Protection des Travailleurs<\/a> (RGPT)<\/li>\n<li><a href=\"http:\/\/www.bsoh.be\/?q=fr\/node\/102\" target=\"_blank\" rel=\"noopener noreferrer\">Rayonnements non-ionisants<\/a>:\u00a0Belgian Society for Occupational Hygiene<\/li>\n<li><a href=\"http:\/\/eur-lex.europa.eu\/LexUriServ\/LexUriServ.do?uri=OJ:L:2013:179:0001:0021:FR:PDF\" target=\"_blank\" rel=\"noopener noreferrer\">DIRECTIVE 2013\/35\/UE DU PARLEMENT EUROP\u00c9EN ET DU CONSEIL\u00a0du 26 juin 2013\u00a0concernant les prescriptions minimales de s\u00e9curit\u00e9 et de sant\u00e9 relatives \u00e0 l\u2019exposition des travailleurs aux risques dus aux agents physiques (champs \u00e9lectromagn\u00e9tiques)<\/a><\/li>\n<\/ul>\n[\/vc_column_text][\/vc_column][\/vc_row][vc_row type=&#8221;in_container&#8221; full_screen_row_position=&#8221;middle&#8221; scene_position=&#8221;center&#8221; text_color=&#8221;dark&#8221; text_align=&#8221;left&#8221; overlay_strength=&#8221;0.3&#8243; shape_divider_position=&#8221;bottom&#8221; bg_image_animation=&#8221;none&#8221; source=&#8221;&#8221; text=&#8221;2013 &#8211; 2017&#8243; font_container=&#8221;tag:h2|text_align:left|color:%2349b0e5&#8243; use_theme_fonts=&#8221;yes&#8221; google_fonts=&#8221;font_family:Abril%20Fatface%3Aregular|font_style:400%20regular%3A400%3Anormal&#8221; css_animation=&#8221;&#8221; link=&#8221;&#8221; el_id=&#8221;&#8221; el_class=&#8221;&#8221; css=&#8221;&#8221;][vc_column column_padding=&#8221;no-extra-padding&#8221; column_padding_position=&#8221;all&#8221; background_color_opacity=&#8221;1&#8243; background_hover_color_opacity=&#8221;1&#8243; column_link_target=&#8221;_self&#8221; column_shadow=&#8221;none&#8221; column_border_radius=&#8221;none&#8221; width=&#8221;1\/1&#8243; tablet_width_inherit=&#8221;default&#8221; tablet_text_alignment=&#8221;default&#8221; phone_text_alignment=&#8221;default&#8221; column_border_width=&#8221;none&#8221; column_border_style=&#8221;solid&#8221; bg_image_animation=&#8221;none&#8221;][vc_custom_heading text=&#8221;Andere informatie dat u wellicht interessant zult vinden &#8230;&#8221; font_container=&#8221;tag:h2|text_align:left|color:%2349b0e5&#8243; use_theme_fonts=&#8221;yes&#8221;][vc_column_text]\n<ul>\n<li><a href=\"https:\/\/www.bbemg.uliege.be\/gestion-des-risques-et-reglementation-en-matiere-de-cem\/?lang=fr\">Revue de litt\u00e9rature: Gestion des risques<\/a><\/li>\n<li><a href=\"https:\/\/www.bbemg.uliege.be\/faq-sur-les-directives-et-les-normes\/?lang=fr\">FAQ sur les directives et les normes<\/a><\/li>\n<li><a href=\"https:\/\/www.bbemg.uliege.be\/la-question-du-risque-sur-la-sante-normes-recherche-et-analyse-de-lexposition\/?lang=fr\">La question du risque sur la sant\u00e9<\/a> (voir Normes et recommandations)<\/li>\n<\/ul>\n[\/vc_column_text][\/vc_column][\/vc_row]\n","protected":false},"excerpt":{"rendered":"<p>[vc_row type=&#8221;in_container&#8221; full_screen_row_position=&#8221;middle&#8221; scene_position=&#8221;center&#8221; text_color=&#8221;dark&#8221; text_align=&#8221;left&#8221; overlay_strength=&#8221;0.3&#8243; shape_divider_position=&#8221;bottom&#8221; bg_image_animation=&#8221;none&#8221; source=&#8221;&#8221; text=&#8221;2013 &#8211; 2017&#8243; font_container=&#8221;tag:h2|text_align:left|color:%2349b0e5&#8243; use_theme_fonts=&#8221;yes&#8221; google_fonts=&#8221;font_family:Abril%20Fatface%3Aregular|font_style:400%20regular%3A400%3Anormal&#8221; css_animation=&#8221;&#8221; link=&#8221;&#8221; el_id=&#8221;&#8221; el_class=&#8221;&#8221; css=&#8221;&#8221;][vc_column column_padding=&#8221;no-extra-padding&#8221; column_padding_position=&#8221;all&#8221; background_color_opacity=&#8221;1&#8243; background_hover_color_opacity=&#8221;1&#8243; column_link_target=&#8221;_self&#8221; column_shadow=&#8221;none&#8221; column_border_radius=&#8221;none&#8221; width=&#8221;1\/1&#8243; tablet_width_inherit=&#8221;default&#8221;&#8230;<\/p>\n","protected":false},"author":1,"featured_media":0,"parent":0,"menu_order":0,"comment_status":"closed","ping_status":"closed","template":"page-sidebar.php","meta":{"footnotes":""},"categories":[],"tags":[],"class_list":["post-2215","page","type-page","status-publish"],"yoast_head":"<!-- This site is optimized with the Yoast SEO plugin v27.5 - https:\/\/yoast.com\/product\/yoast-seo-wordpress\/ -->\n<title>Belgische wetgeving voor de beroepsbevolking - BBEMG - Belgian BioElectroMagnetics Group<\/title>\n<meta name=\"description\" content=\"Voor beroepsmatige blootstelling volgt Belgi\u00eb de EU-richtlijn 2013\/35\/EU.\" \/>\n<meta name=\"robots\" content=\"index, follow, max-snippet:-1, max-image-preview:large, max-video-preview:-1\" \/>\n<link rel=\"canonical\" href=\"https:\/\/www.bbemg.uliege.be\/nl\/belgische-wetgeving-voor-de-beroepsbevolking\/\" \/>\n<meta property=\"og:locale\" content=\"nl_NL\" \/>\n<meta property=\"og:type\" content=\"article\" \/>\n<meta property=\"og:title\" content=\"Belgische wetgeving voor de beroepsbevolking - BBEMG - Belgian BioElectroMagnetics Group\" \/>\n<meta property=\"og:description\" content=\"Voor beroepsmatige blootstelling volgt Belgi\u00eb de EU-richtlijn 2013\/35\/EU.\" \/>\n<meta property=\"og:url\" content=\"https:\/\/www.bbemg.uliege.be\/nl\/belgische-wetgeving-voor-de-beroepsbevolking\/\" \/>\n<meta property=\"og:site_name\" content=\"BBEMG - Belgian BioElectroMagnetics Group\" \/>\n<meta property=\"article:modified_time\" content=\"2024-11-27T10:47:45+00:00\" \/>\n<meta name=\"twitter:card\" content=\"summary_large_image\" \/>\n<meta name=\"twitter:site\" content=\"@bbemg\" \/>\n<meta name=\"twitter:label1\" content=\"Geschatte leestijd\" \/>\n\t<meta name=\"twitter:data1\" content=\"4 minuten\" \/>\n<script type=\"application\/ld+json\" class=\"yoast-schema-graph\">{\"@context\":\"https:\\\/\\\/schema.org\",\"@graph\":[{\"@type\":\"WebPage\",\"@id\":\"https:\\\/\\\/www.bbemg.uliege.be\\\/nl\\\/belgische-wetgeving-voor-de-beroepsbevolking\\\/\",\"url\":\"https:\\\/\\\/www.bbemg.uliege.be\\\/nl\\\/belgische-wetgeving-voor-de-beroepsbevolking\\\/\",\"name\":\"Belgische wetgeving voor de beroepsbevolking - BBEMG - Belgian BioElectroMagnetics Group\",\"isPartOf\":{\"@id\":\"https:\\\/\\\/www.bbemg.uliege.be\\\/nl\\\/#website\"},\"datePublished\":\"2019-05-22T09:35:39+00:00\",\"dateModified\":\"2024-11-27T10:47:45+00:00\",\"description\":\"Voor beroepsmatige blootstelling volgt Belgi\u00eb de EU-richtlijn 2013\\\/35\\\/EU.\",\"breadcrumb\":{\"@id\":\"https:\\\/\\\/www.bbemg.uliege.be\\\/nl\\\/belgische-wetgeving-voor-de-beroepsbevolking\\\/#breadcrumb\"},\"inLanguage\":\"nl-NL\",\"potentialAction\":[{\"@type\":\"ReadAction\",\"target\":[\"https:\\\/\\\/www.bbemg.uliege.be\\\/nl\\\/belgische-wetgeving-voor-de-beroepsbevolking\\\/\"]}]},{\"@type\":\"BreadcrumbList\",\"@id\":\"https:\\\/\\\/www.bbemg.uliege.be\\\/nl\\\/belgische-wetgeving-voor-de-beroepsbevolking\\\/#breadcrumb\",\"itemListElement\":[{\"@type\":\"ListItem\",\"position\":1,\"name\":\"Accueil\",\"item\":\"https:\\\/\\\/www.bbemg.uliege.be\\\/nl\\\/accueil\\\/\"},{\"@type\":\"ListItem\",\"position\":2,\"name\":\"Belgische wetgeving voor de beroepsbevolking\"}]},{\"@type\":\"WebSite\",\"@id\":\"https:\\\/\\\/www.bbemg.uliege.be\\\/nl\\\/#website\",\"url\":\"https:\\\/\\\/www.bbemg.uliege.be\\\/nl\\\/\",\"name\":\"BBEMG - Belgian BioElectroMagnetics Group\",\"description\":\"Analyse des effets biom\u00e9dicaux des champs \u00e9lectriques dans notre vie quotidienne\",\"publisher\":{\"@id\":\"https:\\\/\\\/www.bbemg.uliege.be\\\/nl\\\/#organization\"},\"potentialAction\":[{\"@type\":\"SearchAction\",\"target\":{\"@type\":\"EntryPoint\",\"urlTemplate\":\"https:\\\/\\\/www.bbemg.uliege.be\\\/nl\\\/?s={search_term_string}\"},\"query-input\":{\"@type\":\"PropertyValueSpecification\",\"valueRequired\":true,\"valueName\":\"search_term_string\"}}],\"inLanguage\":\"nl-NL\"},{\"@type\":\"Organization\",\"@id\":\"https:\\\/\\\/www.bbemg.uliege.be\\\/nl\\\/#organization\",\"name\":\"BBEMG\",\"url\":\"https:\\\/\\\/www.bbemg.uliege.be\\\/nl\\\/\",\"logo\":{\"@type\":\"ImageObject\",\"inLanguage\":\"nl-NL\",\"@id\":\"https:\\\/\\\/www.bbemg.uliege.be\\\/nl\\\/#\\\/schema\\\/logo\\\/image\\\/\",\"url\":\"https:\\\/\\\/www.bbemg.uliege.be\\\/wp-content\\\/uploads\\\/2019\\\/05\\\/bbemg-logo-crop.png\",\"contentUrl\":\"https:\\\/\\\/www.bbemg.uliege.be\\\/wp-content\\\/uploads\\\/2019\\\/05\\\/bbemg-logo-crop.png\",\"width\":\"560\",\"height\":\"222\",\"caption\":\"BBEMG\"},\"image\":{\"@id\":\"https:\\\/\\\/www.bbemg.uliege.be\\\/nl\\\/#\\\/schema\\\/logo\\\/image\\\/\"},\"sameAs\":[\"https:\\\/\\\/x.com\\\/bbemg\"]}]}<\/script>\n<!-- \/ Yoast SEO plugin. -->","yoast_head_json":{"title":"Belgische wetgeving voor de beroepsbevolking - BBEMG - Belgian BioElectroMagnetics Group","description":"Voor beroepsmatige blootstelling volgt Belgi\u00eb de EU-richtlijn 2013\/35\/EU.","robots":{"index":"index","follow":"follow","max-snippet":"max-snippet:-1","max-image-preview":"max-image-preview:large","max-video-preview":"max-video-preview:-1"},"canonical":"https:\/\/www.bbemg.uliege.be\/nl\/belgische-wetgeving-voor-de-beroepsbevolking\/","og_locale":"nl_NL","og_type":"article","og_title":"Belgische wetgeving voor de beroepsbevolking - BBEMG - Belgian BioElectroMagnetics Group","og_description":"Voor beroepsmatige blootstelling volgt Belgi\u00eb de EU-richtlijn 2013\/35\/EU.","og_url":"https:\/\/www.bbemg.uliege.be\/nl\/belgische-wetgeving-voor-de-beroepsbevolking\/","og_site_name":"BBEMG - Belgian BioElectroMagnetics Group","article_modified_time":"2024-11-27T10:47:45+00:00","twitter_card":"summary_large_image","twitter_site":"@bbemg","twitter_misc":{"Geschatte leestijd":"4 minuten"},"schema":{"@context":"https:\/\/schema.org","@graph":[{"@type":"WebPage","@id":"https:\/\/www.bbemg.uliege.be\/nl\/belgische-wetgeving-voor-de-beroepsbevolking\/","url":"https:\/\/www.bbemg.uliege.be\/nl\/belgische-wetgeving-voor-de-beroepsbevolking\/","name":"Belgische wetgeving voor de beroepsbevolking - BBEMG - Belgian BioElectroMagnetics Group","isPartOf":{"@id":"https:\/\/www.bbemg.uliege.be\/nl\/#website"},"datePublished":"2019-05-22T09:35:39+00:00","dateModified":"2024-11-27T10:47:45+00:00","description":"Voor beroepsmatige blootstelling volgt Belgi\u00eb de EU-richtlijn 2013\/35\/EU.","breadcrumb":{"@id":"https:\/\/www.bbemg.uliege.be\/nl\/belgische-wetgeving-voor-de-beroepsbevolking\/#breadcrumb"},"inLanguage":"nl-NL","potentialAction":[{"@type":"ReadAction","target":["https:\/\/www.bbemg.uliege.be\/nl\/belgische-wetgeving-voor-de-beroepsbevolking\/"]}]},{"@type":"BreadcrumbList","@id":"https:\/\/www.bbemg.uliege.be\/nl\/belgische-wetgeving-voor-de-beroepsbevolking\/#breadcrumb","itemListElement":[{"@type":"ListItem","position":1,"name":"Accueil","item":"https:\/\/www.bbemg.uliege.be\/nl\/accueil\/"},{"@type":"ListItem","position":2,"name":"Belgische wetgeving voor de beroepsbevolking"}]},{"@type":"WebSite","@id":"https:\/\/www.bbemg.uliege.be\/nl\/#website","url":"https:\/\/www.bbemg.uliege.be\/nl\/","name":"BBEMG - Belgian BioElectroMagnetics Group","description":"Analyse des effets biom\u00e9dicaux des champs \u00e9lectriques dans notre vie quotidienne","publisher":{"@id":"https:\/\/www.bbemg.uliege.be\/nl\/#organization"},"potentialAction":[{"@type":"SearchAction","target":{"@type":"EntryPoint","urlTemplate":"https:\/\/www.bbemg.uliege.be\/nl\/?s={search_term_string}"},"query-input":{"@type":"PropertyValueSpecification","valueRequired":true,"valueName":"search_term_string"}}],"inLanguage":"nl-NL"},{"@type":"Organization","@id":"https:\/\/www.bbemg.uliege.be\/nl\/#organization","name":"BBEMG","url":"https:\/\/www.bbemg.uliege.be\/nl\/","logo":{"@type":"ImageObject","inLanguage":"nl-NL","@id":"https:\/\/www.bbemg.uliege.be\/nl\/#\/schema\/logo\/image\/","url":"https:\/\/www.bbemg.uliege.be\/wp-content\/uploads\/2019\/05\/bbemg-logo-crop.png","contentUrl":"https:\/\/www.bbemg.uliege.be\/wp-content\/uploads\/2019\/05\/bbemg-logo-crop.png","width":"560","height":"222","caption":"BBEMG"},"image":{"@id":"https:\/\/www.bbemg.uliege.be\/nl\/#\/schema\/logo\/image\/"},"sameAs":["https:\/\/x.com\/bbemg"]}]}},"_links":{"self":[{"href":"https:\/\/www.bbemg.uliege.be\/nl\/wp-json\/wp\/v2\/pages\/2215","targetHints":{"allow":["GET"]}}],"collection":[{"href":"https:\/\/www.bbemg.uliege.be\/nl\/wp-json\/wp\/v2\/pages"}],"about":[{"href":"https:\/\/www.bbemg.uliege.be\/nl\/wp-json\/wp\/v2\/types\/page"}],"author":[{"embeddable":true,"href":"https:\/\/www.bbemg.uliege.be\/nl\/wp-json\/wp\/v2\/users\/1"}],"replies":[{"embeddable":true,"href":"https:\/\/www.bbemg.uliege.be\/nl\/wp-json\/wp\/v2\/comments?post=2215"}],"version-history":[{"count":2,"href":"https:\/\/www.bbemg.uliege.be\/nl\/wp-json\/wp\/v2\/pages\/2215\/revisions"}],"predecessor-version":[{"id":6613,"href":"https:\/\/www.bbemg.uliege.be\/nl\/wp-json\/wp\/v2\/pages\/2215\/revisions\/6613"}],"wp:attachment":[{"href":"https:\/\/www.bbemg.uliege.be\/nl\/wp-json\/wp\/v2\/media?parent=2215"}],"wp:term":[{"taxonomy":"category","embeddable":true,"href":"https:\/\/www.bbemg.uliege.be\/nl\/wp-json\/wp\/v2\/categories?post=2215"},{"taxonomy":"post_tag","embeddable":true,"href":"https:\/\/www.bbemg.uliege.be\/nl\/wp-json\/wp\/v2\/tags?post=2215"}],"curies":[{"name":"wp","href":"https:\/\/api.w.org\/{rel}","templated":true}]}}