{"id":2279,"date":"2019-05-22T11:51:54","date_gmt":"2019-05-22T09:51:54","guid":{"rendered":"https:\/\/www.bbemg.uliege.be\/semicirculaire-lipoatrofie\/"},"modified":"2024-11-27T11:47:47","modified_gmt":"2024-11-27T10:47:47","slug":"semicirculaire-lipoatrofie","status":"publish","type":"page","link":"https:\/\/www.bbemg.uliege.be\/nl\/semicirculaire-lipoatrofie\/","title":{"rendered":"Semicirculaire lipoatrofie"},"content":{"rendered":"[vc_row type=&#8221;in_container&#8221; full_screen_row_position=&#8221;middle&#8221; scene_position=&#8221;center&#8221; text_color=&#8221;dark&#8221; text_align=&#8221;left&#8221; overlay_strength=&#8221;0.3&#8243; shape_divider_position=&#8221;bottom&#8221; bg_image_animation=&#8221;none&#8221;][vc_column column_padding=&#8221;no-extra-padding&#8221; column_padding_position=&#8221;all&#8221; background_color_opacity=&#8221;1&#8243; background_hover_color_opacity=&#8221;1&#8243; column_link_target=&#8221;_self&#8221; column_shadow=&#8221;none&#8221; column_border_radius=&#8221;none&#8221; width=&#8221;1\/1&#8243; tablet_width_inherit=&#8221;default&#8221; tablet_text_alignment=&#8221;default&#8221; phone_text_alignment=&#8221;default&#8221; column_border_width=&#8221;none&#8221; column_border_style=&#8221;solid&#8221; bg_image_animation=&#8221;none&#8221;][heading]\n<h1>Lipoatrophie semi-circulaire (1999-2005)<\/h1>\n[\/heading][\/vc_column][\/vc_row][vc_row type=&#8221;in_container&#8221; full_screen_row_position=&#8221;middle&#8221; equal_height=&#8221;yes&#8221; content_placement=&#8221;middle&#8221; scene_position=&#8221;center&#8221; text_color=&#8221;dark&#8221; text_align=&#8221;left&#8221; overlay_strength=&#8221;0.3&#8243; shape_divider_position=&#8221;bottom&#8221; bg_image_animation=&#8221;none&#8221; shape_type=&#8221;&#8221;][vc_column column_padding=&#8221;no-extra-padding&#8221; column_padding_position=&#8221;all&#8221; background_color_opacity=&#8221;1&#8243; background_hover_color_opacity=&#8221;1&#8243; column_link_target=&#8221;_self&#8221; column_shadow=&#8221;none&#8221; column_border_radius=&#8221;none&#8221; width=&#8221;1\/2&#8243; tablet_width_inherit=&#8221;default&#8221; tablet_text_alignment=&#8221;default&#8221; phone_text_alignment=&#8221;default&#8221; column_border_width=&#8221;none&#8221; column_border_style=&#8221;solid&#8221; bg_image_animation=&#8221;none&#8221; offset=&#8221;vc_col-lg-offset-3 vc_col-lg-3 vc_col-md-offset-3 vc_col-md-3&#8243;][image_with_animation image_url=&#8221;130&#8243; alignment=&#8221;&#8221; animation=&#8221;None&#8221; img_link_target=&#8221;_blank&#8221; border_radius=&#8221;none&#8221; box_shadow=&#8221;none&#8221; max_width=&#8221;100%&#8221; img_link=&#8221;http:\/\/www.vito.be\/&#8221;][\/vc_column][vc_column column_padding=&#8221;no-extra-padding&#8221; column_padding_position=&#8221;all&#8221; background_color_opacity=&#8221;1&#8243; background_hover_color_opacity=&#8221;1&#8243; column_link_target=&#8221;_self&#8221; column_shadow=&#8221;none&#8221; column_border_radius=&#8221;none&#8221; width=&#8221;1\/2&#8243; tablet_width_inherit=&#8221;default&#8221; tablet_text_alignment=&#8221;default&#8221; phone_text_alignment=&#8221;default&#8221; column_border_width=&#8221;none&#8221; column_border_style=&#8221;solid&#8221; bg_image_animation=&#8221;none&#8221; offset=&#8221;vc_col-lg-3 vc_col-md-3&#8243;][vc_column_text]\n<p style=\"text-align: center;\">VITO<br \/>\n<strong>Milieu toxicologie<\/strong><br \/>\nMol, Belgi\u00eb<\/p>\n[\/vc_column_text][\/vc_column][\/vc_row][vc_row type=&#8221;in_container&#8221; full_screen_row_position=&#8221;middle&#8221; scene_position=&#8221;center&#8221; text_color=&#8221;dark&#8221; text_align=&#8221;left&#8221; overlay_strength=&#8221;0.3&#8243; shape_divider_position=&#8221;bottom&#8221; bg_image_animation=&#8221;none&#8221;][vc_column column_padding=&#8221;no-extra-padding&#8221; column_padding_position=&#8221;all&#8221; background_color_opacity=&#8221;1&#8243; background_hover_color_opacity=&#8221;1&#8243; column_link_target=&#8221;_self&#8221; column_shadow=&#8221;none&#8221; column_border_radius=&#8221;none&#8221; width=&#8221;1\/1&#8243; tablet_width_inherit=&#8221;default&#8221; tablet_text_alignment=&#8221;default&#8221; phone_text_alignment=&#8221;default&#8221; column_border_width=&#8221;none&#8221; column_border_style=&#8221;solid&#8221; bg_image_animation=&#8221;none&#8221;][divider line_type=&#8221;Full Width Line&#8221; line_thickness=&#8221;1&#8243; divider_color=&#8221;default&#8221;][\/vc_column][\/vc_row][vc_row type=&#8221;in_container&#8221; full_screen_row_position=&#8221;middle&#8221; scene_position=&#8221;center&#8221; text_color=&#8221;dark&#8221; text_align=&#8221;left&#8221; overlay_strength=&#8221;0.3&#8243; shape_divider_position=&#8221;bottom&#8221; bg_image_animation=&#8221;none&#8221; source=&#8221;&#8221; text=&#8221;2013 &#8211; 2017&#8243; font_container=&#8221;tag:h2|text_align:left|color:%2349b0e5&#8243; use_theme_fonts=&#8221;yes&#8221; google_fonts=&#8221;font_family:Abril%20Fatface%3Aregular|font_style:400%20regular%3A400%3Anormal&#8221; css_animation=&#8221;&#8221; link=&#8221;&#8221; el_id=&#8221;&#8221; el_class=&#8221;&#8221; css=&#8221;&#8221;][vc_column column_padding=&#8221;no-extra-padding&#8221; column_padding_position=&#8221;all&#8221; background_color_opacity=&#8221;1&#8243; background_hover_color_opacity=&#8221;1&#8243; column_link_target=&#8221;_self&#8221; column_shadow=&#8221;none&#8221; column_border_radius=&#8221;none&#8221; width=&#8221;1\/1&#8243; tablet_width_inherit=&#8221;default&#8221; tablet_text_alignment=&#8221;default&#8221; phone_text_alignment=&#8221;default&#8221; column_border_width=&#8221;none&#8221; column_border_style=&#8221;solid&#8221; bg_image_animation=&#8221;none&#8221;][vc_custom_heading text=&#8221;Activiteitenverslagen&#8221; font_container=&#8221;tag:h2|text_align:left|color:%2349b0e5&#8243; use_theme_fonts=&#8221;yes&#8221;][vc_custom_heading text=&#8221;2001-2005&#8243; font_container=&#8221;tag:h3|text_align:left|color:%233f3f3f&#8221; use_theme_fonts=&#8221;yes&#8221;][vc_column_text]<strong>L. Verschaeve, A. Maes &amp; R. Anthonissen<\/strong><\/p>\n<p>Des personnes atteintes de <strong>Lipoatrophie semi-circulaire<\/strong> (marques semi-circulaires sur la peau au niveau des cuisses, caus\u00e9es par la disparition (atrophie) du tissu graisseux sous-cutan\u00e9) pr\u00e9sentent des effets au niveau des globules blancs, ce qui est en accord avec notre hypoth\u00e8se d&#8217;une origine \u00e9lectromagn\u00e9tique de ce trouble (voir le rapport de 1999-2000).<\/p>\n<p>Voir de plus amples informations sur la\u00a0<a href=\"https:\/\/www.bbemg.uliege.be\/lipoatrophie-semi-circulaire\/?lang=fr\">Lipoatrophie semi-circulaire<\/a>.[\/vc_column_text][vc_custom_heading text=&#8221;1999-2000&#8243; font_container=&#8221;tag:h3|text_align:left|color:%233f3f3f&#8221; use_theme_fonts=&#8221;yes&#8221;][vc_column_text]<strong>L. Verschaeve, A. Maes &amp; R. Anthonissen<\/strong><\/p>\n<p>Une \u00e9tude &#8220;hors contrat&#8221; a \u00e9t\u00e9 effectu\u00e9e. Nous en rapportons \u00e9galement les r\u00e9sultats pr\u00e9liminaires puisqu&#8217;ils peuvent avoir un int\u00e9r\u00eat pour les membres du BBEMG.<\/p>\n<p>Cette\u00a0\u00e9tude concerne la &#8221; lipoatrophie semi-circulaire &#8220;. Il s&#8217;agit d&#8217;une condition idiopathique qui touche surtout les femmes. Elle est caract\u00e9ris\u00e9e par une ou deux d\u00e9pressions semi-circulaires qui apparaissent g\u00e9n\u00e9ralement de mani\u00e8re sym\u00e9trique sur les deux cuisses. Jusqu&#8217;\u00e0 maintenant cette condition n&#8217;a \u00e9t\u00e9 rapport\u00e9e que tr\u00e8s sporadiquement dans la litt\u00e9rature scientifique mais r\u00e9cemment, la lipoatrophie semi-circulaire fut diagnostiqu\u00e9e chez plusieurs centaines de personnes travaillant dans les services administratifs de certaines entreprises belges. Depuis lors d&#8217;autres cas ont \u00e9t\u00e9 signal\u00e9s en Belgique mais \u00e9galement aux Pays Bas. Les causes de ce qui pourrait devenir une nouvelle maladie professionnelle ne sont pas connues. Nous avons entam\u00e9 une \u00e9tude afin d&#8217;\u00e9lucider le ph\u00e9nom\u00e8ne et avons accumul\u00e9 un grand nombre d&#8217;arguments en faveur d&#8217;une origine \u00e9lectromagn\u00e9tique. Nous pensons que le ph\u00e9nom\u00e8ne peut s&#8217;expliquer par le couplage galvanique ou capacitif entre le corps et un mat\u00e9riau (bureaux) charg\u00e9. L&#8217;hypoth\u00e8se sera v\u00e9rifi\u00e9e en laboratoire.<\/p>\n<p>Voir de plus amples informations sur la\u00a0<a href=\"https:\/\/www.bbemg.uliege.be\/lipoatrophie-semi-circulaire\/?lang=fr\">Lipoatrophie semi-circulaire<\/a>.[\/vc_column_text][\/vc_column][\/vc_row][vc_row type=&#8221;in_container&#8221; full_screen_row_position=&#8221;middle&#8221; scene_position=&#8221;center&#8221; text_color=&#8221;dark&#8221; text_align=&#8221;left&#8221; overlay_strength=&#8221;0.3&#8243; shape_divider_position=&#8221;bottom&#8221; bg_image_animation=&#8221;none&#8221; source=&#8221;&#8221; text=&#8221;2013 &#8211; 2017&#8243; font_container=&#8221;tag:h2|text_align:left|color:%2349b0e5&#8243; use_theme_fonts=&#8221;yes&#8221; google_fonts=&#8221;font_family:Abril%20Fatface%3Aregular|font_style:400%20regular%3A400%3Anormal&#8221; css_animation=&#8221;&#8221; link=&#8221;&#8221; el_id=&#8221;&#8221; el_class=&#8221;&#8221; css=&#8221;&#8221;][vc_column column_padding=&#8221;no-extra-padding&#8221; column_padding_position=&#8221;all&#8221; background_color_opacity=&#8221;1&#8243; background_hover_color_opacity=&#8221;1&#8243; column_link_target=&#8221;_self&#8221; column_shadow=&#8221;none&#8221; column_border_radius=&#8221;none&#8221; width=&#8221;1\/1&#8243; tablet_width_inherit=&#8221;default&#8221; tablet_text_alignment=&#8221;default&#8221; phone_text_alignment=&#8221;default&#8221; column_border_width=&#8221;none&#8221; column_border_style=&#8221;solid&#8221; bg_image_animation=&#8221;none&#8221;][vc_custom_heading text=&#8221;Publicaties&#8221; font_container=&#8221;tag:h2|text_align:left|color:%2349b0e5&#8243; use_theme_fonts=&#8221;yes&#8221;]<div class=\"nectar-fancy-ul\" data-list-icon=\"icon-salient-thin-line\" data-animation=\"false\" data-animation-delay=\"0\" data-color=\"accent-color\" data-spacing=\"default\" data-alignment=\"left\"> Verschaeve L., &amp; Maes A. (2009)<br \/>\nSupport for the hypothesis that electro-stimulation is responsible for\u00a0<em>Lipoatrophia semicircularis<\/em>.\u00a0<strong>Med. Hypotheses<\/strong>, 73,\u00a0802-806.<\/p>\n<p>Verschaeve L., &amp; Maes A. (2009)<br \/>\nIn vitro investigations related to the &#8216;electromagnetic hypothesis&#8217; of\u00a0<em>Lipoatrophia semicircularis<\/em>.\u00a0<strong>J. Appl. Toxicol\u00a0<\/strong>., 29, 478-482<em>.<\/em><\/p>\n<p>Curvers, B., &amp; Maes, A. (2004).<br \/>\nLipoatrophia semicircularis: a new office disease? 900 cases reported in Belgium .\u00a0<strong>Arbeidsgezondheidszorg &amp; Ergonomie\u00a0<\/strong>. Band XLI. N\u00b02-2004. M\u00e9decine du Travail &amp; Ergonomie. Volume XLI. N\u00b02-2004.<\/p>\n<p>Maes A., Curvers B., &amp; Verschaeve L. (2003)<br \/>\nLipoatrophia semicircularis: the electromagnetic hypothesis.\u00a0<strong>Electromagnet. Biol. Med.\u00a0<\/strong>22, 183-193.<\/p>\n<p>Maes, A. (2002).<br \/>\nLa lipoatrophie semicirculaire, une nouvelle maladie professionnelle.\u00a0<strong>La s\u00e9curit\u00e9 au travail\u00a0<\/strong>, 4, 21 f\u00e9vrier 2002, Editions Kluwer.<\/p>\n<p>Maes, A . (2002).<br \/>\nElektromagnetische straling, mogelijke gezondheidseffecten met speciale aan dacht voor een nieuw beroepsgebonden fenomeen\u00a0: Lipoatrophia semicircularis.\u00a0<strong>Nieuwsbrief van de Nederlandse Vereniging voor Arbeidshygi\u00ebne\u00a0<\/strong>(NVvA), n\u00b03, september 2002, p 9-10.<\/p>\n<p>Maes, A. (2001)<br \/>\nRibbeldijen (Lipoatrophia semicircularis), een nieuwe beroepsgebonden aan doening.\u00a0<strong>Nieuwsbrief Arbeidsveiligheid Kluwer\u00a0<\/strong>, jaargang 20, n\u00b0 21, p 2-4.<\/p>\n<p>Maes, A. (2000).<br \/>\nLes cuisses stri\u00e9es \u00e0 l&#8217;\u00e9tude.\u00a0<strong>Travail &amp; Bien-\u00eatre\u00a0<\/strong>4, 28-33.<\/p>\n<p>Maes, A. (2000).<br \/>\nRibbeldijen onderzocht.\u00a0<strong>Werk &amp; Welzijn\u00a0<\/strong>4, 28-33. <\/div>[\/vc_column][\/vc_row]\n","protected":false},"excerpt":{"rendered":"<p>[vc_row type=&#8221;in_container&#8221; full_screen_row_position=&#8221;middle&#8221; scene_position=&#8221;center&#8221; text_color=&#8221;dark&#8221; text_align=&#8221;left&#8221; overlay_strength=&#8221;0.3&#8243; shape_divider_position=&#8221;bottom&#8221; bg_image_animation=&#8221;none&#8221;][vc_column column_padding=&#8221;no-extra-padding&#8221; column_padding_position=&#8221;all&#8221; background_color_opacity=&#8221;1&#8243; background_hover_color_opacity=&#8221;1&#8243; column_link_target=&#8221;_self&#8221; column_shadow=&#8221;none&#8221; column_border_radius=&#8221;none&#8221; width=&#8221;1\/1&#8243; tablet_width_inherit=&#8221;default&#8221; tablet_text_alignment=&#8221;default&#8221; phone_text_alignment=&#8221;default&#8221; column_border_width=&#8221;none&#8221; column_border_style=&#8221;solid&#8221; bg_image_animation=&#8221;none&#8221;][heading] Lipoatrophie semi-circulaire (1999-2005) [\/heading][\/vc_column][\/vc_row][vc_row type=&#8221;in_container&#8221; full_screen_row_position=&#8221;middle&#8221; equal_height=&#8221;yes&#8221;&#8230;<\/p>\n","protected":false},"author":1,"featured_media":0,"parent":0,"menu_order":0,"comment_status":"closed","ping_status":"closed","template":"page-sidebar.php","meta":{"footnotes":""},"categories":[],"tags":[],"class_list":["post-2279","page","type-page","status-publish"],"yoast_head":"<!-- This site is optimized with the Yoast SEO plugin v27.3 - https:\/\/yoast.com\/product\/yoast-seo-wordpress\/ -->\n<title>Semicirculaire lipoatrofie - BBEMG - Belgian BioElectroMagnetics Group<\/title>\n<meta name=\"description\" content=\"Deze studie had betrekking op de oorzaken van semicirculaire lipoatrofie. Ze onderzochten of deze aandoening een elektromagnetische oorsprong heeft.\" \/>\n<meta name=\"robots\" content=\"index, follow, max-snippet:-1, max-image-preview:large, max-video-preview:-1\" \/>\n<link rel=\"canonical\" href=\"https:\/\/www.bbemg.uliege.be\/nl\/semicirculaire-lipoatrofie\/\" \/>\n<meta property=\"og:locale\" content=\"nl_NL\" \/>\n<meta property=\"og:type\" content=\"article\" \/>\n<meta property=\"og:title\" content=\"Semicirculaire lipoatrofie - BBEMG - Belgian BioElectroMagnetics Group\" \/>\n<meta property=\"og:description\" content=\"Deze studie had betrekking op de oorzaken van semicirculaire lipoatrofie. Ze onderzochten of deze aandoening een elektromagnetische oorsprong heeft.\" \/>\n<meta property=\"og:url\" content=\"https:\/\/www.bbemg.uliege.be\/nl\/semicirculaire-lipoatrofie\/\" \/>\n<meta property=\"og:site_name\" content=\"BBEMG - Belgian BioElectroMagnetics Group\" \/>\n<meta property=\"article:modified_time\" content=\"2024-11-27T10:47:47+00:00\" \/>\n<meta name=\"twitter:card\" content=\"summary_large_image\" \/>\n<meta name=\"twitter:site\" content=\"@bbemg\" \/>\n<meta name=\"twitter:label1\" content=\"Geschatte leestijd\" \/>\n\t<meta name=\"twitter:data1\" content=\"6 minuten\" \/>\n<script type=\"application\/ld+json\" class=\"yoast-schema-graph\">{\"@context\":\"https:\\\/\\\/schema.org\",\"@graph\":[{\"@type\":\"WebPage\",\"@id\":\"https:\\\/\\\/www.bbemg.uliege.be\\\/nl\\\/semicirculaire-lipoatrofie\\\/\",\"url\":\"https:\\\/\\\/www.bbemg.uliege.be\\\/nl\\\/semicirculaire-lipoatrofie\\\/\",\"name\":\"Semicirculaire lipoatrofie - BBEMG - Belgian BioElectroMagnetics Group\",\"isPartOf\":{\"@id\":\"https:\\\/\\\/www.bbemg.uliege.be\\\/nl\\\/#website\"},\"datePublished\":\"2019-05-22T09:51:54+00:00\",\"dateModified\":\"2024-11-27T10:47:47+00:00\",\"description\":\"Deze studie had betrekking op de oorzaken van semicirculaire lipoatrofie. Ze onderzochten of deze aandoening een elektromagnetische oorsprong heeft.\",\"breadcrumb\":{\"@id\":\"https:\\\/\\\/www.bbemg.uliege.be\\\/nl\\\/semicirculaire-lipoatrofie\\\/#breadcrumb\"},\"inLanguage\":\"nl-NL\",\"potentialAction\":[{\"@type\":\"ReadAction\",\"target\":[\"https:\\\/\\\/www.bbemg.uliege.be\\\/nl\\\/semicirculaire-lipoatrofie\\\/\"]}]},{\"@type\":\"BreadcrumbList\",\"@id\":\"https:\\\/\\\/www.bbemg.uliege.be\\\/nl\\\/semicirculaire-lipoatrofie\\\/#breadcrumb\",\"itemListElement\":[{\"@type\":\"ListItem\",\"position\":1,\"name\":\"Accueil\",\"item\":\"https:\\\/\\\/www.bbemg.uliege.be\\\/nl\\\/accueil\\\/\"},{\"@type\":\"ListItem\",\"position\":2,\"name\":\"Semicirculaire lipoatrofie\"}]},{\"@type\":\"WebSite\",\"@id\":\"https:\\\/\\\/www.bbemg.uliege.be\\\/nl\\\/#website\",\"url\":\"https:\\\/\\\/www.bbemg.uliege.be\\\/nl\\\/\",\"name\":\"BBEMG - Belgian BioElectroMagnetics Group\",\"description\":\"Analyse des effets biom\u00e9dicaux des champs \u00e9lectriques dans notre vie quotidienne\",\"publisher\":{\"@id\":\"https:\\\/\\\/www.bbemg.uliege.be\\\/nl\\\/#organization\"},\"potentialAction\":[{\"@type\":\"SearchAction\",\"target\":{\"@type\":\"EntryPoint\",\"urlTemplate\":\"https:\\\/\\\/www.bbemg.uliege.be\\\/nl\\\/?s={search_term_string}\"},\"query-input\":{\"@type\":\"PropertyValueSpecification\",\"valueRequired\":true,\"valueName\":\"search_term_string\"}}],\"inLanguage\":\"nl-NL\"},{\"@type\":\"Organization\",\"@id\":\"https:\\\/\\\/www.bbemg.uliege.be\\\/nl\\\/#organization\",\"name\":\"BBEMG\",\"url\":\"https:\\\/\\\/www.bbemg.uliege.be\\\/nl\\\/\",\"logo\":{\"@type\":\"ImageObject\",\"inLanguage\":\"nl-NL\",\"@id\":\"https:\\\/\\\/www.bbemg.uliege.be\\\/nl\\\/#\\\/schema\\\/logo\\\/image\\\/\",\"url\":\"https:\\\/\\\/www.bbemg.uliege.be\\\/wp-content\\\/uploads\\\/2019\\\/05\\\/bbemg-logo-crop.png\",\"contentUrl\":\"https:\\\/\\\/www.bbemg.uliege.be\\\/wp-content\\\/uploads\\\/2019\\\/05\\\/bbemg-logo-crop.png\",\"width\":\"560\",\"height\":\"222\",\"caption\":\"BBEMG\"},\"image\":{\"@id\":\"https:\\\/\\\/www.bbemg.uliege.be\\\/nl\\\/#\\\/schema\\\/logo\\\/image\\\/\"},\"sameAs\":[\"https:\\\/\\\/x.com\\\/bbemg\"]}]}<\/script>\n<!-- \/ Yoast SEO plugin. -->","yoast_head_json":{"title":"Semicirculaire lipoatrofie - BBEMG - Belgian BioElectroMagnetics Group","description":"Deze studie had betrekking op de oorzaken van semicirculaire lipoatrofie. Ze onderzochten of deze aandoening een elektromagnetische oorsprong heeft.","robots":{"index":"index","follow":"follow","max-snippet":"max-snippet:-1","max-image-preview":"max-image-preview:large","max-video-preview":"max-video-preview:-1"},"canonical":"https:\/\/www.bbemg.uliege.be\/nl\/semicirculaire-lipoatrofie\/","og_locale":"nl_NL","og_type":"article","og_title":"Semicirculaire lipoatrofie - BBEMG - Belgian BioElectroMagnetics Group","og_description":"Deze studie had betrekking op de oorzaken van semicirculaire lipoatrofie. Ze onderzochten of deze aandoening een elektromagnetische oorsprong heeft.","og_url":"https:\/\/www.bbemg.uliege.be\/nl\/semicirculaire-lipoatrofie\/","og_site_name":"BBEMG - Belgian BioElectroMagnetics Group","article_modified_time":"2024-11-27T10:47:47+00:00","twitter_card":"summary_large_image","twitter_site":"@bbemg","twitter_misc":{"Geschatte leestijd":"6 minuten"},"schema":{"@context":"https:\/\/schema.org","@graph":[{"@type":"WebPage","@id":"https:\/\/www.bbemg.uliege.be\/nl\/semicirculaire-lipoatrofie\/","url":"https:\/\/www.bbemg.uliege.be\/nl\/semicirculaire-lipoatrofie\/","name":"Semicirculaire lipoatrofie - BBEMG - Belgian BioElectroMagnetics Group","isPartOf":{"@id":"https:\/\/www.bbemg.uliege.be\/nl\/#website"},"datePublished":"2019-05-22T09:51:54+00:00","dateModified":"2024-11-27T10:47:47+00:00","description":"Deze studie had betrekking op de oorzaken van semicirculaire lipoatrofie. Ze onderzochten of deze aandoening een elektromagnetische oorsprong heeft.","breadcrumb":{"@id":"https:\/\/www.bbemg.uliege.be\/nl\/semicirculaire-lipoatrofie\/#breadcrumb"},"inLanguage":"nl-NL","potentialAction":[{"@type":"ReadAction","target":["https:\/\/www.bbemg.uliege.be\/nl\/semicirculaire-lipoatrofie\/"]}]},{"@type":"BreadcrumbList","@id":"https:\/\/www.bbemg.uliege.be\/nl\/semicirculaire-lipoatrofie\/#breadcrumb","itemListElement":[{"@type":"ListItem","position":1,"name":"Accueil","item":"https:\/\/www.bbemg.uliege.be\/nl\/accueil\/"},{"@type":"ListItem","position":2,"name":"Semicirculaire lipoatrofie"}]},{"@type":"WebSite","@id":"https:\/\/www.bbemg.uliege.be\/nl\/#website","url":"https:\/\/www.bbemg.uliege.be\/nl\/","name":"BBEMG - Belgian BioElectroMagnetics Group","description":"Analyse des effets biom\u00e9dicaux des champs \u00e9lectriques dans notre vie quotidienne","publisher":{"@id":"https:\/\/www.bbemg.uliege.be\/nl\/#organization"},"potentialAction":[{"@type":"SearchAction","target":{"@type":"EntryPoint","urlTemplate":"https:\/\/www.bbemg.uliege.be\/nl\/?s={search_term_string}"},"query-input":{"@type":"PropertyValueSpecification","valueRequired":true,"valueName":"search_term_string"}}],"inLanguage":"nl-NL"},{"@type":"Organization","@id":"https:\/\/www.bbemg.uliege.be\/nl\/#organization","name":"BBEMG","url":"https:\/\/www.bbemg.uliege.be\/nl\/","logo":{"@type":"ImageObject","inLanguage":"nl-NL","@id":"https:\/\/www.bbemg.uliege.be\/nl\/#\/schema\/logo\/image\/","url":"https:\/\/www.bbemg.uliege.be\/wp-content\/uploads\/2019\/05\/bbemg-logo-crop.png","contentUrl":"https:\/\/www.bbemg.uliege.be\/wp-content\/uploads\/2019\/05\/bbemg-logo-crop.png","width":"560","height":"222","caption":"BBEMG"},"image":{"@id":"https:\/\/www.bbemg.uliege.be\/nl\/#\/schema\/logo\/image\/"},"sameAs":["https:\/\/x.com\/bbemg"]}]}},"_links":{"self":[{"href":"https:\/\/www.bbemg.uliege.be\/nl\/wp-json\/wp\/v2\/pages\/2279","targetHints":{"allow":["GET"]}}],"collection":[{"href":"https:\/\/www.bbemg.uliege.be\/nl\/wp-json\/wp\/v2\/pages"}],"about":[{"href":"https:\/\/www.bbemg.uliege.be\/nl\/wp-json\/wp\/v2\/types\/page"}],"author":[{"embeddable":true,"href":"https:\/\/www.bbemg.uliege.be\/nl\/wp-json\/wp\/v2\/users\/1"}],"replies":[{"embeddable":true,"href":"https:\/\/www.bbemg.uliege.be\/nl\/wp-json\/wp\/v2\/comments?post=2279"}],"version-history":[{"count":2,"href":"https:\/\/www.bbemg.uliege.be\/nl\/wp-json\/wp\/v2\/pages\/2279\/revisions"}],"predecessor-version":[{"id":6615,"href":"https:\/\/www.bbemg.uliege.be\/nl\/wp-json\/wp\/v2\/pages\/2279\/revisions\/6615"}],"wp:attachment":[{"href":"https:\/\/www.bbemg.uliege.be\/nl\/wp-json\/wp\/v2\/media?parent=2279"}],"wp:term":[{"taxonomy":"category","embeddable":true,"href":"https:\/\/www.bbemg.uliege.be\/nl\/wp-json\/wp\/v2\/categories?post=2279"},{"taxonomy":"post_tag","embeddable":true,"href":"https:\/\/www.bbemg.uliege.be\/nl\/wp-json\/wp\/v2\/tags?post=2279"}],"curies":[{"name":"wp","href":"https:\/\/api.w.org\/{rel}","templated":true}]}}