{"id":2307,"date":"2019-05-22T12:05:12","date_gmt":"2019-05-22T10:05:12","guid":{"rendered":"https:\/\/www.bbemg.uliege.be\/veld-modelleren-in-het-lichaam\/"},"modified":"2024-11-27T11:44:33","modified_gmt":"2024-11-27T10:44:33","slug":"veld-modelleren-in-het-lichaam","status":"publish","type":"page","link":"https:\/\/www.bbemg.uliege.be\/nl\/veld-modelleren-in-het-lichaam\/","title":{"rendered":"Veld modelleren in het lichaam"},"content":{"rendered":"[vc_row type=&#8221;in_container&#8221; full_screen_row_position=&#8221;middle&#8221; scene_position=&#8221;center&#8221; text_color=&#8221;dark&#8221; text_align=&#8221;left&#8221; overlay_strength=&#8221;0.3&#8243; shape_divider_position=&#8221;bottom&#8221; bg_image_animation=&#8221;none&#8221;][vc_column column_padding=&#8221;no-extra-padding&#8221; column_padding_position=&#8221;all&#8221; background_color_opacity=&#8221;1&#8243; background_hover_color_opacity=&#8221;1&#8243; column_link_target=&#8221;_self&#8221; column_shadow=&#8221;none&#8221; column_border_radius=&#8221;none&#8221; width=&#8221;1\/1&#8243; tablet_width_inherit=&#8221;default&#8221; tablet_text_alignment=&#8221;default&#8221; phone_text_alignment=&#8221;default&#8221; column_border_width=&#8221;none&#8221; column_border_style=&#8221;solid&#8221; bg_image_animation=&#8221;none&#8221;][heading]\n<h1>Veld modelleren in het lichaam (2013-2017)<\/h1>\n[\/heading][\/vc_column][\/vc_row][vc_row type=&#8221;in_container&#8221; full_screen_row_position=&#8221;middle&#8221; equal_height=&#8221;yes&#8221; content_placement=&#8221;middle&#8221; scene_position=&#8221;center&#8221; text_color=&#8221;dark&#8221; text_align=&#8221;left&#8221; overlay_strength=&#8221;0.3&#8243; shape_divider_position=&#8221;bottom&#8221; bg_image_animation=&#8221;none&#8221; shape_type=&#8221;&#8221;][vc_column column_padding=&#8221;no-extra-padding&#8221; column_padding_position=&#8221;all&#8221; background_color_opacity=&#8221;1&#8243; background_hover_color_opacity=&#8221;1&#8243; column_link_target=&#8221;_self&#8221; column_shadow=&#8221;none&#8221; column_border_radius=&#8221;none&#8221; width=&#8221;1\/2&#8243; tablet_width_inherit=&#8221;default&#8221; tablet_text_alignment=&#8221;default&#8221; phone_text_alignment=&#8221;default&#8221; column_border_width=&#8221;none&#8221; column_border_style=&#8221;solid&#8221; bg_image_animation=&#8221;none&#8221; offset=&#8221;vc_col-lg-offset-3 vc_col-lg-3 vc_col-md-offset-3 vc_col-md-3&#8243;][image_with_animation image_url=&#8221;135&#8243; alignment=&#8221;&#8221; animation=&#8221;None&#8221; border_radius=&#8221;none&#8221; box_shadow=&#8221;none&#8221; max_width=&#8221;100%&#8221; img_link=&#8221;http:\/\/www.ulg.ac.be\/&#8221;][\/vc_column][vc_column column_padding=&#8221;no-extra-padding&#8221; column_padding_position=&#8221;all&#8221; background_color_opacity=&#8221;1&#8243; background_hover_color_opacity=&#8221;1&#8243; column_link_target=&#8221;_self&#8221; column_shadow=&#8221;none&#8221; column_border_radius=&#8221;none&#8221; width=&#8221;1\/2&#8243; tablet_width_inherit=&#8221;default&#8221; tablet_text_alignment=&#8221;default&#8221; phone_text_alignment=&#8221;default&#8221; column_border_width=&#8221;none&#8221; column_border_style=&#8221;solid&#8221; bg_image_animation=&#8221;none&#8221; offset=&#8221;vc_col-lg-3 vc_col-md-3&#8243;][vc_column_text]\n<p style=\"text-align: center;\">Universit\u00e9 de Li\u00e8ge<br \/>\n<strong>ACE, Institut Montefiore<\/strong><br \/>\nSart Tilman, Quartier POLYTECH, all\u00e9e de la D\u00e9couverte 10, 4000 Li\u00e8ge<\/p>\n[\/vc_column_text][\/vc_column][\/vc_row][vc_row type=&#8221;in_container&#8221; full_screen_row_position=&#8221;middle&#8221; scene_position=&#8221;center&#8221; text_color=&#8221;dark&#8221; text_align=&#8221;left&#8221; overlay_strength=&#8221;0.3&#8243; shape_divider_position=&#8221;bottom&#8221; bg_image_animation=&#8221;none&#8221;][vc_column column_padding=&#8221;no-extra-padding&#8221; column_padding_position=&#8221;all&#8221; background_color_opacity=&#8221;1&#8243; background_hover_color_opacity=&#8221;1&#8243; column_link_target=&#8221;_self&#8221; column_shadow=&#8221;none&#8221; column_border_radius=&#8221;none&#8221; width=&#8221;1\/1&#8243; tablet_width_inherit=&#8221;default&#8221; tablet_text_alignment=&#8221;default&#8221; phone_text_alignment=&#8221;default&#8221; column_border_width=&#8221;none&#8221; column_border_style=&#8221;solid&#8221; bg_image_animation=&#8221;none&#8221;][divider line_type=&#8221;Full Width Line&#8221; line_thickness=&#8221;1&#8243; divider_color=&#8221;default&#8221;][\/vc_column][\/vc_row][vc_row type=&#8221;in_container&#8221; full_screen_row_position=&#8221;middle&#8221; scene_position=&#8221;center&#8221; text_color=&#8221;dark&#8221; text_align=&#8221;left&#8221; overlay_strength=&#8221;0.3&#8243; shape_divider_position=&#8221;bottom&#8221; bg_image_animation=&#8221;none&#8221; source=&#8221;&#8221; text=&#8221;2013 &#8211; 2017&#8243; font_container=&#8221;tag:h2|text_align:left|color:%2349b0e5&#8243; use_theme_fonts=&#8221;yes&#8221; google_fonts=&#8221;font_family:Abril%20Fatface%3Aregular|font_style:400%20regular%3A400%3Anormal&#8221; css_animation=&#8221;&#8221; link=&#8221;&#8221; el_id=&#8221;&#8221; el_class=&#8221;&#8221; css=&#8221;&#8221;][vc_column column_padding=&#8221;no-extra-padding&#8221; column_padding_position=&#8221;all&#8221; background_color_opacity=&#8221;1&#8243; background_hover_color_opacity=&#8221;1&#8243; column_link_target=&#8221;_self&#8221; column_shadow=&#8221;none&#8221; column_border_radius=&#8221;none&#8221; width=&#8221;1\/1&#8243; tablet_width_inherit=&#8221;default&#8221; tablet_text_alignment=&#8221;default&#8221; phone_text_alignment=&#8221;default&#8221; column_border_width=&#8221;none&#8221; column_border_style=&#8221;solid&#8221; bg_image_animation=&#8221;none&#8221;][vc_custom_heading text=&#8221;Activiteitenverslaag&#8221; font_container=&#8221;tag:h2|text_align:left|color:%2349b0e5&#8243; use_theme_fonts=&#8221;yes&#8221;][vc_custom_heading text=&#8221;2009-2013&#8243; font_container=&#8221;tag:h3|text_align:left|color:%233f3f3f&#8221; use_theme_fonts=&#8221;yes&#8221;][vc_column_text]<strong>C. Geuzaine,\u00a0V. Beauvois, P. Dular, M. Graulich<\/strong><\/p>\n<p>Het onderzoeksproject was vooral gericht op het begrijpen van het verband tussen de waarden van externe bronnen met zeer lage frequentie en de waarden van de elektromagnetische velden in het menselijke lichaam. Het zijn inderdaad deze laatste die in aanmerking genomen moeten worden als we het over biologische effecten hebben. Omdat de grootste moeilijkheid bij het beoordelen van dit verband de onzekerheid is over de waarden van de elektromagnetische parameters van het lichaam, werd een kansberekening ontwikkeld om de kansdichtheid te schetsen van de ge\u00efnduceerde interne velden in termen van de elektromagnetische parameters van het lichaam en in het bijzonder de elektrische geleidbaarheid. Realistische geometrische modellen van een volledig menselijk lichaam en een gedetailleerd model van een menselijk hoofd werden ontwikkeld en onderworpen aan willekeurige virtuele blootstelling aan externe elektrische en magnetische velden in diverse scenario&#8221;s (magnetisch omgevingsveld, contactspanning, contactstroom). De nauwkeurigheid van de kansberekening werd bevestigd door middel van zogenaamde &#8220;tweeledige benaderingen&#8221;, waarmee energiebetrouwbaarheidsintervallen bepaald kunnen worden.[\/vc_column_text][\/vc_column][\/vc_row][vc_row type=&#8221;in_container&#8221; full_screen_row_position=&#8221;middle&#8221; scene_position=&#8221;center&#8221; text_color=&#8221;dark&#8221; text_align=&#8221;left&#8221; overlay_strength=&#8221;0.3&#8243; shape_divider_position=&#8221;bottom&#8221; bg_image_animation=&#8221;none&#8221; source=&#8221;&#8221; text=&#8221;2013 &#8211; 2017&#8243; font_container=&#8221;tag:h2|text_align:left|color:%2349b0e5&#8243; use_theme_fonts=&#8221;yes&#8221; google_fonts=&#8221;font_family:Abril%20Fatface%3Aregular|font_style:400%20regular%3A400%3Anormal&#8221; css_animation=&#8221;&#8221; link=&#8221;&#8221; el_id=&#8221;&#8221; el_class=&#8221;&#8221; css=&#8221;&#8221;][vc_column column_padding=&#8221;no-extra-padding&#8221; column_padding_position=&#8221;all&#8221; background_color_opacity=&#8221;1&#8243; background_hover_color_opacity=&#8221;1&#8243; column_link_target=&#8221;_self&#8221; column_shadow=&#8221;none&#8221; column_border_radius=&#8221;none&#8221; width=&#8221;1\/1&#8243; tablet_width_inherit=&#8221;default&#8221; tablet_text_alignment=&#8221;default&#8221; phone_text_alignment=&#8221;default&#8221; column_border_width=&#8221;none&#8221; column_border_style=&#8221;solid&#8221; bg_image_animation=&#8221;none&#8221;][vc_custom_heading text=&#8221;Publicaties in het kader van de activiteiten van de BBEMG&#8221; font_container=&#8221;tag:h2|text_align:left|color:%2349b0e5&#8243; use_theme_fonts=&#8221;yes&#8221;][\/vc_column][\/vc_row][vc_row type=&#8221;in_container&#8221; full_screen_row_position=&#8221;middle&#8221; scene_position=&#8221;center&#8221; text_color=&#8221;dark&#8221; text_align=&#8221;left&#8221; overlay_strength=&#8221;0.3&#8243; shape_divider_position=&#8221;bottom&#8221; bg_image_animation=&#8221;none&#8221;][vc_column column_padding=&#8221;no-extra-padding&#8221; column_padding_position=&#8221;all&#8221; background_color_opacity=&#8221;1&#8243; background_hover_color_opacity=&#8221;1&#8243; column_link_target=&#8221;_self&#8221; column_shadow=&#8221;none&#8221; column_border_radius=&#8221;none&#8221; width=&#8221;1\/1&#8243; tablet_width_inherit=&#8221;default&#8221; tablet_text_alignment=&#8221;default&#8221; phone_text_alignment=&#8221;default&#8221; column_border_width=&#8221;none&#8221; column_border_style=&#8221;solid&#8221; bg_image_animation=&#8221;none&#8221;][nectar_icon_list color=&#8221;default&#8221; direction=&#8221;vertical&#8221; icon_size=&#8221;small&#8221; icon_style=&#8221;border&#8221;][nectar_icon_list_item icon_type=&#8221;icon&#8221; icon_family=&#8221;iconsmind&#8221; title=&#8221;List Item&#8221; id=&#8221;1604684208820-4&#8243; tab_id=&#8221;1604684208821-5&#8243; text=&#8221;R. Scorretti, R. V. Sabariego, L. Morel, C. Geuzaine, N. Burais, L Nicolas. \u201cComputationof induced fields into the human body by dual finite element formulations\u201d. IEEETrans. Mag. 48 (2) pp. 451-454, 2012.&#8221; icon_iconsmind=&#8221;iconsmind-Bookmark&#8221;] [\/nectar_icon_list_item][nectar_icon_list_item icon_type=&#8221;icon&#8221; icon_family=&#8221;iconsmind&#8221; title=&#8221;List Item&#8221; id=&#8221;1604684208888-1&#8243; tab_id=&#8221;1604684208888-0&#8243; text=&#8221;R. Gaignaire, R. Scorretti, R. V. Sabariego and C. Geuzaine. \u201cStochastic uncertaintyquantification of eddy currents in the human body by polynomial chaosdecomposition\u201d. IEEE Trans. Mag. 48 (2) pp. 451-454, 2012.&#8221; icon_iconsmind=&#8221;iconsmind-Bookmark&#8221;] [\/nectar_icon_list_item][\/nectar_icon_list][\/vc_column][\/vc_row]\n","protected":false},"excerpt":{"rendered":"<p>[vc_row type=&#8221;in_container&#8221; full_screen_row_position=&#8221;middle&#8221; scene_position=&#8221;center&#8221; text_color=&#8221;dark&#8221; text_align=&#8221;left&#8221; overlay_strength=&#8221;0.3&#8243; shape_divider_position=&#8221;bottom&#8221; bg_image_animation=&#8221;none&#8221;][vc_column column_padding=&#8221;no-extra-padding&#8221; column_padding_position=&#8221;all&#8221; background_color_opacity=&#8221;1&#8243; background_hover_color_opacity=&#8221;1&#8243; column_link_target=&#8221;_self&#8221; column_shadow=&#8221;none&#8221; column_border_radius=&#8221;none&#8221; width=&#8221;1\/1&#8243; tablet_width_inherit=&#8221;default&#8221; tablet_text_alignment=&#8221;default&#8221; phone_text_alignment=&#8221;default&#8221; column_border_width=&#8221;none&#8221; column_border_style=&#8221;solid&#8221; bg_image_animation=&#8221;none&#8221;][heading] Veld modelleren in het lichaam (2013-2017) [\/heading][\/vc_column][\/vc_row][vc_row&#8230;<\/p>\n","protected":false},"author":1,"featured_media":0,"parent":0,"menu_order":0,"comment_status":"closed","ping_status":"closed","template":"page-sidebar.php","meta":{"footnotes":""},"categories":[],"tags":[],"class_list":["post-2307","page","type-page","status-publish"],"yoast_head":"<!-- This site is optimized with the Yoast SEO plugin v27.5 - https:\/\/yoast.com\/product\/yoast-seo-wordpress\/ -->\n<title>Veld modelleren in het lichaam - BBEMG - Belgian BioElectroMagnetics Group<\/title>\n<meta name=\"description\" content=\"Dit project was gericht op het verband tussen de veldwaarden met zeer lage frequentie en de waarden van elektromagnetische velden in het menselijke lichaam.\" \/>\n<meta name=\"robots\" content=\"index, follow, max-snippet:-1, max-image-preview:large, max-video-preview:-1\" \/>\n<link rel=\"canonical\" href=\"https:\/\/www.bbemg.uliege.be\/nl\/veld-modelleren-in-het-lichaam\/\" \/>\n<meta property=\"og:locale\" content=\"nl_NL\" \/>\n<meta property=\"og:type\" content=\"article\" \/>\n<meta property=\"og:title\" content=\"Veld modelleren in het lichaam - BBEMG - Belgian BioElectroMagnetics Group\" \/>\n<meta property=\"og:description\" content=\"Dit project was gericht op het verband tussen de veldwaarden met zeer lage frequentie en de waarden van elektromagnetische velden in het menselijke lichaam.\" \/>\n<meta property=\"og:url\" content=\"https:\/\/www.bbemg.uliege.be\/nl\/veld-modelleren-in-het-lichaam\/\" \/>\n<meta property=\"og:site_name\" content=\"BBEMG - Belgian BioElectroMagnetics Group\" \/>\n<meta property=\"article:modified_time\" content=\"2024-11-27T10:44:33+00:00\" \/>\n<meta name=\"twitter:card\" content=\"summary_large_image\" \/>\n<meta name=\"twitter:site\" content=\"@bbemg\" \/>\n<meta name=\"twitter:label1\" content=\"Geschatte leestijd\" \/>\n\t<meta name=\"twitter:data1\" content=\"5 minuten\" \/>\n<script type=\"application\/ld+json\" class=\"yoast-schema-graph\">{\"@context\":\"https:\\\/\\\/schema.org\",\"@graph\":[{\"@type\":\"WebPage\",\"@id\":\"https:\\\/\\\/www.bbemg.uliege.be\\\/nl\\\/veld-modelleren-in-het-lichaam\\\/\",\"url\":\"https:\\\/\\\/www.bbemg.uliege.be\\\/nl\\\/veld-modelleren-in-het-lichaam\\\/\",\"name\":\"Veld modelleren in het lichaam - BBEMG - Belgian BioElectroMagnetics Group\",\"isPartOf\":{\"@id\":\"https:\\\/\\\/www.bbemg.uliege.be\\\/nl\\\/#website\"},\"datePublished\":\"2019-05-22T10:05:12+00:00\",\"dateModified\":\"2024-11-27T10:44:33+00:00\",\"description\":\"Dit project was gericht op het verband tussen de veldwaarden met zeer lage frequentie en de waarden van elektromagnetische velden in het menselijke lichaam.\",\"breadcrumb\":{\"@id\":\"https:\\\/\\\/www.bbemg.uliege.be\\\/nl\\\/veld-modelleren-in-het-lichaam\\\/#breadcrumb\"},\"inLanguage\":\"nl-NL\",\"potentialAction\":[{\"@type\":\"ReadAction\",\"target\":[\"https:\\\/\\\/www.bbemg.uliege.be\\\/nl\\\/veld-modelleren-in-het-lichaam\\\/\"]}]},{\"@type\":\"BreadcrumbList\",\"@id\":\"https:\\\/\\\/www.bbemg.uliege.be\\\/nl\\\/veld-modelleren-in-het-lichaam\\\/#breadcrumb\",\"itemListElement\":[{\"@type\":\"ListItem\",\"position\":1,\"name\":\"Accueil\",\"item\":\"https:\\\/\\\/www.bbemg.uliege.be\\\/nl\\\/accueil\\\/\"},{\"@type\":\"ListItem\",\"position\":2,\"name\":\"Veld modelleren in het lichaam\"}]},{\"@type\":\"WebSite\",\"@id\":\"https:\\\/\\\/www.bbemg.uliege.be\\\/nl\\\/#website\",\"url\":\"https:\\\/\\\/www.bbemg.uliege.be\\\/nl\\\/\",\"name\":\"BBEMG - Belgian BioElectroMagnetics Group\",\"description\":\"Analyse des effets biom\u00e9dicaux des champs \u00e9lectriques dans notre vie quotidienne\",\"publisher\":{\"@id\":\"https:\\\/\\\/www.bbemg.uliege.be\\\/nl\\\/#organization\"},\"potentialAction\":[{\"@type\":\"SearchAction\",\"target\":{\"@type\":\"EntryPoint\",\"urlTemplate\":\"https:\\\/\\\/www.bbemg.uliege.be\\\/nl\\\/?s={search_term_string}\"},\"query-input\":{\"@type\":\"PropertyValueSpecification\",\"valueRequired\":true,\"valueName\":\"search_term_string\"}}],\"inLanguage\":\"nl-NL\"},{\"@type\":\"Organization\",\"@id\":\"https:\\\/\\\/www.bbemg.uliege.be\\\/nl\\\/#organization\",\"name\":\"BBEMG\",\"url\":\"https:\\\/\\\/www.bbemg.uliege.be\\\/nl\\\/\",\"logo\":{\"@type\":\"ImageObject\",\"inLanguage\":\"nl-NL\",\"@id\":\"https:\\\/\\\/www.bbemg.uliege.be\\\/nl\\\/#\\\/schema\\\/logo\\\/image\\\/\",\"url\":\"https:\\\/\\\/www.bbemg.uliege.be\\\/wp-content\\\/uploads\\\/2019\\\/05\\\/bbemg-logo-crop.png\",\"contentUrl\":\"https:\\\/\\\/www.bbemg.uliege.be\\\/wp-content\\\/uploads\\\/2019\\\/05\\\/bbemg-logo-crop.png\",\"width\":\"560\",\"height\":\"222\",\"caption\":\"BBEMG\"},\"image\":{\"@id\":\"https:\\\/\\\/www.bbemg.uliege.be\\\/nl\\\/#\\\/schema\\\/logo\\\/image\\\/\"},\"sameAs\":[\"https:\\\/\\\/x.com\\\/bbemg\"]}]}<\/script>\n<!-- \/ Yoast SEO plugin. -->","yoast_head_json":{"title":"Veld modelleren in het lichaam - BBEMG - Belgian BioElectroMagnetics Group","description":"Dit project was gericht op het verband tussen de veldwaarden met zeer lage frequentie en de waarden van elektromagnetische velden in het menselijke lichaam.","robots":{"index":"index","follow":"follow","max-snippet":"max-snippet:-1","max-image-preview":"max-image-preview:large","max-video-preview":"max-video-preview:-1"},"canonical":"https:\/\/www.bbemg.uliege.be\/nl\/veld-modelleren-in-het-lichaam\/","og_locale":"nl_NL","og_type":"article","og_title":"Veld modelleren in het lichaam - BBEMG - Belgian BioElectroMagnetics Group","og_description":"Dit project was gericht op het verband tussen de veldwaarden met zeer lage frequentie en de waarden van elektromagnetische velden in het menselijke lichaam.","og_url":"https:\/\/www.bbemg.uliege.be\/nl\/veld-modelleren-in-het-lichaam\/","og_site_name":"BBEMG - Belgian BioElectroMagnetics Group","article_modified_time":"2024-11-27T10:44:33+00:00","twitter_card":"summary_large_image","twitter_site":"@bbemg","twitter_misc":{"Geschatte leestijd":"5 minuten"},"schema":{"@context":"https:\/\/schema.org","@graph":[{"@type":"WebPage","@id":"https:\/\/www.bbemg.uliege.be\/nl\/veld-modelleren-in-het-lichaam\/","url":"https:\/\/www.bbemg.uliege.be\/nl\/veld-modelleren-in-het-lichaam\/","name":"Veld modelleren in het lichaam - BBEMG - Belgian BioElectroMagnetics Group","isPartOf":{"@id":"https:\/\/www.bbemg.uliege.be\/nl\/#website"},"datePublished":"2019-05-22T10:05:12+00:00","dateModified":"2024-11-27T10:44:33+00:00","description":"Dit project was gericht op het verband tussen de veldwaarden met zeer lage frequentie en de waarden van elektromagnetische velden in het menselijke lichaam.","breadcrumb":{"@id":"https:\/\/www.bbemg.uliege.be\/nl\/veld-modelleren-in-het-lichaam\/#breadcrumb"},"inLanguage":"nl-NL","potentialAction":[{"@type":"ReadAction","target":["https:\/\/www.bbemg.uliege.be\/nl\/veld-modelleren-in-het-lichaam\/"]}]},{"@type":"BreadcrumbList","@id":"https:\/\/www.bbemg.uliege.be\/nl\/veld-modelleren-in-het-lichaam\/#breadcrumb","itemListElement":[{"@type":"ListItem","position":1,"name":"Accueil","item":"https:\/\/www.bbemg.uliege.be\/nl\/accueil\/"},{"@type":"ListItem","position":2,"name":"Veld modelleren in het lichaam"}]},{"@type":"WebSite","@id":"https:\/\/www.bbemg.uliege.be\/nl\/#website","url":"https:\/\/www.bbemg.uliege.be\/nl\/","name":"BBEMG - Belgian BioElectroMagnetics Group","description":"Analyse des effets biom\u00e9dicaux des champs \u00e9lectriques dans notre vie quotidienne","publisher":{"@id":"https:\/\/www.bbemg.uliege.be\/nl\/#organization"},"potentialAction":[{"@type":"SearchAction","target":{"@type":"EntryPoint","urlTemplate":"https:\/\/www.bbemg.uliege.be\/nl\/?s={search_term_string}"},"query-input":{"@type":"PropertyValueSpecification","valueRequired":true,"valueName":"search_term_string"}}],"inLanguage":"nl-NL"},{"@type":"Organization","@id":"https:\/\/www.bbemg.uliege.be\/nl\/#organization","name":"BBEMG","url":"https:\/\/www.bbemg.uliege.be\/nl\/","logo":{"@type":"ImageObject","inLanguage":"nl-NL","@id":"https:\/\/www.bbemg.uliege.be\/nl\/#\/schema\/logo\/image\/","url":"https:\/\/www.bbemg.uliege.be\/wp-content\/uploads\/2019\/05\/bbemg-logo-crop.png","contentUrl":"https:\/\/www.bbemg.uliege.be\/wp-content\/uploads\/2019\/05\/bbemg-logo-crop.png","width":"560","height":"222","caption":"BBEMG"},"image":{"@id":"https:\/\/www.bbemg.uliege.be\/nl\/#\/schema\/logo\/image\/"},"sameAs":["https:\/\/x.com\/bbemg"]}]}},"_links":{"self":[{"href":"https:\/\/www.bbemg.uliege.be\/nl\/wp-json\/wp\/v2\/pages\/2307","targetHints":{"allow":["GET"]}}],"collection":[{"href":"https:\/\/www.bbemg.uliege.be\/nl\/wp-json\/wp\/v2\/pages"}],"about":[{"href":"https:\/\/www.bbemg.uliege.be\/nl\/wp-json\/wp\/v2\/types\/page"}],"author":[{"embeddable":true,"href":"https:\/\/www.bbemg.uliege.be\/nl\/wp-json\/wp\/v2\/users\/1"}],"replies":[{"embeddable":true,"href":"https:\/\/www.bbemg.uliege.be\/nl\/wp-json\/wp\/v2\/comments?post=2307"}],"version-history":[{"count":3,"href":"https:\/\/www.bbemg.uliege.be\/nl\/wp-json\/wp\/v2\/pages\/2307\/revisions"}],"predecessor-version":[{"id":6623,"href":"https:\/\/www.bbemg.uliege.be\/nl\/wp-json\/wp\/v2\/pages\/2307\/revisions\/6623"}],"wp:attachment":[{"href":"https:\/\/www.bbemg.uliege.be\/nl\/wp-json\/wp\/v2\/media?parent=2307"}],"wp:term":[{"taxonomy":"category","embeddable":true,"href":"https:\/\/www.bbemg.uliege.be\/nl\/wp-json\/wp\/v2\/categories?post=2307"},{"taxonomy":"post_tag","embeddable":true,"href":"https:\/\/www.bbemg.uliege.be\/nl\/wp-json\/wp\/v2\/tags?post=2307"}],"curies":[{"name":"wp","href":"https:\/\/api.w.org\/{rel}","templated":true}]}}